{"id":1004,"date":"2020-03-30T10:24:19","date_gmt":"2020-03-30T07:24:19","guid":{"rendered":"https:\/\/simpleone.ru\/?page_id=1004"},"modified":"2025-01-15T15:27:51","modified_gmt":"2025-01-15T12:27:51","slug":"contacts","status":"publish","type":"page","link":"https:\/\/itsm.com\/pb\/contacts\/","title":{"rendered":"Contato"},"content":{"rendered":"<p>09H \u00c0S 18H &#8211; SEGUNDA \u00c0 SEXTA<\/p>\n","protected":false},"excerpt":{"rendered":"<p>09H \u00c0S 18H &#8211; SEGUNDA \u00c0 SEXTA<\/p>\n","protected":false},"author":41,"featured_media":0,"parent":0,"menu_order":0,"comment_status":"closed","ping_status":"closed","template":"contacts-page.php","meta":[],"yoast_head":"<title>Contatos da empresa SimpleOne: telefones e endere\u00e7os<\/title>\n<meta name=\"description\" content=\"Contatos da empresa SimpleOne em Moscou e S\u00e3o Petersburgo. Departamento de vendas. Suporte t\u00e9cnico. Endere\u00e7os e telefones.\" \/>\n<meta name=\"robots\" content=\"index, follow, max-snippet:-1, max-image-preview:large, max-video-preview:-1\" \/>\n<meta property=\"og:locale\" content=\"pt_BR\" \/>\n<meta property=\"og:type\" content=\"article\" \/>\n<meta property=\"og:title\" content=\"Contatos da empresa SimpleOne: telefones e endere\u00e7os\" \/>\n<meta property=\"og:description\" content=\"Contatos da empresa SimpleOne em Moscou e S\u00e3o Petersburgo. Departamento de vendas. Suporte t\u00e9cnico. Endere\u00e7os e telefones.\" \/>\n<meta property=\"og:url\" content=\"https:\/\/itsm.com\/contacts\/\" \/>\n<meta property=\"og:site_name\" content=\"SimpleOne - Business Process Automation Platform\" \/>\n<meta name=\"twitter:card\" content=\"summary_large_image\" \/>\n<script type=\"application\/ld+json\" class=\"yoast-schema-graph\">{\"@context\":\"https:\/\/schema.org\",\"@graph\":[{\"@type\":\"Organization\",\"@id\":\"https:\/\/itsm.com\/#organization\",\"name\":\"SimpleOne\",\"url\":\"https:\/\/itsm.com\/\",\"sameAs\":[],\"logo\":{\"@type\":\"ImageObject\",\"@id\":\"https:\/\/itsm.com\/#logo\",\"inLanguage\":\"pt-BR\",\"url\":\"\/wp-content\/uploads\/2023\/11\/main_logo-1.png\",\"contentUrl\":\"\/wp-content\/uploads\/2023\/11\/main_logo-1.png\",\"width\":166,\"height\":23,\"caption\":\"SimpleOne\"},\"image\":{\"@id\":\"https:\/\/itsm.com\/#logo\"}},{\"@type\":\"WebSite\",\"@id\":\"https:\/\/itsm.com\/#website\",\"url\":\"https:\/\/itsm.com\/\",\"name\":\"SimpleOne - Business Process Automation Platform\",\"description\":\"\u3164\",\"publisher\":{\"@id\":\"https:\/\/itsm.com\/#organization\"},\"inLanguage\":\"pt-BR\"},{\"@type\":[\"WebPage\",\"ContactPage\"],\"@id\":\"https:\/\/itsm.com\/contacts\/#webpage\",\"url\":\"https:\/\/itsm.com\/contacts\/\",\"name\":\"[:en]SimpleOne company contacts: phone numbers and addresses[:pb]Contatos da empresa SimpleOne: telefones e endere\u00e7os[:tr]SimpleOne \u015firket ileti\u015fim bilgileri: telefon numaralar\u0131 ve adres\",\"isPartOf\":{\"@id\":\"https:\/\/itsm.com\/#website\"},\"datePublished\":\"2020-03-30T07:24:19+00:00\",\"dateModified\":\"2025-01-15T12:27:51+00:00\",\"description\":\"[:en]Contacts of SimpleOne company in Moscow and St. Petersburg. Sales department. Technical support. Addresses and phone numbers.[:pb]Contatos da empresa SimpleOne em Moscou e S\u00e3o Petersburgo. Departamento de vendas. Suporte t\u00e9cnico. Endere\u00e7os e telefones.[:tr]SimpleOne \u015firketinin Moskova'daki ileti\u015fim bilgileri. Sat\u0131\u015f departman\u0131. Teknik destek. Adres ve telefon numaralar\u0131.\",\"breadcrumb\":{\"@id\":\"https:\/\/itsm.com\/contacts\/#breadcrumb\"},\"inLanguage\":\"pt-BR\",\"potentialAction\":[{\"@type\":\"ReadAction\",\"target\":[\"https:\/\/itsm.com\/contacts\/\"]}]},{\"@type\":\"BreadcrumbList\",\"@id\":\"https:\/\/itsm.com\/contacts\/#breadcrumb\",\"itemListElement\":[{\"@type\":\"ListItem\",\"position\":1,\"name\":\"Home\",\"item\":\"https:\/\/itsm.com\/\"},{\"@type\":\"ListItem\",\"position\":2,\"name\":\"Contacts\"}]}]}<\/script>","yoast_head_json":{"title":"[:en]SimpleOne company contacts: phone numbers and addresses[:pb]Contatos da empresa SimpleOne: telefones e endere\u00e7os[:tr]SimpleOne \u015firket ileti\u015fim bilgileri: telefon numaralar\u0131 ve adres","description":"Contatos da empresa SimpleOne em Moscou e S\u00e3o Petersburgo. Departamento de vendas. Suporte t\u00e9cnico. Endere\u00e7os e telefones.","robots":{"index":"index","follow":"follow","max-snippet":"max-snippet:-1","max-image-preview":"max-image-preview:large","max-video-preview":"max-video-preview:-1"},"og_locale":"pt_BR","og_type":"article","og_title":"Contatos da empresa SimpleOne: telefones e endere\u00e7os","og_description":"Contatos da empresa SimpleOne em Moscou e S\u00e3o Petersburgo. Departamento de vendas. Suporte t\u00e9cnico. Endere\u00e7os e telefones.","og_url":"https:\/\/itsm.com\/contacts\/","og_site_name":"SimpleOne - Business Process Automation Platform","twitter_card":"summary_large_image","schema":{"@context":"https:\/\/schema.org","@graph":[{"@type":"Organization","@id":"https:\/\/itsm.com\/#organization","name":"SimpleOne","url":"https:\/\/itsm.com\/","sameAs":[],"logo":{"@type":"ImageObject","@id":"https:\/\/itsm.com\/#logo","inLanguage":"pt-BR","url":"\/wp-content\/uploads\/2023\/11\/main_logo-1.png","contentUrl":"\/wp-content\/uploads\/2023\/11\/main_logo-1.png","width":166,"height":23,"caption":"SimpleOne"},"image":{"@id":"https:\/\/itsm.com\/#logo"}},{"@type":"WebSite","@id":"https:\/\/itsm.com\/#website","url":"https:\/\/itsm.com\/","name":"SimpleOne - Business Process Automation Platform","description":"\u3164","publisher":{"@id":"https:\/\/itsm.com\/#organization"},"inLanguage":"pt-BR"},{"@type":["WebPage","ContactPage"],"@id":"https:\/\/itsm.com\/contacts\/#webpage","url":"https:\/\/itsm.com\/contacts\/","name":"[:en]SimpleOne company contacts: phone numbers and addresses[:pb]Contatos da empresa SimpleOne: telefones e endere\u00e7os[:tr]SimpleOne \u015firket ileti\u015fim bilgileri: telefon numaralar\u0131 ve adres","isPartOf":{"@id":"https:\/\/itsm.com\/#website"},"datePublished":"2020-03-30T07:24:19+00:00","dateModified":"2025-01-15T12:27:51+00:00","description":"[:en]Contacts of SimpleOne company in Moscow and St. Petersburg. Sales department. Technical support. Addresses and phone numbers.[:pb]Contatos da empresa SimpleOne em Moscou e S\u00e3o Petersburgo. Departamento de vendas. Suporte t\u00e9cnico. Endere\u00e7os e telefones.[:tr]SimpleOne \u015firketinin Moskova'daki ileti\u015fim bilgileri. Sat\u0131\u015f departman\u0131. Teknik destek. Adres ve telefon numaralar\u0131.","breadcrumb":{"@id":"https:\/\/itsm.com\/contacts\/#breadcrumb"},"inLanguage":"pt-BR","potentialAction":[{"@type":"ReadAction","target":["https:\/\/itsm.com\/contacts\/"]}]},{"@type":"BreadcrumbList","@id":"https:\/\/itsm.com\/contacts\/#breadcrumb","itemListElement":[{"@type":"ListItem","position":1,"name":"Home","item":"https:\/\/itsm.com\/"},{"@type":"ListItem","position":2,"name":"Contacts"}]}]}},"acf":[],"_links":{"self":[{"href":"https:\/\/itsm.com\/pb\/wp-json\/wp\/v2\/pages\/1004"}],"collection":[{"href":"https:\/\/itsm.com\/pb\/wp-json\/wp\/v2\/pages"}],"about":[{"href":"https:\/\/itsm.com\/pb\/wp-json\/wp\/v2\/types\/page"}],"author":[{"embeddable":true,"href":"https:\/\/itsm.com\/pb\/wp-json\/wp\/v2\/users\/41"}],"replies":[{"embeddable":true,"href":"https:\/\/itsm.com\/pb\/wp-json\/wp\/v2\/comments?post=1004"}],"version-history":[{"count":10,"href":"https:\/\/itsm.com\/pb\/wp-json\/wp\/v2\/pages\/1004\/revisions"}],"predecessor-version":[{"id":13556,"href":"https:\/\/itsm.com\/pb\/wp-json\/wp\/v2\/pages\/1004\/revisions\/13556"}],"wp:attachment":[{"href":"https:\/\/itsm.com\/pb\/wp-json\/wp\/v2\/media?parent=1004"}],"curies":[{"name":"wp","href":"https:\/\/api.w.org\/{rel}","templated":true}]}}