{"id":184,"date":"2019-09-23T17:48:57","date_gmt":"2019-09-23T14:48:57","guid":{"rendered":"https:\/\/simpleone.ru\/?page_id=184"},"modified":"2024-11-05T10:04:59","modified_gmt":"2024-11-05T07:04:59","slug":"itsm","status":"publish","type":"page","link":"https:\/\/itsm.com\/pb\/","title":{"rendered":"SISTEMA ITSM (GERENCIAMENTO DE SERVI\u00c7OS DE TI)"},"content":{"rendered":"[block type=&#8221;pink&#8221;]<\/p>\n<div class=\"bigger-text left-aligned-block\">Aumentar a qualidade da presta\u00e7\u00e3o de servi\u00e7os de TI automatizando as opera\u00e7\u00f5es e aumentando a efici\u00eancia do departamento de TI, da central de servi\u00e7os e de outros processos comerciais da empresa.<\/div>\n<p>[\/block]\n[block type=&#8221;gray&#8221;]<\/p>\n<h2>Nossos clientes<\/h2>\n[customers][\/customers]\n[\/block]\n[block]<\/p>\n<h2>Recursos da solu\u00e7\u00e3o SimpleOne ITSM<\/h2>\n[slider count=&#8221;2&#8243;]<\/p>\n[slider_item][card_slider icon=&#8221;\/wp-content\/uploads\/2022\/03\/icon_32x32_problem.svg&#8221; title=&#8221;Gerenciamento de problemas&#8221; content=&#8221;Reduza a probabilidade e o impacto dos incidentes identificando causas reais ou poss\u00edveis e gerenciando solu\u00e7\u00f5es alternativas e erros conhecidos.&#8221; icon_two=&#8221;\/wp-content\/uploads\/2022\/03\/frame-95.svg&#8221; title_two=&#8221;Resultado&#8221; content_two=&#8221;Reduzir o n\u00famero de incidentes ocorridos e minimizar seu impacto nos processos de neg\u00f3cios da organiza\u00e7\u00e3o.&#8221;][\/card_slider][\/slider_item]\n[slider_item][card_slider icon=&#8221;\/wp-content\/uploads\/2022\/03\/icon_32x32_incident.svg&#8221; title=&#8221;Gerenciamento de incidentes&#8221; content=&#8221;Detec\u00e7\u00e3o precoce, resolu\u00e7\u00e3o r\u00e1pida e eficaz de incidentes. Restaurar a opera\u00e7\u00e3o normal do servi\u00e7o da maneira mais r\u00e1pida poss\u00edvel.&#8221; icon_two=&#8221;\/wp-content\/uploads\/2022\/03\/frame-95.svg&#8221; title_two=&#8221;Resultado&#8221; content_two=&#8221;Minimizar o impacto dos incidentes nos processos comerciais da organiza\u00e7\u00e3o.&#8221;][\/card_slider][\/slider_item]\n[slider_item][card_slider icon=&#8221;\/wp-content\/uploads\/2022\/03\/icon_32x32_changes.svg&#8221; title=&#8221;Gerenciamento de mudan\u00e7as&#8221; content=&#8221;Automatizar todo o gerenciamento do ciclo de vida das mudan\u00e7as, avalia\u00e7\u00e3o eficaz de riscos, controle de mudan\u00e7as e gerenciamento do cronograma de mudan\u00e7as.&#8221; icon_two=&#8221;\/wp-content\/uploads\/2022\/03\/frame-95.svg&#8221; title_two=&#8221;Resultado&#8221; content_two=&#8221;Garanta a implementa\u00e7\u00e3o eficaz e oportuna das mudan\u00e7as com o m\u00ednimo de interrup\u00e7\u00e3o dos servi\u00e7os de TI e riscos operacionais reduzidos.&#8221;][\/card_slider][\/slider_item]\n[slider_item][card_slider icon=&#8221;\/wp-content\/uploads\/2022\/03\/icon_32x32_bell.svg&#8221; title=&#8221;Gerenciamento de eventos&#8221; content=&#8221;Automatizar a resposta a eventos (registro de incidentes, notifica\u00e7\u00e3o, a\u00e7\u00f5es de controle) e integra\u00e7\u00e3o com tecnologias de monitoramento.&#8221; icon_two=&#8221;\/wp-content\/uploads\/2022\/03\/frame-95.svg&#8221; title_two=&#8221;Resultado&#8221; content_two=&#8221;Maior disponibilidade de servi\u00e7os priorizando e identificando padr\u00f5es em eventos registrados&#8221;][\/card_slider][\/slider_item]\n[slider_item][card_slider icon=&#8221;\/wp-content\/uploads\/2022\/03\/icon_32x32_settings.svg&#8221; title=&#8221;Gerenciamento de configura\u00e7\u00e3o (CMDB)&#8221; content=&#8221;Gerencie os elementos de configura\u00e7\u00e3o de TI e forne\u00e7a informa\u00e7\u00f5es precisas e confi\u00e1veis sobre os componentes do servi\u00e7o e seus relacionamentos.&#8221; icon_two=&#8221;\/wp-content\/uploads\/2022\/03\/frame-95.svg&#8221; title_two=&#8221;Resultado&#8221; content_two=&#8221;Identifica\u00e7\u00e3o oportuna de discrep\u00e2ncias entre os dados do CMDB e o estado real dos itens de configura\u00e7\u00e3o para evitar eventos negativos.&#8221;][\/card_slider][\/slider_item]\n[slider_item][card_slider icon=&#8221;\/wp-content\/uploads\/2022\/03\/icon_32x32_dashboard.svg&#8221; title=&#8221;Gerenciamento do n\u00edvel de servi\u00e7o&#8221; content=&#8221;Defina m\u00e9tricas de neg\u00f3cios (SLA, OLA etc.) que correspondam ao n\u00edvel de servi\u00e7o do cliente-alvo e realize an\u00e1lises dos servi\u00e7os fornecidos para verificar se eles atendem \u00e0s necessidades da organiza\u00e7\u00e3o e de seus clientes.&#8221; icon_two=&#8221;\/wp-content\/uploads\/2022\/03\/frame-95.svg&#8221; title_two=&#8221;Resultado&#8221; content_two=&#8221;Os servi\u00e7os s\u00e3o fornecidos, avaliados, monitorados e gerenciados adequadamente, de acordo com os objetivos comerciais e a abordagem de ITSM.&#8221;][\/card_slider][\/slider_item]\n[slider_item][card_slider icon=&#8221;\/wp-content\/uploads\/2022\/03\/icon_32x32_catalog.svg&#8221; title=&#8221;Gerenciamento do cat\u00e1logo de servi\u00e7os&#8221; content=&#8221;Garantir que os dados do servi\u00e7o sejam precisos e atualizados.&#8221; icon_two=&#8221;\/wp-content\/uploads\/2022\/03\/frame-95.svg&#8221; title_two=&#8221;Resultado&#8221; content_two=&#8221;Criar e manter uma fonte \u00fanica e consistente de informa\u00e7\u00f5es sobre todos os servi\u00e7os.&#8221;][\/card_slider][\/slider_item]\n[slider_item][card_slider icon = &#8220;\/wp-content\/uploads\/2022\/03\/icon_32x32_knowledges.svg&#8221; title=&#8221;Gest\u00e3o do conhecimento&#8221; content=&#8221;Acumular, atualizar e usar efetivamente o conhecimento na organiza\u00e7\u00e3o. Proporcionando acesso conveniente e r\u00e1pido \u00e0 base de conhecimento.&#8221; icon_two=&#8221;\/wp-content\/uploads\/2022\/03\/frame-95.svg&#8221; title_two=&#8221;Resultado&#8221; content_two=&#8221;Melhor desempenho por meio da tomada de decis\u00f5es informadas e da redu\u00e7\u00e3o da necessidade de buscas repetidas por conhecimento e material. Redu\u00e7\u00e3o da carga de trabalho dos especialistas por meio da autossolu\u00e7\u00e3o dos candidatos.&#8221;][\/card_slider][\/slider_item]\n[slider_item][card_slider icon = &#8220;\/wp-content\/uploads\/2022\/03\/icon_32x32_request.svg&#8221; title=&#8221;Gerenciamento de solicita\u00e7\u00f5es de servi\u00e7o&#8221; content=&#8221;Tecnologia conveniente e r\u00e1pida para registro de solicita\u00e7\u00f5es e seu processamento eficiente. Automa\u00e7\u00e3o da solu\u00e7\u00e3o independente de tarefas t\u00edpicas, realiza\u00e7\u00e3o de solicita\u00e7\u00f5es complexas que afetam diferentes departamentos.&#8221; icon_two=&#8221;\/wp-content\/uploads\/2022\/03\/frame-95.svg&#8221; title_two=&#8221;Resultado&#8221; content_two=&#8221;Aumento da satisfa\u00e7\u00e3o e da produtividade dos funcion\u00e1rios por meio do atendimento completo e do processamento oportuno das solicita\u00e7\u00f5es de servi\u00e7o.&#8221;][\/card_slider][\/slider_item]\n[\/slider]\n[\/block]\n[block class=&#8221;&#8221; pt-0 &#8220;]<\/p>\n<div class=\"flex-row flex-row--fw\">\n<div class=\"col col-lg-6\">\n<h2>Sistema ITSM desenvolvido na plataforma SimpleOne<\/h2>\n<\/div>\n<div class=\"col col-lg-6 mb-20\">\n<div class=\"feature-item__descr\">\n<p><b>Aplicativos de neg\u00f3cios<\/b><br \/>\nAplicativos criados usando ferramentas da plataforma e executados em um ambiente fornecido pela plataforma. Os aplicativos s\u00e3o personaliz\u00e1veis e dimension\u00e1veis pelas ferramentas da plataforma.<\/p>\n<p><b>ESM &#8211; plataforma (Enterprise Service Management)<\/b><br \/>\nUm conjunto de ferramentas e pr\u00e1ticas de servi\u00e7o para dimensionar a abordagem ESM<\/p>\n<p><b>LCAP (Plataforma de aplicativos de baixo c\u00f3digo)<\/b><br \/>\nUma plataforma para criar aplicativos com uso m\u00ednimo de c\u00f3digo<\/p>\n<\/div>\n<\/div>\n<div><\/div>\n<\/div>\n<div><a href=\"\/wp-content\/uploads\/2024\/06\/scheme_site_so_png.png\" data-fancybox=\"\"><img loading=\"lazy\" class=\"wp-image-9314 size-full aligncenter\" src=\"\/wp-content\/uploads\/2024\/06\/scheme_site_so_png.png\" alt=\"SimpleOne Platform - Construtor de baixo c\u00f3digo para autodesenvolvimento de aplicativos de neg\u00f3cios sem envolvimento do fornecedor\" width=\"1000\" height=\"800\" \/><\/a><\/div>\n<p>[\/block]\n[block class=&#8221;&#8221; pt-0 &#8220;]<\/p>\n<h2>Benef\u00edcios da implementa\u00e7\u00e3o do SimpleOne ITSM<\/h2>\n[features]<br \/>\n[card type=&#8221;montserrat&#8221; title=&#8221;Processos pr\u00e9-configurados&#8221; icon=&#8221;\/wp-content\/uploads\/2022\/03\/icon_32x32_settings.svg&#8221; col=&#8221;3&#8243;]Permite que voc\u00ea implemente e comece a usar rapidamente o sistema SimpleOne ITSM, com a capacidade de personalizar as configura\u00e7\u00f5es para uma variedade de abordagens de gerenciamento de servi\u00e7os de TI.[\/card]\n[card type=&#8221;montserrat&#8221; title=&#8221;Ferramentas adicionais&#8221; icon=&#8221;\/wp-content\/uploads\/2022\/03\/icon_32x32_gear.svg&#8221; col=&#8221;3&#8243;]Melhore a experi\u00eancia do usu\u00e1rio ao gerenciar os processos de TI (listas de verifica\u00e7\u00e3o; contabilidade de m\u00e3o de obra; respostas r\u00e1pidas; suporte omnicanal; capacidade de conectar algoritmos de ML, chatbots, coletar feedback e avaliar a qualidade da presta\u00e7\u00e3o de servi\u00e7os).[\/card]\n[card type=&#8221;montserrat&#8221; title=&#8221;Adapta\u00e7\u00e3o do processo &#8221; icon=&#8221;\/wp-content\/uploads\/2022\/03\/icon_32x32_platform.svg&#8221; col=&#8221;3&#8243;]Sem gastar muitos recursos em programa\u00e7\u00e3o, usando os recursos b\u00e1sicos e exclusivos da <a href=\"\/platform\/\">plataforma SimpleOne<\/a> na qual a solu\u00e7\u00e3o ITSM \u00e9 desenvolvida.[\/card]\n[\/features]\n[\/block]\n[block type=&#8221;gray&#8221;]<\/p>\n<h2>Recursos adicionais<\/h2>\n[features]<br \/>\n[card type=&#8221;montserrat&#8221; title=&#8221;Portal de servi\u00e7os&#8221; icon=&#8221;\/wp-content\/uploads\/2022\/03\/icon_32x32_portal.svg&#8221; col=&#8221;6&#8243;]Um portal pronto para uso com uma biblioteca de ferramentas (cat\u00e1logo de servi\u00e7os, base de conhecimento, conta de usu\u00e1rio etc.) que pode ser facilmente personalizada e marcada.[\/card]\n[card type=&#8221;montserrat&#8221; title=&#8221;Pain\u00e9is e relat\u00f3rios&#8221; icon=&#8221;\/wp-content\/uploads\/2022\/03\/icon_32x32_dashboard.svg&#8221; col=&#8221;6&#8243;]A apresenta\u00e7\u00e3o clara das informa\u00e7\u00f5es e a an\u00e1lise interativa nos pain\u00e9is permitem monitorar a situa\u00e7\u00e3o e tomar decis\u00f5es gerenciais imediatas.[\/card]\n[card type=&#8221;montserrat&#8221; title=&#8221;Acesso a partir de dispositivos m\u00f3veis&#8221; icon=&#8221;\/wp-content\/uploads\/2022\/03\/icon_32x32_mobile.svg&#8221; col=&#8221;6&#8243;]A interface do sistema ITSM \u00e9 adaptada para diferentes dispositivos, o que permite que voc\u00ea use o aplicativo em um computador, laptop e dispositivos m\u00f3veis. Um aplicativo m\u00f3vel especial tamb\u00e9m foi desenvolvido para acesso a partir de dispositivos m\u00f3veis.[\/card]\n[card type=&#8221;montserrat&#8221; title=&#8221;Integra\u00e7\u00e3o com mensageiros&#8221; icon=&#8221;\/wp-content\/uploads\/2022\/03\/icon_32x32_messendger.svg&#8221; col=&#8221;6&#8243;]Gra\u00e7as \u00e0 integra\u00e7\u00e3o com mensageiros populares, \u00e9 poss\u00edvel enviar solicita\u00e7\u00f5es e processar aplicativos via Telegram, Slack, etc.[\/card]\n[\/features]\n[\/block]\n[block type=&#8221;&#8221;]<\/p>\n<div class=\"flex-row flex-row--fw\">\n<div class=\"col col-lg-6\">\n<h2>Integra\u00e7\u00e3o com outros IS<\/h2>\n<ul class=\"list list--def list--text\">\n<li>O SimpleOne ITSM se integra a qualquer software: sistemas colaborativos, sistemas ERP, ambientes de virtualiza\u00e7\u00e3o, software de autentica\u00e7\u00e3o, etc., bem como chatbots.<\/li>\n<li>A tecnologia REST API \u00e9 usada para integra\u00e7\u00e3o, o que permite a f\u00e1cil personaliza\u00e7\u00e3o das conex\u00f5es de entrada e sa\u00edda.<\/li>\n<\/ul>\n<\/div>\n<div class=\"col col-lg-6\">[sys_images][\/sys_images]<\/div>\n<\/div>\n<p>[\/block]\n[block type=&#8221;divided-rev&#8221;]<br \/>\n[promo_block background=&#8221;dark&#8221; img=&#8221;\/wp-content\/uploads\/2022\/03\/4-1.png&#8221; title=&#8221;Transformando o ITSM em um sistema ESM&#8221;]Estenda as melhores metodologias de presta\u00e7\u00e3o de servi\u00e7os de TI a todos os departamentos de servi\u00e7os (RH, ACH, finan\u00e7as, jur\u00eddico, etc.) criando um sistema ESM corporativo unificado e usando a vers\u00e3o mais recente dos padr\u00f5es ITIL.[\/promo_block][\/promo_block]\n[\/block]\n[block type=&#8221;&#8221;]<\/p>\n<h2>Conquistas do SimpleOne<\/h2><div class=\"feature-list flex-row\">\n<div class=\"col feature-col-6\">\n<div class=\"feature-item feature-item-sm\">\n<div class=\"feature-item__img-wrapper\" style=\"height: 67px;\"><img src=\"\/wp-content\/uploads\/2024\/06\/2024-e1713863162770.png\" \/><\/div>\n<div class=\"feature-item__descr\">Vencedor em tr\u00eas categorias do concurso &#8220;ITSM Project of the Year 2024&#8221; com projetos de implementa\u00e7\u00e3o do SimpleOne na Softline GC, BCS Investment World e ALROSA.<\/div>\n<\/div>\n<\/div>\n<div class=\"col feature-col-6\">\n<div class=\"feature-item feature-item-sm\">\n<div class=\"feature-item__img-wrapper\" style=\"height: 67px;\"><img src=\"\/wp-content\/uploads\/2024\/06\/frame-238-1.png\" \/><\/div>\n<div class=\"feature-item__descr\">O projeto de implementa\u00e7\u00e3o do SimpleOne para a rede de varejo Monetka venceu a categoria <a href=\"https:\/\/globalcio.ru\/projects\/28777\/\">&#8220;Melhor projeto de gerenciamento de TI&#8221;<\/a> do concurso Projeto do ano do GlobalCIO 2023.<\/div>\n<\/div>\n<\/div>\n<div class=\"col feature-col-6\">\n<div class=\"feature-item feature-item-sm\">\n<div class=\"feature-item__img-wrapper\" style=\"height: 67px;\"><img src=\"\/wp-content\/uploads\/2024\/06\/2023-e1713863244673.png\" \/><\/div>\n<div class=\"feature-item__descr\">O projeto de implementa\u00e7\u00e3o do sistema SimpleOne ESM no MTS-Bank venceu na categoria &#8220;Princ\u00edpios ITIL&#8221; do concurso &#8220;Projeto ITSM do ano de 2023&#8221;.<\/div>\n<\/div>\n<\/div><\/div>\n<\/div>\n<p>[\/block]\n[block type=&#8221;gray&#8221;]<\/p>\n<h2>Coment\u00e1rios sobre o SimpleOne ITSM<\/h2>\n[slider count=&#8221;1&#8243;][slider_item][card_reviews img=&#8221;\/wp-content\/uploads\/2022\/03\/vitgrit.png&#8221; name=&#8221;Vitaly Gritsai&#8221; subtitle=&#8221;Diretor executivo da ITGLOBAL.COM&#8221; link=&#8221;#&#8221;]&#8221;Migramos nosso sistema ITSM para o SimpleOne. Os custos associados \u00e0s taxas de licen\u00e7a foram significativamente reduzidos, e a velocidade de implementa\u00e7\u00e3o de novos aprimoramentos aumentou. No futuro, o sistema dever\u00e1 abranger todos os processos de neg\u00f3cios de servi\u00e7os da empresa.&#8221;[\/card_reviews][\/slider_item][slider_item][card_reviews img=&#8221;\/wp-content\/uploads\/2022\/03\/photo_2022-03-11_18-32-27.jpg&#8221; name=&#8221;Sergey Kuznetsov&#8221; subtitle=&#8221;Diretor de clientes corporativos Cloud.ru (Systematica, parte da GKS)&#8221; link=&#8221;#&#8221;]&#8221;Recebemos uma solu\u00e7\u00e3o moderna, flex\u00edvel e escalon\u00e1vel, que n\u00e3o apenas se adapta aos nossos requisitos de efici\u00eancia de servi\u00e7o, mas tamb\u00e9m serve como uma base confi\u00e1vel para o lan\u00e7amento de novos servi\u00e7os e para o aumento da escala.&#8221;[\/card_reviews][\/slider_item][\/slider]\n[\/block]\n","protected":false},"excerpt":{"rendered":"<p>Gerenciamento de servi\u00e7os de TI &#8211; sistema de automa\u00e7\u00e3o de processos de TI de acordo com as pr\u00e1ticas recomendadas da ITIL<\/p>\n","protected":false},"author":5,"featured_media":13141,"parent":0,"menu_order":10,"comment_status":"closed","ping_status":"closed","template":"product-page.php","meta":[],"yoast_head":"<title>Sistema ITSM da SimpleOne-sistema de gerenciamento e automa\u00e7\u00e3o de servi\u00e7os de TI<\/title>\n<meta name=\"description\" content=\"Solu\u00e7\u00e3o ITSM da empresa russa SimpleOne para gerenciamento e automa\u00e7\u00e3o de servi\u00e7os de TI de acordo com as pr\u00e1ticas ITIL da \u00faltima vers\u00e3o\" \/>\n<meta name=\"robots\" content=\"index, follow, max-snippet:-1, max-image-preview:large, max-video-preview:-1\" \/>\n<meta property=\"og:locale\" content=\"pt_BR\" \/>\n<meta property=\"og:type\" content=\"article\" \/>\n<meta property=\"og:title\" content=\"Sistema ITSM da SimpleOne-sistema de gerenciamento e automa\u00e7\u00e3o de servi\u00e7os de TI\" \/>\n<meta property=\"og:description\" content=\"Solu\u00e7\u00e3o ITSM da empresa russa SimpleOne para gerenciamento e automa\u00e7\u00e3o de servi\u00e7os de TI de acordo com as pr\u00e1ticas ITIL da \u00faltima vers\u00e3o\" \/>\n<meta property=\"og:url\" content=\"https:\/\/itsm.com\/\" \/>\n<meta property=\"og:site_name\" content=\"SimpleOne - Business Process Automation Platform\" \/>\n<meta name=\"twitter:card\" content=\"summary_large_image\" \/>\n<meta name=\"twitter:title\" content=\"[:en]ITSM system from SimpleOne - IT service management and automation system[:pb]Sistema ITSM da SimpleOne-sistema de gerenciamento e automa\u00e7\u00e3o de servi\u00e7os de TI\" \/>\n<meta name=\"twitter:description\" content=\"[:en]ITSM solution SimpleOne for management and automation of IT services in accordance with ITIL practices of the latest version[:pb]Solu\u00e7\u00e3o ITSM da empresa russa SimpleOne para gerenciamento e automa\u00e7\u00e3o de servi\u00e7os de TI de acordo com as pr\u00e1ticas ITIL da \u00faltima vers\u00e3o\" \/>\n<meta name=\"twitter:image\" content=\"https:\/\/itsm.com\/wp-content\/uploads\/2023\/12\/3.webp\" \/>\n<script type=\"application\/ld+json\" class=\"yoast-schema-graph\">{\"@context\":\"https:\/\/schema.org\",\"@graph\":[{\"@type\":\"Organization\",\"@id\":\"https:\/\/itsm.com\/#organization\",\"name\":\"SimpleOne\",\"url\":\"https:\/\/itsm.com\/\",\"sameAs\":[],\"logo\":{\"@type\":\"ImageObject\",\"@id\":\"https:\/\/itsm.com\/#logo\",\"inLanguage\":\"pt-BR\",\"url\":\"\/wp-content\/uploads\/2023\/11\/main_logo-1.png\",\"contentUrl\":\"\/wp-content\/uploads\/2023\/11\/main_logo-1.png\",\"width\":166,\"height\":23,\"caption\":\"SimpleOne\"},\"image\":{\"@id\":\"https:\/\/itsm.com\/#logo\"}},{\"@type\":\"WebSite\",\"@id\":\"https:\/\/itsm.com\/#website\",\"url\":\"https:\/\/itsm.com\/\",\"name\":\"SimpleOne - Business Process Automation Platform\",\"description\":\"\u3164\",\"publisher\":{\"@id\":\"https:\/\/itsm.com\/#organization\"},\"inLanguage\":\"pt-BR\"},{\"@type\":\"ImageObject\",\"@id\":\"https:\/\/itsm.com\/#primaryimage\",\"inLanguage\":\"pt-BR\",\"url\":\"\/wp-content\/uploads\/2023\/12\/3.webp\",\"contentUrl\":\"\/wp-content\/uploads\/2023\/12\/3.webp\",\"width\":1036,\"height\":1083},{\"@type\":\"WebPage\",\"@id\":\"https:\/\/itsm.com\/#webpage\",\"url\":\"https:\/\/itsm.com\/\",\"name\":\"[:en]ITSM system from SimpleOne - IT service management and automation system[:pb]Sistema ITSM da SimpleOne-sistema de gerenciamento e automa\u00e7\u00e3o de servi\u00e7os de TI\",\"isPartOf\":{\"@id\":\"https:\/\/itsm.com\/#website\"},\"primaryImageOfPage\":{\"@id\":\"https:\/\/itsm.com\/#primaryimage\"},\"datePublished\":\"2019-09-23T14:48:57+00:00\",\"dateModified\":\"2024-11-05T07:04:59+00:00\",\"description\":\"[:en]ITSM solution from Russian company SimpleOne for management and automation of IT services in accordance with ITIL practices of the latest version[:pb]Solu\u00e7\u00e3o ITSM da empresa russa SimpleOne para gerenciamento e automa\u00e7\u00e3o de servi\u00e7os de TI de acordo com as pr\u00e1ticas ITIL da \u00faltima vers\u00e3o\",\"breadcrumb\":{\"@id\":\"https:\/\/itsm.com\/#breadcrumb\"},\"inLanguage\":\"pt-BR\",\"potentialAction\":[{\"@type\":\"ReadAction\",\"target\":[\"https:\/\/itsm.com\/\"]}]},{\"@type\":\"BreadcrumbList\",\"@id\":\"https:\/\/itsm.com\/#breadcrumb\",\"itemListElement\":[{\"@type\":\"ListItem\",\"position\":1,\"name\":\"Home\",\"item\":\"https:\/\/itsm.com\/\"},{\"@type\":\"ListItem\",\"position\":2,\"name\":\"ITSM SYSTEM (IT SERVICE MANAGEMENT)\"}]}]}<\/script>","yoast_head_json":{"title":"[:en]ITSM system from SimpleOne - IT service management and automation system[:pb]Sistema ITSM da SimpleOne-sistema de gerenciamento e automa\u00e7\u00e3o de servi\u00e7os de TI","description":"Solu\u00e7\u00e3o ITSM da empresa russa SimpleOne para gerenciamento e automa\u00e7\u00e3o de servi\u00e7os de TI de acordo com as pr\u00e1ticas ITIL da \u00faltima vers\u00e3o","robots":{"index":"index","follow":"follow","max-snippet":"max-snippet:-1","max-image-preview":"max-image-preview:large","max-video-preview":"max-video-preview:-1"},"og_locale":"pt_BR","og_type":"article","og_title":"Sistema ITSM da SimpleOne-sistema de gerenciamento e automa\u00e7\u00e3o de servi\u00e7os de TI","og_description":"Solu\u00e7\u00e3o ITSM da empresa russa SimpleOne para gerenciamento e automa\u00e7\u00e3o de servi\u00e7os de TI de acordo com as pr\u00e1ticas ITIL da \u00faltima vers\u00e3o","og_url":"https:\/\/itsm.com\/","og_site_name":"SimpleOne - Business Process Automation Platform","twitter_card":"summary_large_image","twitter_title":"[:en]ITSM system from SimpleOne - IT service management and automation system[:pb]Sistema ITSM da SimpleOne-sistema de gerenciamento e automa\u00e7\u00e3o de servi\u00e7os de TI","twitter_description":"[:en]ITSM solution SimpleOne for management and automation of IT services in accordance with ITIL practices of the latest version[:pb]Solu\u00e7\u00e3o ITSM da empresa russa SimpleOne para gerenciamento e automa\u00e7\u00e3o de servi\u00e7os de TI de acordo com as pr\u00e1ticas ITIL da \u00faltima vers\u00e3o","twitter_image":"https:\/\/itsm.com\/wp-content\/uploads\/2023\/12\/3.webp","schema":{"@context":"https:\/\/schema.org","@graph":[{"@type":"Organization","@id":"https:\/\/itsm.com\/#organization","name":"SimpleOne","url":"https:\/\/itsm.com\/","sameAs":[],"logo":{"@type":"ImageObject","@id":"https:\/\/itsm.com\/#logo","inLanguage":"pt-BR","url":"\/wp-content\/uploads\/2023\/11\/main_logo-1.png","contentUrl":"\/wp-content\/uploads\/2023\/11\/main_logo-1.png","width":166,"height":23,"caption":"SimpleOne"},"image":{"@id":"https:\/\/itsm.com\/#logo"}},{"@type":"WebSite","@id":"https:\/\/itsm.com\/#website","url":"https:\/\/itsm.com\/","name":"SimpleOne - Business Process Automation Platform","description":"\u3164","publisher":{"@id":"https:\/\/itsm.com\/#organization"},"inLanguage":"pt-BR"},{"@type":"ImageObject","@id":"https:\/\/itsm.com\/#primaryimage","inLanguage":"pt-BR","url":"\/wp-content\/uploads\/2023\/12\/3.webp","contentUrl":"\/wp-content\/uploads\/2023\/12\/3.webp","width":1036,"height":1083},{"@type":"WebPage","@id":"https:\/\/itsm.com\/#webpage","url":"https:\/\/itsm.com\/","name":"[:en]ITSM system from SimpleOne - IT service management and automation system[:pb]Sistema ITSM da SimpleOne-sistema de gerenciamento e automa\u00e7\u00e3o de servi\u00e7os de TI","isPartOf":{"@id":"https:\/\/itsm.com\/#website"},"primaryImageOfPage":{"@id":"https:\/\/itsm.com\/#primaryimage"},"datePublished":"2019-09-23T14:48:57+00:00","dateModified":"2024-11-05T07:04:59+00:00","description":"[:en]ITSM solution from Russian company SimpleOne for management and automation of IT services in accordance with ITIL practices of the latest version[:pb]Solu\u00e7\u00e3o ITSM da empresa russa SimpleOne para gerenciamento e automa\u00e7\u00e3o de servi\u00e7os de TI de acordo com as pr\u00e1ticas ITIL da \u00faltima vers\u00e3o","breadcrumb":{"@id":"https:\/\/itsm.com\/#breadcrumb"},"inLanguage":"pt-BR","potentialAction":[{"@type":"ReadAction","target":["https:\/\/itsm.com\/"]}]},{"@type":"BreadcrumbList","@id":"https:\/\/itsm.com\/#breadcrumb","itemListElement":[{"@type":"ListItem","position":1,"name":"Home","item":"https:\/\/itsm.com\/"},{"@type":"ListItem","position":2,"name":"ITSM SYSTEM (IT SERVICE MANAGEMENT)"}]}]}},"acf":[],"_links":{"self":[{"href":"https:\/\/itsm.com\/pb\/wp-json\/wp\/v2\/pages\/184"}],"collection":[{"href":"https:\/\/itsm.com\/pb\/wp-json\/wp\/v2\/pages"}],"about":[{"href":"https:\/\/itsm.com\/pb\/wp-json\/wp\/v2\/types\/page"}],"author":[{"embeddable":true,"href":"https:\/\/itsm.com\/pb\/wp-json\/wp\/v2\/users\/5"}],"replies":[{"embeddable":true,"href":"https:\/\/itsm.com\/pb\/wp-json\/wp\/v2\/comments?post=184"}],"version-history":[{"count":11,"href":"https:\/\/itsm.com\/pb\/wp-json\/wp\/v2\/pages\/184\/revisions"}],"predecessor-version":[{"id":13144,"href":"https:\/\/itsm.com\/pb\/wp-json\/wp\/v2\/pages\/184\/revisions\/13144"}],"wp:featuredmedia":[{"embeddable":true,"href":"https:\/\/itsm.com\/pb\/wp-json\/wp\/v2\/media\/13141"}],"wp:attachment":[{"href":"https:\/\/itsm.com\/pb\/wp-json\/wp\/v2\/media?parent=184"}],"curies":[{"name":"wp","href":"https:\/\/api.w.org\/{rel}","templated":true}]}}