{"id":454,"date":"2020-01-28T16:58:39","date_gmt":"2020-01-28T13:58:39","guid":{"rendered":"https:\/\/simpleone.ru\/?page_id=454"},"modified":"2024-12-16T10:12:01","modified_gmt":"2024-12-16T07:12:01","slug":"company","status":"publish","type":"page","link":"https:\/\/itsm.com\/pb\/company\/","title":{"rendered":"Sobre a empresa"},"content":{"rendered":"[block type=&#8221;pink&#8221;]<\/p>\n<div class=\"bigger-text left-aligned-block\">As solu\u00e7\u00f5es da SimpleOne s\u00e3o voltadas para clientes corporativos e governamentais interessados em melhorar a efici\u00eancia dos processos de neg\u00f3cios, implementando uma abordagem de servi\u00e7o e buscando a transforma\u00e7\u00e3o digital dos neg\u00f3cios.<\/div>\n<div class=\"bigger-text left-aligned-block\">Nossa meta \u00e9 assumir uma posi\u00e7\u00e3o de lideran\u00e7a no mercado global de sistemas ESM (Enterprise Service Management) nos pr\u00f3ximos anos.<\/div>\n<p>[\/block]\n[block type=&#8221;&#8221;]<\/p>\n<h2>Nossos clientes<\/h2>\n[row] [col size=&#8221;md-6&#8243;]<\/p>\n<p>Essas s\u00e3o grandes empresas modernas envolvidas na transforma\u00e7\u00e3o digital de seus neg\u00f3cios, bem como CSCs (centros de servi\u00e7os compartilhados) em grandes empresas russas e estrangeiras.<\/p>\n<p>[\/col]\n[col size=&#8221;md-6&#8243;] [\/col]\n<p>[\/row]\n[row] [col size=&#8221;md-12&#8243;]<br \/>\n[customers] [\/customers]\n[\/col]\n[\/row]\n<p>[\/block]\n[block type=&#8221;gray&#8221;]<\/p>\n<h2>Nosso maior valor \u00e9 o nosso pessoal<\/h2>\n[features] [card type=&#8221;&#8221; title=&#8221;&#8221; icon=&#8221;\/wp-content\/uploads\/2024\/09\/union-29.svg&#8221; col=&#8221;4&#8243;]A SimpleOne tem 3 escrit\u00f3rios e 2 centros de desenvolvimento[\/card]\n[card type=&#8221;&#8221; title=&#8221;&#8221; icon=&#8221;\/wp-content\/uploads\/2024\/09\/02_sertif40px.svg&#8221; col=&#8221;4&#8243;]Somos especialistas certificados em ITIL\u00ae e VeriSM\u2122[\/card]\n[card type=&#8221;&#8221; title=&#8221;&#8221; icon=&#8221;\/wp-content\/uploads\/2024\/09\/03_itsm_system40px.svg&#8221; col=&#8221;4&#8243;]Temos mais de 10 anos de experi\u00eancia na implementa\u00e7\u00e3o e opera\u00e7\u00e3o de sistemas ITSM de n\u00edvel empresarial[\/card]\n[card type=&#8221;&#8221; title=&#8221;&#8221; icon=&#8221;\/wp-content\/uploads\/2024\/09\/04_develop_projects40px.svg&#8221; col=&#8221;4&#8243;]Experi\u00eancia no desenvolvimento de dezenas de projetos de Internet de alta carga e sistemas de alto desempenho e alta carga[\/card]\n<p>[\/features]\n<p>[\/block]\n","protected":false},"excerpt":{"rendered":"<p>A SimpleOne \u00e9 uma desenvolvedora de solu\u00e7\u00f5es avan\u00e7adas para a automa\u00e7\u00e3o de processos comerciais de servi\u00e7os.<br \/>Integrada ao grupo internacional ITGLOBAL.COM, a SimpleOne tem uma expertise com uma vis\u00e3o global para transformar a forma como empresas operam e gerenciam suas atividades di\u00e1rias.<\/p>\n","protected":false},"author":5,"featured_media":455,"parent":0,"menu_order":0,"comment_status":"closed","ping_status":"closed","template":"","meta":[],"yoast_head":"<title>Sobre a empresa SimpleOne<\/title>\n<meta name=\"description\" content=\"A SimpleOne se dedica ao desenvolvimento de software para automa\u00e7\u00e3o de processos de neg\u00f3cios. Ela faz parte do grupo de empresas ITGLOBAL.\" \/>\n<meta name=\"robots\" content=\"index, follow, max-snippet:-1, max-image-preview:large, max-video-preview:-1\" \/>\n<meta property=\"og:locale\" content=\"pt_BR\" \/>\n<meta property=\"og:type\" content=\"article\" \/>\n<meta property=\"og:title\" content=\"Sobre a empresa SimpleOne\" \/>\n<meta property=\"og:description\" content=\"A SimpleOne se dedica ao desenvolvimento de software para automa\u00e7\u00e3o de processos de neg\u00f3cios. Ela faz parte do grupo de empresas ITGLOBAL.\" \/>\n<meta property=\"og:url\" content=\"https:\/\/itsm.com\/company\/\" \/>\n<meta property=\"og:site_name\" content=\"SimpleOne - Business Process Automation Platform\" \/>\n<meta property=\"og:image\" content=\"https:\/\/itsm.com\/wp-content\/uploads\/2020\/01\/22-1.png\" \/>\n\t<meta property=\"og:image:width\" content=\"838\" \/>\n\t<meta property=\"og:image:height\" content=\"673\" \/>\n\t<meta property=\"og:image:type\" content=\"image\/png\" \/>\n<meta name=\"twitter:card\" content=\"summary_large_image\" \/>\n<script type=\"application\/ld+json\" class=\"yoast-schema-graph\">{\"@context\":\"https:\/\/schema.org\",\"@graph\":[{\"@type\":\"Organization\",\"@id\":\"https:\/\/itsm.com\/#organization\",\"name\":\"SimpleOne\",\"url\":\"https:\/\/itsm.com\/\",\"sameAs\":[],\"logo\":{\"@type\":\"ImageObject\",\"@id\":\"https:\/\/itsm.com\/#logo\",\"inLanguage\":\"pt-BR\",\"url\":\"\/wp-content\/uploads\/2023\/11\/main_logo-1.png\",\"contentUrl\":\"\/wp-content\/uploads\/2023\/11\/main_logo-1.png\",\"width\":166,\"height\":23,\"caption\":\"SimpleOne\"},\"image\":{\"@id\":\"https:\/\/itsm.com\/#logo\"}},{\"@type\":\"WebSite\",\"@id\":\"https:\/\/itsm.com\/#website\",\"url\":\"https:\/\/itsm.com\/\",\"name\":\"SimpleOne - Business Process Automation Platform\",\"description\":\"\u3164\",\"publisher\":{\"@id\":\"https:\/\/itsm.com\/#organization\"},\"inLanguage\":\"pt-BR\"},{\"@type\":\"ImageObject\",\"@id\":\"https:\/\/itsm.com\/company\/#primaryimage\",\"inLanguage\":\"pt-BR\",\"url\":\"\/wp-content\/uploads\/2020\/01\/22-1.png\",\"contentUrl\":\"\/wp-content\/uploads\/2020\/01\/22-1.png\",\"width\":838,\"height\":673},{\"@type\":\"WebPage\",\"@id\":\"https:\/\/itsm.com\/company\/#webpage\",\"url\":\"https:\/\/itsm.com\/company\/\",\"name\":\"[:en]About the company SimpleOne[:pb]Sobre a empresa SimpleOne[:tr]\u015eirket hakk\u0131nda SimpleOne\",\"isPartOf\":{\"@id\":\"https:\/\/itsm.com\/#website\"},\"primaryImageOfPage\":{\"@id\":\"https:\/\/itsm.com\/company\/#primaryimage\"},\"datePublished\":\"2020-01-28T13:58:39+00:00\",\"dateModified\":\"2024-12-16T07:12:01+00:00\",\"description\":\"[:en]SimpleOne company develops software for business process automation. It is part of the IT GLOBAL group of companies.[:pb]A SimpleOne se dedica ao desenvolvimento de software para automa\u00e7\u00e3o de processos de neg\u00f3cios. Ela faz parte do grupo de empresas ITGLOBAL.[:tr]SimpleOne \u015firketi, i\u015f s\u00fcreci otomasyonu i\u00e7in yaz\u0131l\u0131m geli\u015ftiriyor. IT GLOBAL \u015firketler grubunun bir par\u00e7as\u0131d\u0131r.\",\"breadcrumb\":{\"@id\":\"https:\/\/itsm.com\/company\/#breadcrumb\"},\"inLanguage\":\"pt-BR\",\"potentialAction\":[{\"@type\":\"ReadAction\",\"target\":[\"https:\/\/itsm.com\/company\/\"]}]},{\"@type\":\"BreadcrumbList\",\"@id\":\"https:\/\/itsm.com\/company\/#breadcrumb\",\"itemListElement\":[{\"@type\":\"ListItem\",\"position\":1,\"name\":\"Home\",\"item\":\"https:\/\/itsm.com\/\"},{\"@type\":\"ListItem\",\"position\":2,\"name\":\"About the company\"}]}]}<\/script>","yoast_head_json":{"title":"[:en]About the company SimpleOne[:pb]Sobre a empresa SimpleOne[:tr]\u015eirket hakk\u0131nda SimpleOne","description":"A SimpleOne se dedica ao desenvolvimento de software para automa\u00e7\u00e3o de processos de neg\u00f3cios. Ela faz parte do grupo de empresas ITGLOBAL.","robots":{"index":"index","follow":"follow","max-snippet":"max-snippet:-1","max-image-preview":"max-image-preview:large","max-video-preview":"max-video-preview:-1"},"og_locale":"pt_BR","og_type":"article","og_title":"Sobre a empresa SimpleOne","og_description":"A SimpleOne se dedica ao desenvolvimento de software para automa\u00e7\u00e3o de processos de neg\u00f3cios. Ela faz parte do grupo de empresas ITGLOBAL.","og_url":"https:\/\/itsm.com\/company\/","og_site_name":"SimpleOne - Business Process Automation Platform","og_image":[{"width":838,"height":673,"url":"https:\/\/itsm.com\/wp-content\/uploads\/2020\/01\/22-1.png","type":"image\/png"}],"twitter_card":"summary_large_image","schema":{"@context":"https:\/\/schema.org","@graph":[{"@type":"Organization","@id":"https:\/\/itsm.com\/#organization","name":"SimpleOne","url":"https:\/\/itsm.com\/","sameAs":[],"logo":{"@type":"ImageObject","@id":"https:\/\/itsm.com\/#logo","inLanguage":"pt-BR","url":"\/wp-content\/uploads\/2023\/11\/main_logo-1.png","contentUrl":"\/wp-content\/uploads\/2023\/11\/main_logo-1.png","width":166,"height":23,"caption":"SimpleOne"},"image":{"@id":"https:\/\/itsm.com\/#logo"}},{"@type":"WebSite","@id":"https:\/\/itsm.com\/#website","url":"https:\/\/itsm.com\/","name":"SimpleOne - Business Process Automation Platform","description":"\u3164","publisher":{"@id":"https:\/\/itsm.com\/#organization"},"inLanguage":"pt-BR"},{"@type":"ImageObject","@id":"https:\/\/itsm.com\/company\/#primaryimage","inLanguage":"pt-BR","url":"\/wp-content\/uploads\/2020\/01\/22-1.png","contentUrl":"\/wp-content\/uploads\/2020\/01\/22-1.png","width":838,"height":673},{"@type":"WebPage","@id":"https:\/\/itsm.com\/company\/#webpage","url":"https:\/\/itsm.com\/company\/","name":"[:en]About the company SimpleOne[:pb]Sobre a empresa SimpleOne[:tr]\u015eirket hakk\u0131nda SimpleOne","isPartOf":{"@id":"https:\/\/itsm.com\/#website"},"primaryImageOfPage":{"@id":"https:\/\/itsm.com\/company\/#primaryimage"},"datePublished":"2020-01-28T13:58:39+00:00","dateModified":"2024-12-16T07:12:01+00:00","description":"[:en]SimpleOne company develops software for business process automation. It is part of the IT GLOBAL group of companies.[:pb]A SimpleOne se dedica ao desenvolvimento de software para automa\u00e7\u00e3o de processos de neg\u00f3cios. Ela faz parte do grupo de empresas ITGLOBAL.[:tr]SimpleOne \u015firketi, i\u015f s\u00fcreci otomasyonu i\u00e7in yaz\u0131l\u0131m geli\u015ftiriyor. IT GLOBAL \u015firketler grubunun bir par\u00e7as\u0131d\u0131r.","breadcrumb":{"@id":"https:\/\/itsm.com\/company\/#breadcrumb"},"inLanguage":"pt-BR","potentialAction":[{"@type":"ReadAction","target":["https:\/\/itsm.com\/company\/"]}]},{"@type":"BreadcrumbList","@id":"https:\/\/itsm.com\/company\/#breadcrumb","itemListElement":[{"@type":"ListItem","position":1,"name":"Home","item":"https:\/\/itsm.com\/"},{"@type":"ListItem","position":2,"name":"About the company"}]}]}},"acf":[],"_links":{"self":[{"href":"https:\/\/itsm.com\/pb\/wp-json\/wp\/v2\/pages\/454"}],"collection":[{"href":"https:\/\/itsm.com\/pb\/wp-json\/wp\/v2\/pages"}],"about":[{"href":"https:\/\/itsm.com\/pb\/wp-json\/wp\/v2\/types\/page"}],"author":[{"embeddable":true,"href":"https:\/\/itsm.com\/pb\/wp-json\/wp\/v2\/users\/5"}],"replies":[{"embeddable":true,"href":"https:\/\/itsm.com\/pb\/wp-json\/wp\/v2\/comments?post=454"}],"version-history":[{"count":11,"href":"https:\/\/itsm.com\/pb\/wp-json\/wp\/v2\/pages\/454\/revisions"}],"predecessor-version":[{"id":13479,"href":"https:\/\/itsm.com\/pb\/wp-json\/wp\/v2\/pages\/454\/revisions\/13479"}],"wp:featuredmedia":[{"embeddable":true,"href":"https:\/\/itsm.com\/pb\/wp-json\/wp\/v2\/media\/455"}],"wp:attachment":[{"href":"https:\/\/itsm.com\/pb\/wp-json\/wp\/v2\/media?parent=454"}],"curies":[{"name":"wp","href":"https:\/\/api.w.org\/{rel}","templated":true}]}}