{"id":4654,"date":"2022-05-16T18:22:06","date_gmt":"2022-05-16T15:22:06","guid":{"rendered":"https:\/\/simpleone.ru\/?page_id=4654"},"modified":"2024-10-01T16:18:01","modified_gmt":"2024-10-01T13:18:01","slug":"service-desk","status":"publish","type":"page","link":"https:\/\/itsm.com\/pb\/solutions\/service-desk\/","title":{"rendered":"Automa\u00e7\u00e3o Service Desk"},"content":{"rendered":"[block type=&#8221;pink&#8221;]<\/p>\n<div class=\"bigger-text left-aligned-block\"> Crie um \u00fanico ponto de contato para problemas relacionados a servi\u00e7os de TI e melhore a qualidade do fornecimento de suporte ao cliente.<\/div>\n<p>   [\/block]\n<p>   [block]\n<h2>Capacidades do Service Desk<\/h2>\n[slider count=&#8221;2&#8243;][slider_item][card_slider icon = &#8220;\/wp-content\/uploads\/2022\/03\/icon_32x32_request.svg&#8221; title=&#8221;Automatizando o recebimento de solicita\u00e7\u00f5es&#8221; content=&#8221;Solicitando ao Service Desk via ambiente de comunica\u00e7\u00e3o omnichannel (portal de autoatendimento, telefone, e-mail, messengers).&#8221;][\/card_slider][\/slider_item][slider_item][card_slider icon=&#8221;\/wp-content\/uploads\/2022\/03\/icon_32x32_problem.svg&#8221; title=&#8221;Automatiza\u00e7\u00e3o do tratamento de chamadas&#8221; content=&#8221;Classifica\u00e7\u00e3o, prioriza\u00e7\u00e3o e escalonamento de chamadas. Possibilidade de criar solicita\u00e7\u00f5es com base nas mensagens do usu\u00e1rio. Transfer\u00eancia de solicita\u00e7\u00f5es para a 2\u00aa linha de suporte e para outros departamentos especializados&#8221;][\/card_slider][\/slider_item][slider_item][card_slider icon = &#8220;\/wp-content\/uploads\/2022\/03\/icon_32x32_bell.svg&#8221; title=&#8221;Automa\u00e7\u00e3o de notifica\u00e7\u00f5es em massa&#8221; content=&#8221;Informe prontamente os consumidores de servi\u00e7os de TI sobre incidentes que afetam muitos usu\u00e1rios, sobre manuten\u00e7\u00e3o de rotina e urgente, sobre altera\u00e7\u00f5es na funcionalidade dos servi\u00e7os fornecidos, sobre o lan\u00e7amento de novos servi\u00e7os de TI.&#8221;][\/card_slider][\/slider_item][slider_item][card_slider icon = &#8220;\/wp-content\/uploads\/2022\/03\/icon_32x32_portal.svg&#8221; title=&#8221;Monitoramento da disponibilidade do servi\u00e7o&#8221; content=&#8221;Monitoramento operacional do estado atual dos servi\u00e7os de TI para fins de detec\u00e7\u00e3o antecipada de incidentes de infraestrutura.&#8221;][\/card_slider][\/slider_item][\/slider]\n   [\/block]\n<p>   [block type=&#8221;gray&#8221;]<\/p>\n<h2>Efeito da implementa\u00e7\u00e3o da Central de Servi\u00e7os<\/h2>\n<p>   [features]\n[card type=&#8221;montserrat&#8221; title=&#8221;&#8221; icon=&#8221;\/wp-content\/uploads\/2022\/03\/icon_32x32_problem.svg&#8221; col=&#8221;3&#8243;]Aumento da produtividade e da satisfa\u00e7\u00e3o dos especialistas em suporte t\u00e9cnico por meio da automa\u00e7\u00e3o de opera\u00e7\u00f5es manuais;[\/card]\n[card type=&#8221;montserrat&#8221; title=&#8221;&#8221; icon=&#8221;\/wp-content\/uploads\/2022\/03\/icon_32x32_dashboard.svg&#8221; col=&#8221;3&#8243;]Melhoria da qualidade e da velocidade do atendimento de chamadas por meio da grava\u00e7\u00e3o centralizada, do controle e da conformidade com os padr\u00f5es desejados;[\/card]\n[card type=&#8221;montserrat&#8221; title=&#8221;&#8221; icon=&#8221;\/wp-content\/uploads\/2020\/01\/union-29.svg&#8221; col=&#8221;3&#8243;]Aumento da satisfa\u00e7\u00e3o do cliente com os servi\u00e7os de TI, fornecendo uma abordagem sistem\u00e1tica para a cria\u00e7\u00e3o de comunica\u00e7\u00f5es.[\/card]\n   [\/features]\n   [\/block]\n<p>   [block]\n<h2>Benef\u00edcios da solu\u00e7\u00e3o<\/h2>\n<p>   [features]\n[card type=&#8221;montserrat&#8221; title=&#8221;Interface organizada&#8221; icon=&#8221;\/wp-content\/uploads\/2022\/03\/icon_32x32_portal.svg&#8221; col=&#8221;6&#8243;]A interface do sistema n\u00e3o \u00e9 sobrecarregada com op\u00e7\u00f5es que n\u00e3o est\u00e3o diretamente relacionadas \u00e0 solu\u00e7\u00e3o do problema do cliente.[\/card]\n[card type=&#8221;montserrat&#8221; title=&#8221;Implementa\u00e7\u00e3o r\u00e1pida&#8221; icon=&#8221;\/wp-content\/uploads\/2022\/03\/icon_32x32_dashboard.svg&#8221; col=&#8221;6&#8243;]Os processos pr\u00e9-configurados com as melhores pr\u00e1ticas do SimpleOne aceleram significativamente a implementa\u00e7\u00e3o da solu\u00e7\u00e3o.[\/card]\n[card type=&#8221;montserrat&#8221; title=&#8221;Uso de diferentes dispositivos&#8221; icon=&#8221;\/wp-content\/uploads\/2022\/03\/icon_32x32_mobile.svg&#8221; col=&#8221;6&#8243;]Gra\u00e7as \u00e0 interface adapt\u00e1vel, o sistema pode ser usado n\u00e3o apenas em computadores pessoais e laptops, mas tamb\u00e9m em dispositivos m\u00f3veis.[\/card]\n[card type=&#8221;montserrat&#8221; title=&#8221;Integra\u00e7\u00e3o com mensageiros&#8221; icon=&#8221;\/wp-content\/uploads\/2022\/03\/icon_32x32_messendger.svg&#8221; col=&#8221;6&#8243;]Gra\u00e7as \u00e0 integra\u00e7\u00e3o com mensageiros populares, voc\u00ea pode enviar solicita\u00e7\u00f5es e processar aplicativos via Telegram, Slack, etc.[\/card]\n   [\/features]\n   [\/block]\n<p>   [block type=&#8221;gray&#8221;]<\/p>\n<div class=\"flex-row flex-row--fw\">\n<div class=\"col col-lg-6\">\n<h2>Integra\u00e7\u00e3o com outros aplicativos<\/h2>\n<p>O Service Desk da SimpleOne pode ser integrado a qualquer software: sistemas de colabora\u00e7\u00e3o, sistemas ERP, ambientes de virtualiza\u00e7\u00e3o, etc., bem como mensageiros populares.<\/p>\n<\/div>\n<div class=\"col col-lg-6\"> [sys_images][\/sys_images]<\/div>\n<\/div>\n<p>   [\/block]\n<p>   [block type=&#8221;divided&#8221;]<br \/>\n   [promo_block background=&#8221;dark&#8221; img=&#8221;\/wp-content\/uploads\/2022\/03\/4-1.png&#8221; title=&#8221;O Service Desk n\u00e3o \u00e9 apenas para TI&#8221;]Use o Service Desk para receber solicita\u00e7\u00f5es relacionadas n\u00e3o apenas ao departamento de TI, mas tamb\u00e9m a outros departamentos da empresa (solicita\u00e7\u00f5es de pessoal, jur\u00eddico, procedimentos de compras etc.), criando assim uma solu\u00e7\u00e3o corporativa unificada.), criando assim um sistema ESM corporativo unificado com um Service Desk centralizado [\/promo_block] .<br \/>\n   [\/block]\n","protected":false},"excerpt":{"rendered":"<p>O Service Desk na plataforma SimpleOne \u00e9 um sistema para automa\u00e7\u00e3o da contabilidade e do processamento das solicita\u00e7\u00f5es dos usu\u00e1rios de servi\u00e7os de TI.<\/p>\n","protected":false},"author":41,"featured_media":9076,"parent":4687,"menu_order":0,"comment_status":"closed","ping_status":"closed","template":"product-page.php","meta":[],"yoast_head":"<title>Service Desk na plataforma SimpleOne: um sistema para automa\u00e7\u00e3o da contabilidade e processamento de solicita\u00e7\u00f5es<\/title>\n<meta name=\"description\" content=\"Service Desk na plataforma SimpleOne \u00e9 um sistema para automa\u00e7\u00e3o da contabilidade e processamento das solicita\u00e7\u00f5es dos usu\u00e1rios de servi\u00e7os de TI\" \/>\n<meta name=\"robots\" content=\"index, follow, max-snippet:-1, max-image-preview:large, max-video-preview:-1\" \/>\n<meta property=\"og:locale\" content=\"pt_BR\" \/>\n<meta property=\"og:type\" content=\"article\" \/>\n<meta property=\"og:title\" content=\"Service Desk na plataforma SimpleOne: um sistema para automa\u00e7\u00e3o da contabilidade e processamento de solicita\u00e7\u00f5es\" \/>\n<meta property=\"og:description\" content=\"Service Desk na plataforma SimpleOne \u00e9 um sistema para automa\u00e7\u00e3o da contabilidade e processamento das solicita\u00e7\u00f5es dos usu\u00e1rios de servi\u00e7os de TI\" \/>\n<meta property=\"og:url\" content=\"https:\/\/itsm.com\/solutions\/service-desk\/\" \/>\n<meta property=\"og:site_name\" content=\"SimpleOne - Business Process Automation Platform\" \/>\n<meta name=\"twitter:card\" content=\"summary_large_image\" \/>\n<meta name=\"twitter:image\" content=\"https:\/\/itsm.com\/wp-content\/uploads\/2024\/06\/first-img.png.webp\" \/>\n<script type=\"application\/ld+json\" class=\"yoast-schema-graph\">{\"@context\":\"https:\/\/schema.org\",\"@graph\":[{\"@type\":\"Organization\",\"@id\":\"https:\/\/itsm.com\/#organization\",\"name\":\"SimpleOne\",\"url\":\"https:\/\/itsm.com\/\",\"sameAs\":[],\"logo\":{\"@type\":\"ImageObject\",\"@id\":\"https:\/\/itsm.com\/#logo\",\"inLanguage\":\"pt-BR\",\"url\":\"\/wp-content\/uploads\/2023\/11\/main_logo-1.png\",\"contentUrl\":\"\/wp-content\/uploads\/2023\/11\/main_logo-1.png\",\"width\":166,\"height\":23,\"caption\":\"SimpleOne\"},\"image\":{\"@id\":\"https:\/\/itsm.com\/#logo\"}},{\"@type\":\"WebSite\",\"@id\":\"https:\/\/itsm.com\/#website\",\"url\":\"https:\/\/itsm.com\/\",\"name\":\"SimpleOne - Business Process Automation Platform\",\"description\":\"\u3164\",\"publisher\":{\"@id\":\"https:\/\/itsm.com\/#organization\"},\"inLanguage\":\"pt-BR\"},{\"@type\":\"ImageObject\",\"@id\":\"https:\/\/itsm.com\/solutions\/service-desk\/#primaryimage\",\"inLanguage\":\"pt-BR\",\"url\":\"\/wp-content\/uploads\/2024\/06\/first-img.png.webp\",\"contentUrl\":\"\/wp-content\/uploads\/2024\/06\/first-img.png.webp\",\"width\":871,\"height\":1084},{\"@type\":\"WebPage\",\"@id\":\"https:\/\/itsm.com\/solutions\/service-desk\/#webpage\",\"url\":\"https:\/\/itsm.com\/solutions\/service-desk\/\",\"name\":\"[:en]Service Desk on the SimpleOne platform: a system for automation of accounting and processing of requests[:pb]Service Desk na plataforma SimpleOne: um sistema para automa\u00e7\u00e3o da contabilidade e processamento de solicita\u00e7\u00f5es[:tr]SimpleOne platformunda Servis Masas\u0131: muhasebe otomasyonu ve taleplerin i\u015flenmesi i\u00e7in bir sistem\",\"isPartOf\":{\"@id\":\"https:\/\/itsm.com\/#website\"},\"primaryImageOfPage\":{\"@id\":\"https:\/\/itsm.com\/solutions\/service-desk\/#primaryimage\"},\"datePublished\":\"2022-05-16T15:22:06+00:00\",\"dateModified\":\"2024-10-01T13:18:01+00:00\",\"description\":\"[:en]Service Desk on SimpleOne platform is a system for automation of accounting and processing of IT service users' requests.[:pb]Service Desk na plataforma SimpleOne \u00e9 um sistema para automa\u00e7\u00e3o da contabilidade e processamento das solicita\u00e7\u00f5es dos usu\u00e1rios de servi\u00e7os de TI[:tr]SimpleOne platformundaki Servis Masas\u0131, BT hizmet kullan\u0131c\u0131lar\u0131n\u0131n taleplerinin muhasebele\u015ftirilmesi ve i\u015flenmesinin otomasyonunu sa\u011flayan bir sistemdir.\",\"breadcrumb\":{\"@id\":\"https:\/\/itsm.com\/solutions\/service-desk\/#breadcrumb\"},\"inLanguage\":\"pt-BR\",\"potentialAction\":[{\"@type\":\"ReadAction\",\"target\":[\"https:\/\/itsm.com\/solutions\/service-desk\/\"]}]},{\"@type\":\"BreadcrumbList\",\"@id\":\"https:\/\/itsm.com\/solutions\/service-desk\/#breadcrumb\",\"itemListElement\":[{\"@type\":\"ListItem\",\"position\":1,\"name\":\"Home\",\"item\":\"https:\/\/itsm.com\/\"},{\"@type\":\"ListItem\",\"position\":2,\"name\":\"Solutions\",\"item\":\"https:\/\/itsm.com\/solutions\/\"},{\"@type\":\"ListItem\",\"position\":3,\"name\":\"Service Desk automation\"}]}]}<\/script>","yoast_head_json":{"title":"[:en]Service Desk on the SimpleOne platform: a system for automation of accounting and processing of requests[:pb]Service Desk na plataforma SimpleOne: um sistema para automa\u00e7\u00e3o da contabilidade e processamento de solicita\u00e7\u00f5es[:tr]SimpleOne platformunda Servis Masas\u0131: muhasebe otomasyonu ve taleplerin i\u015flenmesi i\u00e7in bir sistem","description":"Service Desk na plataforma SimpleOne \u00e9 um sistema para automa\u00e7\u00e3o da contabilidade e processamento das solicita\u00e7\u00f5es dos usu\u00e1rios de servi\u00e7os de TI","robots":{"index":"index","follow":"follow","max-snippet":"max-snippet:-1","max-image-preview":"max-image-preview:large","max-video-preview":"max-video-preview:-1"},"og_locale":"pt_BR","og_type":"article","og_title":"Service Desk na plataforma SimpleOne: um sistema para automa\u00e7\u00e3o da contabilidade e processamento de solicita\u00e7\u00f5es","og_description":"Service Desk na plataforma SimpleOne \u00e9 um sistema para automa\u00e7\u00e3o da contabilidade e processamento das solicita\u00e7\u00f5es dos usu\u00e1rios de servi\u00e7os de TI","og_url":"https:\/\/itsm.com\/solutions\/service-desk\/","og_site_name":"SimpleOne - Business Process Automation Platform","twitter_card":"summary_large_image","twitter_image":"https:\/\/itsm.com\/wp-content\/uploads\/2024\/06\/first-img.png.webp","schema":{"@context":"https:\/\/schema.org","@graph":[{"@type":"Organization","@id":"https:\/\/itsm.com\/#organization","name":"SimpleOne","url":"https:\/\/itsm.com\/","sameAs":[],"logo":{"@type":"ImageObject","@id":"https:\/\/itsm.com\/#logo","inLanguage":"pt-BR","url":"\/wp-content\/uploads\/2023\/11\/main_logo-1.png","contentUrl":"\/wp-content\/uploads\/2023\/11\/main_logo-1.png","width":166,"height":23,"caption":"SimpleOne"},"image":{"@id":"https:\/\/itsm.com\/#logo"}},{"@type":"WebSite","@id":"https:\/\/itsm.com\/#website","url":"https:\/\/itsm.com\/","name":"SimpleOne - Business Process Automation Platform","description":"\u3164","publisher":{"@id":"https:\/\/itsm.com\/#organization"},"inLanguage":"pt-BR"},{"@type":"ImageObject","@id":"https:\/\/itsm.com\/solutions\/service-desk\/#primaryimage","inLanguage":"pt-BR","url":"\/wp-content\/uploads\/2024\/06\/first-img.png.webp","contentUrl":"\/wp-content\/uploads\/2024\/06\/first-img.png.webp","width":871,"height":1084},{"@type":"WebPage","@id":"https:\/\/itsm.com\/solutions\/service-desk\/#webpage","url":"https:\/\/itsm.com\/solutions\/service-desk\/","name":"[:en]Service Desk on the SimpleOne platform: a system for automation of accounting and processing of requests[:pb]Service Desk na plataforma SimpleOne: um sistema para automa\u00e7\u00e3o da contabilidade e processamento de solicita\u00e7\u00f5es[:tr]SimpleOne platformunda Servis Masas\u0131: muhasebe otomasyonu ve taleplerin i\u015flenmesi i\u00e7in bir sistem","isPartOf":{"@id":"https:\/\/itsm.com\/#website"},"primaryImageOfPage":{"@id":"https:\/\/itsm.com\/solutions\/service-desk\/#primaryimage"},"datePublished":"2022-05-16T15:22:06+00:00","dateModified":"2024-10-01T13:18:01+00:00","description":"[:en]Service Desk on SimpleOne platform is a system for automation of accounting and processing of IT service users' requests.[:pb]Service Desk na plataforma SimpleOne \u00e9 um sistema para automa\u00e7\u00e3o da contabilidade e processamento das solicita\u00e7\u00f5es dos usu\u00e1rios de servi\u00e7os de TI[:tr]SimpleOne platformundaki Servis Masas\u0131, BT hizmet kullan\u0131c\u0131lar\u0131n\u0131n taleplerinin muhasebele\u015ftirilmesi ve i\u015flenmesinin otomasyonunu sa\u011flayan bir sistemdir.","breadcrumb":{"@id":"https:\/\/itsm.com\/solutions\/service-desk\/#breadcrumb"},"inLanguage":"pt-BR","potentialAction":[{"@type":"ReadAction","target":["https:\/\/itsm.com\/solutions\/service-desk\/"]}]},{"@type":"BreadcrumbList","@id":"https:\/\/itsm.com\/solutions\/service-desk\/#breadcrumb","itemListElement":[{"@type":"ListItem","position":1,"name":"Home","item":"https:\/\/itsm.com\/"},{"@type":"ListItem","position":2,"name":"Solutions","item":"https:\/\/itsm.com\/solutions\/"},{"@type":"ListItem","position":3,"name":"Service Desk automation"}]}]}},"acf":[],"_links":{"self":[{"href":"https:\/\/itsm.com\/pb\/wp-json\/wp\/v2\/pages\/4654"}],"collection":[{"href":"https:\/\/itsm.com\/pb\/wp-json\/wp\/v2\/pages"}],"about":[{"href":"https:\/\/itsm.com\/pb\/wp-json\/wp\/v2\/types\/page"}],"author":[{"embeddable":true,"href":"https:\/\/itsm.com\/pb\/wp-json\/wp\/v2\/users\/41"}],"replies":[{"embeddable":true,"href":"https:\/\/itsm.com\/pb\/wp-json\/wp\/v2\/comments?post=4654"}],"version-history":[{"count":10,"href":"https:\/\/itsm.com\/pb\/wp-json\/wp\/v2\/pages\/4654\/revisions"}],"predecessor-version":[{"id":9627,"href":"https:\/\/itsm.com\/pb\/wp-json\/wp\/v2\/pages\/4654\/revisions\/9627"}],"up":[{"embeddable":true,"href":"https:\/\/itsm.com\/pb\/wp-json\/wp\/v2\/pages\/4687"}],"wp:featuredmedia":[{"embeddable":true,"href":"https:\/\/itsm.com\/pb\/wp-json\/wp\/v2\/media\/9076"}],"wp:attachment":[{"href":"https:\/\/itsm.com\/pb\/wp-json\/wp\/v2\/media?parent=4654"}],"curies":[{"name":"wp","href":"https:\/\/api.w.org\/{rel}","templated":true}]}}