{"id":4687,"date":"2022-05-19T18:14:09","date_gmt":"2022-05-19T15:14:09","guid":{"rendered":"https:\/\/simpleone.ru\/?page_id=4687"},"modified":"2024-10-01T16:45:58","modified_gmt":"2024-10-01T13:45:58","slug":"solutions","status":"publish","type":"page","link":"https:\/\/itsm.com\/pb\/solutions\/","title":{"rendered":"Solu\u00e7\u00f5es"},"content":{"rendered":"","protected":false},"excerpt":{"rendered":"<p>The SimpleOne platform is the basis for automation solutions: IT Department, Service Desk, Back office departments.<\/p>\n","protected":false},"author":41,"featured_media":0,"parent":0,"menu_order":0,"comment_status":"closed","ping_status":"closed","template":"","meta":[],"yoast_head":"<title>Solu\u00e7\u00f5es-SimpleOne-Plataforma De Automa\u00e7\u00e3o De Processos De Neg\u00f3cios<\/title>\n<meta name=\"description\" content=\"A plataforma SimpleOne forma a base de solu\u00e7\u00f5es de automa\u00e7\u00e3o para departamentos de TI, Service Desk, departamentos de Back office.\" \/>\n<meta name=\"robots\" content=\"index, follow, max-snippet:-1, max-image-preview:large, max-video-preview:-1\" \/>\n<meta property=\"og:locale\" content=\"pt_BR\" \/>\n<meta property=\"og:type\" content=\"article\" \/>\n<meta property=\"og:title\" content=\"Solu\u00e7\u00f5es-SimpleOne-Plataforma De Automa\u00e7\u00e3o De Processos De Neg\u00f3cios\" \/>\n<meta property=\"og:description\" content=\"A plataforma SimpleOne forma a base de solu\u00e7\u00f5es de automa\u00e7\u00e3o para departamentos de TI, Service Desk, departamentos de Back office.\" \/>\n<meta property=\"og:url\" content=\"https:\/\/itsm.com\/solutions\/\" \/>\n<meta property=\"og:site_name\" content=\"SimpleOne - Business Process Automation Platform\" \/>\n<meta name=\"twitter:card\" content=\"summary_large_image\" \/>\n<script type=\"application\/ld+json\" class=\"yoast-schema-graph\">{\"@context\":\"https:\/\/schema.org\",\"@graph\":[{\"@type\":\"Organization\",\"@id\":\"https:\/\/itsm.com\/#organization\",\"name\":\"SimpleOne\",\"url\":\"https:\/\/itsm.com\/\",\"sameAs\":[],\"logo\":{\"@type\":\"ImageObject\",\"@id\":\"https:\/\/itsm.com\/#logo\",\"inLanguage\":\"pt-BR\",\"url\":\"\/wp-content\/uploads\/2023\/11\/main_logo-1.png\",\"contentUrl\":\"\/wp-content\/uploads\/2023\/11\/main_logo-1.png\",\"width\":166,\"height\":23,\"caption\":\"SimpleOne\"},\"image\":{\"@id\":\"https:\/\/itsm.com\/#logo\"}},{\"@type\":\"WebSite\",\"@id\":\"https:\/\/itsm.com\/#website\",\"url\":\"https:\/\/itsm.com\/\",\"name\":\"SimpleOne - Business Process Automation Platform\",\"description\":\"\u3164\",\"publisher\":{\"@id\":\"https:\/\/itsm.com\/#organization\"},\"inLanguage\":\"pt-BR\"},{\"@type\":\"WebPage\",\"@id\":\"https:\/\/itsm.com\/solutions\/#webpage\",\"url\":\"https:\/\/itsm.com\/solutions\/\",\"name\":\"[:en]Solutions - SimpleOne - Business Process Automation Platform[:pb]Solu\u00e7\u00f5es-SimpleOne-Plataforma De Automa\u00e7\u00e3o De Processos De Neg\u00f3cios[:tr]\u00c7\u00f6z\u00fcmler - SimpleOne - \u0130\u015f S\u00fcre\u00e7leri Otomasyon Platformu\",\"isPartOf\":{\"@id\":\"https:\/\/itsm.com\/#website\"},\"datePublished\":\"2022-05-19T15:14:09+00:00\",\"dateModified\":\"2024-10-01T13:45:58+00:00\",\"description\":\"[:en]The SimpleOne platform forms the basis of automation solutions for IT departments, Service Desk, Back office departments.[:pb]A plataforma SimpleOne forma a base de solu\u00e7\u00f5es de automa\u00e7\u00e3o para departamentos de TI, Service Desk, departamentos de Back office.[:tr]SimpleOne platformu; BT departmanlar\u0131, Servis Masas\u0131, Arka ofis departmanlar\u0131 i\u00e7in otomasyon \u00e7\u00f6z\u00fcmlerinin temelini olu\u015fturur.\",\"breadcrumb\":{\"@id\":\"https:\/\/itsm.com\/solutions\/#breadcrumb\"},\"inLanguage\":\"pt-BR\",\"potentialAction\":[{\"@type\":\"ReadAction\",\"target\":[\"https:\/\/itsm.com\/solutions\/\"]}]},{\"@type\":\"BreadcrumbList\",\"@id\":\"https:\/\/itsm.com\/solutions\/#breadcrumb\",\"itemListElement\":[{\"@type\":\"ListItem\",\"position\":1,\"name\":\"Home\",\"item\":\"https:\/\/itsm.com\/\"},{\"@type\":\"ListItem\",\"position\":2,\"name\":\"Solutions\"}]}]}<\/script>","yoast_head_json":{"title":"[:en]Solutions - SimpleOne - Business Process Automation Platform[:pb]Solu\u00e7\u00f5es-SimpleOne-Plataforma De Automa\u00e7\u00e3o De Processos De Neg\u00f3cios[:tr]\u00c7\u00f6z\u00fcmler - SimpleOne - \u0130\u015f S\u00fcre\u00e7leri Otomasyon Platformu","description":"A plataforma SimpleOne forma a base de solu\u00e7\u00f5es de automa\u00e7\u00e3o para departamentos de TI, Service Desk, departamentos de Back office.","robots":{"index":"index","follow":"follow","max-snippet":"max-snippet:-1","max-image-preview":"max-image-preview:large","max-video-preview":"max-video-preview:-1"},"og_locale":"pt_BR","og_type":"article","og_title":"Solu\u00e7\u00f5es-SimpleOne-Plataforma De Automa\u00e7\u00e3o De Processos De Neg\u00f3cios","og_description":"A plataforma SimpleOne forma a base de solu\u00e7\u00f5es de automa\u00e7\u00e3o para departamentos de TI, Service Desk, departamentos de Back office.","og_url":"https:\/\/itsm.com\/solutions\/","og_site_name":"SimpleOne - Business Process Automation Platform","twitter_card":"summary_large_image","schema":{"@context":"https:\/\/schema.org","@graph":[{"@type":"Organization","@id":"https:\/\/itsm.com\/#organization","name":"SimpleOne","url":"https:\/\/itsm.com\/","sameAs":[],"logo":{"@type":"ImageObject","@id":"https:\/\/itsm.com\/#logo","inLanguage":"pt-BR","url":"\/wp-content\/uploads\/2023\/11\/main_logo-1.png","contentUrl":"\/wp-content\/uploads\/2023\/11\/main_logo-1.png","width":166,"height":23,"caption":"SimpleOne"},"image":{"@id":"https:\/\/itsm.com\/#logo"}},{"@type":"WebSite","@id":"https:\/\/itsm.com\/#website","url":"https:\/\/itsm.com\/","name":"SimpleOne - Business Process Automation Platform","description":"\u3164","publisher":{"@id":"https:\/\/itsm.com\/#organization"},"inLanguage":"pt-BR"},{"@type":"WebPage","@id":"https:\/\/itsm.com\/solutions\/#webpage","url":"https:\/\/itsm.com\/solutions\/","name":"[:en]Solutions - SimpleOne - Business Process Automation Platform[:pb]Solu\u00e7\u00f5es-SimpleOne-Plataforma De Automa\u00e7\u00e3o De Processos De Neg\u00f3cios[:tr]\u00c7\u00f6z\u00fcmler - SimpleOne - \u0130\u015f S\u00fcre\u00e7leri Otomasyon Platformu","isPartOf":{"@id":"https:\/\/itsm.com\/#website"},"datePublished":"2022-05-19T15:14:09+00:00","dateModified":"2024-10-01T13:45:58+00:00","description":"[:en]The SimpleOne platform forms the basis of automation solutions for IT departments, Service Desk, Back office departments.[:pb]A plataforma SimpleOne forma a base de solu\u00e7\u00f5es de automa\u00e7\u00e3o para departamentos de TI, Service Desk, departamentos de Back office.[:tr]SimpleOne platformu; BT departmanlar\u0131, Servis Masas\u0131, Arka ofis departmanlar\u0131 i\u00e7in otomasyon \u00e7\u00f6z\u00fcmlerinin temelini olu\u015fturur.","breadcrumb":{"@id":"https:\/\/itsm.com\/solutions\/#breadcrumb"},"inLanguage":"pt-BR","potentialAction":[{"@type":"ReadAction","target":["https:\/\/itsm.com\/solutions\/"]}]},{"@type":"BreadcrumbList","@id":"https:\/\/itsm.com\/solutions\/#breadcrumb","itemListElement":[{"@type":"ListItem","position":1,"name":"Home","item":"https:\/\/itsm.com\/"},{"@type":"ListItem","position":2,"name":"Solutions"}]}]}},"acf":[],"_links":{"self":[{"href":"https:\/\/itsm.com\/pb\/wp-json\/wp\/v2\/pages\/4687"}],"collection":[{"href":"https:\/\/itsm.com\/pb\/wp-json\/wp\/v2\/pages"}],"about":[{"href":"https:\/\/itsm.com\/pb\/wp-json\/wp\/v2\/types\/page"}],"author":[{"embeddable":true,"href":"https:\/\/itsm.com\/pb\/wp-json\/wp\/v2\/users\/41"}],"replies":[{"embeddable":true,"href":"https:\/\/itsm.com\/pb\/wp-json\/wp\/v2\/comments?post=4687"}],"version-history":[{"count":6,"href":"https:\/\/itsm.com\/pb\/wp-json\/wp\/v2\/pages\/4687\/revisions"}],"predecessor-version":[{"id":9527,"href":"https:\/\/itsm.com\/pb\/wp-json\/wp\/v2\/pages\/4687\/revisions\/9527"}],"wp:attachment":[{"href":"https:\/\/itsm.com\/pb\/wp-json\/wp\/v2\/media?parent=4687"}],"curies":[{"name":"wp","href":"https:\/\/api.w.org\/{rel}","templated":true}]}}