{"id":4859,"date":"2022-07-11T16:44:36","date_gmt":"2022-07-11T13:44:36","guid":{"rendered":"https:\/\/simpleone.ru\/?page_id=4859"},"modified":"2024-08-08T13:03:39","modified_gmt":"2024-08-08T10:03:39","slug":"become-a-partner","status":"publish","type":"page","link":"https:\/\/itsm.com\/pb\/become-a-partner\/","title":{"rendered":"Torne-se um parceiro"},"content":{"rendered":"[block type=&#8221;&#8221;]<\/p>\n<h2>Benef\u00edcios de trabalhar conosco<\/h2>\n<p>   [features] [card type=&#8221;&#8221; title=&#8221;In\u00edcio r\u00e1pido&#8221; icon=&#8221;\/wp-content\/uploads\/2022\/07\/icon_32x32_capacity.svg&#8221; col=&#8221;3&#8243;]Oferecemos treinamento e certifica\u00e7\u00e3o, acesso \u00e0 base de conhecimento e casos.[\/card]\n[card type=&#8221;&#8221; title=&#8221;Suporte especializado&#8221; icon=&#8221;\/wp-content\/uploads\/2022\/07\/icon_32x32_direction-adjustment-three.svg&#8221; col=&#8221;3&#8243;]Participamos de pr\u00e9-vendas, realizamos atividades de marketing conjuntas e prestamos consultoria durante a implementa\u00e7\u00e3o.[\/card]\n[card type=&#8221;&#8221; title=&#8221;Amplas oportunidades de vendas&#8221; icon=&#8221;\/wp-content\/uploads\/2022\/07\/icon_32x32_support.svg&#8221; col=&#8221;3&#8243;]Nossas solu\u00e7\u00f5es s\u00e3o adequadas para a automa\u00e7\u00e3o de processos de neg\u00f3cios de diferentes departamentos e empresas de diferentes setores de neg\u00f3cios. [\/card]\n   [\/features]\n   [\/block]\n","protected":false},"excerpt":{"rendered":"<p>[block type=&#8221;&#8221;] Benef\u00edcios de trabalhar conosco [features] [card type=&#8221;&#8221; title=&#8221;In\u00edcio r\u00e1pido&#8221; icon=&#8221;\/wp-content\/uploads\/2022\/07\/icon_32x32_capacity.svg&#8221; col=&#8221;3&#8243;]Oferecemos treinamento e certifica\u00e7\u00e3o, acesso \u00e0 base de conhecimento e casos.[\/card] [card type=&#8221;&#8221; title=&#8221;Suporte especializado&#8221; icon=&#8221;\/wp-content\/uploads\/2022\/07\/icon_32x32_direction-adjustment-three.svg&#8221; col=&#8221;3&#8243;]Participamos de pr\u00e9-vendas, realizamos atividades de marketing conjuntas e prestamos consultoria durante a implementa\u00e7\u00e3o.[\/card] [card type=&#8221;&#8221; title=&#8221;Amplas oportunidades de vendas&#8221; icon=&#8221;\/wp-content\/uploads\/2022\/07\/icon_32x32_support.svg&#8221; col=&#8221;3&#8243;]Nossas solu\u00e7\u00f5es s\u00e3o adequadas para a [&hellip;]<\/p>\n","protected":false},"author":41,"featured_media":0,"parent":0,"menu_order":0,"comment_status":"closed","ping_status":"closed","template":"","meta":[],"yoast_head":"<title>Torne-se um parceiro SimpleOne<\/title>\n<meta name=\"description\" content=\"Torne-se um parceiro da SimpleOne e obtenha uma alta receita com a venda de solu\u00e7\u00f5es avan\u00e7adas de ITSM e ESM.\" \/>\n<meta name=\"robots\" content=\"index, follow, max-snippet:-1, max-image-preview:large, max-video-preview:-1\" \/>\n<meta property=\"og:locale\" content=\"pt_BR\" \/>\n<meta property=\"og:type\" content=\"article\" \/>\n<meta property=\"og:title\" content=\"Torne-se um parceiro SimpleOne\" \/>\n<meta property=\"og:description\" content=\"Torne-se um parceiro da SimpleOne e obtenha uma alta receita com a venda de solu\u00e7\u00f5es avan\u00e7adas de ITSM e ESM.\" \/>\n<meta property=\"og:url\" content=\"https:\/\/itsm.com\/become-a-partner\/\" \/>\n<meta property=\"og:site_name\" content=\"SimpleOne - Business Process Automation Platform\" \/>\n<meta name=\"twitter:card\" content=\"summary_large_image\" \/>\n<script type=\"application\/ld+json\" class=\"yoast-schema-graph\">{\"@context\":\"https:\/\/schema.org\",\"@graph\":[{\"@type\":\"Organization\",\"@id\":\"https:\/\/itsm.com\/#organization\",\"name\":\"SimpleOne\",\"url\":\"https:\/\/itsm.com\/\",\"sameAs\":[],\"logo\":{\"@type\":\"ImageObject\",\"@id\":\"https:\/\/itsm.com\/#logo\",\"inLanguage\":\"pt-BR\",\"url\":\"\/wp-content\/uploads\/2023\/11\/main_logo-1.png\",\"contentUrl\":\"\/wp-content\/uploads\/2023\/11\/main_logo-1.png\",\"width\":166,\"height\":23,\"caption\":\"SimpleOne\"},\"image\":{\"@id\":\"https:\/\/itsm.com\/#logo\"}},{\"@type\":\"WebSite\",\"@id\":\"https:\/\/itsm.com\/#website\",\"url\":\"https:\/\/itsm.com\/\",\"name\":\"SimpleOne - Business Process Automation Platform\",\"description\":\"\u3164\",\"publisher\":{\"@id\":\"https:\/\/itsm.com\/#organization\"},\"inLanguage\":\"pt-BR\"},{\"@type\":\"WebPage\",\"@id\":\"https:\/\/itsm.com\/become-a-partner\/#webpage\",\"url\":\"https:\/\/itsm.com\/become-a-partner\/\",\"name\":\"Torne-se um parceiro SimpleOne\",\"isPartOf\":{\"@id\":\"https:\/\/itsm.com\/#website\"},\"datePublished\":\"2022-07-11T13:44:36+00:00\",\"dateModified\":\"2024-08-08T10:03:39+00:00\",\"description\":\"[:en]Become a SimpleOne partner and earn high revenue from the sale of advanced ITSM and ESM solutions.[:pb]Torne-se um parceiro da SimpleOne e obtenha uma alta receita com a venda de solu\u00e7\u00f5es avan\u00e7adas de ITSM e ESM.\",\"breadcrumb\":{\"@id\":\"https:\/\/itsm.com\/become-a-partner\/#breadcrumb\"},\"inLanguage\":\"pt-BR\",\"potentialAction\":[{\"@type\":\"ReadAction\",\"target\":[\"https:\/\/itsm.com\/become-a-partner\/\"]}]},{\"@type\":\"BreadcrumbList\",\"@id\":\"https:\/\/itsm.com\/become-a-partner\/#breadcrumb\",\"itemListElement\":[{\"@type\":\"ListItem\",\"position\":1,\"name\":\"Home\",\"item\":\"https:\/\/itsm.com\/\"},{\"@type\":\"ListItem\",\"position\":2,\"name\":\"Become a partner\"}]}]}<\/script>","yoast_head_json":{"title":"Torne-se um parceiro SimpleOne","description":"Torne-se um parceiro da SimpleOne e obtenha uma alta receita com a venda de solu\u00e7\u00f5es avan\u00e7adas de ITSM e ESM.","robots":{"index":"index","follow":"follow","max-snippet":"max-snippet:-1","max-image-preview":"max-image-preview:large","max-video-preview":"max-video-preview:-1"},"og_locale":"pt_BR","og_type":"article","og_title":"Torne-se um parceiro SimpleOne","og_description":"Torne-se um parceiro da SimpleOne e obtenha uma alta receita com a venda de solu\u00e7\u00f5es avan\u00e7adas de ITSM e ESM.","og_url":"https:\/\/itsm.com\/become-a-partner\/","og_site_name":"SimpleOne - Business Process Automation Platform","twitter_card":"summary_large_image","schema":{"@context":"https:\/\/schema.org","@graph":[{"@type":"Organization","@id":"https:\/\/itsm.com\/#organization","name":"SimpleOne","url":"https:\/\/itsm.com\/","sameAs":[],"logo":{"@type":"ImageObject","@id":"https:\/\/itsm.com\/#logo","inLanguage":"pt-BR","url":"\/wp-content\/uploads\/2023\/11\/main_logo-1.png","contentUrl":"\/wp-content\/uploads\/2023\/11\/main_logo-1.png","width":166,"height":23,"caption":"SimpleOne"},"image":{"@id":"https:\/\/itsm.com\/#logo"}},{"@type":"WebSite","@id":"https:\/\/itsm.com\/#website","url":"https:\/\/itsm.com\/","name":"SimpleOne - Business Process Automation Platform","description":"\u3164","publisher":{"@id":"https:\/\/itsm.com\/#organization"},"inLanguage":"pt-BR"},{"@type":"WebPage","@id":"https:\/\/itsm.com\/become-a-partner\/#webpage","url":"https:\/\/itsm.com\/become-a-partner\/","name":"Torne-se um parceiro SimpleOne","isPartOf":{"@id":"https:\/\/itsm.com\/#website"},"datePublished":"2022-07-11T13:44:36+00:00","dateModified":"2024-08-08T10:03:39+00:00","description":"[:en]Become a SimpleOne partner and earn high revenue from the sale of advanced ITSM and ESM solutions.[:pb]Torne-se um parceiro da SimpleOne e obtenha uma alta receita com a venda de solu\u00e7\u00f5es avan\u00e7adas de ITSM e ESM.","breadcrumb":{"@id":"https:\/\/itsm.com\/become-a-partner\/#breadcrumb"},"inLanguage":"pt-BR","potentialAction":[{"@type":"ReadAction","target":["https:\/\/itsm.com\/become-a-partner\/"]}]},{"@type":"BreadcrumbList","@id":"https:\/\/itsm.com\/become-a-partner\/#breadcrumb","itemListElement":[{"@type":"ListItem","position":1,"name":"Home","item":"https:\/\/itsm.com\/"},{"@type":"ListItem","position":2,"name":"Become a partner"}]}]}},"acf":[],"_links":{"self":[{"href":"https:\/\/itsm.com\/pb\/wp-json\/wp\/v2\/pages\/4859"}],"collection":[{"href":"https:\/\/itsm.com\/pb\/wp-json\/wp\/v2\/pages"}],"about":[{"href":"https:\/\/itsm.com\/pb\/wp-json\/wp\/v2\/types\/page"}],"author":[{"embeddable":true,"href":"https:\/\/itsm.com\/pb\/wp-json\/wp\/v2\/users\/41"}],"replies":[{"embeddable":true,"href":"https:\/\/itsm.com\/pb\/wp-json\/wp\/v2\/comments?post=4859"}],"version-history":[{"count":10,"href":"https:\/\/itsm.com\/pb\/wp-json\/wp\/v2\/pages\/4859\/revisions"}],"predecessor-version":[{"id":9634,"href":"https:\/\/itsm.com\/pb\/wp-json\/wp\/v2\/pages\/4859\/revisions\/9634"}],"wp:attachment":[{"href":"https:\/\/itsm.com\/pb\/wp-json\/wp\/v2\/media?parent=4859"}],"curies":[{"name":"wp","href":"https:\/\/api.w.org\/{rel}","templated":true}]}}