{"id":6039,"date":"2023-04-10T17:31:22","date_gmt":"2023-04-10T14:31:22","guid":{"rendered":"https:\/\/simpleone.ru\/?page_id=6039"},"modified":"2024-10-01T16:12:15","modified_gmt":"2024-10-01T13:12:15","slug":"itam","status":"publish","type":"page","link":"https:\/\/itsm.com\/pb\/itam\/","title":{"rendered":"SimpleOne ITAM"},"content":{"rendered":"[block type=&#8221;pink&#8221;]<\/p>\n<div class=\"bigger-text left-aligned-block\">Automatize o rastreamento e o gerenciamento dos ativos de TI durante todo o seu ciclo de vida, incluindo a otimiza\u00e7\u00e3o do hardware e a organiza\u00e7\u00e3o de todas as informa\u00e7\u00f5es atualizadas sobre o parque de TI.<\/div>\n<p>[\/block]\n[block type=&#8221;gray&#8221;]<\/p>\n<h2>As solu\u00e7\u00f5es SimpleOne j\u00e1 est\u00e3o em uso<\/h2>\n[customers][\/customers]\n[\/block]\n[block class=&#8221;&#8221;]<\/p>\n<h2>Caracter\u00edsticas do SimpleOne ITAM<\/h2>\n[features]<br \/>\n[card type=&#8221;montserrat&#8221; title=&#8221;Gerenciamento do ciclo de vida&#8221; icon=&#8221;\/wp-content\/uploads\/2022\/03\/icon_32x32_settings.svg&#8221; col=&#8221;3&#8243;]Ferramentas essenciais para o gerenciamento de ativos de TI de hardware durante todo o ciclo de vida do ativo: tarefas desde o registro do ativo at\u00e9 a baixa\/elimina\u00e7\u00e3o.[\/card]\n[card type=&#8221;montserrat&#8221; title=&#8221;Gerenciamento de contratos&#8221; icon=&#8221;\/wp-content\/uploads\/2022\/03\/icon_32x32_gear.svg&#8221; col=&#8221;3&#8243;]Recursos para gerenciar contratos necess\u00e1rios para ativos de TI para manuten\u00e7\u00e3o ou garantia, nova compra ou descarte.<br \/>\n[\/card]\n[card type=&#8221;montserrat&#8221; title=&#8221;Janela \u00fanica para ativos de TI&#8221; icon=&#8221;\/wp-content\/uploads\/2022\/03\/icon_32x32_platform.svg&#8221; col=&#8221;3&#8243;]Recursos para visualizar tarefas de todos os ativos de TI em um \u00fanico sistema, incluindo invent\u00e1rio, trabalho com solicita\u00e7\u00f5es de ativos de TI e movimenta\u00e7\u00f5es entre dep\u00f3sitos ou filiais.[\/card]\n[card type=&#8221;montserrat&#8221; title=&#8221;Conector ITSM &#8211; ITAM&#8221; icon=&#8221;\/wp-content\/uploads\/2022\/03\/icon_32x32_changes.svg&#8221; col=&#8221;3&#8243;]Com o <a href=\"\/itsm?utm_source=page_itam\">SimpleOne ITSM<\/a>, \u00e9 poss\u00edvel fazer uma integra\u00e7\u00e3o perfeita para interconectar os processos de solicita\u00e7\u00e3o de servi\u00e7o e de chamada do ITSM relacionados a ativos com as tarefas do ITAM.[\/card]\n[card type=&#8221;montserrat&#8221; title=&#8221;Contabilidade financeira&#8221; icon=&#8221;\/wp-content\/uploads\/2022\/03\/icon_32x32_platform.svg&#8221; col=&#8221;3&#8243;]O planejamento e o controle transparentes dos fluxos financeiros relativos aos ativos durante todo o seu ciclo de vida reduzir\u00e3o os riscos financeiros e otimizar\u00e3o os or\u00e7amentos.[\/card]\n[card type=&#8221;montserrat&#8221; title=&#8221;&#8221; col=&#8221;3&#8243;]<\/p>\n<div class=\"product-promo__btn\"><button class=\"btn btn--pink btn--center btn--wide\" data-toggle=\"modal\" data-target=\"#consult_popup\" data-title=\"Get a consultation\" data-id=\"consult-modal\">Obter uma consulta<\/button><\/div>\n<p>[\/card]\n[\/features]\n[\/block]\n[block class=&#8221;&#8221; pt-0 &#8220;]<\/p>\n<div class=\"flex-row flex-row--fw\">\n<div class=\"col col-lg-6\">\n<h2>Sistema ITAM criado em uma plataforma de baixo c\u00f3digo<\/h2>\n<\/div>\n<div class=\"col col-lg-6 mb-20\">\n<div class=\"feature-item__descr\">\n<p><b>Aplicativos de neg\u00f3cios<\/b><br \/>\nAplicativos criados usando ferramentas da plataforma e executados em um ambiente fornecido pela plataforma. Os aplicativos s\u00e3o personaliz\u00e1veis e dimension\u00e1veis pelas ferramentas da plataforma.<\/p>\n<p><b>ESM &#8211; plataforma (Enterprise Service Management)<\/b><br \/>\nUm conjunto de ferramentas e pr\u00e1ticas de servi\u00e7o para dimensionar a abordagem ESM.<\/p>\n<p><b>LCAP (Plataforma de aplicativos de baixo c\u00f3digo)<\/b><br \/>\nUma plataforma para criar aplicativos com uso m\u00ednimo de c\u00f3digo.<\/p>\n<\/div>\n<\/div>\n<div><\/div>\n<\/div>\n<div><a href=\"\/wp-content\/uploads\/2024\/06\/scheme_site_so_png.png\" data-fancybox=\"\"><img loading=\"lazy\" class=\"https:\/\/simpleone.ru\/wp-image-9314 size-full aligncenter\" src=\"\/wp-content\/uploads\/2024\/06\/scheme_site_so_png.png\" alt=\"SimpleOne Platform - Construtor de baixo c\u00f3digo para autodesenvolvimento de aplicativos de neg\u00f3cios sem envolvimento de fornecedores\" width=\"1000\" height=\"800\" \/><\/a><\/div>\n<p>[\/block]\n[block type=&#8221;gray&#8221;]<\/p>\n<h2>Benef\u00edcios da implementa\u00e7\u00e3o do SimpleOne ITAM<\/h2>\n[features]<\/p>\n[card type=&#8221;background_second&#8221; title=&#8221;Automa\u00e7\u00e3o do gerenciamento de ativos de TI&#8221; icon=&#8221;\/wp-content\/uploads\/2022\/09\/icon_32x32_growth-1.svg&#8221; col=&#8221;6&#8243;]Chega de Excel, consultas por e-mail, informa\u00e7\u00f5es isoladas e falta de transpar\u00eancia: ITAM &#8211; o sistema para gerenciamento integrado[\/card]\n[card type=&#8221;background_second&#8221; title=&#8221;Uma \u00fanica ferramenta para o departamento de TI&#8221; icon=&#8221;\/wp-content\/uploads\/2023\/08\/solution-ico.svg&#8221; col=&#8221;6&#8243;]Quando vinculados a um sistema ITSM, os servi\u00e7os e os ativos podem ser gerenciados em uma \u00fanica janela &#8211; trabalhando com solicita\u00e7\u00f5es, emitindo ativos de TI, aprova\u00e7\u00f5es etc.[\/card]\n[card type=&#8221;background_second&#8221; title=&#8221;Otimiza\u00e7\u00e3o dos custos de TI&#8221; icon=&#8221;\/wp-content\/uploads\/2022\/08\/icon_32x32_labor_management.svg&#8221; col=&#8221;6&#8243;]O gerenciamento transparente de contabilidade e ativos permite evitar perdas e roubos, gerar reconcilia\u00e7\u00f5es e relat\u00f3rios para otimizar os or\u00e7amentos.[\/card]\n[card type=&#8221;background_second&#8221; title=&#8221;Amplas op\u00e7\u00f5es de personaliza\u00e7\u00e3o&#8221; icon=&#8221;\/wp-content\/uploads\/2023\/05\/icon_32x32_code.svg&#8221; col=&#8221;6&#8243;]O SimpleOne ITAM \u00e9 baseado em ferramentas low-code e no-code, e a interface do portal \u00e9 implementada usando widgets edit\u00e1veis.[\/card]\n[\/features]\n[\/block]\n[block]<br \/>\n[promo_block background=&#8221;dark&#8221; img=&#8221;\/wp-content\/uploads\/2022\/03\/4-1.png&#8221; title=&#8221;Obtenha conselhos dos especialistas da SimpleOne&#8221;]D\u00ea um passo em dire\u00e7\u00e3o \u00e0 automa\u00e7\u00e3o de processos de neg\u00f3cios[\/promo_block]\n[\/block]\n[block type=&#8221;gray&#8221;]<\/p>\n<div class=\"flex-row flex-row--fw\">\n<div class=\"col col-lg-6\">\n<h3>Gerencie o ciclo de vida dos ativos de TI<\/h3>\n<\/div>\n<div class=\"col col-lg-6 mb-20\">\n<div class=\"feature-item__descr\">O SimpleOne ITAM implementa todas as entidades e processos necess\u00e1rios para gerenciar o ciclo de vida completo dos ativos de TI.<\/div>\n<\/p><\/div>\n<\/div>\n<\/div>\n<div><\/div>\n<div><img class=\"size-medium wp-image-2889 aligncenter\" src=\"\/wp-content\/uploads\/2024\/06\/schemeee.png\" alt=\"\" height=\"342\" \/><\/div>\n<p>[\/block]\n[block]<\/p>\n<h2>Recursos adicionais<\/h2>\n[features]<br \/>\n[card type=&#8221;montserrat&#8221; title=&#8221;Aplicativo m\u00f3vel&#8221; icon=&#8221;\/wp-content\/uploads\/2023\/05\/icon_32x32_mobile.svg&#8221; col=&#8221;6&#8243;]O aplicativo PWA se adapta automaticamente \u00e0 vers\u00e3o m\u00f3vel e n\u00e3o ocupa a mem\u00f3ria do dispositivo. Uma conex\u00e3o est\u00e1vel com a Internet \u00e9 suficiente para acess\u00e1-lo.[\/card]\n[card type=&#8221;montserrat&#8221; title=&#8221;Integra\u00e7\u00e3o com sistemas&#8221; icon=&#8221;\/wp-content\/uploads\/2023\/05\/icon_32x32_minimize.svg&#8221; col=&#8221;6&#8243;]A integra\u00e7\u00e3o usa a tecnologia REST API, que permite configurar facilmente as conex\u00f5es de entrada e sa\u00edda.[\/card]\n[card type=&#8221;montserrat&#8221; title=&#8221;Portal de servi\u00e7os&#8221; icon=&#8221;\/wp-content\/uploads\/2022\/03\/icon_32x32_portal.svg&#8221; col=&#8221;6&#8243;]Um portal pronto com uma biblioteca de ferramentas (cat\u00e1logo de servi\u00e7os, base de conhecimento, conta de usu\u00e1rio pessoal etc.) que pode ser facilmente personalizado e marcado.[\/card]\n[card type=&#8221;montserrat&#8221; title=&#8221;Pain\u00e9is e relat\u00f3rios&#8221; icon=&#8221;\/wp-content\/uploads\/2022\/03\/icon_32x32_dashboard.svg&#8221; col=&#8221;6&#8243;]A apresenta\u00e7\u00e3o clara das informa\u00e7\u00f5es e a an\u00e1lise interativa nos pain\u00e9is permitem monitorar a situa\u00e7\u00e3o e tomar decis\u00f5es gerenciais imediatas.[\/card]\n[\/features]\n<div class=\"product-promo__btn\"><button class=\"btn btn--pink btn--center btn--wide\" data-toggle=\"modal\" data-target=\"#default_popup\" data-title=\"Demonstra\u00e7\u00e3o Da Encomenda\" data-id=\"demo-modal\">Demonstra\u00e7\u00e3o Da Encomenda<\/button><\/div>\n<p>[\/block]\n","protected":false},"excerpt":{"rendered":"<p>[block type=&#8221;pink&#8221;] Automatize o rastreamento e o gerenciamento dos ativos de TI durante todo o seu ciclo de vida, incluindo a otimiza\u00e7\u00e3o do hardware e a organiza\u00e7\u00e3o de todas as informa\u00e7\u00f5es atualizadas sobre o parque de TI. [\/block] [block type=&#8221;gray&#8221;] As solu\u00e7\u00f5es SimpleOne j\u00e1 est\u00e3o em uso [customers][\/customers] [\/block] [block class=&#8221;&#8221;] Caracter\u00edsticas do SimpleOne ITAM [&hellip;]<\/p>\n","protected":false},"author":41,"featured_media":9093,"parent":0,"menu_order":0,"comment_status":"closed","ping_status":"closed","template":"product-page.php","meta":[],"yoast_head":"<title>SimpleOne ITAM-gest\u00e3o e trabalho com ativos de TI da empresa<\/title>\n<meta name=\"description\" content=\"Otimize a contabilidade e o manuseio dos ativos de TI da sua empresa e simplifique os relat\u00f3rios e o controle dos gastos com TI.\" \/>\n<meta name=\"robots\" content=\"index, follow, max-snippet:-1, max-image-preview:large, max-video-preview:-1\" \/>\n<meta property=\"og:locale\" content=\"pt_BR\" \/>\n<meta property=\"og:type\" content=\"article\" \/>\n<meta property=\"og:title\" content=\"SimpleOne ITAM-gest\u00e3o e trabalho com ativos de TI da empresa\" \/>\n<meta property=\"og:description\" content=\"Otimize a contabilidade e o manuseio dos ativos de TI da sua empresa e simplifique os relat\u00f3rios e o controle dos gastos com TI.\" \/>\n<meta property=\"og:url\" content=\"https:\/\/itsm.com\/itam\/\" \/>\n<meta property=\"og:site_name\" content=\"SimpleOne - Business Process Automation Platform\" \/>\n<meta property=\"og:image\" content=\"https:\/\/itsm.com\/wp-content\/uploads\/2024\/06\/frame-29448-1-1.png\" \/>\n\t<meta property=\"og:image:width\" content=\"1085\" \/>\n\t<meta property=\"og:image:height\" content=\"1139\" \/>\n\t<meta property=\"og:image:type\" content=\"image\/png\" \/>\n<meta name=\"twitter:card\" content=\"summary_large_image\" \/>\n<script type=\"application\/ld+json\" class=\"yoast-schema-graph\">{\"@context\":\"https:\/\/schema.org\",\"@graph\":[{\"@type\":\"Organization\",\"@id\":\"https:\/\/itsm.com\/#organization\",\"name\":\"SimpleOne\",\"url\":\"https:\/\/itsm.com\/\",\"sameAs\":[],\"logo\":{\"@type\":\"ImageObject\",\"@id\":\"https:\/\/itsm.com\/#logo\",\"inLanguage\":\"pt-BR\",\"url\":\"\/wp-content\/uploads\/2023\/11\/main_logo-1.png\",\"contentUrl\":\"\/wp-content\/uploads\/2023\/11\/main_logo-1.png\",\"width\":166,\"height\":23,\"caption\":\"SimpleOne\"},\"image\":{\"@id\":\"https:\/\/itsm.com\/#logo\"}},{\"@type\":\"WebSite\",\"@id\":\"https:\/\/itsm.com\/#website\",\"url\":\"https:\/\/itsm.com\/\",\"name\":\"SimpleOne - Business Process Automation Platform\",\"description\":\"\u3164\",\"publisher\":{\"@id\":\"https:\/\/itsm.com\/#organization\"},\"inLanguage\":\"pt-BR\"},{\"@type\":\"ImageObject\",\"@id\":\"https:\/\/itsm.com\/itam\/#primaryimage\",\"inLanguage\":\"pt-BR\",\"url\":\"\/wp-content\/uploads\/2024\/06\/frame-29448-1-1.png\",\"contentUrl\":\"\/wp-content\/uploads\/2024\/06\/frame-29448-1-1.png\",\"width\":1085,\"height\":1139},{\"@type\":\"WebPage\",\"@id\":\"https:\/\/itsm.com\/itam\/#webpage\",\"url\":\"https:\/\/itsm.com\/itam\/\",\"name\":\"[:en]SimpleOne ITAM - management and work with IT assets of the company[:pb]SimpleOne ITAM-gest\u00e3o e trabalho com ativos de TI da empresa[:tr]SimpleOne ITAM - \u015firketin BT varl\u0131klar\u0131n\u0131 y\u00f6netin ve onunla \u00e7al\u0131\u015f\u0131n\",\"isPartOf\":{\"@id\":\"https:\/\/itsm.com\/#website\"},\"primaryImageOfPage\":{\"@id\":\"https:\/\/itsm.com\/itam\/#primaryimage\"},\"datePublished\":\"2023-04-10T14:31:22+00:00\",\"dateModified\":\"2024-10-01T13:12:15+00:00\",\"description\":\"[:en]Optimize the accounting and handling of your company's IT assets and simplify reporting and control of IT spending.[:pb]Otimize a contabilidade e o manuseio dos ativos de TI da sua empresa e simplifique os relat\u00f3rios e o controle dos gastos com TI.[:tr]\u015eirketinizin BT varl\u0131klar\u0131n\u0131n muhasebesini ve y\u00f6netimini optimize edin ve BT harcamalar\u0131n\u0131n raporlanmas\u0131n\u0131 ve kontrol\u00fcn\u00fc basitle\u015ftirin.\",\"breadcrumb\":{\"@id\":\"https:\/\/itsm.com\/itam\/#breadcrumb\"},\"inLanguage\":\"pt-BR\",\"potentialAction\":[{\"@type\":\"ReadAction\",\"target\":[\"https:\/\/itsm.com\/itam\/\"]}]},{\"@type\":\"BreadcrumbList\",\"@id\":\"https:\/\/itsm.com\/itam\/#breadcrumb\",\"itemListElement\":[{\"@type\":\"ListItem\",\"position\":1,\"name\":\"Home\",\"item\":\"https:\/\/itsm.com\/\"},{\"@type\":\"ListItem\",\"position\":2,\"name\":\"SimpleOne ITAM\"}]}]}<\/script>","yoast_head_json":{"title":"[:en]SimpleOne ITAM - management and work with IT assets of the company[:pb]SimpleOne ITAM-gest\u00e3o e trabalho com ativos de TI da empresa[:tr]SimpleOne ITAM - \u015firketin BT varl\u0131klar\u0131n\u0131 y\u00f6netin ve onunla \u00e7al\u0131\u015f\u0131n","description":"Otimize a contabilidade e o manuseio dos ativos de TI da sua empresa e simplifique os relat\u00f3rios e o controle dos gastos com TI.","robots":{"index":"index","follow":"follow","max-snippet":"max-snippet:-1","max-image-preview":"max-image-preview:large","max-video-preview":"max-video-preview:-1"},"og_locale":"pt_BR","og_type":"article","og_title":"SimpleOne ITAM-gest\u00e3o e trabalho com ativos de TI da empresa","og_description":"Otimize a contabilidade e o manuseio dos ativos de TI da sua empresa e simplifique os relat\u00f3rios e o controle dos gastos com TI.","og_url":"https:\/\/itsm.com\/itam\/","og_site_name":"SimpleOne - Business Process Automation Platform","og_image":[{"width":1085,"height":1139,"url":"https:\/\/itsm.com\/wp-content\/uploads\/2024\/06\/frame-29448-1-1.png","type":"image\/png"}],"twitter_card":"summary_large_image","schema":{"@context":"https:\/\/schema.org","@graph":[{"@type":"Organization","@id":"https:\/\/itsm.com\/#organization","name":"SimpleOne","url":"https:\/\/itsm.com\/","sameAs":[],"logo":{"@type":"ImageObject","@id":"https:\/\/itsm.com\/#logo","inLanguage":"pt-BR","url":"\/wp-content\/uploads\/2023\/11\/main_logo-1.png","contentUrl":"\/wp-content\/uploads\/2023\/11\/main_logo-1.png","width":166,"height":23,"caption":"SimpleOne"},"image":{"@id":"https:\/\/itsm.com\/#logo"}},{"@type":"WebSite","@id":"https:\/\/itsm.com\/#website","url":"https:\/\/itsm.com\/","name":"SimpleOne - Business Process Automation Platform","description":"\u3164","publisher":{"@id":"https:\/\/itsm.com\/#organization"},"inLanguage":"pt-BR"},{"@type":"ImageObject","@id":"https:\/\/itsm.com\/itam\/#primaryimage","inLanguage":"pt-BR","url":"\/wp-content\/uploads\/2024\/06\/frame-29448-1-1.png","contentUrl":"\/wp-content\/uploads\/2024\/06\/frame-29448-1-1.png","width":1085,"height":1139},{"@type":"WebPage","@id":"https:\/\/itsm.com\/itam\/#webpage","url":"https:\/\/itsm.com\/itam\/","name":"[:en]SimpleOne ITAM - management and work with IT assets of the company[:pb]SimpleOne ITAM-gest\u00e3o e trabalho com ativos de TI da empresa[:tr]SimpleOne ITAM - \u015firketin BT varl\u0131klar\u0131n\u0131 y\u00f6netin ve onunla \u00e7al\u0131\u015f\u0131n","isPartOf":{"@id":"https:\/\/itsm.com\/#website"},"primaryImageOfPage":{"@id":"https:\/\/itsm.com\/itam\/#primaryimage"},"datePublished":"2023-04-10T14:31:22+00:00","dateModified":"2024-10-01T13:12:15+00:00","description":"[:en]Optimize the accounting and handling of your company's IT assets and simplify reporting and control of IT spending.[:pb]Otimize a contabilidade e o manuseio dos ativos de TI da sua empresa e simplifique os relat\u00f3rios e o controle dos gastos com TI.[:tr]\u015eirketinizin BT varl\u0131klar\u0131n\u0131n muhasebesini ve y\u00f6netimini optimize edin ve BT harcamalar\u0131n\u0131n raporlanmas\u0131n\u0131 ve kontrol\u00fcn\u00fc basitle\u015ftirin.","breadcrumb":{"@id":"https:\/\/itsm.com\/itam\/#breadcrumb"},"inLanguage":"pt-BR","potentialAction":[{"@type":"ReadAction","target":["https:\/\/itsm.com\/itam\/"]}]},{"@type":"BreadcrumbList","@id":"https:\/\/itsm.com\/itam\/#breadcrumb","itemListElement":[{"@type":"ListItem","position":1,"name":"Home","item":"https:\/\/itsm.com\/"},{"@type":"ListItem","position":2,"name":"SimpleOne ITAM"}]}]}},"acf":[],"_links":{"self":[{"href":"https:\/\/itsm.com\/pb\/wp-json\/wp\/v2\/pages\/6039"}],"collection":[{"href":"https:\/\/itsm.com\/pb\/wp-json\/wp\/v2\/pages"}],"about":[{"href":"https:\/\/itsm.com\/pb\/wp-json\/wp\/v2\/types\/page"}],"author":[{"embeddable":true,"href":"https:\/\/itsm.com\/pb\/wp-json\/wp\/v2\/users\/41"}],"replies":[{"embeddable":true,"href":"https:\/\/itsm.com\/pb\/wp-json\/wp\/v2\/comments?post=6039"}],"version-history":[{"count":11,"href":"https:\/\/itsm.com\/pb\/wp-json\/wp\/v2\/pages\/6039\/revisions"}],"predecessor-version":[{"id":9594,"href":"https:\/\/itsm.com\/pb\/wp-json\/wp\/v2\/pages\/6039\/revisions\/9594"}],"wp:featuredmedia":[{"embeddable":true,"href":"https:\/\/itsm.com\/pb\/wp-json\/wp\/v2\/media\/9093"}],"wp:attachment":[{"href":"https:\/\/itsm.com\/pb\/wp-json\/wp\/v2\/media?parent=6039"}],"curies":[{"name":"wp","href":"https:\/\/api.w.org\/{rel}","templated":true}]}}