{"id":6141,"date":"2023-05-02T12:07:07","date_gmt":"2023-05-02T09:07:07","guid":{"rendered":"https:\/\/simpleone.ru\/?page_id=6141"},"modified":"2025-02-04T10:11:29","modified_gmt":"2025-02-04T07:11:29","slug":"b2b-crm","status":"publish","type":"page","link":"https:\/\/itsm.com\/pb\/b2b-crm\/","title":{"rendered":"SimpleOne B2B CRM"},"content":{"rendered":"[block type=&#8221;pink&#8221;]<\/p>\n<div class=\"bigger-text left-aligned-block\"> Automatize as vendas B2B com ciclos de transa\u00e7\u00e3o longos com o SimpleOne B2B CRM, desenvolvido com base nas pr\u00e1ticas recomendadas globais especificamente para empresas de n\u00edvel corporativo.<br \/>\n<b><\/b><br \/>\nO produto est\u00e1 inclu\u00eddo no registro de programas russos e pode ser usado na substitui\u00e7\u00e3o de importa\u00e7\u00f5es.<\/div>\n<p>   [\/block]\n<p>   [block]\n<h2>As solu\u00e7\u00f5es SimpleOne j\u00e1 est\u00e3o sendo usadas<\/h2>\n<p>   [customers] [\/customers]\n   [\/block]\n[block type=&#8221;gray&#8221;]<\/p>\n<h2>Diferen\u00e7as do SimpleOne B2B CRM em rela\u00e7\u00e3o aos sistemas universais de CRM<\/h2>\n[compare compare_param=&#8221;Recursos&#8221; first_item=&#8221;SimpleOne B2B CRM&#8221; second_item=&#8221;CRM universal&#8221;]<\/p>\n[compare_item compare_value=&#8221;Flexibilidade e personaliza\u00e7\u00e3o: personalize facilmente o sistema para se adequar aos seus processos e tarefas sem sacrificar o desempenho&#8221; first_item=&#8221;SimpleOne B2B CRM&#8221; first_value=&#8221;True&#8221; second_item=&#8221;CRM universal&#8221; second_value=&#8221;False&#8221;][\/compare_item]\n[compare_item compare_value=&#8221;Pr\u00e1ticas recomendadas de vendas prontas para uso: use t\u00e9cnicas comprovadas para aumentar as convers\u00f5es e reduzir o ciclo de neg\u00f3cios&#8221; first_item=&#8221;SimpleOne B2B CRM&#8221; first_value=&#8221;True&#8221; second_item=&#8221;CRM universal&#8221; second_value=&#8221;False&#8221;][\/compare_item]\n[compare_item compare_value=&#8221;Qualifica\u00e7\u00e3o de interesse: use mecanismos prontos para avaliar o interesse do cliente&#8221; first_item=&#8221;SimpleOne B2B CRM&#8221; first_value=&#8221;True&#8221; second_item=&#8221;CRM universal&#8221; second_value=&#8221;False&#8221;][\/compare_item]\n[compare_item compare_value=&#8221;Gerenciamento de problemas do cliente: capture os pontos problem\u00e1ticos do cliente e use-os no marketing&#8221; first_item=&#8221;SimpleOne B2B CRM&#8221; first_value=&#8221;True&#8221; second_item=&#8221;CRM universal&#8221; second_value=&#8221;False&#8221;][\/compare_item]\n[compare_item compare_value=&#8221;Gerenciamento de crit\u00e9rios de escolha: capturar e analisar crit\u00e9rios de decis\u00e3o importantes para seu cliente&#8221; first_item=&#8221;SimpleOne B2B CRM&#8221; first_value=&#8221;True&#8221; second_item=&#8221;CRM universal&#8221; second_value=&#8221;False&#8221;][\/compare_item]\n[compare_item compare_value=&#8221;Materiais contextuais: envie automaticamente materiais de marketing relevantes aos clientes em cada est\u00e1gio da transa\u00e7\u00e3o&#8221; first_item=&#8221;SimpleOne B2B CRM&#8221; first_value=&#8221;True&#8221; second_item=&#8221;CRM universal&#8221; second_value=&#8221;False&#8221;][\/compare_item]\n[compare_item compare_value=&#8221;Integra\u00e7\u00e3o com Ainergy AI: analise chamadas, preencha automaticamente campos no CRM e crie solu\u00e7\u00f5es personalizadas&#8221; first_item=&#8221;SimpleOne B2B CRM&#8221; first_value=&#8221;True&#8221; second_item=&#8221;CRM universal&#8221; second_value=&#8221;False&#8221;][\/compare_item]\n[compare_item compare_value=&#8221;Contatos do cliente: mapear contatos dentro de um cliente, atribu\u00ed-los a diferentes centros de influ\u00eancia&#8221; first_item=&#8221;SimpleOne B2B CRM&#8221; first_value=&#8221;True&#8221; second_item=&#8221;CRM universal&#8221; second_value=&#8221;False&#8221;][\/compare_item]\n[compare_item compare_value=&#8221;Cria\u00e7\u00e3o r\u00e1pida de relat\u00f3rios: crie pain\u00e9is e relat\u00f3rios de qualquer complexidade em segundos&#8221; first_item=&#8221;SimpleOne B2B CRM&#8221; first_value=&#8221;True&#8221; second_item=&#8221;CRM universal&#8221; second_value=&#8221;False&#8221;][\/compare_item]\n[compare_item compare_value=&#8221;Vendas de parceiros: automatize e simplifique vendas complexas de parceiros&#8221; first_item=&#8221;SimpleOne B2B CRM&#8221; first_value=&#8221;True&#8221; second_item=&#8221;CRM universal&#8221; second_value=&#8221;False&#8221;][\/compare_item]\n[compare_item compare_value=&#8221;Personalize os direitos de acesso: diferencie de forma flex\u00edvel os direitos do usu\u00e1rio&#8221; first_item=&#8221;SimpleOne B2B CRM&#8221; first_value=&#8221;True&#8221; second_item=&#8221;CRM universal&#8221; second_value=&#8221;False&#8221;][\/compare_item]\n[compare_item compare_value=&#8221;Personaliza\u00e7\u00e3o sem programa\u00e7\u00e3o: personalize o CRM com ferramentas de baixo c\u00f3digo e editor visual&#8221; first_item=&#8221;SimpleOne B2B CRM&#8221; first_value=&#8221;True&#8221; second_item=&#8221;CRM universal&#8221; second_value=&#8221;False&#8221;][\/compare_item]\n[compare_item compare_value=&#8221;Separa\u00e7\u00e3o de ambientes de desenvolvimento: teste com seguran\u00e7a novos recursos e migre-os automaticamente para a vers\u00e3o de trabalho&#8221; first_item=&#8221;SimpleOne B2B CRM&#8221; first_value=&#8221;True&#8221; second_item=&#8221;CRM universal&#8221; second_value=&#8221;False&#8221;][\/compare_item]\n[\/compare]\n<div class=\"product-promo__btn\">     <button class=\"btn btn--pink btn--center btn--wide\" data-toggle=\"modal\"      data-target=\"#consult_popup\" data-title=\"  Solicite uma consulta\" data-id=\"consult-modal\" >Solicite uma consulta<\/button><\/div>\n<p>   [\/block]\n<p>   [block]\n<div class=\"flex-row flex-row--fw\">\n<div class=\"col col-lg-6\">\n<h2> CRM B2B na plataforma Low-code da SimpleOne<\/h2>\n<p><img src=\"\/wp-content\/uploads\/2024\/06\/slide-16_9-17.png\" \/><\/p>\n<\/div>\n<div class=\"col col-lg-6 mb-20\">\n<div class=\"feature-item__descr\">\n<h4>O padr\u00e3o moderno para vendas no segmento corporativo<\/h4>\n<p><b><br \/>\n<b>Implementa\u00e7\u00e3o e personaliza\u00e7\u00e3o r\u00e1pidas<\/b><br \/>\n<\/b>Solu\u00e7\u00e3o pronta para uso. Refine e implemente novos recursos sem a necessidade de programa\u00e7\u00e3o profunda, reduzindo o tempo e aumentando a flexibilidade. A capacidade de criar seu sistema de CRM ideal com base nas pr\u00e1ticas recomendadas.<\/p>\n<p><b>Integra\u00e7\u00e3o abrangente de vendas consultivas e marketing<\/b><br \/>\nForne\u00e7a automaticamente materiais de marketing aos vendedores, gerencie leads e colabore em neg\u00f3cios. Um \u00fanico espa\u00e7o de informa\u00e7\u00f5es para trabalhar de forma coesa, melhorar a qualidade dos leads e reduzir o ciclo de neg\u00f3cios.<\/p>\n<p><b>Integra\u00e7\u00e3o com sistemas existentes<\/b>.<br \/>\nSistemas como 1C, telefonia, sistemas de BI, mensageiros, gerenciamento de documentos e sistemas de verifica\u00e7\u00e3o de contraparte para garantir a opera\u00e7\u00e3o cont\u00ednua de todos os sistemas e um \u00fanico espa\u00e7o de informa\u00e7\u00f5es.<\/p>\n<\/div>\n<\/div>\n<\/div>\n<p>   [\/block]\n<p>   [block class=&#8221; &#8221; pt-0 &#8220;]<\/p>\n<h2>Recursos da solu\u00e7\u00e3o de CRM B2B da SimpleOne<\/h2>\n[slider count=&#8221;2&#8243;][slider_item][card_slider icon = &#8220;\/wp-content\/uploads\/2022\/03\/icon_32x32_settings.svg&#8221; title=&#8221;Acesso flex\u00edvel aos dados do sistema&#8221; content=&#8221;Filtragem profunda de dados e gera\u00e7\u00e3o de relat\u00f3rios, com suporte a campos de ponto e l\u00f3gica de filtro sofisticada.&#8221; icon_two=&#8221;&#8221; title_two=&#8221;&#8221; content_two=&#8221;&#8221;][\/card_slider][\/slider_item][slider_item][card_slider icon=&#8221;\/wp-content\/uploads\/2022\/09\/icon_32x32_case_services.svg&#8221; title=&#8221;Informa\u00e7\u00f5es estruturadas sobre transa\u00e7\u00f5es&#8221; content=&#8221;Apoia a estrat\u00e9gia de contato com o cliente, o desenvolvimento de necessidades, a concorr\u00eancia na etapa de avalia\u00e7\u00e3o de diferentes op\u00e7\u00f5es e an\u00e1lise de d\u00favidas.&#8221; icon_two=&#8221;&#8221; title_two=&#8221;&#8221; content_two=&#8221;&#8221;][\/card_slider][\/slider_item][slider_item][card_slider icon=&#8221;\/wp-content\/uploads\/2023\/05\/icon_32x32_money.svg&#8221; title=&#8221;Sistema de suporte \u00e0 metodologia de vendas&#8221; content=&#8221;Fornecimento automatizado de materiais de metodologia de marketing para o vendedor no contexto de cada poss\u00edvel neg\u00f3cio: perguntas prontas, trabalho com crit\u00e9rios de sele\u00e7\u00e3o e materiais publicados.&#8221; icon_two=&#8221;&#8221; title_two=&#8221;&#8221; content_two=&#8221;&#8221;][\/card_slider][\/slider_item][slider_item][card_slider icon = &#8220;\/wp-content\/uploads\/2023\/05\/icon_32x32_partner.svg&#8221; title=&#8221;Suporte de vendas por meio de parceiros&#8221; content=&#8221;Portal de parceiros, configura\u00e7\u00e3o flex\u00edvel de direitos de acesso, ciclo de vida do parceiro, procedimento de registro de neg\u00f3cios, gerenciamento de status do parceiro e certifica\u00e7\u00e3o de especialistas.&#8221; icon_two=&#8221;&#8221; title_two=&#8221;&#8221; content_two=&#8221;&#8221;][\/card_slider][\/slider_item][slider_item][card_slider icon=&#8221;\/wp-content\/uploads\/2022\/09\/icon_32x32_sla.svg&#8221; title=&#8221;Elaborar procedimento de qualifica\u00e7\u00e3o&#8221; content=&#8221;Qualifica\u00e7\u00e3o de interesses por metodologia, capturando problemas atuais e satisfa\u00e7\u00e3o, op\u00e7\u00f5es de realiza\u00e7\u00e3o de solu\u00e7\u00f5es, LPRs, etc.&#8221; icon_two=&#8221;&#8221; title_two=&#8221;&#8221; content_two=&#8221;&#8221;][\/card_slider][\/slider_item][\/slider]\n   [\/block]\n   [block class=&#8221; &#8221; pt-0 &#8220;]<br \/>\n   [promo_block background=&#8221;dark&#8221; img=&#8221;\/wp-content\/uploads\/2022\/03\/4-1.png&#8221; title=&#8221;Obtenha orienta\u00e7\u00e3o dos especialistas da SimpleOne &#8220;]D\u00ea um passo em dire\u00e7\u00e3o a um novo n\u00edvel de qualidade do sistema de CRM [\/promo_block]\n   [\/block]\n<p>   [block]\n<div class=\"flex-row flex-row--fw\">\n<div class=\"col col-lg-6\">\n<h3>Automatizando funis de vendas complexos<\/h3>\n<div class=\"feature-item__descr\">\n      Trabalhar com clientes de grandes empresas inclui vendas diretas e com parceiros, trabalhar com propostas e procedimentos de licita\u00e7\u00e3o e registrar neg\u00f3cios no lado do fornecedor. O SimpleOne B2B CRM permite que voc\u00ea crie com compet\u00eancia um funil de vendas e o automatize, mesmo que ele envolva v\u00e1rias partes.\n    <\/div>\n<\/p><\/div>\n<div class=\"col col-lg-6 mb-20\">\n    <img class=\"size-medium wp-image-2889 aligncenter\" src=\"\/wp-content\/uploads\/2024\/06\/frame-1321314724.png\" alt=\"\" height=\"342\" \/>\n  <\/div>\n<\/div>\n<p>   [\/block]\n<p>   [block]\n<div class=\"flex-row flex-row--fw\">\n<div class=\"col col-lg-6\">\n    <img class=\"size-medium wp-image-2889 aligncenter\" src=\"https:\/\/simpleone.ru\/wp-content\/uploads\/2024\/06\/logo_ainergy_on-light.svg\" alt=\"\" height=\"342\" \/>\n  <\/div>\n<div class=\"col col-lg-6 mb-20\">\n<h3>Intelig\u00eancia artificial para automatizar as vendas B2B<\/h3>\n<div class=\"feature-item__descr\">\n     As ferramentas de IA integradas ajudar\u00e3o a automatizar as atividades de rotina: analise as chamadas e preencha os cart\u00f5es de ofertas com o Smart Filling.<br \/>\n<b><\/b><br \/>\nUma solu\u00e7\u00e3o segura para corpora\u00e7\u00f5es &#8211; voc\u00ea pode conectar um servi\u00e7o de nuvem a partir de uma nuvem segura por meio de um canal dedicado ou comprar seu pr\u00f3prio sistema de hardware e software para processamento de IA.<\/p><\/div>\n<\/div>\n<\/div>\n<p>   [\/block]\n<p>   [block type=&#8221;gray&#8221;]<\/p>\n<h2>Recursos adicionais<\/h2>\n<p>   [features]\n[card type=&#8221;montserrat&#8221; title=&#8221;Aplica\u00e7\u00e3o m\u00f3vel&#8221; icon=&#8221;\/wp-content\/uploads\/2023\/05\/icon_32x32_mobile.svg&#8221; col=&#8221;6&#8243;]O aplicativo PWA se adapta automaticamente \u00e0 vers\u00e3o m\u00f3vel e n\u00e3o ocupa a mem\u00f3ria do dispositivo. Uma conex\u00e3o est\u00e1vel com a Internet \u00e9 suficiente para acess\u00e1-lo.[\/card]\n[card type=&#8221;montserrat&#8221; title=&#8221;Integra\u00e7\u00e3o com sistemas&#8221; icon=&#8221;\/wp-content\/uploads\/2023\/05\/icon_32x32_minimize.svg&#8221; col=&#8221;6&#8243;]A solu\u00e7\u00e3o SimpleOne pode ser integrada a qualquer outro sistema que ofere\u00e7a suporte \u00e0 importa\u00e7\u00e3o para Excel, JSON ou que forne\u00e7a acesso \u00e0 sua API.[\/card]\n[card type=&#8221;montserrat&#8221; title=&#8221;Personaliza\u00e7\u00e3o de processos&#8221; icon=&#8221;\/wp-content\/uploads\/2023\/05\/icon_32x32_code.svg&#8221; col=&#8221;6&#8243;]O sistema de CRM SimpleOne oferece suporte a ferramentas low-code\/no-code, de modo que os usu\u00e1rios podem criar qualquer solu\u00e7\u00e3o personalizada sem conhecimento profundo de programa\u00e7\u00e3o.[\/card]\n[card type=&#8221;montserrat&#8221; title=&#8221;Treinamento especializado&#8221; icon=&#8221;\/wp-content\/uploads\/2023\/05\/icon_32x32_partner.svg&#8221; col=&#8221;6&#8243;]Os especialistas da empresa come\u00e7am a trabalhar rapidamente no sistema de CRM SimpleOne gra\u00e7as \u00e0 interface intuitiva, \u00e0 documenta\u00e7\u00e3o aberta e aos cursos.[\/card]\n   [\/features]\n<div class=\"product-promo__btn\"> <button class=\"btn btn--pink btn--center btn--wide\"      data-toggle=\"modal\" data-target=\"#default_popup\" data-title=\" Demonstra\u00e7\u00e3o Da Encomenda\" data-id=\"demo-modal\">Demonstra\u00e7\u00e3o Da Encomenda<\/button><\/div>\n<p>   [\/block]\n<p>   [block type=&#8221;gray&#8221;]<\/p>\n<h2>Coment\u00e1rios sobre o SimpleOne B2B CRM<\/h2>\n[slider count=&#8221;1&#8243;]<\/p>\n[slider_item] [card_reviews img= &#8220;https:\/\/simpleone.ru\/wp-content\/uploads\/2024\/05\/posle-form.webp&#8221; name=&#8221;Ilya Bornyakov&#8221; subtitle=&#8221;CEO DO IPOD&#8221; link=&#8221;https:\/\/itpod.com\/ru-RU&#8221;]&#8221;Na ITPOD, ajudamos as empresas a desenvolver e manter a infraestrutura de TI apesar de todas as san\u00e7\u00f5es e da sa\u00edda dos fornecedores ocidentais. N\u00e3o poder\u00edamos prescindir de um sistema de CRM confi\u00e1vel que assumisse o gerenciamento centralizado de todos os clientes e transa\u00e7\u00f5es. O SimpleOne B2B CRM foi a solu\u00e7\u00e3o perfeita para n\u00f3s. A personaliza\u00e7\u00e3o flex\u00edvel nos permitiu levar em conta todas as especificidades do nosso trabalho: do fornecimento de equipamentos ao servi\u00e7o p\u00f3s-venda. As integra\u00e7\u00f5es com outros sistemas proporcionaram uma troca de dados perfeita e economizaram muito tempo.&#8221; [\/card_reviews] [\/slider_item]\n[slider_item] [card_reviews img= &#8220;https:\/\/simpleone.ru\/wp-content\/uploads\/2024\/05\/belov-vasilij.png&#8221; name=&#8221;Vasily Belov&#8221; subtitle=&#8221;Diretor executivo da ITGLOBAL.COM&#8221; link=&#8221;https:\/\/itglobal.com\/ru-ru\/&#8221;]&#8221;A grande vantagem do SimpleOne B2B CRM para n\u00f3s foi o sistema elaborado de suporte met\u00f3dico de vendas. Para n\u00f3s, \u00e9 importante que os gerentes sempre passem pelas etapas de vendas e aumentem a probabilidade de um neg\u00f3cio. \u00c9 conveniente personalizar e carregar os relat\u00f3rios necess\u00e1rios, analisar o funil e criar previs\u00f5es. Para n\u00f3s, foi fundamental a capacidade de integra\u00e7\u00e3o com o 1C, o portal de armazenamento de documentos e o ITSM. Tamb\u00e9m foi importante a velocidade de implementa\u00e7\u00e3o, pois migramos completamente para o novo CRM em dois meses, levando em conta a personaliza\u00e7\u00e3o para nossas necessidades e a integra\u00e7\u00e3o com os sistemas atuais.&#8221; [\/card_reviews] [\/slider_item]\n[slider_item] [card_reviews img= &#8220;\/wp-content\/uploads\/2023\/11\/gleb-1.png&#8221; name=&#8221;Evgeny Karpov&#8221; subtitle=&#8221;CEO da vStack&#8221; link=&#8221;https:\/\/ru.vstack.com\/&#8221;]&#8221;Quando planejamos a migra\u00e7\u00e3o de outro sistema para o CRM B2B da SimpleOne, havia o risco de termos que sacrificar algumas funcionalidades. No entanto, imediatamente ap\u00f3s a migra\u00e7\u00e3o dos dados, verificou-se que a nova plataforma oferece mais recursos e ferramentas &#8220;prontas para uso&#8221;, ao contr\u00e1rio das solu\u00e7\u00f5es de outros fornecedores. O SimpleOne B2B CRM \u00e9 otimizado especificamente para o segmento B2B e nos ajuda a estabelecer uma intera\u00e7\u00e3o eficaz com nossos clientes.&#8221; [\/card_reviews] [\/slider_item]\n[\/slider]\n   [\/block]","protected":false},"excerpt":{"rendered":"<p>Sistema de CRM corporativo russo para otimiza\u00e7\u00e3o e gerenciamento de vendas e marketing corporativos no segmento B2B<\/p>\n","protected":false},"author":41,"featured_media":9098,"parent":0,"menu_order":0,"comment_status":"closed","ping_status":"closed","template":"product-page.php","meta":[],"yoast_head":"<title>SimpleOne B2B CRM - sistema para vendas e marketing corporativos<\/title>\n<meta name=\"description\" content=\"Sistema de CRM corporativo Russo para otimiza\u00e7\u00e3o e gest\u00e3o de vendas corporativas e marketing no segmento B2B\" \/>\n<meta name=\"robots\" content=\"index, follow, max-snippet:-1, max-image-preview:large, max-video-preview:-1\" \/>\n<meta property=\"og:locale\" content=\"pt_BR\" \/>\n<meta property=\"og:type\" content=\"article\" \/>\n<meta property=\"og:title\" content=\"SimpleOne B2B CRM - sistema para vendas e marketing corporativos\" \/>\n<meta property=\"og:description\" content=\"Sistema de CRM corporativo Russo para otimiza\u00e7\u00e3o e gest\u00e3o de vendas corporativas e marketing no segmento B2B\" \/>\n<meta property=\"og:url\" content=\"https:\/\/itsm.com\/b2b-crm\/\" \/>\n<meta property=\"og:site_name\" content=\"SimpleOne - Business Process Automation Platform\" \/>\n<meta property=\"og:image\" content=\"https:\/\/itsm.com\/wp-content\/uploads\/2024\/06\/frame-29448-2.png\" \/>\n\t<meta property=\"og:image:width\" content=\"1085\" \/>\n\t<meta property=\"og:image:height\" content=\"1139\" \/>\n\t<meta property=\"og:image:type\" content=\"image\/png\" \/>\n<meta name=\"twitter:card\" content=\"summary_large_image\" \/>\n<script type=\"application\/ld+json\" class=\"yoast-schema-graph\">{\"@context\":\"https:\/\/schema.org\",\"@graph\":[{\"@type\":\"Organization\",\"@id\":\"https:\/\/itsm.com\/#organization\",\"name\":\"SimpleOne\",\"url\":\"https:\/\/itsm.com\/\",\"sameAs\":[],\"logo\":{\"@type\":\"ImageObject\",\"@id\":\"https:\/\/itsm.com\/#logo\",\"inLanguage\":\"pt-BR\",\"url\":\"\/wp-content\/uploads\/2023\/11\/main_logo-1.png\",\"contentUrl\":\"\/wp-content\/uploads\/2023\/11\/main_logo-1.png\",\"width\":166,\"height\":23,\"caption\":\"SimpleOne\"},\"image\":{\"@id\":\"https:\/\/itsm.com\/#logo\"}},{\"@type\":\"WebSite\",\"@id\":\"https:\/\/itsm.com\/#website\",\"url\":\"https:\/\/itsm.com\/\",\"name\":\"SimpleOne - Business Process Automation Platform\",\"description\":\"\u3164\",\"publisher\":{\"@id\":\"https:\/\/itsm.com\/#organization\"},\"inLanguage\":\"pt-BR\"},{\"@type\":\"ImageObject\",\"@id\":\"https:\/\/itsm.com\/b2b-crm\/#primaryimage\",\"inLanguage\":\"pt-BR\",\"url\":\"\/wp-content\/uploads\/2024\/06\/frame-29448-2.png\",\"contentUrl\":\"\/wp-content\/uploads\/2024\/06\/frame-29448-2.png\",\"width\":1085,\"height\":1139},{\"@type\":\"WebPage\",\"@id\":\"https:\/\/itsm.com\/b2b-crm\/#webpage\",\"url\":\"https:\/\/itsm.com\/b2b-crm\/\",\"name\":\"[:en]SimpleOne B2B CRM - system for corporate sales and marketing[:pb]SimpleOne B2B CRM - sistema para vendas e marketing corporativos[:tr]SimpleOne B2B CRM - kurumsal sat\u0131\u015f ve pazarlama sistemi\",\"isPartOf\":{\"@id\":\"https:\/\/itsm.com\/#website\"},\"primaryImageOfPage\":{\"@id\":\"https:\/\/itsm.com\/b2b-crm\/#primaryimage\"},\"datePublished\":\"2023-05-02T09:07:07+00:00\",\"dateModified\":\"2025-02-04T07:11:29+00:00\",\"description\":\"[:en]Corporate CRM system for optimization and management of corporate sales and marketing in the B2B segment[:pb]Sistema de CRM corporativo Russo para otimiza\u00e7\u00e3o e gest\u00e3o de vendas corporativas e marketing no segmento B2B[:tr]B2B segmentinde kurumsal sat\u0131\u015f ve pazarlaman\u0131n optimizasyonu ve y\u00f6netimi i\u00e7in Rus kurumsal CRM sistemi.\",\"breadcrumb\":{\"@id\":\"https:\/\/itsm.com\/b2b-crm\/#breadcrumb\"},\"inLanguage\":\"pt-BR\",\"potentialAction\":[{\"@type\":\"ReadAction\",\"target\":[\"https:\/\/itsm.com\/b2b-crm\/\"]}]},{\"@type\":\"BreadcrumbList\",\"@id\":\"https:\/\/itsm.com\/b2b-crm\/#breadcrumb\",\"itemListElement\":[{\"@type\":\"ListItem\",\"position\":1,\"name\":\"Home\",\"item\":\"https:\/\/itsm.com\/\"},{\"@type\":\"ListItem\",\"position\":2,\"name\":\"SimpleOne B2B CRM\"}]}]}<\/script>","yoast_head_json":{"title":"[:en]SimpleOne B2B CRM - system for corporate sales and marketing[:pb]SimpleOne B2B CRM - sistema para vendas e marketing corporativos[:tr]SimpleOne B2B CRM - kurumsal sat\u0131\u015f ve pazarlama sistemi","description":"Sistema de CRM corporativo Russo para otimiza\u00e7\u00e3o e gest\u00e3o de vendas corporativas e marketing no segmento B2B","robots":{"index":"index","follow":"follow","max-snippet":"max-snippet:-1","max-image-preview":"max-image-preview:large","max-video-preview":"max-video-preview:-1"},"og_locale":"pt_BR","og_type":"article","og_title":"SimpleOne B2B CRM - sistema para vendas e marketing corporativos","og_description":"Sistema de CRM corporativo Russo para otimiza\u00e7\u00e3o e gest\u00e3o de vendas corporativas e marketing no segmento B2B","og_url":"https:\/\/itsm.com\/b2b-crm\/","og_site_name":"SimpleOne - Business Process Automation Platform","og_image":[{"width":1085,"height":1139,"url":"https:\/\/itsm.com\/wp-content\/uploads\/2024\/06\/frame-29448-2.png","type":"image\/png"}],"twitter_card":"summary_large_image","schema":{"@context":"https:\/\/schema.org","@graph":[{"@type":"Organization","@id":"https:\/\/itsm.com\/#organization","name":"SimpleOne","url":"https:\/\/itsm.com\/","sameAs":[],"logo":{"@type":"ImageObject","@id":"https:\/\/itsm.com\/#logo","inLanguage":"pt-BR","url":"\/wp-content\/uploads\/2023\/11\/main_logo-1.png","contentUrl":"\/wp-content\/uploads\/2023\/11\/main_logo-1.png","width":166,"height":23,"caption":"SimpleOne"},"image":{"@id":"https:\/\/itsm.com\/#logo"}},{"@type":"WebSite","@id":"https:\/\/itsm.com\/#website","url":"https:\/\/itsm.com\/","name":"SimpleOne - Business Process Automation Platform","description":"\u3164","publisher":{"@id":"https:\/\/itsm.com\/#organization"},"inLanguage":"pt-BR"},{"@type":"ImageObject","@id":"https:\/\/itsm.com\/b2b-crm\/#primaryimage","inLanguage":"pt-BR","url":"\/wp-content\/uploads\/2024\/06\/frame-29448-2.png","contentUrl":"\/wp-content\/uploads\/2024\/06\/frame-29448-2.png","width":1085,"height":1139},{"@type":"WebPage","@id":"https:\/\/itsm.com\/b2b-crm\/#webpage","url":"https:\/\/itsm.com\/b2b-crm\/","name":"[:en]SimpleOne B2B CRM - system for corporate sales and marketing[:pb]SimpleOne B2B CRM - sistema para vendas e marketing corporativos[:tr]SimpleOne B2B CRM - kurumsal sat\u0131\u015f ve pazarlama sistemi","isPartOf":{"@id":"https:\/\/itsm.com\/#website"},"primaryImageOfPage":{"@id":"https:\/\/itsm.com\/b2b-crm\/#primaryimage"},"datePublished":"2023-05-02T09:07:07+00:00","dateModified":"2025-02-04T07:11:29+00:00","description":"[:en]Corporate CRM system for optimization and management of corporate sales and marketing in the B2B segment[:pb]Sistema de CRM corporativo Russo para otimiza\u00e7\u00e3o e gest\u00e3o de vendas corporativas e marketing no segmento B2B[:tr]B2B segmentinde kurumsal sat\u0131\u015f ve pazarlaman\u0131n optimizasyonu ve y\u00f6netimi i\u00e7in Rus kurumsal CRM sistemi.","breadcrumb":{"@id":"https:\/\/itsm.com\/b2b-crm\/#breadcrumb"},"inLanguage":"pt-BR","potentialAction":[{"@type":"ReadAction","target":["https:\/\/itsm.com\/b2b-crm\/"]}]},{"@type":"BreadcrumbList","@id":"https:\/\/itsm.com\/b2b-crm\/#breadcrumb","itemListElement":[{"@type":"ListItem","position":1,"name":"Home","item":"https:\/\/itsm.com\/"},{"@type":"ListItem","position":2,"name":"SimpleOne B2B CRM"}]}]}},"acf":[],"_links":{"self":[{"href":"https:\/\/itsm.com\/pb\/wp-json\/wp\/v2\/pages\/6141"}],"collection":[{"href":"https:\/\/itsm.com\/pb\/wp-json\/wp\/v2\/pages"}],"about":[{"href":"https:\/\/itsm.com\/pb\/wp-json\/wp\/v2\/types\/page"}],"author":[{"embeddable":true,"href":"https:\/\/itsm.com\/pb\/wp-json\/wp\/v2\/users\/41"}],"replies":[{"embeddable":true,"href":"https:\/\/itsm.com\/pb\/wp-json\/wp\/v2\/comments?post=6141"}],"version-history":[{"count":10,"href":"https:\/\/itsm.com\/pb\/wp-json\/wp\/v2\/pages\/6141\/revisions"}],"predecessor-version":[{"id":13560,"href":"https:\/\/itsm.com\/pb\/wp-json\/wp\/v2\/pages\/6141\/revisions\/13560"}],"wp:featuredmedia":[{"embeddable":true,"href":"https:\/\/itsm.com\/pb\/wp-json\/wp\/v2\/media\/9098"}],"wp:attachment":[{"href":"https:\/\/itsm.com\/pb\/wp-json\/wp\/v2\/media?parent=6141"}],"curies":[{"name":"wp","href":"https:\/\/api.w.org\/{rel}","templated":true}]}}