{"id":6830,"date":"2023-09-14T15:09:29","date_gmt":"2023-09-14T12:09:29","guid":{"rendered":"https:\/\/simpleone.ru\/?page_id=6830"},"modified":"2024-10-01T16:14:53","modified_gmt":"2024-10-01T13:14:53","slug":"vcsm","status":"publish","type":"page","link":"https:\/\/itsm.com\/pb\/vcsm\/","title":{"rendered":"VendorCSM"},"content":{"rendered":"[block]<\/p>\n<h2>A solu\u00e7\u00e3o VCSM ser\u00e1 \u00fatil em situa\u00e7\u00f5es<\/h2>\n<p>   [features]\n[card type=&#8221;&#8221; icon=&#8221;\/wp-content\/uploads\/2022\/09\/icon_32x32_request.svg&#8221; col=&#8221;3&#8243;]Est\u00e1 tendo dificuldades para rastrear a licen\u00e7a ou o uso de recursos de computa\u00e7\u00e3o em seus produtos[\/card]\n[card type=&#8221;&#8221; icon=&#8221;\/wp-content\/uploads\/2023\/05\/icon_32x32_code.svg&#8221; col=&#8221;3&#8243;]Criando seus pr\u00f3prios produtos B2B na nuvem e no local em uma fun\u00e7\u00e3o de fornecedor[\/card]\n[card type=&#8221;&#8221; icon=&#8221;\/wp-content\/uploads\/2022\/09\/icon_32x32_people.svg&#8221; col=&#8221;3&#8243;]Falta de ordem ao lidar com seus clientes e parceiros[\/card]\n   [\/features]\n   [\/block]\n<p>   [block type=&#8221;pink&#8221;]<\/p>\n<div class=\"block-with-description\">\n<div class=\"bigger-text left-aligned-block\"> O Autosupport SimpleOne faz parte da solu\u00e7\u00e3o mais ampla da classe Vendor Customer Service Management (VCSM) para a manuten\u00e7\u00e3o e o gerenciamento integrado de clientes, parceiros e contratos.<\/div>\n<div class=\"small-text\">A funcionalidade do m\u00f3dulo de suporte autom\u00e1tico abrange as tarefas operacionais do fornecedor em termos de registros autom\u00e1ticos de novas instala\u00e7\u00f5es, agrega\u00e7\u00e3o de informa\u00e7\u00f5es sobre o uso e a utiliza\u00e7\u00e3o da infraestrutura, bem como falhas que ocorrem; ele faz parte do produto VCSM, cuja funcionalidade ser\u00e1 expandida e finalizada.<\/div>\n<\/div>\n<p>   [\/block]\n<p>   [block type=&#8221;gray&#8221;]<\/p>\n<h2>Funcionalidade<\/h2>\n<div class=\"bigger-text\">\n<ul class=\"list-two-row list--def list--def list--def-red list--text\">\n<li class=\"list-item list-row_item--2\">Registre automaticamente novas instala\u00e7\u00f5es do seu produto<\/li>\n<li class=\"list-item list-row_item--2\">Registre informa\u00e7\u00f5es sobre o uso e a utiliza\u00e7\u00e3o de recursos<\/li>\n<li class=\"list-item list-row_item--2\">Mecanismo de resposta a altera\u00e7\u00f5es de infraestrutura e sincroniza\u00e7\u00e3o de CMDB<\/li>\n<li class=\"list-item list-row_item--2\">Cria\u00e7\u00e3o autom\u00e1tica de eventos, incidentes de infraestrutura e outras entidades de ITSM<\/li>\n<li class=\"list-item list-row_item--2\">Exibi\u00e7\u00e3o autom\u00e1tica de itens de infraestrutura no aplicativo como unidades de configura\u00e7\u00e3o de acordo com o estado real<\/li>\n<li class=\"list-item list-row_item--2\">Agregar falhas e exibir o status agregado com capacidade de detalhamento em n\u00edveis (local, site, consumidor) e elementos de infraestrutura no aplicativo<\/li>\n<li class=\"list-item list-row_item--2\">Resposta em tempo real a eventos cr\u00edticos (incidentes, escalonamento, alertas, RMA)<\/li>\n<li class=\"list-item list-row_item--2\">Gerenciamento autom\u00e1tico da substitui\u00e7\u00e3o de pe\u00e7as de hardware do fornecedor (RMA)<\/li>\n<li class=\"list-item list-row_item--2\">Entidade Contratos de suporte e seu mapeamento para inst\u00e2ncias de clientes<\/li>\n<li class=\"list-item list-row_item--2\">Filtragem do escopo de exporta\u00e7\u00e3o no suporte autom\u00e1tico (limpeza de algumas informa\u00e7\u00f5es confidenciais)<\/li>\n<li class=\"list-item list-row_item--2\">Base de conhecimento para garantir a &#8220;boa reputa\u00e7\u00e3o&#8221; dos consumidores de seus produtos &#8211; parceiros e clientes<\/li>\n<li class=\"list-item list-row_item--2\">A capacidade de iniciar uma solicita\u00e7\u00e3o Push para um processo automatizado de suporte ao cliente<\/li>\n<\/ul>\n<p>   [\/block]\n<p>   [block]\n<h2>Solu\u00e7\u00e3o que \u00e9 conveniente para todos<\/h2>\n<p><img loading=\"lazy\" class=\"alignnone size-full wp-image-3206\" src=\"\/wp-content\/uploads\/2024\/06\/shema.png\" alt=\"\" width=\"1290\" height=\"601\" \/><br \/>\n   [\/block]\n<p>   [block type=&#8221;gray&#8221;]<\/p>\n<h2>Obtenha informa\u00e7\u00f5es em tempo real sobre sa\u00fade e infraestrutura<\/h2>\n<p>   [features]\n[card type=&#8221;montserrat&#8221; icon=&#8221;\/wp-content\/uploads\/2022\/09\/icon_32x32_request.svg&#8221; col=&#8221;6&#8243;]Dados de desempenho da infraestrutura virtual[\/card]\n[card type=&#8221;montserrat&#8221; icon=&#8221;\/wp-content\/uploads\/2023\/05\/icon_32x32_code.svg&#8221; col=&#8221;6&#8243;]Provisionamento excessivo e comprometimento excessivo de recursos[\/card]\n[card type=&#8221;montserrat&#8221; icon=&#8221;\/wp-content\/uploads\/2023\/05\/icon_32x32_code.svg&#8221; col=&#8221;6&#8243;]Dados retrospectivos de desempenho e utiliza\u00e7\u00e3o[\/card]\n[card type=&#8221;montserrat&#8221; icon=&#8221;\/wp-content\/uploads\/2022\/09\/icon_32x32_request.svg&#8221; col=&#8221;6&#8243;]Utiliza\u00e7\u00e3o de recursos[\/card]\n   [\/features]\n   [\/block]\n<p>   [block]\n<h2>Benef\u00edcios do uso do Gerenciamento do Atendimento ao Cliente do Fornecedor<\/h2>\n<p>   [features]\n[card type=&#8221;montserrat&#8221; icon=&#8221;\/wp-content\/uploads\/2022\/09\/icon_32x32_request.svg&#8221; col=&#8221;6&#8243;]Resposta r\u00e1pida a mudan\u00e7as no sistema[\/card]\n[card type=&#8221;montserrat&#8221; icon=&#8221;\/wp-content\/uploads\/2023\/05\/icon_32x32_code.svg&#8221; col=&#8221;6&#8243;]Uso racional de seus recursos de computa\u00e7\u00e3o e tempo[\/card]\n[card type=&#8221;montserrat&#8221; icon=&#8221;\/wp-content\/uploads\/2023\/05\/icon_32x32_code.svg&#8221; col=&#8221;6&#8243;]Obten\u00e7\u00e3o de consci\u00eancia situacional fora do circuito de opera\u00e7\u00e3o dos sistemas[\/card]\n[card type=&#8221;montserrat&#8221; icon=&#8221;\/wp-content\/uploads\/2022\/09\/icon_32x32_request.svg&#8221; col=&#8221;6&#8243;]Receber dados agregados (resumo executivo)[\/card]\n   [\/features]\n   [\/block]\n<p>   [block]\n<h2 class=\"reviews__title\">Reflex\u00e3o sobre o VCSM SimpleOne<\/h2>\n<p>   [card_reviews img= &#8220;\/wp-content\/uploads\/2023\/09\/evgenij-gavrilov-1.svg&#8221; name=&#8221;Evgenij Gavrilov&#8221; subtitle=&#8221;Gerente de projetos vStack&#8221; link=&#8221;&#8221;]&#8221;A solu\u00e7\u00e3o VCSM trouxe um enorme valor para o produto vStack, j\u00e1 que a \u00e1rea de valor comercial se expandiu significativamente para o segmento corporativo, onde os usu\u00e1rios est\u00e3o acostumados com a disponibilidade de ferramentas de monitoramento operacional, controle e suporte dos fornecedores. O vStack ganhou outra vantagem excepcional de produto de n\u00edvel empresarial que n\u00e3o est\u00e1 dispon\u00edvel nos concorrentes.&#8221; [\/card_reviews]\n   [\/block]\n<\/div>\n","protected":false},"excerpt":{"rendered":"<p>[block] A solu\u00e7\u00e3o VCSM ser\u00e1 \u00fatil em situa\u00e7\u00f5es [features] [card type=&#8221;&#8221; icon=&#8221;\/wp-content\/uploads\/2022\/09\/icon_32x32_request.svg&#8221; col=&#8221;3&#8243;]Est\u00e1 tendo dificuldades para rastrear a licen\u00e7a ou o uso de recursos de computa\u00e7\u00e3o em seus produtos[\/card] [card type=&#8221;&#8221; icon=&#8221;\/wp-content\/uploads\/2023\/05\/icon_32x32_code.svg&#8221; col=&#8221;3&#8243;]Criando seus pr\u00f3prios produtos B2B na nuvem e no local em uma fun\u00e7\u00e3o de fornecedor[\/card] [card type=&#8221;&#8221; icon=&#8221;\/wp-content\/uploads\/2022\/09\/icon_32x32_people.svg&#8221; col=&#8221;3&#8243;]Falta de ordem ao lidar [&hellip;]<\/p>\n","protected":false},"author":41,"featured_media":0,"parent":0,"menu_order":0,"comment_status":"closed","ping_status":"closed","template":"product-page.php","meta":[],"yoast_head":"<title>Vendor Customer Service Management SimpleOne: solu\u00e7\u00e3o VCSM para gest\u00e3o de atendimento ao cliente<\/title>\n<meta name=\"description\" content=\"O Customer Service Management (CSM) \u00e9 uma solu\u00e7\u00e3o eficaz para manuten\u00e7\u00e3o e gerenciamento abrangente de clientes, parceiros e contratos.\" \/>\n<meta name=\"robots\" content=\"index, follow, max-snippet:-1, max-image-preview:large, max-video-preview:-1\" \/>\n<meta property=\"og:locale\" content=\"pt_BR\" \/>\n<meta property=\"og:type\" content=\"article\" \/>\n<meta property=\"og:title\" content=\"Vendor Customer Service Management SimpleOne: solu\u00e7\u00e3o VCSM para gest\u00e3o de atendimento ao cliente\" \/>\n<meta property=\"og:description\" content=\"O Customer Service Management (CSM) \u00e9 uma solu\u00e7\u00e3o eficaz para manuten\u00e7\u00e3o e gerenciamento abrangente de clientes, parceiros e contratos.\" \/>\n<meta property=\"og:url\" content=\"https:\/\/itsm.com\/vcsm\/\" \/>\n<meta property=\"og:site_name\" content=\"SimpleOne - Business Process Automation Platform\" \/>\n<meta property=\"og:image\" content=\"https:\/\/itsm.com\/wp-content\/uploads\/2024\/06\/shema.png\" \/>\n<meta name=\"twitter:card\" content=\"summary_large_image\" \/>\n<script type=\"application\/ld+json\" class=\"yoast-schema-graph\">{\"@context\":\"https:\/\/schema.org\",\"@graph\":[{\"@type\":\"Organization\",\"@id\":\"https:\/\/itsm.com\/#organization\",\"name\":\"SimpleOne\",\"url\":\"https:\/\/itsm.com\/\",\"sameAs\":[],\"logo\":{\"@type\":\"ImageObject\",\"@id\":\"https:\/\/itsm.com\/#logo\",\"inLanguage\":\"pt-BR\",\"url\":\"\/wp-content\/uploads\/2023\/11\/main_logo-1.png\",\"contentUrl\":\"\/wp-content\/uploads\/2023\/11\/main_logo-1.png\",\"width\":166,\"height\":23,\"caption\":\"SimpleOne\"},\"image\":{\"@id\":\"https:\/\/itsm.com\/#logo\"}},{\"@type\":\"WebSite\",\"@id\":\"https:\/\/itsm.com\/#website\",\"url\":\"https:\/\/itsm.com\/\",\"name\":\"SimpleOne - Business Process Automation Platform\",\"description\":\"\u3164\",\"publisher\":{\"@id\":\"https:\/\/itsm.com\/#organization\"},\"inLanguage\":\"pt-BR\"},{\"@type\":\"ImageObject\",\"@id\":\"https:\/\/itsm.com\/vcsm\/#primaryimage\",\"inLanguage\":\"pt-BR\",\"url\":\"\/wp-content\/uploads\/2024\/06\/shema.png\",\"contentUrl\":\"\/wp-content\/uploads\/2024\/06\/shema.png\",\"width\":1176,\"height\":488},{\"@type\":\"WebPage\",\"@id\":\"https:\/\/itsm.com\/vcsm\/#webpage\",\"url\":\"https:\/\/itsm.com\/vcsm\/\",\"name\":\"[:en]Vendor Customer Service Management SimpleOne: VCSM solution for customer service management[:pb]Vendor Customer Service Management SimpleOne: solu\u00e7\u00e3o VCSM para gest\u00e3o de atendimento ao cliente[:tr]Sat\u0131c\u0131 M\u00fc\u015fteri Hizmetleri Y\u00f6netimi SimpleOne: M\u00fc\u015fteri hizmetleri y\u00f6netimi i\u00e7in VCSM \u00e7\u00f6z\u00fcm\u00fc\",\"isPartOf\":{\"@id\":\"https:\/\/itsm.com\/#website\"},\"primaryImageOfPage\":{\"@id\":\"https:\/\/itsm.com\/vcsm\/#primaryimage\"},\"datePublished\":\"2023-09-14T12:09:29+00:00\",\"dateModified\":\"2024-10-01T13:14:53+00:00\",\"description\":\"[:en]Customer Service Management (CSM) is an effective solution for maintenance and comprehensive management of customers, partners and contracts.[:pb]O Customer Service Management (CSM) \u00e9 uma solu\u00e7\u00e3o eficaz para manuten\u00e7\u00e3o e gerenciamento abrangente de clientes, parceiros e contratos.[:tr]M\u00fc\u015fteri Hizmetleri Y\u00f6netimi (CSM), m\u00fc\u015fterilerin, i\u015f ortaklar\u0131n\u0131n ve s\u00f6zle\u015fmelerin bak\u0131m\u0131 ve kapsaml\u0131 y\u00f6netimi i\u00e7in etkili bir \u00e7\u00f6z\u00fcmd\u00fcr.\",\"breadcrumb\":{\"@id\":\"https:\/\/itsm.com\/vcsm\/#breadcrumb\"},\"inLanguage\":\"pt-BR\",\"potentialAction\":[{\"@type\":\"ReadAction\",\"target\":[\"https:\/\/itsm.com\/vcsm\/\"]}]},{\"@type\":\"BreadcrumbList\",\"@id\":\"https:\/\/itsm.com\/vcsm\/#breadcrumb\",\"itemListElement\":[{\"@type\":\"ListItem\",\"position\":1,\"name\":\"Home\",\"item\":\"https:\/\/itsm.com\/\"},{\"@type\":\"ListItem\",\"position\":2,\"name\":\"VendorCSM\"}]}]}<\/script>","yoast_head_json":{"title":"[:en]Vendor Customer Service Management SimpleOne: VCSM solution for customer service management[:pb]Vendor Customer Service Management SimpleOne: solu\u00e7\u00e3o VCSM para gest\u00e3o de atendimento ao cliente[:tr]Sat\u0131c\u0131 M\u00fc\u015fteri Hizmetleri Y\u00f6netimi SimpleOne: M\u00fc\u015fteri hizmetleri y\u00f6netimi i\u00e7in VCSM \u00e7\u00f6z\u00fcm\u00fc","description":"O Customer Service Management (CSM) \u00e9 uma solu\u00e7\u00e3o eficaz para manuten\u00e7\u00e3o e gerenciamento abrangente de clientes, parceiros e contratos.","robots":{"index":"index","follow":"follow","max-snippet":"max-snippet:-1","max-image-preview":"max-image-preview:large","max-video-preview":"max-video-preview:-1"},"og_locale":"pt_BR","og_type":"article","og_title":"Vendor Customer Service Management SimpleOne: solu\u00e7\u00e3o VCSM para gest\u00e3o de atendimento ao cliente","og_description":"O Customer Service Management (CSM) \u00e9 uma solu\u00e7\u00e3o eficaz para manuten\u00e7\u00e3o e gerenciamento abrangente de clientes, parceiros e contratos.","og_url":"https:\/\/itsm.com\/vcsm\/","og_site_name":"SimpleOne - Business Process Automation Platform","og_image":[{"url":"https:\/\/itsm.com\/wp-content\/uploads\/2024\/06\/shema.png"}],"twitter_card":"summary_large_image","schema":{"@context":"https:\/\/schema.org","@graph":[{"@type":"Organization","@id":"https:\/\/itsm.com\/#organization","name":"SimpleOne","url":"https:\/\/itsm.com\/","sameAs":[],"logo":{"@type":"ImageObject","@id":"https:\/\/itsm.com\/#logo","inLanguage":"pt-BR","url":"\/wp-content\/uploads\/2023\/11\/main_logo-1.png","contentUrl":"\/wp-content\/uploads\/2023\/11\/main_logo-1.png","width":166,"height":23,"caption":"SimpleOne"},"image":{"@id":"https:\/\/itsm.com\/#logo"}},{"@type":"WebSite","@id":"https:\/\/itsm.com\/#website","url":"https:\/\/itsm.com\/","name":"SimpleOne - Business Process Automation Platform","description":"\u3164","publisher":{"@id":"https:\/\/itsm.com\/#organization"},"inLanguage":"pt-BR"},{"@type":"ImageObject","@id":"https:\/\/itsm.com\/vcsm\/#primaryimage","inLanguage":"pt-BR","url":"\/wp-content\/uploads\/2024\/06\/shema.png","contentUrl":"\/wp-content\/uploads\/2024\/06\/shema.png","width":1176,"height":488},{"@type":"WebPage","@id":"https:\/\/itsm.com\/vcsm\/#webpage","url":"https:\/\/itsm.com\/vcsm\/","name":"[:en]Vendor Customer Service Management SimpleOne: VCSM solution for customer service management[:pb]Vendor Customer Service Management SimpleOne: solu\u00e7\u00e3o VCSM para gest\u00e3o de atendimento ao cliente[:tr]Sat\u0131c\u0131 M\u00fc\u015fteri Hizmetleri Y\u00f6netimi SimpleOne: M\u00fc\u015fteri hizmetleri y\u00f6netimi i\u00e7in VCSM \u00e7\u00f6z\u00fcm\u00fc","isPartOf":{"@id":"https:\/\/itsm.com\/#website"},"primaryImageOfPage":{"@id":"https:\/\/itsm.com\/vcsm\/#primaryimage"},"datePublished":"2023-09-14T12:09:29+00:00","dateModified":"2024-10-01T13:14:53+00:00","description":"[:en]Customer Service Management (CSM) is an effective solution for maintenance and comprehensive management of customers, partners and contracts.[:pb]O Customer Service Management (CSM) \u00e9 uma solu\u00e7\u00e3o eficaz para manuten\u00e7\u00e3o e gerenciamento abrangente de clientes, parceiros e contratos.[:tr]M\u00fc\u015fteri Hizmetleri Y\u00f6netimi (CSM), m\u00fc\u015fterilerin, i\u015f ortaklar\u0131n\u0131n ve s\u00f6zle\u015fmelerin bak\u0131m\u0131 ve kapsaml\u0131 y\u00f6netimi i\u00e7in etkili bir \u00e7\u00f6z\u00fcmd\u00fcr.","breadcrumb":{"@id":"https:\/\/itsm.com\/vcsm\/#breadcrumb"},"inLanguage":"pt-BR","potentialAction":[{"@type":"ReadAction","target":["https:\/\/itsm.com\/vcsm\/"]}]},{"@type":"BreadcrumbList","@id":"https:\/\/itsm.com\/vcsm\/#breadcrumb","itemListElement":[{"@type":"ListItem","position":1,"name":"Home","item":"https:\/\/itsm.com\/"},{"@type":"ListItem","position":2,"name":"VendorCSM"}]}]}},"acf":[],"_links":{"self":[{"href":"https:\/\/itsm.com\/pb\/wp-json\/wp\/v2\/pages\/6830"}],"collection":[{"href":"https:\/\/itsm.com\/pb\/wp-json\/wp\/v2\/pages"}],"about":[{"href":"https:\/\/itsm.com\/pb\/wp-json\/wp\/v2\/types\/page"}],"author":[{"embeddable":true,"href":"https:\/\/itsm.com\/pb\/wp-json\/wp\/v2\/users\/41"}],"replies":[{"embeddable":true,"href":"https:\/\/itsm.com\/pb\/wp-json\/wp\/v2\/comments?post=6830"}],"version-history":[{"count":10,"href":"https:\/\/itsm.com\/pb\/wp-json\/wp\/v2\/pages\/6830\/revisions"}],"predecessor-version":[{"id":9613,"href":"https:\/\/itsm.com\/pb\/wp-json\/wp\/v2\/pages\/6830\/revisions\/9613"}],"wp:attachment":[{"href":"https:\/\/itsm.com\/pb\/wp-json\/wp\/v2\/media?parent=6830"}],"curies":[{"name":"wp","href":"https:\/\/api.w.org\/{rel}","templated":true}]}}