{"id":6847,"date":"2023-09-14T16:00:00","date_gmt":"2023-09-14T13:00:00","guid":{"rendered":"https:\/\/simpleone.ru\/?page_id=6847"},"modified":"2024-10-01T16:13:41","modified_gmt":"2024-10-01T13:13:41","slug":"kanban","status":"publish","type":"page","link":"https:\/\/itsm.com\/pb\/solutions\/kanban\/","title":{"rendered":"Quadro Kanban"},"content":{"rendered":"[block type=&#8221;pink&#8221;]<\/p>\n<div class=\"bigger-text left-aligned-block\"> O quadro Kanban correto integrado ao SimpleOne, um sistema avan\u00e7ado de gerenciamento de servi\u00e7os de TI (ITSM). A funcionalidade foi projetada para otimizar o fluxo de trabalho e o gerenciamento de projetos.<\/div>\n<p>   [\/block]\n<p>   [block]\n<h2>Quais problemas o quadro Kanban da SimpleOne resolve<\/h2>\n<p>   [features]\n[card type=&#8221;montserrat&#8221; title=&#8221;&#8221; icon=&#8221;\/wp-content\/uploads\/2022\/03\/icon_32x32_incident.svg&#8221; col=&#8221;3&#8243;]Falta de transpar\u00eancia no andamento do projeto[\/card]\n[card type=&#8221;montserrat&#8221; title=&#8221;&#8221; icon=&#8221;\/wp-content\/uploads\/2022\/09\/icon_32x32_minimize.svg&#8221; col=&#8221;3&#8243;]Dificuldade de atribuir e rastrear tarefas[\/card]\n[card type=&#8221;montserrat&#8221; title=&#8221;&#8221; icon=&#8221;\/wp-content\/uploads\/2023\/09\/icon_32x32_smile_upset-1.svg&#8221; col=&#8221;3&#8243;]Comunica\u00e7\u00e3o ineficaz entre os membros da equipe[\/card]\n[card type=&#8221;montserrat&#8221; title=&#8221;&#8221;&#8221; icon=&#8221;\/wp-content\/uploads\/2022\/09\/icon_32x32_labor_management.svg&#8221; col=&#8221;3&#8243;]Perda de prazos e marcos cr\u00edticos<br \/>\ne marcos cr\u00edticos[\/card]\n[card type=&#8221;montserrat&#8221; title=&#8221;&#8221; icon=&#8221;\/wp-content\/uploads\/2022\/09\/icon_32x32_portal.svg&#8221; col=&#8221;3&#8243;]Falha na visualiza\u00e7\u00e3o eficaz do fluxo de trabalho[\/card]\n   [\/features]\n   [\/block]\n<p>   [block type=&#8221;gray&#8221;]<\/p>\n<h2>Benef\u00edcios da solu\u00e7\u00e3o Kanban da SimpleOne<\/h2>\n<p>   [features]\n[card type=&#8221;montserrat&#8221; title=&#8221;Interface intuitiva&#8221; icon=&#8221;\/wp-content\/uploads\/2023\/05\/icon_32x32_i-mac-1.svg&#8221; col=&#8221;6&#8243;]Interface Kanban intuitiva &#8211; f\u00e1cil visualiza\u00e7\u00e3o de tarefas e projetos, oferece uma compreens\u00e3o clara do fluxo de trabalho e dos status de progresso[\/card]\n[card type=&#8221;montserrat&#8221; title=&#8221;Altamente personaliz\u00e1vel&#8221; icon=&#8221;\/wp-content\/uploads\/2022\/09\/icon_32x32_platform.svg&#8221; col=&#8221;6&#8243;]Quadros personaliz\u00e1veis de acordo com os requisitos e processos exclusivos do projeto para melhorar a colabora\u00e7\u00e3o da equipe[\/card]\n[card type=&#8221;montserrat&#8221; title=&#8221;Aumento da visibilidade&#8221; icon=&#8221;\/wp-content\/uploads\/2023\/05\/icon_32x32_rocket.svg&#8221; col=&#8221;6&#8243;]Obtenha visibilidade em tempo real do progresso do projeto e identifique \u00e1reas de melhoria[\/card]\n[card type=&#8221;montserrat&#8221; title=&#8221;Aumentar a agilidade&#8221; icon=&#8221;\/wp-content\/uploads\/2022\/09\/icon_32x32_growth-1.svg&#8221; col=&#8221;6&#8243;]Personalize seus quadros e fluxos de trabalho<br \/>\nde acordo com as necessidades exclusivas da sua equipe[\/card]\n   [\/features]\n   [\/block]\n<p>   [block]\n<h2>Recursos adicionais<\/h2>\n<p>   [features]\n[card type=&#8221;montserrat&#8221; title=&#8221;Integra\u00e7\u00e3o simples de processos&#8221; icon=&#8221;\/wp-content\/uploads\/2023\/08\/solution-ico.svg&#8221; col=&#8221;3&#8243;]O Kanban simplesmente se integra aos fluxos de trabalho da empresa. O sistema tipifica as tarefas, o que torna a produ\u00e7\u00e3o mais previs\u00edvel. O quadro Kanban permite classificar as tarefas por status de prontid\u00e3o e quaisquer outras regras. Assim, por exemplo, \u00e9 poss\u00edvel separar tarefas para equipes diferentes ou com prioridades diferentes.[\/card]\n[card type=&#8221;montserrat&#8221; title=&#8221;Implementa\u00e7\u00e3o da metodologia Kanban&#8221; icon=&#8221;\/wp-content\/uploads\/2023\/05\/icon_32x32_settings.svg&#8221; col=&#8221;3&#8243;]As abordagens da SimpleOne para o uso do quadro Kanban aproximam os clientes da m\u00e1xima conformidade com o Kanban, simplificando os processos e melhorando a efici\u00eancia operacional geral.[\/card]\n[card type=&#8221;montserrat&#8221; title=&#8221;Centralidade no cliente&#8221; icon=&#8221;\/wp-content\/uploads\/2023\/05\/icon_32x32_ensuring_communications.svg&#8221; col=&#8221;3&#8243;]O princ\u00edpio de produ\u00e7\u00e3o puxada centrado no cliente do Kanban promove o alinhamento da equipe e o controle das cargas de trabalho atuais.[\/card]\n   [\/features]\n   [\/block]\n","protected":false},"excerpt":{"rendered":"<p>N\u00e3o perca a oportunidade de revolucionar seu processo de gerenciamento de tarefas<\/p>\n","protected":false},"author":44,"featured_media":0,"parent":4687,"menu_order":0,"comment_status":"closed","ping_status":"closed","template":"product-page.php","meta":[],"yoast_head":"<title>Quadro Kanban no sistema ITSM SimpleOne: gerenciamento eficaz de projetos e tarefas<\/title>\n<meta name=\"description\" content=\"Quadro Kanban integrado ao ITSM avan\u00e7ado. A funcionalidade foi projetada para otimizar o fluxo de trabalho e o gerenciamento de projetos.\" \/>\n<meta name=\"robots\" content=\"index, follow, max-snippet:-1, max-image-preview:large, max-video-preview:-1\" \/>\n<meta property=\"og:locale\" content=\"pt_BR\" \/>\n<meta property=\"og:type\" content=\"article\" \/>\n<meta property=\"og:title\" content=\"Quadro Kanban no sistema ITSM SimpleOne: gerenciamento eficaz de projetos e tarefas\" \/>\n<meta property=\"og:description\" content=\"Quadro Kanban integrado ao ITSM avan\u00e7ado. A funcionalidade foi projetada para otimizar o fluxo de trabalho e o gerenciamento de projetos.\" \/>\n<meta property=\"og:url\" content=\"https:\/\/itsm.com\/solutions\/kanban\/\" \/>\n<meta property=\"og:site_name\" content=\"SimpleOne - Business Process Automation Platform\" \/>\n<meta name=\"twitter:card\" content=\"summary_large_image\" \/>\n<script type=\"application\/ld+json\" class=\"yoast-schema-graph\">{\"@context\":\"https:\/\/schema.org\",\"@graph\":[{\"@type\":\"Organization\",\"@id\":\"https:\/\/itsm.com\/#organization\",\"name\":\"SimpleOne\",\"url\":\"https:\/\/itsm.com\/\",\"sameAs\":[],\"logo\":{\"@type\":\"ImageObject\",\"@id\":\"https:\/\/itsm.com\/#logo\",\"inLanguage\":\"pt-BR\",\"url\":\"\/wp-content\/uploads\/2023\/11\/main_logo-1.png\",\"contentUrl\":\"\/wp-content\/uploads\/2023\/11\/main_logo-1.png\",\"width\":166,\"height\":23,\"caption\":\"SimpleOne\"},\"image\":{\"@id\":\"https:\/\/itsm.com\/#logo\"}},{\"@type\":\"WebSite\",\"@id\":\"https:\/\/itsm.com\/#website\",\"url\":\"https:\/\/itsm.com\/\",\"name\":\"SimpleOne - Business Process Automation Platform\",\"description\":\"\u3164\",\"publisher\":{\"@id\":\"https:\/\/itsm.com\/#organization\"},\"inLanguage\":\"pt-BR\"},{\"@type\":\"WebPage\",\"@id\":\"https:\/\/itsm.com\/solutions\/kanban\/#webpage\",\"url\":\"https:\/\/itsm.com\/solutions\/kanban\/\",\"name\":\"[:en]Kanban board in ITSM system SimpleOne: effective project and task management[:pb]Quadro Kanban no sistema ITSM SimpleOne: gerenciamento eficaz de projetos e tarefas[:tr]ITSM sisteminde Kanban kurulu SimpleOne: etkili proje ve g\u00f6rev y\u00f6netimi\",\"isPartOf\":{\"@id\":\"https:\/\/itsm.com\/#website\"},\"datePublished\":\"2023-09-14T13:00:00+00:00\",\"dateModified\":\"2024-10-01T13:13:41+00:00\",\"description\":\"[:en]Kanban board integrated into advanced ITSM. The functionality is designed to optimize workflow and project management.[:pb]Quadro Kanban integrado ao ITSM avan\u00e7ado. A funcionalidade foi projetada para otimizar o fluxo de trabalho e o gerenciamento de projetos.[:tr]Geli\u015fmi\u015f ITSM'ye entegre edilmi\u015f Kanban panosu. \u0130\u015flevsellik, i\u015f ak\u0131\u015f\u0131n\u0131 ve proje y\u00f6netimini optimize etmek i\u00e7in tasarlanm\u0131\u015ft\u0131r.\",\"breadcrumb\":{\"@id\":\"https:\/\/itsm.com\/solutions\/kanban\/#breadcrumb\"},\"inLanguage\":\"pt-BR\",\"potentialAction\":[{\"@type\":\"ReadAction\",\"target\":[\"https:\/\/itsm.com\/solutions\/kanban\/\"]}]},{\"@type\":\"BreadcrumbList\",\"@id\":\"https:\/\/itsm.com\/solutions\/kanban\/#breadcrumb\",\"itemListElement\":[{\"@type\":\"ListItem\",\"position\":1,\"name\":\"Home\",\"item\":\"https:\/\/itsm.com\/\"},{\"@type\":\"ListItem\",\"position\":2,\"name\":\"Solutions\",\"item\":\"https:\/\/itsm.com\/solutions\/\"},{\"@type\":\"ListItem\",\"position\":3,\"name\":\"Kanban board\"}]}]}<\/script>","yoast_head_json":{"title":"[:en]Kanban board in ITSM system SimpleOne: effective project and task management[:pb]Quadro Kanban no sistema ITSM SimpleOne: gerenciamento eficaz de projetos e tarefas[:tr]ITSM sisteminde Kanban kurulu SimpleOne: etkili proje ve g\u00f6rev y\u00f6netimi","description":"Quadro Kanban integrado ao ITSM avan\u00e7ado. A funcionalidade foi projetada para otimizar o fluxo de trabalho e o gerenciamento de projetos.","robots":{"index":"index","follow":"follow","max-snippet":"max-snippet:-1","max-image-preview":"max-image-preview:large","max-video-preview":"max-video-preview:-1"},"og_locale":"pt_BR","og_type":"article","og_title":"Quadro Kanban no sistema ITSM SimpleOne: gerenciamento eficaz de projetos e tarefas","og_description":"Quadro Kanban integrado ao ITSM avan\u00e7ado. A funcionalidade foi projetada para otimizar o fluxo de trabalho e o gerenciamento de projetos.","og_url":"https:\/\/itsm.com\/solutions\/kanban\/","og_site_name":"SimpleOne - Business Process Automation Platform","twitter_card":"summary_large_image","schema":{"@context":"https:\/\/schema.org","@graph":[{"@type":"Organization","@id":"https:\/\/itsm.com\/#organization","name":"SimpleOne","url":"https:\/\/itsm.com\/","sameAs":[],"logo":{"@type":"ImageObject","@id":"https:\/\/itsm.com\/#logo","inLanguage":"pt-BR","url":"\/wp-content\/uploads\/2023\/11\/main_logo-1.png","contentUrl":"\/wp-content\/uploads\/2023\/11\/main_logo-1.png","width":166,"height":23,"caption":"SimpleOne"},"image":{"@id":"https:\/\/itsm.com\/#logo"}},{"@type":"WebSite","@id":"https:\/\/itsm.com\/#website","url":"https:\/\/itsm.com\/","name":"SimpleOne - Business Process Automation Platform","description":"\u3164","publisher":{"@id":"https:\/\/itsm.com\/#organization"},"inLanguage":"pt-BR"},{"@type":"WebPage","@id":"https:\/\/itsm.com\/solutions\/kanban\/#webpage","url":"https:\/\/itsm.com\/solutions\/kanban\/","name":"[:en]Kanban board in ITSM system SimpleOne: effective project and task management[:pb]Quadro Kanban no sistema ITSM SimpleOne: gerenciamento eficaz de projetos e tarefas[:tr]ITSM sisteminde Kanban kurulu SimpleOne: etkili proje ve g\u00f6rev y\u00f6netimi","isPartOf":{"@id":"https:\/\/itsm.com\/#website"},"datePublished":"2023-09-14T13:00:00+00:00","dateModified":"2024-10-01T13:13:41+00:00","description":"[:en]Kanban board integrated into advanced ITSM. The functionality is designed to optimize workflow and project management.[:pb]Quadro Kanban integrado ao ITSM avan\u00e7ado. A funcionalidade foi projetada para otimizar o fluxo de trabalho e o gerenciamento de projetos.[:tr]Geli\u015fmi\u015f ITSM'ye entegre edilmi\u015f Kanban panosu. \u0130\u015flevsellik, i\u015f ak\u0131\u015f\u0131n\u0131 ve proje y\u00f6netimini optimize etmek i\u00e7in tasarlanm\u0131\u015ft\u0131r.","breadcrumb":{"@id":"https:\/\/itsm.com\/solutions\/kanban\/#breadcrumb"},"inLanguage":"pt-BR","potentialAction":[{"@type":"ReadAction","target":["https:\/\/itsm.com\/solutions\/kanban\/"]}]},{"@type":"BreadcrumbList","@id":"https:\/\/itsm.com\/solutions\/kanban\/#breadcrumb","itemListElement":[{"@type":"ListItem","position":1,"name":"Home","item":"https:\/\/itsm.com\/"},{"@type":"ListItem","position":2,"name":"Solutions","item":"https:\/\/itsm.com\/solutions\/"},{"@type":"ListItem","position":3,"name":"Kanban board"}]}]}},"acf":[],"_links":{"self":[{"href":"https:\/\/itsm.com\/pb\/wp-json\/wp\/v2\/pages\/6847"}],"collection":[{"href":"https:\/\/itsm.com\/pb\/wp-json\/wp\/v2\/pages"}],"about":[{"href":"https:\/\/itsm.com\/pb\/wp-json\/wp\/v2\/types\/page"}],"author":[{"embeddable":true,"href":"https:\/\/itsm.com\/pb\/wp-json\/wp\/v2\/users\/44"}],"replies":[{"embeddable":true,"href":"https:\/\/itsm.com\/pb\/wp-json\/wp\/v2\/comments?post=6847"}],"version-history":[{"count":9,"href":"https:\/\/itsm.com\/pb\/wp-json\/wp\/v2\/pages\/6847\/revisions"}],"predecessor-version":[{"id":12918,"href":"https:\/\/itsm.com\/pb\/wp-json\/wp\/v2\/pages\/6847\/revisions\/12918"}],"up":[{"embeddable":true,"href":"https:\/\/itsm.com\/pb\/wp-json\/wp\/v2\/pages\/4687"}],"wp:attachment":[{"href":"https:\/\/itsm.com\/pb\/wp-json\/wp\/v2\/media?parent=6847"}],"curies":[{"name":"wp","href":"https:\/\/api.w.org\/{rel}","templated":true}]}}