{"id":7083,"date":"2023-11-10T16:04:31","date_gmt":"2023-11-10T13:04:31","guid":{"rendered":"https:\/\/simpleone.ru\/?page_id=7083"},"modified":"2024-10-01T16:13:02","modified_gmt":"2024-10-01T13:13:02","slug":"sdlc","status":"publish","type":"page","link":"https:\/\/itsm.com\/pb\/sdlc\/","title":{"rendered":"SimpleOne SDLC"},"content":{"rendered":"[block type=&#8221;pink&#8221;]<\/p>\n<div class=\"bigger-text left-aligned-block\"> <span style=\" font-weight: 400;\">Automatize o processo de desenvolvimento de solu\u00e7\u00f5es de software e gerenciamento do ciclo de vida com metodologias \u00e1geis<\/span><\/div>\n<p>   [\/block]\n   [block]\n<h2>As solu\u00e7\u00f5es SimpleOne j\u00e1 est\u00e3o em uso<\/h2>\n<p>   [customers] [\/customers]\n   [\/block]\n<p>   [block type=&#8221;gray&#8221;]<\/p>\n<h2>Diferen\u00e7as entre o SimpleOne SDLC e os sistemas universais de PM<\/h2>\n<p>   [compare compare_param=&#8221; Recursos&#8221;    first_item=&#8221; SimpleOne SDLC&#8221; second_item=&#8221; Sistema PM universal&#8221;]<br \/>\n   [compare_item compare_value=&#8221;Granularidade do produto como m\u00f3dulos infinitamente aninhados&#8221; first_item=&#8221;SimpleOne SDLC&#8221; first_value=&#8221;True&#8221; second_item=&#8221;Universal PM-system&#8221; second_value=&#8221;False&#8221;][\/compare_item]\n   [compare_item compare_value=&#8221;Vincula\u00e7\u00e3o do desenvolvimento do projeto a um produto ou m\u00f3dulo espec\u00edfico&#8221; first_item=&#8221;SimpleOne SDLC&#8221; first_value=&#8221;True&#8221; second_item=&#8221;Universal PM-system&#8221; second_value=&#8221;False&#8221;][\/compare_item]\n   [compare_item compare_value=&#8221;Gerencie e acompanhe o backlog e as vers\u00f5es do produto&#8221; first_item=&#8221;SimpleOne SDLC&#8221; first_value=&#8221;True&#8221; second_item=&#8221;Universal PM-system&#8221; second_value=&#8221;False&#8221;][\/compare_item]\n   [compare_item compare_value=&#8221;Kit de ferramentas de gerenciamento de portf\u00f3lio de produtos \u00e1geis&#8221; first_item=&#8221;SimpleOne SDLC&#8221; first_value=&#8221;True&#8221; second_item=&#8221;Universal PM-system&#8221; second_value=&#8221;False&#8221;][\/compare_item]\n   [compare_item compare_value=&#8221;Construindo a hierarquia do produto&#8221; first_item=&#8221;SimpleOne SDLC&#8221; first_value=&#8221;True&#8221; second_item=&#8221;Universal PM-system&#8221; second_value=&#8221;False&#8221;][\/compare_item]\n   [compare_item compare_value=&#8221;Integra\u00e7\u00e3o com sistemas de controle de vers\u00e3o&#8221; first_item=&#8221;SimpleOne SDLC&#8221; first_value=&#8221;True&#8221; second_item=&#8221;Universal PM-system&#8221; second_value=&#8221;False&#8221;][\/compare_item]\n   [compare_item compare_value=&#8221;Integration with ITSM-sistema do SimpleOne&#8221; first_item=&#8221;SimpleOne SDLC&#8221; first_value=&#8221;True&#8221; second_item=&#8221;Universal PM-system&#8221; second_value=&#8221;False&#8221;][\/compare_item]\n   [compare_item compare_value=&#8221;Alta flexibilidade e facilidade de personaliza\u00e7\u00e3o de sistemas complexos, sem perda de desempenho e estabilidade&#8221; first_item=&#8221;SimpleOne SDLC&#8221; first_value=&#8221;True&#8221; second_item=&#8221;Universal PM-system&#8221; second_value=&#8221;False&#8221;][\/compare_item]\n   [compare_item compare_value=&#8221;Suporte para separa\u00e7\u00e3o do ambiente de desenvolvimento, controle de vers\u00e3o, fus\u00e3o e migra\u00e7\u00e3o autom\u00e1tica de aprimoramentos entre inst\u00e2ncias do sistema&#8221; first_item=&#8221;SimpleOne SDLC&#8221; first_value=&#8221;True&#8221; second_item=&#8221;Universal PM-system&#8221; second_value=&#8221;False&#8221;][\/compare_item]\n   [\/compare]\n<div class=\"product-promo__btn\">     <button class=\"btn btn--pink btn--center btn--wide\" data-toggle=\"modal\"      data-target=\"#consult_popup\" data-title=\"  Solicite uma consulta\" data-id=\"consult-modal\" >Solicite uma consulta<\/button><\/div>\n<p>   [\/block]\n<p>   [block class=&#8221; &#8221; pt-0 &#8220;]<\/p>\n<div class=\"flex-row flex-row--fw\">\n<div class=\"col col-lg-6\">\n<h2 style=\" font-size: 24px;\">Processos de ITSM da E2E na gest\u00e3o do desenvolvimento<\/h2>\n<\/div>\n<div class=\"col col-lg-6 mb-20\">\n<div class=\"list list--def list--text\" style=\" font-size: 18px;\">\n<ul>\n<li>Formula\u00e7\u00e3o da d\u00edvida t\u00e9cnica do produto<\/li>\n<li>Prioriza\u00e7\u00e3o de tarefas com base nos elementos do ITSM<\/li>\n<li>Acessibilidade de entidades ITSM em tarefas<\/li>\n<li>Notifica\u00e7\u00f5es avan\u00e7adas sobre movimentos de tarefas<\/li>\n<li>Programa\u00e7\u00e3o e aprova\u00e7\u00e3o de novas vers\u00f5es de produtos como uma solicita\u00e7\u00e3o de altera\u00e7\u00e3o no sistema ITSM<\/li>\n<\/ul>\n<\/div>\n<\/div>\n<\/div>\n<div><\/div>\n<\/div>\n<div><a href=\"\/wp-content\/uploads\/2024\/06\/scheme_1_v1.png\" data-fancybox=\"\"><img loading=\"lazy\" class=\"wp-image-9314 size-full aligncenter\" src=\"\/wp-content\/uploads\/2024\/06\/scheme_1_v1.png\" alt=\"SimpleOne Platform - Criador de baixo c\u00f3digo para o desenvolvimento de aplicativos de neg\u00f3cios independentes sem o envolvimento do fornecedor\" width=\"1000\" height=\"800\" \/><\/a><\/div>\n<p>   [\/block]\n<p>   [block type=&#8221;gray&#8221;]<\/p>\n<h2>Benef\u00edcios do SimpleOne SDLC<\/h2>\n<p>   [features]\n[card type=&#8221;background_second&#8221; title=&#8221;Melhoria da efici\u00eancia&#8221; icon=&#8221;\/wp-content\/uploads\/2022\/09\/icon_32x32_growth-1.svg&#8221; col=&#8221;6&#8243;]As equipes de desenvolvimento melhoram sua efici\u00eancia com a implementa\u00e7\u00e3o de metodologias \u00e1geis[\/card]\n[card type=&#8221;background_second&#8221; title=&#8221;Transpar\u00eancia e coordena\u00e7\u00e3o&#8221; icon=&#8221;\/wp-content\/uploads\/2023\/08\/solution-ico.svg&#8221; col=&#8221;6&#8243;]Processo de desenvolvimento transparente e facilmente gerenciado por meio de portf\u00f3lio de produtos, digita\u00e7\u00e3o de tarefas e relat\u00f3rios de produtos[\/card]\n[card type=&#8221;background_second&#8221; title=&#8221;Transpar\u00eancia e coordena\u00e7\u00e3o&#8221; icon=&#8221;\/wp-content\/uploads\/2022\/08\/icon_32x32_labor_management.svg&#8221; col=&#8221;6&#8243;]O planejamento da carga de trabalho e o acompanhamento do tempo otimizam os recursos da equipe de desenvolvimento[\/card]\n[card type=&#8221;background_second&#8221; title=&#8221;Personaliza\u00e7\u00e3o e adapta\u00e7\u00e3o&#8221; icon=&#8221;\/wp-content\/uploads\/2023\/05\/icon_32x32_code.svg&#8221; col=&#8221;6&#8243;]Os usu\u00e1rios e os processos se adaptam mais rapidamente com as ferramentas de desenvolvimento de equipes e a disponibilidade de No-code e Low-code[\/card]\n   [\/features]\n   [\/block]\n<p>   [block type=&#8221;gray&#8221;]<br \/>\n   [promo_block background=&#8221;dark&#8221; img=&#8221;\/wp-content\/uploads\/2022\/03\/4-1.png&#8221; title=&#8221;Obtenha orienta\u00e7\u00e3o dos especialistas da SimpleOne&#8221;]D\u00ea um passo em dire\u00e7\u00e3o \u00e0 melhoria dos processos de neg\u00f3cios [\/promo_block]\n   [\/block]\n<p>   [block]\n<div class=\"flex-row flex-row--fw\">\n<div class=\"col col-lg-7\">\n<h2>Para quem o SimpleOne SDLC \u00e9 adequado<\/h2>\n<\/div>\n<\/div>\n<div class=\"text-center\">\n<p>O SimpleOne SDLC \u00e9 adequado para todos os tipos de empresas, quando necess\u00e1rio:<\/p>\n<ul class=\"list list--def list--text\">\n<li>Organize o desenvolvimento e os aprimoramentos da equipe de produtos internos e externos.<\/li>\n<li>Substituir solu\u00e7\u00f5es importadas com migra\u00e7\u00e3o completa de dados e funcionalidades.<\/li>\n<li>Consolida\u00e7\u00e3o de dados e processos de desenvolvimento em um \u00fanico sistema.<\/li>\n<li>Personaliza\u00e7\u00e3o do sistema e automa\u00e7\u00e3o de processos devido a mudan\u00e7as nos requisitos de neg\u00f3cios.<\/li>\n<li>Integra\u00e7\u00e3o do sistema de desenvolvimento no ecossistema unificado do SimpleOne.<\/li>\n<\/ul>\n<\/div>\n<p>   [\/block]<p><\/iframe><\/p>\n","protected":false},"excerpt":{"rendered":"<p>Sistema de gerenciamento para desenvolvimento de produtos e solu\u00e7\u00f5es de software com base em metodologias \u00e1geis<\/p>\n","protected":false},"author":41,"featured_media":9539,"parent":0,"menu_order":0,"comment_status":"closed","ping_status":"closed","template":"product-page.php","meta":[],"yoast_head":"<title>Sistema de gest\u00e3o de desenvolvimento de Software-SimpleOne SDLC<\/title>\n<meta name=\"description\" content=\"Gerenciar projetos e desenvolvimento de produtos de software com metodologias \u00e1geis implementadas, portf\u00f3lio de produtos, backlog, m\u00e3o de obra, etc.\" \/>\n<meta name=\"robots\" content=\"index, follow, max-snippet:-1, max-image-preview:large, max-video-preview:-1\" \/>\n<meta property=\"og:locale\" content=\"pt_BR\" \/>\n<meta property=\"og:type\" content=\"article\" \/>\n<meta property=\"og:title\" content=\"Sistema de gest\u00e3o de desenvolvimento de Software-SimpleOne SDLC\" \/>\n<meta property=\"og:description\" content=\"Gerenciar projetos e desenvolvimento de produtos de software com metodologias \u00e1geis implementadas, portf\u00f3lio de produtos, backlog, m\u00e3o de obra, etc.\" \/>\n<meta property=\"og:url\" content=\"https:\/\/itsm.com\/sdlc\/\" \/>\n<meta property=\"og:site_name\" content=\"SimpleOne - Business Process Automation Platform\" \/>\n<meta name=\"twitter:card\" content=\"summary_large_image\" \/>\n<meta name=\"twitter:title\" content=\"[:en]Software development management system - SimpleOne SDLC[:pb]Sistema de gest\u00e3o de desenvolvimento de Software-SimpleOne SDLC\" \/>\n<meta name=\"twitter:description\" content=\"[:en]Manage projects and software product development with implemented Agile methodologies, product portfolio, backlog, labor, etc.[:pb]Gerenciar projetos e desenvolvimento de produtos de software com metodologias \u00e1geis implementadas, portf\u00f3lio de produtos, backlog, m\u00e3o de obra, etc.\" \/>\n<meta name=\"twitter:image\" content=\"https:\/\/itsm.com\/wp-content\/uploads\/2023\/12\/ezgif.com-resize-16.webp\" \/>\n<script type=\"application\/ld+json\" class=\"yoast-schema-graph\">{\"@context\":\"https:\/\/schema.org\",\"@graph\":[{\"@type\":\"Organization\",\"@id\":\"https:\/\/itsm.com\/#organization\",\"name\":\"SimpleOne\",\"url\":\"https:\/\/itsm.com\/\",\"sameAs\":[],\"logo\":{\"@type\":\"ImageObject\",\"@id\":\"https:\/\/itsm.com\/#logo\",\"inLanguage\":\"pt-BR\",\"url\":\"\/wp-content\/uploads\/2023\/11\/main_logo-1.png\",\"contentUrl\":\"\/wp-content\/uploads\/2023\/11\/main_logo-1.png\",\"width\":166,\"height\":23,\"caption\":\"SimpleOne\"},\"image\":{\"@id\":\"https:\/\/itsm.com\/#logo\"}},{\"@type\":\"WebSite\",\"@id\":\"https:\/\/itsm.com\/#website\",\"url\":\"https:\/\/itsm.com\/\",\"name\":\"SimpleOne - Business Process Automation Platform\",\"description\":\"\u3164\",\"publisher\":{\"@id\":\"https:\/\/itsm.com\/#organization\"},\"inLanguage\":\"pt-BR\"},{\"@type\":\"ImageObject\",\"@id\":\"https:\/\/itsm.com\/sdlc\/#primaryimage\",\"inLanguage\":\"pt-BR\",\"url\":\"\/wp-content\/uploads\/2023\/12\/ezgif.com-resize-16.webp\",\"contentUrl\":\"\/wp-content\/uploads\/2023\/12\/ezgif.com-resize-16.webp\",\"width\":1200,\"height\":800},{\"@type\":\"WebPage\",\"@id\":\"https:\/\/itsm.com\/sdlc\/#webpage\",\"url\":\"https:\/\/itsm.com\/sdlc\/\",\"name\":\"[:en]Software development management system - SimpleOne SDLC[:pb]Sistema de gest\u00e3o de desenvolvimento de Software-SimpleOne SDLC[:tr]Yaz\u0131l\u0131m geli\u015ftirme y\u00f6netim sistemi - SimpleOne SDLC\",\"isPartOf\":{\"@id\":\"https:\/\/itsm.com\/#website\"},\"primaryImageOfPage\":{\"@id\":\"https:\/\/itsm.com\/sdlc\/#primaryimage\"},\"datePublished\":\"2023-11-10T13:04:31+00:00\",\"dateModified\":\"2024-10-01T13:13:02+00:00\",\"description\":\"[:en]Manage projects and software product development with implemented Agile methodologies, product portfolio, backlog, labor, etc.[:pb]Gerenciar projetos e desenvolvimento de produtos de software com metodologias \u00e1geis implementadas, portf\u00f3lio de produtos, backlog, m\u00e3o de obra, etc.[:tr]Uygulanan \u00c7evik metodolojiler, \u00fcr\u00fcn portf\u00f6y\u00fc, birikim, i\u015fg\u00fcc\u00fc vb. \u0130le projeleri ve yaz\u0131l\u0131m \u00fcr\u00fcn geli\u015ftirmeyi y\u00f6netin.\",\"breadcrumb\":{\"@id\":\"https:\/\/itsm.com\/sdlc\/#breadcrumb\"},\"inLanguage\":\"pt-BR\",\"potentialAction\":[{\"@type\":\"ReadAction\",\"target\":[\"https:\/\/itsm.com\/sdlc\/\"]}]},{\"@type\":\"BreadcrumbList\",\"@id\":\"https:\/\/itsm.com\/sdlc\/#breadcrumb\",\"itemListElement\":[{\"@type\":\"ListItem\",\"position\":1,\"name\":\"Home\",\"item\":\"https:\/\/itsm.com\/\"},{\"@type\":\"ListItem\",\"position\":2,\"name\":\"SimpleOne SDLC\"}]}]}<\/script>","yoast_head_json":{"title":"[:en]Software development management system - SimpleOne SDLC[:pb]Sistema de gest\u00e3o de desenvolvimento de Software-SimpleOne SDLC[:tr]Yaz\u0131l\u0131m geli\u015ftirme y\u00f6netim sistemi - SimpleOne SDLC","description":"Gerenciar projetos e desenvolvimento de produtos de software com metodologias \u00e1geis implementadas, portf\u00f3lio de produtos, backlog, m\u00e3o de obra, etc.","robots":{"index":"index","follow":"follow","max-snippet":"max-snippet:-1","max-image-preview":"max-image-preview:large","max-video-preview":"max-video-preview:-1"},"og_locale":"pt_BR","og_type":"article","og_title":"Sistema de gest\u00e3o de desenvolvimento de Software-SimpleOne SDLC","og_description":"Gerenciar projetos e desenvolvimento de produtos de software com metodologias \u00e1geis implementadas, portf\u00f3lio de produtos, backlog, m\u00e3o de obra, etc.","og_url":"https:\/\/itsm.com\/sdlc\/","og_site_name":"SimpleOne - Business Process Automation Platform","twitter_card":"summary_large_image","twitter_title":"[:en]Software development management system - SimpleOne SDLC[:pb]Sistema de gest\u00e3o de desenvolvimento de Software-SimpleOne SDLC","twitter_description":"[:en]Manage projects and software product development with implemented Agile methodologies, product portfolio, backlog, labor, etc.[:pb]Gerenciar projetos e desenvolvimento de produtos de software com metodologias \u00e1geis implementadas, portf\u00f3lio de produtos, backlog, m\u00e3o de obra, etc.","twitter_image":"https:\/\/itsm.com\/wp-content\/uploads\/2023\/12\/ezgif.com-resize-16.webp","schema":{"@context":"https:\/\/schema.org","@graph":[{"@type":"Organization","@id":"https:\/\/itsm.com\/#organization","name":"SimpleOne","url":"https:\/\/itsm.com\/","sameAs":[],"logo":{"@type":"ImageObject","@id":"https:\/\/itsm.com\/#logo","inLanguage":"pt-BR","url":"\/wp-content\/uploads\/2023\/11\/main_logo-1.png","contentUrl":"\/wp-content\/uploads\/2023\/11\/main_logo-1.png","width":166,"height":23,"caption":"SimpleOne"},"image":{"@id":"https:\/\/itsm.com\/#logo"}},{"@type":"WebSite","@id":"https:\/\/itsm.com\/#website","url":"https:\/\/itsm.com\/","name":"SimpleOne - Business Process Automation Platform","description":"\u3164","publisher":{"@id":"https:\/\/itsm.com\/#organization"},"inLanguage":"pt-BR"},{"@type":"ImageObject","@id":"https:\/\/itsm.com\/sdlc\/#primaryimage","inLanguage":"pt-BR","url":"\/wp-content\/uploads\/2023\/12\/ezgif.com-resize-16.webp","contentUrl":"\/wp-content\/uploads\/2023\/12\/ezgif.com-resize-16.webp","width":1200,"height":800},{"@type":"WebPage","@id":"https:\/\/itsm.com\/sdlc\/#webpage","url":"https:\/\/itsm.com\/sdlc\/","name":"[:en]Software development management system - SimpleOne SDLC[:pb]Sistema de gest\u00e3o de desenvolvimento de Software-SimpleOne SDLC[:tr]Yaz\u0131l\u0131m geli\u015ftirme y\u00f6netim sistemi - SimpleOne SDLC","isPartOf":{"@id":"https:\/\/itsm.com\/#website"},"primaryImageOfPage":{"@id":"https:\/\/itsm.com\/sdlc\/#primaryimage"},"datePublished":"2023-11-10T13:04:31+00:00","dateModified":"2024-10-01T13:13:02+00:00","description":"[:en]Manage projects and software product development with implemented Agile methodologies, product portfolio, backlog, labor, etc.[:pb]Gerenciar projetos e desenvolvimento de produtos de software com metodologias \u00e1geis implementadas, portf\u00f3lio de produtos, backlog, m\u00e3o de obra, etc.[:tr]Uygulanan \u00c7evik metodolojiler, \u00fcr\u00fcn portf\u00f6y\u00fc, birikim, i\u015fg\u00fcc\u00fc vb. \u0130le projeleri ve yaz\u0131l\u0131m \u00fcr\u00fcn geli\u015ftirmeyi y\u00f6netin.","breadcrumb":{"@id":"https:\/\/itsm.com\/sdlc\/#breadcrumb"},"inLanguage":"pt-BR","potentialAction":[{"@type":"ReadAction","target":["https:\/\/itsm.com\/sdlc\/"]}]},{"@type":"BreadcrumbList","@id":"https:\/\/itsm.com\/sdlc\/#breadcrumb","itemListElement":[{"@type":"ListItem","position":1,"name":"Home","item":"https:\/\/itsm.com\/"},{"@type":"ListItem","position":2,"name":"SimpleOne SDLC"}]}]}},"acf":[],"_links":{"self":[{"href":"https:\/\/itsm.com\/pb\/wp-json\/wp\/v2\/pages\/7083"}],"collection":[{"href":"https:\/\/itsm.com\/pb\/wp-json\/wp\/v2\/pages"}],"about":[{"href":"https:\/\/itsm.com\/pb\/wp-json\/wp\/v2\/types\/page"}],"author":[{"embeddable":true,"href":"https:\/\/itsm.com\/pb\/wp-json\/wp\/v2\/users\/41"}],"replies":[{"embeddable":true,"href":"https:\/\/itsm.com\/pb\/wp-json\/wp\/v2\/comments?post=7083"}],"version-history":[{"count":10,"href":"https:\/\/itsm.com\/pb\/wp-json\/wp\/v2\/pages\/7083\/revisions"}],"predecessor-version":[{"id":9611,"href":"https:\/\/itsm.com\/pb\/wp-json\/wp\/v2\/pages\/7083\/revisions\/9611"}],"wp:featuredmedia":[{"embeddable":true,"href":"https:\/\/itsm.com\/pb\/wp-json\/wp\/v2\/media\/9539"}],"wp:attachment":[{"href":"https:\/\/itsm.com\/pb\/wp-json\/wp\/v2\/media?parent=7083"}],"curies":[{"name":"wp","href":"https:\/\/api.w.org\/{rel}","templated":true}]}}