{"id":7189,"date":"2023-11-13T16:12:25","date_gmt":"2023-11-13T13:12:25","guid":{"rendered":"https:\/\/simpleone.ru\/?page_id=7189"},"modified":"2024-10-01T16:19:17","modified_gmt":"2024-10-01T13:19:17","slug":"hrm","status":"publish","type":"page","link":"https:\/\/itsm.com\/pb\/hrm\/","title":{"rendered":"HRMS"},"content":{"rendered":"[block]<\/p>\n<h2>As solu\u00e7\u00f5es SimpleOne j\u00e1 est\u00e3o sendo usadas<\/h2>\n<p>   [customers] [\/customers]\n   [\/block]\n<p>   [block type=&#8221;gray&#8221;]<\/p>\n<h2>Processos de RH no SimpleOne HRMS<\/h2>\n[slider count=&#8221;2&#8243;][slider_item][card_slider icon = &#8220;\/wp-content\/uploads\/2023\/05\/icon_32x32_people.svg&#8221; title=&#8221;Recrutamento&#8221; content=&#8221;<\/p>\n<p>Manuten\u00e7\u00e3o do banco de dados de candidatos<\/p><p>Forma\u00e7\u00e3o de aplicativos para recrutamento<\/p><p>Personaliza\u00e7\u00e3o do funil de recrutamento<\/p><p>Harmoniza\u00e7\u00e3o de descri\u00e7\u00f5es de cargos e curr\u00edculos de candidatos<\/p><p>Planejamento e realiza\u00e7\u00e3o de entrevistas<\/p><p>Prepara\u00e7\u00e3o de ofertas de emprego<\/p><p>An\u00e1lise da efic\u00e1cia do recrutamento<\/p><p>Integra\u00e7\u00e3o com sites de emprego, mensageiros e calend\u00e1rios<\/p>\n<p>&#8221; icon_two=&#8221;&#8221; title_two=&#8221;&#8221; content_two=&#8221;&#8221;][\/card_slider][\/slider_item][slider_item][card_slider icon = &#8220;\/wp-content\/uploads\/2022\/09\/icon_32x32_knowledges.svg&#8221; title=&#8221;Adapta\u00e7\u00e3o e treinamento&#8221; content=&#8221;<\/p>\n<p>Criar planos de integra\u00e7\u00e3o para novos funcion\u00e1rios<\/p><p>Atribui\u00e7\u00e3o de mentores<\/p><p>Monitoramento do cumprimento das tarefas do per\u00edodo probat\u00f3rio<\/p><p>Monitoramento do progresso da adapta\u00e7\u00e3o<\/p><p>Manuten\u00e7\u00e3o de uma base de conhecimento corporativo<\/p><p>Integra\u00e7\u00e3o com sistemas de ensino \u00e0 dist\u00e2ncia<\/p><p>Atribui\u00e7\u00e3o e monitoramento de cursos de treinamento<\/p>\n<p>&#8221; icon_two=&#8221;&#8221; title_two=&#8221;&#8221; content_two=&#8221;&#8221;][\/card_slider][\/slider_item][slider_item][card_slider icon = &#8220;\/wp-content\/uploads\/2023\/11\/icon_32x32_date-comes-back.svg&#8221; title=&#8221;Gerenciamento de desempenho&#8221; content=&#8221;<\/p>\n<p>Defini\u00e7\u00e3o de metas e indicadores-chave de desempenho<\/p><p>Monitoramento e controle do cumprimento das metas<\/p><p>Conduzir a avalia\u00e7\u00e3o e a certifica\u00e7\u00e3o da equipe<\/p><p>An\u00e1lise do envolvimento e da motiva\u00e7\u00e3o dos funcion\u00e1rios<\/p>\n<p>&#8221; icon_two=&#8221;&#8221; title_two=&#8221;&#8221; content_two=&#8221;&#8221;][\/card_slider][\/slider_item][slider_item][card_slider icon = &#8220;\/wp-content\/uploads\/2023\/05\/icon_32x32_i-mac.svg&#8221; title=&#8221;Central de servi\u00e7os de RH&#8221; content=&#8221;<\/p>\n<p>Portal de autoatendimento para funcion\u00e1rios<\/p><p>Capacidade de gerar relat\u00f3rios de pessoal<\/p>\n<p>&#8221; icon_two=&#8221;&#8221; title_two=&#8221;&#8221; content_two=&#8221;&#8221;][\/card_slider][\/slider_item][\/slider]\n   [\/block]\n<p>   [block]\n<h2>Benef\u00edcios da solu\u00e7\u00e3o SimpleOne HRMS<\/h2>\n<p>   [features]\n[card type=&#8221;montserrat&#8221; title=&#8221;&#8221; icon=&#8221;\/wp-content\/uploads\/2023\/05\/icon_32x32_portal.svg&#8221; col=&#8221;3&#8243;]Consolide os dados de RH para gerentes em uma \u00fanica janela e armazene todas as informa\u00e7\u00f5es dos funcion\u00e1rios[\/card]\n[card type=&#8221;montserrat&#8221; title=&#8221;&#8221; icon=&#8221;\/wp-content\/uploads\/2023\/11\/icon_32x32_russia.svg&#8221; col=&#8221;3&#8243;]Desenvolvimento russo, que leva em conta as especificidades do mercado dom\u00e9stico[\/card]\n[card type=&#8221;montserrat&#8221; title=&#8221;&#8221; icon=&#8221;\/wp-content\/uploads\/2022\/09\/icon_32x32_settings.svg&#8221; col=&#8221;3&#8243;]Solu\u00e7\u00e3o em caixa com processos pr\u00e9-instalados[\/card]\n[card type=&#8221;montserrat&#8221; title=&#8221;&#8221; icon=&#8221;\/wp-content\/uploads\/2023\/05\/icon_32x32_people.svg&#8221; col=&#8221;3&#8243;]Automa\u00e7\u00e3o de processos b\u00e1sicos de RH: recrutamento, adapta\u00e7\u00e3o, treinamento, avalia\u00e7\u00e3o, motiva\u00e7\u00e3o[\/card]\n[card type=&#8221;montserrat&#8221; title=&#8221;&#8221; icon=&#8221;\/wp-content\/uploads\/2022\/09\/icon_32x32_kpi-1.svg&#8221; col=&#8221;3&#8243;]Sistema universal que pode ser personalizado de forma flex\u00edvel para se adequar \u00e0s metodologias da empresa[\/card]\n[card type=&#8221;montserrat&#8221; title=&#8221;&#8221; icon=&#8221;\/wp-content\/uploads\/2023\/05\/icon_32x32_rocket.svg&#8221; col=&#8221;3&#8243;]Acelere e simplifique a intera\u00e7\u00e3o dos funcion\u00e1rios com o RH[\/card]\n   [\/features]\n   [\/block]\n<p>   [block]\n<div class=\"flex-row flex-row--fw\">\n<div class=\"col col-lg-6\">\n<h2>SimpleOne HRMS inclui.<br \/>\nM\u00f3dulos de RH:<\/h2>\n<ul class=\"list list--def list--text\">\n<li>Recrutamento<\/li>\n<li>Integra\u00e7\u00e3o- adapta\u00e7\u00e3o de novos funcion\u00e1rios<\/li>\n<li>Desempenho &#8211; gerenciamento do desempenho da equipe<\/li>\n<li>Aprendizagem- treinamento e desenvolvimento de pessoal<\/li>\n<li>Central de servi\u00e7os de RH &#8211; servi\u00e7o para administra\u00e7\u00e3o operacional de RH<\/li>\n<\/ul>\n<\/div>\n<div class=\"col col-lg-6\"> <img class=\"alignnone size-full wp-image-3206\" src=\"\/wp-content\/uploads\/2023\/11\/frame-30577.png\" alt=\"\" \/><\/div>\n<\/div>\n<p>   [\/block]\n","protected":false},"excerpt":{"rendered":"<p>O SimpleOne HRMS automatiza de forma abrangente o gerenciamento de RH em uma empresa. O sistema pode ser personalizado de forma flex\u00edvel e adaptado \u00e0s especificidades dos processos de neg\u00f3cios e de RH da empresa com a ajuda dos recursos No-code\/Low-code da plataforma.<\/p>\n","protected":false},"author":41,"featured_media":6213,"parent":0,"menu_order":0,"comment_status":"closed","ping_status":"closed","template":"","meta":[],"yoast_head":"<title>SimpleOne HRMS: sistema de automa\u00e7\u00e3o de gest\u00e3o de RH<\/title>\n<meta name=\"description\" content=\"Automa\u00e7\u00e3o abrangente da Gest\u00e3o de pessoas na empresa. Personaliza\u00e7\u00e3o flex\u00edvel do sistema com recursos No-code\/Low-code da plataforma.\" \/>\n<meta name=\"robots\" content=\"index, follow, max-snippet:-1, max-image-preview:large, max-video-preview:-1\" \/>\n<meta property=\"og:locale\" content=\"pt_BR\" \/>\n<meta property=\"og:type\" content=\"article\" \/>\n<meta property=\"og:title\" content=\"SimpleOne HRMS: sistema de automa\u00e7\u00e3o de gest\u00e3o de RH\" \/>\n<meta property=\"og:description\" content=\"Automa\u00e7\u00e3o abrangente da Gest\u00e3o de pessoas na empresa. Personaliza\u00e7\u00e3o flex\u00edvel do sistema com recursos No-code\/Low-code da plataforma.\" \/>\n<meta property=\"og:url\" content=\"https:\/\/itsm.com\/hrm\/\" \/>\n<meta property=\"og:site_name\" content=\"SimpleOne - Business Process Automation Platform\" \/>\n<meta property=\"og:image\" content=\"https:\/\/itsm.com\/wp-content\/uploads\/2023\/05\/frame-214.png\" \/>\n\t<meta property=\"og:image:width\" content=\"936\" \/>\n\t<meta property=\"og:image:height\" content=\"687\" \/>\n\t<meta property=\"og:image:type\" content=\"image\/png\" \/>\n<meta name=\"twitter:card\" content=\"summary_large_image\" \/>\n<script type=\"application\/ld+json\" class=\"yoast-schema-graph\">{\"@context\":\"https:\/\/schema.org\",\"@graph\":[{\"@type\":\"Organization\",\"@id\":\"https:\/\/itsm.com\/#organization\",\"name\":\"SimpleOne\",\"url\":\"https:\/\/itsm.com\/\",\"sameAs\":[],\"logo\":{\"@type\":\"ImageObject\",\"@id\":\"https:\/\/itsm.com\/#logo\",\"inLanguage\":\"pt-BR\",\"url\":\"\/wp-content\/uploads\/2023\/11\/main_logo-1.png\",\"contentUrl\":\"\/wp-content\/uploads\/2023\/11\/main_logo-1.png\",\"width\":166,\"height\":23,\"caption\":\"SimpleOne\"},\"image\":{\"@id\":\"https:\/\/itsm.com\/#logo\"}},{\"@type\":\"WebSite\",\"@id\":\"https:\/\/itsm.com\/#website\",\"url\":\"https:\/\/itsm.com\/\",\"name\":\"SimpleOne - Business Process Automation Platform\",\"description\":\"\u3164\",\"publisher\":{\"@id\":\"https:\/\/itsm.com\/#organization\"},\"inLanguage\":\"pt-BR\"},{\"@type\":\"ImageObject\",\"@id\":\"https:\/\/itsm.com\/hrm\/#primaryimage\",\"inLanguage\":\"pt-BR\",\"url\":\"\/wp-content\/uploads\/2023\/05\/frame-214.png\",\"contentUrl\":\"\/wp-content\/uploads\/2023\/05\/frame-214.png\",\"width\":936,\"height\":687},{\"@type\":\"WebPage\",\"@id\":\"https:\/\/itsm.com\/hrm\/#webpage\",\"url\":\"https:\/\/itsm.com\/hrm\/\",\"name\":\"[:en]SimpleOne HRMS: HR management automation system[:pb]SimpleOne HRMS: sistema de automa\u00e7\u00e3o de gest\u00e3o de RH[:tr]SimpleOne HRMS: \u0130K y\u00f6netim otomasyon sistemi\",\"isPartOf\":{\"@id\":\"https:\/\/itsm.com\/#website\"},\"primaryImageOfPage\":{\"@id\":\"https:\/\/itsm.com\/hrm\/#primaryimage\"},\"datePublished\":\"2023-11-13T13:12:25+00:00\",\"dateModified\":\"2024-10-01T13:19:17+00:00\",\"description\":\"[:en]Comprehensive automation of personnel management in the company. Flexible system customization with No-code\/Low-code capabilities of the platform.[:pb]Automa\u00e7\u00e3o abrangente da Gest\u00e3o de pessoas na empresa. Personaliza\u00e7\u00e3o flex\u00edvel do sistema com recursos No-code\/Low-code da plataforma.[:tr]\u015eirkette personel y\u00f6netiminin kapsaml\u0131 otomasyonu. Platformun No-code\/Low-code yetenekleri ile esnek sistem \u00f6zelle\u015ftirmesi.\",\"breadcrumb\":{\"@id\":\"https:\/\/itsm.com\/hrm\/#breadcrumb\"},\"inLanguage\":\"pt-BR\",\"potentialAction\":[{\"@type\":\"ReadAction\",\"target\":[\"https:\/\/itsm.com\/hrm\/\"]}]},{\"@type\":\"BreadcrumbList\",\"@id\":\"https:\/\/itsm.com\/hrm\/#breadcrumb\",\"itemListElement\":[{\"@type\":\"ListItem\",\"position\":1,\"name\":\"Home\",\"item\":\"https:\/\/itsm.com\/\"},{\"@type\":\"ListItem\",\"position\":2,\"name\":\"HRMS\"}]}]}<\/script>","yoast_head_json":{"title":"[:en]SimpleOne HRMS: HR management automation system[:pb]SimpleOne HRMS: sistema de automa\u00e7\u00e3o de gest\u00e3o de RH[:tr]SimpleOne HRMS: \u0130K y\u00f6netim otomasyon sistemi","description":"Automa\u00e7\u00e3o abrangente da Gest\u00e3o de pessoas na empresa. Personaliza\u00e7\u00e3o flex\u00edvel do sistema com recursos No-code\/Low-code da plataforma.","robots":{"index":"index","follow":"follow","max-snippet":"max-snippet:-1","max-image-preview":"max-image-preview:large","max-video-preview":"max-video-preview:-1"},"og_locale":"pt_BR","og_type":"article","og_title":"SimpleOne HRMS: sistema de automa\u00e7\u00e3o de gest\u00e3o de RH","og_description":"Automa\u00e7\u00e3o abrangente da Gest\u00e3o de pessoas na empresa. Personaliza\u00e7\u00e3o flex\u00edvel do sistema com recursos No-code\/Low-code da plataforma.","og_url":"https:\/\/itsm.com\/hrm\/","og_site_name":"SimpleOne - Business Process Automation Platform","og_image":[{"width":936,"height":687,"url":"https:\/\/itsm.com\/wp-content\/uploads\/2023\/05\/frame-214.png","type":"image\/png"}],"twitter_card":"summary_large_image","schema":{"@context":"https:\/\/schema.org","@graph":[{"@type":"Organization","@id":"https:\/\/itsm.com\/#organization","name":"SimpleOne","url":"https:\/\/itsm.com\/","sameAs":[],"logo":{"@type":"ImageObject","@id":"https:\/\/itsm.com\/#logo","inLanguage":"pt-BR","url":"\/wp-content\/uploads\/2023\/11\/main_logo-1.png","contentUrl":"\/wp-content\/uploads\/2023\/11\/main_logo-1.png","width":166,"height":23,"caption":"SimpleOne"},"image":{"@id":"https:\/\/itsm.com\/#logo"}},{"@type":"WebSite","@id":"https:\/\/itsm.com\/#website","url":"https:\/\/itsm.com\/","name":"SimpleOne - Business Process Automation Platform","description":"\u3164","publisher":{"@id":"https:\/\/itsm.com\/#organization"},"inLanguage":"pt-BR"},{"@type":"ImageObject","@id":"https:\/\/itsm.com\/hrm\/#primaryimage","inLanguage":"pt-BR","url":"\/wp-content\/uploads\/2023\/05\/frame-214.png","contentUrl":"\/wp-content\/uploads\/2023\/05\/frame-214.png","width":936,"height":687},{"@type":"WebPage","@id":"https:\/\/itsm.com\/hrm\/#webpage","url":"https:\/\/itsm.com\/hrm\/","name":"[:en]SimpleOne HRMS: HR management automation system[:pb]SimpleOne HRMS: sistema de automa\u00e7\u00e3o de gest\u00e3o de RH[:tr]SimpleOne HRMS: \u0130K y\u00f6netim otomasyon sistemi","isPartOf":{"@id":"https:\/\/itsm.com\/#website"},"primaryImageOfPage":{"@id":"https:\/\/itsm.com\/hrm\/#primaryimage"},"datePublished":"2023-11-13T13:12:25+00:00","dateModified":"2024-10-01T13:19:17+00:00","description":"[:en]Comprehensive automation of personnel management in the company. Flexible system customization with No-code\/Low-code capabilities of the platform.[:pb]Automa\u00e7\u00e3o abrangente da Gest\u00e3o de pessoas na empresa. Personaliza\u00e7\u00e3o flex\u00edvel do sistema com recursos No-code\/Low-code da plataforma.[:tr]\u015eirkette personel y\u00f6netiminin kapsaml\u0131 otomasyonu. Platformun No-code\/Low-code yetenekleri ile esnek sistem \u00f6zelle\u015ftirmesi.","breadcrumb":{"@id":"https:\/\/itsm.com\/hrm\/#breadcrumb"},"inLanguage":"pt-BR","potentialAction":[{"@type":"ReadAction","target":["https:\/\/itsm.com\/hrm\/"]}]},{"@type":"BreadcrumbList","@id":"https:\/\/itsm.com\/hrm\/#breadcrumb","itemListElement":[{"@type":"ListItem","position":1,"name":"Home","item":"https:\/\/itsm.com\/"},{"@type":"ListItem","position":2,"name":"HRMS"}]}]}},"acf":[],"_links":{"self":[{"href":"https:\/\/itsm.com\/pb\/wp-json\/wp\/v2\/pages\/7189"}],"collection":[{"href":"https:\/\/itsm.com\/pb\/wp-json\/wp\/v2\/pages"}],"about":[{"href":"https:\/\/itsm.com\/pb\/wp-json\/wp\/v2\/types\/page"}],"author":[{"embeddable":true,"href":"https:\/\/itsm.com\/pb\/wp-json\/wp\/v2\/users\/41"}],"replies":[{"embeddable":true,"href":"https:\/\/itsm.com\/pb\/wp-json\/wp\/v2\/comments?post=7189"}],"version-history":[{"count":10,"href":"https:\/\/itsm.com\/pb\/wp-json\/wp\/v2\/pages\/7189\/revisions"}],"predecessor-version":[{"id":12907,"href":"https:\/\/itsm.com\/pb\/wp-json\/wp\/v2\/pages\/7189\/revisions\/12907"}],"wp:featuredmedia":[{"embeddable":true,"href":"https:\/\/itsm.com\/pb\/wp-json\/wp\/v2\/media\/6213"}],"wp:attachment":[{"href":"https:\/\/itsm.com\/pb\/wp-json\/wp\/v2\/media?parent=7189"}],"curies":[{"name":"wp","href":"https:\/\/api.w.org\/{rel}","templated":true}]}}