{"id":8038,"date":"2024-01-16T17:03:38","date_gmt":"2024-01-16T14:03:38","guid":{"rendered":"https:\/\/simpleone.ru\/?page_id=8038"},"modified":"2024-10-01T16:21:57","modified_gmt":"2024-10-01T13:21:57","slug":"ainergy","status":"publish","type":"page","link":"https:\/\/itsm.com\/pb\/solutions\/ainergy\/","title":{"rendered":"Ainergy"},"content":{"rendered":"[block type=&#8221;pink&#8221;]<\/p>\n<div class=\"bigger-text left-aligned-block\"> Aumente a produtividade e automatize os fluxos de trabalho com IA generativa na plataforma SimpleOne\n<\/div>\n<p>   [\/block]\n[block]<\/p>\n<h2>Recursos da Ainergy<\/h2>\n<div class=\"bigger-text\">\n<ul class=\"list list-row list--def list--text\">\n<li class=\"list-item list-row_item--4\"> Editor de fluxo de trabalho para IA<\/li>\n<li class=\"list-item list-row_item--4\"> Modelos de fluxo de trabalho de IA automatizados<\/br><\/br><\/br><\/br><\/br><\/br><\/br><\/br><\/br><br \/><\/br><\/br><\/br><\/li>\n<li class=\"list-item list-row_item--4\"> Automa\u00e7\u00e3o do desenvolvimento de software<\/li>\n<li class=\"list-item list-row_item--4\"> Assistentes de IA<\/li>\n<li class=\"list-item list-row_item--4\"> Widgets inteligentes<\/li>\n<li class=\"list-item list-row_item--4\"> Agentes de IA colaborativos<\/li>\n<li class=\"list-item list-row_item--4\"> Integra\u00e7\u00e3o com sistemas: ITSM, CRM, SDLC<\/li>\n<li class=\"list-item list-row_item--4\"> Integra\u00e7\u00e3o com qualquer solu\u00e7\u00e3o na plataforma SimpleOne<\/li>\n<\/ul>\n<p>   [\/block]\n<p>   [block type=&#8221;gray&#8221;]<\/p>\n<h2>Exemplos de widgets<\/h2>\n[slider count=&#8221;1&#8243; type=&#8221;opacity&#8221;]<\/p>\n[slider_item]\n<div class=\"slider-tab\">\n<div class=\"slider-tab__col\">\n<h3>Transcritor de \u00e1udio da IA<\/h3>\n<p>Uma ferramenta para tradu\u00e7\u00e3o autom\u00e1tica de informa\u00e7\u00f5es de voz em formato de texto. Oferece suporte \u00e0 classifica\u00e7\u00e3o de fluxos de voz em diferentes alto-falantes.<br \/>\nWidget para espalhar informa\u00e7\u00f5es de \u00e1udio para campos de registro do sistema<br \/>\nFornece extra\u00e7\u00e3o inteligente de informa\u00e7\u00f5es de grava\u00e7\u00f5es de chamadas e reuni\u00f5es; as informa\u00e7\u00f5es extra\u00eddas s\u00e3o estruturadas e distribu\u00eddas automaticamente para os campos do cart\u00e3o de registro no sistema.<\/p>\n<div><span><\/span><\/div>\n<p><\/br><\/br><\/br><\/br><\/br><\/br><\/br>\n<\/div>\n<\/div>\n<p>[\/slider_item]\n[slider_item]\n<div class=\"slider-tab\">\n<div class=\"slider-tab__col\">\n<h3>Assistente de IA<\/h3>\n<p>Um transcritor de grava\u00e7\u00f5es de \u00e1udio baseado em rede neural. Ajuda a converter \u00e1udio ou v\u00eddeo em texto para processamento posterior.<\/br>\n<\/div>\n<\/div>\n<p>[\/slider_item]\n[slider_item]\n<div class=\"slider-tab\">\n<div class=\"slider-tab__col\">\n<h3>Tradutores de IA<\/h3>\n<p>Uma ferramenta de intelig\u00eancia artificial que \u00e9 usada para traduzir textos para diferentes idiomas. Ela funciona analisando o texto de origem e determinando seu contexto e, em seguida, criando uma tradu\u00e7\u00e3o que corresponda a esse contexto. O AI Translator pode ser usado para traduzir documentos, p\u00e1ginas da Web e outros materiais textuais.<\/br><\/br><\/br><\/br><\/br><br \/>\n<\/br><\/br>\n<\/div>\n<\/div>\n<p>[\/slider_item]\n[\/slider]\n   [\/block]\n[block]<\/p>\n<h2>Benef\u00edcios da solu\u00e7\u00e3o<\/h2>\n<p>   [features]\n[card type=&#8221;montserrat&#8221; title=&#8221;Versatilidade&#8221; icon=&#8221;\/wp-content\/uploads\/2022\/03\/icon_32x32_portal.svg&#8221; col=&#8221;6&#8243;]As solu\u00e7\u00f5es s\u00e3o adequadas para diferentes \u00e1reas de neg\u00f3cios[\/card]\n[card type=&#8221;montserrat&#8221; title=&#8221;Inova\u00e7\u00e3o e relev\u00e2ncia&#8221; icon=&#8221;\/wp-content\/uploads\/2022\/03\/icon_32x32_dashboard.svg&#8221; col=&#8221;6&#8243;]Aplica\u00e7\u00e3o de tecnologias avan\u00e7adas de intelig\u00eancia artificial[\/card]\n[card type=&#8221;montserrat&#8221; title=&#8221;Economia de recursos&#8221; icon=&#8221;\/wp-content\/uploads\/2022\/03\/icon_32x32_mobile.svg&#8221; col=&#8221;6&#8243;]Redu\u00e7\u00e3o do custo e do tempo dos processos de neg\u00f3cios[\/card]\n[card type=&#8221;montserrat&#8221; title=&#8221;Integra\u00e7\u00e3o&#8221; icon=&#8221;\/wp-content\/uploads\/2022\/03\/icon_32x32_messendger.svg&#8221; col=&#8221;6&#8243;]As solu\u00e7\u00f5es se integram facilmente a todos os produtos SimpleOne<br \/>\n[\/card]\n   [\/features]\n   [\/block]\n","protected":false},"excerpt":{"rendered":"<p>Ecossistema de IA em a\u00e7\u00e3o com a plataforma SimpleOne<\/p>\n","protected":false},"author":42,"featured_media":0,"parent":4687,"menu_order":0,"comment_status":"closed","ping_status":"closed","template":"product-page.php","meta":[],"yoast_head":"<title>Ainergy-ecossistema de IA trabalhando com a plataforma SimpleOne<\/title>\n<meta name=\"description\" content=\"Ia generativa na plataforma SimpleOne para automatizar fluxos de trabalho e aumentar os n\u00edveis de produtividade\" \/>\n<meta name=\"robots\" content=\"index, follow, max-snippet:-1, max-image-preview:large, max-video-preview:-1\" \/>\n<meta property=\"og:locale\" content=\"pt_BR\" \/>\n<meta property=\"og:type\" content=\"article\" \/>\n<meta property=\"og:title\" content=\"Ainergy-ecossistema de IA trabalhando com a plataforma SimpleOne\" \/>\n<meta property=\"og:description\" content=\"Ia generativa na plataforma SimpleOne para automatizar fluxos de trabalho e aumentar os n\u00edveis de produtividade\" \/>\n<meta property=\"og:url\" content=\"https:\/\/itsm.com\/solutions\/ainergy\/\" \/>\n<meta property=\"og:site_name\" content=\"SimpleOne - Business Process Automation Platform\" \/>\n<meta property=\"og:image\" content=\"https:\/\/itsm.com\/wp-content\/uploads\/2024\/01\/1921-1.png\" \/>\n<meta name=\"twitter:card\" content=\"summary_large_image\" \/>\n<script type=\"application\/ld+json\" class=\"yoast-schema-graph\">{\"@context\":\"https:\/\/schema.org\",\"@graph\":[{\"@type\":\"Organization\",\"@id\":\"https:\/\/itsm.com\/#organization\",\"name\":\"SimpleOne\",\"url\":\"https:\/\/itsm.com\/\",\"sameAs\":[],\"logo\":{\"@type\":\"ImageObject\",\"@id\":\"https:\/\/itsm.com\/#logo\",\"inLanguage\":\"pt-BR\",\"url\":\"\/wp-content\/uploads\/2023\/11\/main_logo-1.png\",\"contentUrl\":\"\/wp-content\/uploads\/2023\/11\/main_logo-1.png\",\"width\":166,\"height\":23,\"caption\":\"SimpleOne\"},\"image\":{\"@id\":\"https:\/\/itsm.com\/#logo\"}},{\"@type\":\"WebSite\",\"@id\":\"https:\/\/itsm.com\/#website\",\"url\":\"https:\/\/itsm.com\/\",\"name\":\"SimpleOne - Business Process Automation Platform\",\"description\":\"\u3164\",\"publisher\":{\"@id\":\"https:\/\/itsm.com\/#organization\"},\"inLanguage\":\"pt-BR\"},{\"@type\":\"WebPage\",\"@id\":\"https:\/\/itsm.com\/solutions\/ainergy\/#webpage\",\"url\":\"https:\/\/itsm.com\/solutions\/ainergy\/\",\"name\":\"[:en]Ainergy - AI ecosystem at work with the SimpleOne platform[:pb]Ainergy-ecossistema de IA trabalhando com a plataforma SimpleOne[:tr]Ainergy - SimpleOne platformuyla \u00e7al\u0131\u015fan yapay zeka ekosistemi\",\"isPartOf\":{\"@id\":\"https:\/\/itsm.com\/#website\"},\"datePublished\":\"2024-01-16T14:03:38+00:00\",\"dateModified\":\"2024-10-01T13:21:57+00:00\",\"description\":\"[:en]Generative AI on the SimpleOne platform to automate workflows and increase productivity levels[:pb]Ia generativa na plataforma SimpleOne para automatizar fluxos de trabalho e aumentar os n\u00edveis de produtividade[:tr]\u0130\u015f ak\u0131\u015flar\u0131n\u0131 otomatikle\u015ftirmek ve \u00fcretkenlik seviyelerini art\u0131rmak i\u00e7in SimpleOne platformunda \u00dcretken Yapay Zeka.\",\"breadcrumb\":{\"@id\":\"https:\/\/itsm.com\/solutions\/ainergy\/#breadcrumb\"},\"inLanguage\":\"pt-BR\",\"potentialAction\":[{\"@type\":\"ReadAction\",\"target\":[\"https:\/\/itsm.com\/solutions\/ainergy\/\"]}]},{\"@type\":\"BreadcrumbList\",\"@id\":\"https:\/\/itsm.com\/solutions\/ainergy\/#breadcrumb\",\"itemListElement\":[{\"@type\":\"ListItem\",\"position\":1,\"name\":\"Home\",\"item\":\"https:\/\/itsm.com\/\"},{\"@type\":\"ListItem\",\"position\":2,\"name\":\"Solutions\",\"item\":\"https:\/\/itsm.com\/solutions\/\"},{\"@type\":\"ListItem\",\"position\":3,\"name\":\"Ainergy\"}]}]}<\/script>","yoast_head_json":{"title":"[:en]Ainergy - AI ecosystem at work with the SimpleOne platform[:pb]Ainergy-ecossistema de IA trabalhando com a plataforma SimpleOne[:tr]Ainergy - SimpleOne platformuyla \u00e7al\u0131\u015fan yapay zeka ekosistemi","description":"Ia generativa na plataforma SimpleOne para automatizar fluxos de trabalho e aumentar os n\u00edveis de produtividade","robots":{"index":"index","follow":"follow","max-snippet":"max-snippet:-1","max-image-preview":"max-image-preview:large","max-video-preview":"max-video-preview:-1"},"og_locale":"pt_BR","og_type":"article","og_title":"Ainergy-ecossistema de IA trabalhando com a plataforma SimpleOne","og_description":"Ia generativa na plataforma SimpleOne para automatizar fluxos de trabalho e aumentar os n\u00edveis de produtividade","og_url":"https:\/\/itsm.com\/solutions\/ainergy\/","og_site_name":"SimpleOne - Business Process Automation Platform","og_image":[{"url":"https:\/\/itsm.com\/wp-content\/uploads\/2024\/01\/1921-1.png"}],"twitter_card":"summary_large_image","schema":{"@context":"https:\/\/schema.org","@graph":[{"@type":"Organization","@id":"https:\/\/itsm.com\/#organization","name":"SimpleOne","url":"https:\/\/itsm.com\/","sameAs":[],"logo":{"@type":"ImageObject","@id":"https:\/\/itsm.com\/#logo","inLanguage":"pt-BR","url":"\/wp-content\/uploads\/2023\/11\/main_logo-1.png","contentUrl":"\/wp-content\/uploads\/2023\/11\/main_logo-1.png","width":166,"height":23,"caption":"SimpleOne"},"image":{"@id":"https:\/\/itsm.com\/#logo"}},{"@type":"WebSite","@id":"https:\/\/itsm.com\/#website","url":"https:\/\/itsm.com\/","name":"SimpleOne - Business Process Automation Platform","description":"\u3164","publisher":{"@id":"https:\/\/itsm.com\/#organization"},"inLanguage":"pt-BR"},{"@type":"WebPage","@id":"https:\/\/itsm.com\/solutions\/ainergy\/#webpage","url":"https:\/\/itsm.com\/solutions\/ainergy\/","name":"[:en]Ainergy - AI ecosystem at work with the SimpleOne platform[:pb]Ainergy-ecossistema de IA trabalhando com a plataforma SimpleOne[:tr]Ainergy - SimpleOne platformuyla \u00e7al\u0131\u015fan yapay zeka ekosistemi","isPartOf":{"@id":"https:\/\/itsm.com\/#website"},"datePublished":"2024-01-16T14:03:38+00:00","dateModified":"2024-10-01T13:21:57+00:00","description":"[:en]Generative AI on the SimpleOne platform to automate workflows and increase productivity levels[:pb]Ia generativa na plataforma SimpleOne para automatizar fluxos de trabalho e aumentar os n\u00edveis de produtividade[:tr]\u0130\u015f ak\u0131\u015flar\u0131n\u0131 otomatikle\u015ftirmek ve \u00fcretkenlik seviyelerini art\u0131rmak i\u00e7in SimpleOne platformunda \u00dcretken Yapay Zeka.","breadcrumb":{"@id":"https:\/\/itsm.com\/solutions\/ainergy\/#breadcrumb"},"inLanguage":"pt-BR","potentialAction":[{"@type":"ReadAction","target":["https:\/\/itsm.com\/solutions\/ainergy\/"]}]},{"@type":"BreadcrumbList","@id":"https:\/\/itsm.com\/solutions\/ainergy\/#breadcrumb","itemListElement":[{"@type":"ListItem","position":1,"name":"Home","item":"https:\/\/itsm.com\/"},{"@type":"ListItem","position":2,"name":"Solutions","item":"https:\/\/itsm.com\/solutions\/"},{"@type":"ListItem","position":3,"name":"Ainergy"}]}]}},"acf":[],"_links":{"self":[{"href":"https:\/\/itsm.com\/pb\/wp-json\/wp\/v2\/pages\/8038"}],"collection":[{"href":"https:\/\/itsm.com\/pb\/wp-json\/wp\/v2\/pages"}],"about":[{"href":"https:\/\/itsm.com\/pb\/wp-json\/wp\/v2\/types\/page"}],"author":[{"embeddable":true,"href":"https:\/\/itsm.com\/pb\/wp-json\/wp\/v2\/users\/42"}],"replies":[{"embeddable":true,"href":"https:\/\/itsm.com\/pb\/wp-json\/wp\/v2\/comments?post=8038"}],"version-history":[{"count":10,"href":"https:\/\/itsm.com\/pb\/wp-json\/wp\/v2\/pages\/8038\/revisions"}],"predecessor-version":[{"id":9632,"href":"https:\/\/itsm.com\/pb\/wp-json\/wp\/v2\/pages\/8038\/revisions\/9632"}],"up":[{"embeddable":true,"href":"https:\/\/itsm.com\/pb\/wp-json\/wp\/v2\/pages\/4687"}],"wp:attachment":[{"href":"https:\/\/itsm.com\/pb\/wp-json\/wp\/v2\/media?parent=8038"}],"curies":[{"name":"wp","href":"https:\/\/api.w.org\/{rel}","templated":true}]}}