{"id":184,"date":"2019-09-23T17:48:57","date_gmt":"2019-09-23T14:48:57","guid":{"rendered":"https:\/\/simpleone.ru\/?page_id=184"},"modified":"2024-11-05T10:04:59","modified_gmt":"2024-11-05T07:04:59","slug":"itsm","status":"publish","type":"page","link":"https:\/\/itsm.com\/tr\/","title":{"rendered":"ITSM SI\u0307STEMI\u0307 (BT HI\u0307ZMET Y\u00d6NETI\u0307MI\u0307)"},"content":{"rendered":"[block type=&#8221;pink&#8221;]<\/p>\n<div class=\"bigger-text left-aligned-block\">\u0130\u015flemleri otomatikle\u015ftirerek ve BT Departman\u0131, Hizmet Masas\u0131 ve \u015firketin di\u011fer i\u015f s\u00fcre\u00e7lerinin verimlili\u011fini art\u0131rarak BT hizmet sunumunun kalitesini iyile\u015ftirin<\/div>\n<p>[\/block]\n[block type=&#8221;gray&#8221;]<\/p>\n<h2>\u00c7\u00f6z\u00fcm\u00fcm\u00fcz halihaz\u0131rda kullan\u0131l\u0131yor<\/h2>\n[customers] [\/customers]\n[\/block]\n[block]<\/p>\n<h2>SimpleOne ITSM \u00e7\u00f6z\u00fcm\u00fcn\u00fcn \u00f6zellikleri<\/h2>\n[slider count=&#8221;2&#8243;]<\/p>\n[slider_item][card_slider icon=&#8221;\/wp-content\/uploads\/2022\/03\/icon_32x32_problem.svg&#8221; title=&#8221;Sorun Y\u00f6netimi&#8221; content=&#8221;Ger\u00e7ek veya olas\u0131 nedenleri belirleyerek ve ge\u00e7ici \u00e7\u00f6z\u00fcmleri ve bilinen hatalar\u0131 y\u00f6neterek olaylar\u0131n olas\u0131l\u0131\u011f\u0131n\u0131 ve etkisini azalt\u0131n&#8221; icon_two=&#8221;\/wp-content\/uploads\/2022\/03\/frame-95.svg&#8221; title_two=&#8221;Sonu\u00e7&#8221; content_two=&#8221;Meydana gelen olaylar\u0131n say\u0131s\u0131n\u0131 azalt\u0131n ve kurulu\u015fun i\u015f s\u00fcre\u00e7leri \u00fczerindeki etkilerini en aza indirin&#8221;][\/card_slider][\/slider_item]\n[slider_item][card_slider icon=&#8221;\/wp-content\/uploads\/2022\/03\/icon_32x32_incident.svg&#8221; title=&#8221;Olay Y\u00f6netimi&#8221; content=&#8221;Olaylar\u0131n erken tespiti, h\u0131zl\u0131 ve etkili \u00e7\u00f6z\u00fcm\u00fc. Normal hizmet operasyonunu m\u00fcmk\u00fcn olan en h\u0131zl\u0131 \u015fekilde geri y\u00fckleyin&#8221; icon_two=&#8221;\/wp-content\/uploads\/2022\/03\/frame-95.svg&#8221; title_two=&#8221;Sonu\u00e7&#8221; content_two=&#8221;Olaylar\u0131n kurumun i\u015f s\u00fcre\u00e7leri \u00fczerindeki etkisini en aza indirmek&#8221;][\/card_slider][\/slider_item]\n[slider_item][card_slider icon=&#8221;\/wp-content\/uploads\/2022\/03\/icon_32x32_changes.svg&#8221; title=&#8221;De\u011fi\u015fim Y\u00f6netimi&#8221; content=&#8221;T\u00fcm de\u011fi\u015fim ya\u015fam d\u00f6ng\u00fcs\u00fc y\u00f6netimini, etkin risk de\u011ferlendirmesini, de\u011fi\u015fim kontrol\u00fcn\u00fc ve de\u011fi\u015fim program\u0131 y\u00f6netimini otomatikle\u015ftirin&#8221; icon_two=&#8221;\/wp-content\/uploads\/2022\/03\/frame-95.svg&#8221; title_two=&#8221;Sonu\u00e7&#8221; content_two=&#8221;BT hizmetlerinde minimum kesinti ve azalt\u0131lm\u0131\u015f operasyonel risklerle de\u011fi\u015fikliklerin etkili ve zaman\u0131nda uygulanmas\u0131n\u0131 sa\u011flay\u0131n&#8221;][\/card_slider][\/slider_item]\n[slider_item][card_slider icon=&#8221;\/wp-content\/uploads\/2022\/03\/icon_32x32_bell.svg&#8221; title=&#8221;Olay Y\u00f6netimi&#8221; content=&#8221;Olay yan\u0131t\u0131n\u0131 otomatikle\u015ftirin (olay kayd\u0131, bildirim, kontrol eylemleri) ve izleme teknolojileriyle entegrasyon&#8221; icon_two=&#8221;\/wp-content\/uploads\/2022\/03\/frame-95.svg&#8221; title_two=&#8221;Sonu\u00e7&#8221; content_two=&#8221;G\u00fcnl\u00fc\u011fe kaydedilen olaylardaki kal\u0131plar\u0131 \u00f6nceliklendirerek ve tan\u0131mlayarak hizmetlerin kullan\u0131labilirli\u011fini art\u0131r\u0131n&#8221;][\/card_slider][\/slider_item]\n[slider_item][card_slider icon=&#8221;\/wp-content\/uploads\/2022\/03\/icon_32x32_settings.svg&#8221; title=&#8221;Konfig\u00fcrasyon Y\u00f6netimi (CMDB)&#8221; content=&#8221;BT konfig\u00fcrasyon unsurlar\u0131n\u0131 y\u00f6netin ve hizmet bile\u015fenleri ve bunlar\u0131n ili\u015fkileri hakk\u0131nda do\u011fru ve g\u00fcvenilir bilgiler sa\u011flay\u0131n&#8221; icon_two=&#8221;\/wp-content\/uploads\/2022\/03\/frame-95.svg&#8221; title_two=&#8221;Sonu\u00e7&#8221; content_two=&#8221;Olumsuz olaylar\u0131 \u00f6nlemek i\u00e7in CMDB verileri ile yap\u0131land\u0131rma \u00f6\u011felerinin ger\u00e7ek durumu aras\u0131ndaki tutars\u0131zl\u0131klar\u0131n zaman\u0131nda belirlenmesi&#8221;][\/card_slider][\/slider_item]\n[slider_item][card_slider icon=&#8221;\/wp-content\/uploads\/2022\/03\/icon_32x32_dashboard.svg&#8221; title=&#8221;Hizmet Seviyesi Y\u00f6netimi&#8221; content=&#8221;Hedef m\u00fc\u015fteri hizmet seviyesine kar\u015f\u0131l\u0131k gelen i\u015f metriklerini (SLA, OLA, vb.) tan\u0131mlay\u0131n ve kurulu\u015fun ve m\u00fc\u015fterilerinin ihtiya\u00e7lar\u0131n\u0131 kar\u015f\u0131lad\u0131klar\u0131n\u0131 do\u011frulamak i\u00e7in sa\u011flanan hizmetlerin analizini ger\u00e7ekle\u015ftirin&#8221; icon_two=&#8221;\/wp-content\/uploads\/2022\/03\/frame-95.svg&#8221; title_two=&#8221;Sonu\u00e7&#8221; content_two=&#8221;Hizmetler, i\u015f hedefleri ve ITSM yakla\u015f\u0131m\u0131 do\u011frultusunda uygun \u015fekilde sunulur, de\u011ferlendirilir, izlenir ve y\u00f6netilir&#8221;][\/card_slider][\/slider_item]\n[slider_item][card_slider icon=&#8221;\/wp-content\/uploads\/2022\/03\/icon_32x32_catalog.svg&#8221; title=&#8221;Hizmet Katalo\u011fu Y\u00f6netimi&#8221; content=&#8221;Hizmet verilerinin do\u011fru ve g\u00fcncel olmas\u0131n\u0131 sa\u011flamak&#8221; icon_two=&#8221;\/wp-content\/uploads\/2022\/03\/frame-95.svg&#8221; title_two=&#8221;Sonu\u00e7&#8221; content_two=&#8221;T\u00fcm hizmetler hakk\u0131nda tek ve tutarl\u0131 bir bilgi kayna\u011f\u0131 olu\u015fturmak ve s\u00fcrd\u00fcrmek&#8221;][\/card_slider][\/slider_item]\n[slider_item][card_slider icon = &#8220;\/wp-content\/uploads\/2022\/03\/icon_32x32_knowledges.svg&#8221; title=&#8221;Bilgi Y\u00f6netimi&#8221; content=&#8221;Kurumda bilginin biriktirilmesi, g\u00fcncellenmesi ve etkin kullan\u0131m\u0131. Bilgi taban\u0131na kolay ve h\u0131zl\u0131 eri\u015fim sa\u011flanmas\u0131&#8221; icon_two=&#8221;\/wp-content\/uploads\/2022\/03\/frame-95.svg&#8221; title_two=&#8221;Sonu\u00e7&#8221; content_two=&#8221;Bilgilendirilmi\u015f kararlar vererek ve bilgi ve materyal i\u00e7in tekrarlanan arama ihtiyac\u0131n\u0131 azaltarak performans art\u0131\u015f\u0131. Ba\u015fvuru sahiplerinin kendi kendine \u00e7\u00f6zmesi sayesinde uzmanlar\u0131n i\u015f y\u00fck\u00fc azald\u0131&#8221;][\/card_slider][\/slider_item]\n[slider_item][card_slider icon = &#8220;\/wp-content\/uploads\/2022\/03\/icon_32x32_request.svg&#8221; title=&#8221;Hizmet Talep Y\u00f6netimi&#8221; content=&#8221;Taleplerin kaydedilmesi ve verimli bir \u015fekilde i\u015flenmesi i\u00e7in uygun ve h\u0131zl\u0131 teknoloji. Tipik g\u00f6revlerin ba\u011f\u0131ms\u0131z \u00e7\u00f6z\u00fcm\u00fcn\u00fcn otomasyonu, farkl\u0131 departmanlar\u0131 etkileyen karma\u015f\u0131k taleplerin ger\u00e7ekle\u015ftirilmesi&#8221; icon_two=&#8221;\/wp-content\/uploads\/2022\/03\/frame-95.svg&#8221; title_two=&#8221;Sonu\u00e7&#8221; content_two=&#8221;Hizmet taleplerinin eksiksiz yerine getirilmesi ve zaman\u0131nda i\u015flenmesi sayesinde artan \u00e7al\u0131\u015fan memnuniyeti ve \u00fcretkenlik&#8221;][\/card_slider][\/slider_item]\n[\/slider]\n[\/block]\n[block class=&#8221; &#8221; pt-0 &#8220;]<\/p>\n<div class=\"flex-row flex-row--fw\">\n<div class=\"col col-lg-6\">\n<h2>ITSM sistemi SimpleOne platformu \u00fczerine kurulmu\u015ftur<\/h2>\n<\/div>\n<div class=\"col col-lg-6 mb-20\">\n<div class=\"feature-item__descr\">\n<p><b>\u0130\u015f Uygulamalar\u0131<\/b><br \/>\nPlatform ara\u00e7lar\u0131 kullan\u0131larak olu\u015fturulan ve platform taraf\u0131ndan sa\u011flanan bir ortamda y\u00fcr\u00fct\u00fclen uygulamalar. Uygulamalar platform ara\u00e7lar\u0131 ile \u00f6zelle\u015ftirilebilir ve \u00f6l\u00e7eklendirilebilir.<\/p>\n<p><b>ESM &#8211; platform (Kurumsal Hizmet Y\u00f6netimi)<\/b><br \/>\nESM yakla\u015f\u0131m\u0131n\u0131 \u00f6l\u00e7eklendirmek i\u00e7in bir dizi hizmet arac\u0131 ve uygulamas\u0131<\/p>\n<p><b>LCAP (D\u00fc\u015f\u00fck Kod Uygulama Platformu)<\/b><br \/>\nMinimum kod kullan\u0131m\u0131 ile uygulama geli\u015ftirmeye y\u00f6nelik bir platform<\/p>\n<\/div>\n<\/div>\n<div><\/div>\n<\/div>\n<div><a href=\"\/wp-content\/uploads\/2024\/06\/scheme_site_so_png.png\" data-fancybox=\"\"><img loading=\"lazy\" class=\"wp-image-9314 size-full aligncenter\" src=\"\/wp-content\/uploads\/2024\/06\/scheme_site_so_png.png\" alt=\"SimpleOne Platformu - Sat\u0131c\u0131 m\u00fcdahalesi olmadan i\u015f uygulamas\u0131n\u0131n kendi kendine geli\u015ftirilmesi i\u00e7in d\u00fc\u015f\u00fck kodlu olu\u015fturucu\" width=\"1000\" height=\"800\" \/><\/a><\/div>\n<p>[\/block]\n[block class=&#8221; &#8221; pt-0 &#8220;]<\/p>\n<h2>SimpleOne ITSM uygulamas\u0131n\u0131n faydalar\u0131<\/h2>\n[features]<br \/>\n[card type=&#8221;montserrat&#8221; title=&#8221;\u00d6nceden Yap\u0131land\u0131r\u0131lm\u0131\u015f S\u00fcre\u00e7ler&#8221; icon=&#8221;\/wp-content\/uploads\/2022\/03\/icon_32x32_settings.svg&#8221; col=&#8221;3&#8243;]SimpleOne ITSM sistemini h\u0131zl\u0131 bir \u015fekilde uygulaman\u0131za ve kullanmaya ba\u015flaman\u0131za, BT hizmet y\u00f6netimine \u00e7e\u015fitli yakla\u015f\u0131mlar i\u00e7in ayarlar\u0131 \u00f6zelle\u015ftirmenize olanak tan\u0131r.[\/card]\n[card type=&#8221;montserrat&#8221; title=&#8221;Ek ara\u00e7lar&#8221; icon=&#8221;\/wp-content\/uploads\/2022\/03\/icon_32x32_gear.svg&#8221; col=&#8221;3&#8243;]BT s\u00fcre\u00e7lerini y\u00f6netirken kullan\u0131c\u0131 deneyimini iyile\u015ftirin (kontrol listeleri; i\u015fg\u00fcc\u00fc muhasebesi; h\u0131zl\u0131 yan\u0131tlar; \u00e7ok kanall\u0131 destek; ML algoritmalar\u0131, sohbet robotlar\u0131, geri bildirim toplama ve hizmet sunumunun kalitesini de\u011ferlendirme yetene\u011fi).[\/card]\n[card type=&#8221;montserrat&#8221; title=&#8221;S\u00fcre\u00e7 Adaptasyonu&#8221; icon=&#8221;\/wp-content\/uploads\/2022\/03\/icon_32x32_platform.svg&#8221; col=&#8221;3&#8243;]ITSM \u00e7\u00f6z\u00fcm\u00fcn\u00fcn geli\u015ftirildi\u011fi <a href=\"\/platform\/\">SimpleOne platformunun<\/a> temel ve benzersiz \u00f6zelliklerini kullanarak programlamaya \u00e7ok fazla kaynak harcamadan.[\/card]\n[\/features]\n[\/block]\n[block type=&#8221;gray&#8221;]<\/p>\n<h2>Ek \u00f6zellikler<\/h2>\n[features]<br \/>\n[card type=&#8221;montserrat&#8221; title=&#8221;Hizmet Portal\u0131&#8221; icon=&#8221;\/wp-content\/uploads\/2022\/03\/icon_32x32_portal.svg&#8221; col=&#8221;6&#8243;]Kolayca \u00f6zelle\u015ftirilebilen ve markala\u015ft\u0131r\u0131labilen bir ara\u00e7 k\u00fct\u00fcphanesine (hizmet katalo\u011fu, bilgi taban\u0131, kullan\u0131c\u0131 hesab\u0131 vb.) sahip kullan\u0131ma haz\u0131r bir portal.[\/card]\n[card type=&#8221;montserrat&#8221; title=&#8221;G\u00f6sterge tablolar\u0131 ve raporlar&#8221; icon=&#8221;\/wp-content\/uploads\/2022\/03\/icon_32x32_dashboard.svg&#8221; col=&#8221;6&#8243;]G\u00f6sterge tablolar\u0131ndaki bilgilerin net sunumu ve etkile\u015fimli analizler, durumu izlemenize ve h\u0131zl\u0131 y\u00f6netim kararlar\u0131 alman\u0131za olanak tan\u0131r.[\/card]\n[card type=&#8221;montserrat&#8221; title=&#8221;Mobil cihazlardan eri\u015fim&#8221; icon=&#8221;\/wp-content\/uploads\/2022\/03\/icon_32x32_mobile.svg&#8221; col=&#8221;6&#8243;]ITSM sisteminin aray\u00fcz\u00fc, uygulamay\u0131 bir bilgisayardan, diz\u00fcst\u00fc bilgisayardan ve mobil cihazlardan kullanman\u0131za olanak tan\u0131yan farkl\u0131 cihazlar i\u00e7in uyarlanm\u0131\u015ft\u0131r. Mobil cihazlardan eri\u015fim i\u00e7in \u00f6zel bir mobil uygulama da geli\u015ftirilmi\u015ftir[\/card]\n[card type=&#8221;montserrat&#8221; title=&#8221;Mesajla\u015fma programlar\u0131 ile entegrasyon&#8221; icon=&#8221;\/wp-content\/uploads\/2022\/03\/icon_32x32_messendger.svg&#8221; col=&#8221;6&#8243;]Pop\u00fcler mesajla\u015fma programlar\u0131 ile entegrasyon sayesinde Telegram, Slack vb. \u00fczerinden talep g\u00f6ndermek ve ba\u015fvurular\u0131 i\u015fleme almak m\u00fcmk\u00fcnd\u00fcr[\/card]\n[\/features]\n[\/block]\n[block type=&#8221;&#8221;]<\/p>\n<div class=\"flex-row flex-row--fw\">\n<div class=\"col col-lg-6\">\n<h2>Di\u011fer IS ile Entegrasyon<\/h2>\n<ul class=\"list list--def list--text\">\n<li>SimpleOne ITSM her t\u00fcrl\u00fc yaz\u0131l\u0131mla entegre olur: i\u015fbirli\u011fine dayal\u0131 sistemler, ERP sistemleri, sanalla\u015ft\u0131rma ortamlar\u0131, kimlik do\u011frulama yaz\u0131l\u0131mlar\u0131 vb. ve sohbet robotlar\u0131.<\/li>\n<li>Entegrasyon i\u00e7in REST API teknolojisi kullan\u0131l\u0131r, bu da hem gelen hem de giden ba\u011flant\u0131lar\u0131n kolayca \u00f6zelle\u015ftirilmesine olanak tan\u0131r.<\/li>\n<\/ul>\n<\/div>\n<div class=\"col col-lg-6\">[sys_images][\/sys_images]<\/div>\n<\/div>\n<p>[\/block]\n[block type=&#8221;divided-rev&#8221;]<br \/>\n[promo_block background=&#8221;dark&#8221; img=&#8221;\/wp-content\/uploads\/2022\/03\/4-1.png&#8221; title=&#8221;ITSM&#8217;yi bir ESM sistemine d\u00f6n\u00fc\u015ft\u00fcrmek&#8221;]Birle\u015fik bir kurumsal ESM sistemi olu\u015fturarak ve ITIL standartlar\u0131n\u0131n en son s\u00fcr\u00fcm\u00fcn\u00fc kullanarak en iyi BT hizmet sunum metodolojilerini t\u00fcm hizmet departmanlar\u0131na (\u0130K, ACH, finans, hukuk vb.) geni\u015fletin. [\/promo_block] [\/promo_block]\n[\/block]\n[block type=&#8221;&#8221;]<\/p>\n<h2>SimpleOne&#8217;\u0131n Ba\u015far\u0131lar\u0131<\/h2>\n<div class=\"feature-list flex-row\">\n<div class=\"col feature-col-6\">\n<div class=\"feature-item feature-item-sm\">\n<div class=\"feature-item__img-wrapper\" style=\"height: 67px;\"><img src=\"\/wp-content\/uploads\/2024\/06\/2024-e1713863162770.png\" \/><\/div>\n<div class=\"feature-item__descr\">Softline GC, BCS Investment World ve ALROSA&#8217;da SimpleOne uygulama projeleri ile &#8220;2024 Y\u0131l\u0131n\u0131n ITSM Projesi&#8221; yar\u0131\u015fmas\u0131nda \u00fc\u00e7 kategoride birincilik kazand\u0131<\/div>\n<\/div>\n<\/div>\n<div class=\"col feature-col-6\">\n<div class=\"feature-item feature-item-sm\">\n<div class=\"feature-item__img-wrapper\" style=\"height: 67px;\"><img src=\"\/wp-content\/uploads\/2024\/06\/frame-238-1.png\" \/><\/div>\n<div class=\"feature-item__descr\">Monetka perakende zinciri i\u00e7in SimpleOne uygulama projesi, GlobalCIO 2023 Y\u0131l\u0131n Projesi yar\u0131\u015fmas\u0131n\u0131n &#8220;En \u0130yi BT Y\u00f6netimi Projesi&#8221; kategorisini kazand\u0131<\/div>\n<\/div>\n<\/div>\n<div class=\"col feature-col-6\">\n<div class=\"feature-item feature-item-sm\">\n<div class=\"feature-item__img-wrapper\" style=\"height: 67px;\"><img src=\"\/wp-content\/uploads\/2024\/06\/2023-e1713863244673.png\" \/><\/div>\n<div class=\"feature-item__descr\">MTS-Bank&#8217;ta SimpleOne ESM sisteminin uygulanmas\u0131 projesi, &#8220;2023 y\u0131l\u0131n\u0131n ITSM projesi&#8221; yar\u0131\u015fmas\u0131n\u0131n &#8220;ITIL ilkeleri&#8221; kategorisinde \u00f6d\u00fcl kazand\u0131<\/div>\n<\/div>\n<\/div>\n<\/div>\n<p>[\/block]\n[block type=&#8221;gray&#8221;]<\/p>\n<h2>Feedback on SimpleOne ITSM<\/h2>\n[slider count=&#8221;1&#8243;][slider_item] [card_reviews img= &#8220;\/wp-content\/uploads\/2022\/03\/vitgrit.png&#8221; name=&#8221;Vitaly Gritsai&#8221; subtitle=&#8221;ITGLOBAL.COM \u0130cra Direkt\u00f6r\u00fc&#8221; link=&#8221;#&#8221;]&#8221;ITSM sistemimizi SimpleOne&#8217;a ta\u015f\u0131d\u0131k. Lisans \u00fccretleriyle ili\u015fkili maliyetler \u00f6nemli \u00f6l\u00e7\u00fcde azald\u0131 ve yeni geli\u015ftirmelerin uygulanma h\u0131z\u0131 artt\u0131. Gelecekte, sistem \u015firketin t\u00fcm hizmet i\u015f s\u00fcre\u00e7lerini kapsamal\u0131d\u0131r.&#8221; [\/card_reviews] [\/slider_item][slider_item] [card_reviews img= &#8220;\/wp-content\/uploads\/2022\/03\/photo_2022-03-11_18-32-27.jpg&#8221; name=&#8221;Sergey Kuznetsov&#8221; subtitle=&#8221;Kurumsal M\u00fc\u015fteriler Direkt\u00f6r\u00fc Cloud.ru (Systematica, GKS&#8217;nin bir par\u00e7as\u0131)&#8221; link=&#8221;#&#8221;]&#8221;Yaln\u0131zca hizmet verimlili\u011fi gereksinimlerimize uyarlanmakla kalmayan, ayn\u0131 zamanda yeni hizmetlerin ba\u015flat\u0131lmas\u0131 ve daha fazla \u00f6l\u00e7eklendirme i\u00e7in g\u00fcvenilir bir temel g\u00f6revi g\u00f6ren modern, esnek ve \u00f6l\u00e7eklenebilir bir \u00e7\u00f6z\u00fcm ald\u0131k.&#8221; [\/card_reviews] [\/slider_item][\/slider]\n[\/block]\n","protected":false},"excerpt":{"rendered":"<p>BT Hizmet Y\u00f6netimi &#8211; ITIL en iyi uygulamalar\u0131na uygun BT s\u00fcre\u00e7 otomasyon sistemi<\/p>\n","protected":false},"author":5,"featured_media":13141,"parent":0,"menu_order":10,"comment_status":"closed","ping_status":"closed","template":"product-page.php","meta":[],"yoast_head":"<title><\/title>\n<meta name=\"robots\" content=\"index, follow, max-snippet:-1, max-image-preview:large, max-video-preview:-1\" \/>\n<meta property=\"og:locale\" content=\"tr_TR\" \/>\n<meta property=\"og:type\" content=\"article\" \/>\n<meta property=\"og:url\" content=\"https:\/\/itsm.com\/\" \/>\n<meta property=\"og:site_name\" content=\"SimpleOne - Business Process Automation Platform\" \/>\n<meta name=\"twitter:card\" content=\"summary_large_image\" \/>\n<meta name=\"twitter:title\" content=\"[:en]ITSM system from SimpleOne - IT service management and automation system[:pb]Sistema ITSM da SimpleOne-sistema de gerenciamento e automa\u00e7\u00e3o de servi\u00e7os de TI\" \/>\n<meta name=\"twitter:description\" content=\"[:en]ITSM solution SimpleOne for management and automation of IT services in accordance with ITIL practices of the latest version[:pb]Solu\u00e7\u00e3o ITSM da empresa russa SimpleOne para gerenciamento e automa\u00e7\u00e3o de servi\u00e7os de TI de acordo com as pr\u00e1ticas ITIL da \u00faltima vers\u00e3o\" \/>\n<meta name=\"twitter:image\" content=\"https:\/\/itsm.com\/wp-content\/uploads\/2023\/12\/3.webp\" \/>\n<script type=\"application\/ld+json\" class=\"yoast-schema-graph\">{\"@context\":\"https:\/\/schema.org\",\"@graph\":[{\"@type\":\"Organization\",\"@id\":\"https:\/\/itsm.com\/#organization\",\"name\":\"SimpleOne\",\"url\":\"https:\/\/itsm.com\/\",\"sameAs\":[],\"logo\":{\"@type\":\"ImageObject\",\"@id\":\"https:\/\/itsm.com\/#logo\",\"inLanguage\":\"tr\",\"url\":\"\/wp-content\/uploads\/2023\/11\/main_logo-1.png\",\"contentUrl\":\"\/wp-content\/uploads\/2023\/11\/main_logo-1.png\",\"width\":166,\"height\":23,\"caption\":\"SimpleOne\"},\"image\":{\"@id\":\"https:\/\/itsm.com\/#logo\"}},{\"@type\":\"WebSite\",\"@id\":\"https:\/\/itsm.com\/#website\",\"url\":\"https:\/\/itsm.com\/\",\"name\":\"SimpleOne - Business Process Automation Platform\",\"description\":\"\u3164\",\"publisher\":{\"@id\":\"https:\/\/itsm.com\/#organization\"},\"inLanguage\":\"tr\"},{\"@type\":\"ImageObject\",\"@id\":\"https:\/\/itsm.com\/#primaryimage\",\"inLanguage\":\"tr\",\"url\":\"\/wp-content\/uploads\/2023\/12\/3.webp\",\"contentUrl\":\"\/wp-content\/uploads\/2023\/12\/3.webp\",\"width\":1036,\"height\":1083},{\"@type\":\"WebPage\",\"@id\":\"https:\/\/itsm.com\/#webpage\",\"url\":\"https:\/\/itsm.com\/\",\"name\":\"[:en]ITSM system from SimpleOne - IT service management and automation system[:pb]Sistema ITSM da SimpleOne-sistema de gerenciamento e automa\u00e7\u00e3o de servi\u00e7os de TI\",\"isPartOf\":{\"@id\":\"https:\/\/itsm.com\/#website\"},\"primaryImageOfPage\":{\"@id\":\"https:\/\/itsm.com\/#primaryimage\"},\"datePublished\":\"2019-09-23T14:48:57+00:00\",\"dateModified\":\"2024-11-05T07:04:59+00:00\",\"description\":\"[:en]ITSM solution from Russian company SimpleOne for management and automation of IT services in accordance with ITIL practices of the latest version[:pb]Solu\u00e7\u00e3o ITSM da empresa russa SimpleOne para gerenciamento e automa\u00e7\u00e3o de servi\u00e7os de TI de acordo com as pr\u00e1ticas ITIL da \u00faltima vers\u00e3o\",\"breadcrumb\":{\"@id\":\"https:\/\/itsm.com\/#breadcrumb\"},\"inLanguage\":\"tr\",\"potentialAction\":[{\"@type\":\"ReadAction\",\"target\":[\"https:\/\/itsm.com\/\"]}]},{\"@type\":\"BreadcrumbList\",\"@id\":\"https:\/\/itsm.com\/#breadcrumb\",\"itemListElement\":[{\"@type\":\"ListItem\",\"position\":1,\"name\":\"Home\",\"item\":\"https:\/\/itsm.com\/\"},{\"@type\":\"ListItem\",\"position\":2,\"name\":\"ITSM SYSTEM (IT SERVICE MANAGEMENT)\"}]}]}<\/script>","yoast_head_json":{"title":"[:en]ITSM system from SimpleOne - IT service management and automation system[:pb]Sistema ITSM da SimpleOne-sistema de gerenciamento e automa\u00e7\u00e3o de servi\u00e7os de TI","robots":{"index":"index","follow":"follow","max-snippet":"max-snippet:-1","max-image-preview":"max-image-preview:large","max-video-preview":"max-video-preview:-1"},"og_locale":"tr_TR","og_type":"article","og_url":"https:\/\/itsm.com\/","og_site_name":"SimpleOne - Business Process Automation Platform","twitter_card":"summary_large_image","twitter_title":"[:en]ITSM system from SimpleOne - IT service management and automation system[:pb]Sistema ITSM da SimpleOne-sistema de gerenciamento e automa\u00e7\u00e3o de servi\u00e7os de TI","twitter_description":"[:en]ITSM solution SimpleOne for management and automation of IT services in accordance with ITIL practices of the latest version[:pb]Solu\u00e7\u00e3o ITSM da empresa russa SimpleOne para gerenciamento e automa\u00e7\u00e3o de servi\u00e7os de TI de acordo com as pr\u00e1ticas ITIL da \u00faltima vers\u00e3o","twitter_image":"https:\/\/itsm.com\/wp-content\/uploads\/2023\/12\/3.webp","schema":{"@context":"https:\/\/schema.org","@graph":[{"@type":"Organization","@id":"https:\/\/itsm.com\/#organization","name":"SimpleOne","url":"https:\/\/itsm.com\/","sameAs":[],"logo":{"@type":"ImageObject","@id":"https:\/\/itsm.com\/#logo","inLanguage":"tr","url":"\/wp-content\/uploads\/2023\/11\/main_logo-1.png","contentUrl":"\/wp-content\/uploads\/2023\/11\/main_logo-1.png","width":166,"height":23,"caption":"SimpleOne"},"image":{"@id":"https:\/\/itsm.com\/#logo"}},{"@type":"WebSite","@id":"https:\/\/itsm.com\/#website","url":"https:\/\/itsm.com\/","name":"SimpleOne - Business Process Automation Platform","description":"\u3164","publisher":{"@id":"https:\/\/itsm.com\/#organization"},"inLanguage":"tr"},{"@type":"ImageObject","@id":"https:\/\/itsm.com\/#primaryimage","inLanguage":"tr","url":"\/wp-content\/uploads\/2023\/12\/3.webp","contentUrl":"\/wp-content\/uploads\/2023\/12\/3.webp","width":1036,"height":1083},{"@type":"WebPage","@id":"https:\/\/itsm.com\/#webpage","url":"https:\/\/itsm.com\/","name":"[:en]ITSM system from SimpleOne - IT service management and automation system[:pb]Sistema ITSM da SimpleOne-sistema de gerenciamento e automa\u00e7\u00e3o de servi\u00e7os de TI","isPartOf":{"@id":"https:\/\/itsm.com\/#website"},"primaryImageOfPage":{"@id":"https:\/\/itsm.com\/#primaryimage"},"datePublished":"2019-09-23T14:48:57+00:00","dateModified":"2024-11-05T07:04:59+00:00","description":"[:en]ITSM solution from Russian company SimpleOne for management and automation of IT services in accordance with ITIL practices of the latest version[:pb]Solu\u00e7\u00e3o ITSM da empresa russa SimpleOne para gerenciamento e automa\u00e7\u00e3o de servi\u00e7os de TI de acordo com as pr\u00e1ticas ITIL da \u00faltima vers\u00e3o","breadcrumb":{"@id":"https:\/\/itsm.com\/#breadcrumb"},"inLanguage":"tr","potentialAction":[{"@type":"ReadAction","target":["https:\/\/itsm.com\/"]}]},{"@type":"BreadcrumbList","@id":"https:\/\/itsm.com\/#breadcrumb","itemListElement":[{"@type":"ListItem","position":1,"name":"Home","item":"https:\/\/itsm.com\/"},{"@type":"ListItem","position":2,"name":"ITSM SYSTEM (IT SERVICE MANAGEMENT)"}]}]}},"acf":[],"_links":{"self":[{"href":"https:\/\/itsm.com\/tr\/wp-json\/wp\/v2\/pages\/184"}],"collection":[{"href":"https:\/\/itsm.com\/tr\/wp-json\/wp\/v2\/pages"}],"about":[{"href":"https:\/\/itsm.com\/tr\/wp-json\/wp\/v2\/types\/page"}],"author":[{"embeddable":true,"href":"https:\/\/itsm.com\/tr\/wp-json\/wp\/v2\/users\/5"}],"replies":[{"embeddable":true,"href":"https:\/\/itsm.com\/tr\/wp-json\/wp\/v2\/comments?post=184"}],"version-history":[{"count":11,"href":"https:\/\/itsm.com\/tr\/wp-json\/wp\/v2\/pages\/184\/revisions"}],"predecessor-version":[{"id":13144,"href":"https:\/\/itsm.com\/tr\/wp-json\/wp\/v2\/pages\/184\/revisions\/13144"}],"wp:featuredmedia":[{"embeddable":true,"href":"https:\/\/itsm.com\/tr\/wp-json\/wp\/v2\/media\/13141"}],"wp:attachment":[{"href":"https:\/\/itsm.com\/tr\/wp-json\/wp\/v2\/media?parent=184"}],"curies":[{"name":"wp","href":"https:\/\/api.w.org\/{rel}","templated":true}]}}