{"id":454,"date":"2020-01-28T16:58:39","date_gmt":"2020-01-28T13:58:39","guid":{"rendered":"https:\/\/simpleone.ru\/?page_id=454"},"modified":"2024-12-16T10:12:01","modified_gmt":"2024-12-16T07:12:01","slug":"company","status":"publish","type":"page","link":"https:\/\/itsm.com\/tr\/company\/","title":{"rendered":"\u015eirket hakk\u0131nda"},"content":{"rendered":"[block type=&#8221;pink&#8221;]<\/p>\n<div class=\"bigger-text left-aligned-block\"> SimpleOne&#8217;\u0131n \u00e7\u00f6z\u00fcmleri, bir hizmet yakla\u015f\u0131m\u0131 uygulayarak ve dijital i\u015f d\u00f6n\u00fc\u015f\u00fcm\u00fc i\u00e7in \u00e7abalayarak i\u015f s\u00fcre\u00e7lerinin verimlili\u011fini art\u0131rmak isteyen kurumsal ve devlet m\u00fc\u015fterilerine y\u00f6neliktir.<\/div>\n<div class=\"bigger-text left-aligned-block\">\nHedefimiz, \u00f6n\u00fcm\u00fczdeki y\u0131llarda ESM sistemlerinin (Kurumsal Hizmet Y\u00f6netimi sistemleri) k\u00fcresel pazar\u0131nda lider konuma gelmektir.\n<\/div>\n<p>   [\/block]\n<p>   [block type=&#8221;&#8221;]<\/p>\n<h2>M\u00fc\u015fterilerimiz<\/h2>\n<p>   [row] [col size=&#8221;md-6&#8243;]<\/p>\n<p>Bunlar, i\u015flerinin dijital d\u00f6n\u00fc\u015f\u00fcm\u00fcn\u00fc ger\u00e7ekle\u015ftiren b\u00fcy\u00fck modern i\u015fletmelerin yan\u0131 s\u0131ra b\u00fcy\u00fck Rus ve yabanc\u0131 \u015firketlerdeki CSC&#8217;lerdir (payla\u015f\u0131lan hizmet merkezleri).<\/p>\n<p>   [\/col]\n<p>   [col size=&#8221;md-6&#8243;] [\/col]\n<p>[\/row]\n<p>   [row] [col size=&#8221;md-12&#8243;]<br \/>\n   [customers] [\/customers]\n   [\/col]\n[\/row]\n<p>   [\/block]\n<p>   [block type=&#8221;gray&#8221;]<\/p>\n<h2>En b\u00fcy\u00fck de\u011ferimiz \u00e7al\u0131\u015fanlar\u0131m\u0131zd\u0131r<\/h2>\n<p>   [features] [card type=&#8221;&#8221; title=&#8221;&#8221; icon=&#8221;\/wp-content\/uploads\/2024\/09\/union-29.svg&#8221; col=&#8221;4&#8243;]SimpleOne 3 ofis ve 2 geli\u015ftirme merkezine sahiptir[\/card]\n[card type=&#8221;&#8221; title=&#8221;&#8221; icon=&#8221;\/wp-content\/uploads\/2024\/09\/02_sertif40px.svg&#8221; col=&#8221;4&#8243;]ITIL\u00ae ve VeriSM\u2122 sertifikal\u0131 uzmanlar\u0131z[\/card]\n[card type=&#8221;&#8221; title=&#8221;&#8221; icon=&#8221;\/wp-content\/uploads\/2024\/09\/03_itsm_system40px.svg&#8221; col=&#8221;4&#8243;]Kurumsal d\u00fczeyde ITSM sistemlerinin uygulanmas\u0131 ve i\u015fletilmesi konusunda 10 y\u0131ldan fazla deneyime sahibiz[\/card]\n[card type=&#8221;&#8221; title=&#8221;&#8221; icon=&#8221;\/wp-content\/uploads\/2024\/09\/04_develop_projects40px.svg&#8221; col=&#8221;4&#8243;]D\u00fczinelerce y\u00fcksek y\u00fckl\u00fc \u0130nternet projesi ve y\u00fcksek performansl\u0131, y\u00fcksek y\u00fckl\u00fc sistem geli\u015ftirme deneyimi[\/card]\n<p>   [\/features]\n<p>   [\/block]\n","protected":false},"excerpt":{"rendered":"<p>SimpleOne, hizmet i\u015f s\u00fcre\u00e7lerinin otomasyonu i\u00e7in \u00e7\u00f6z\u00fcmler geli\u015ftiren bir Rus \u015firketidir. <br \/>Uluslararas\u0131 \u015firketler grubunun \u00fcyeleri ITGLOBAL.COM.<\/p>\n","protected":false},"author":5,"featured_media":455,"parent":0,"menu_order":0,"comment_status":"closed","ping_status":"closed","template":"","meta":[],"yoast_head":"<title>\u015eirket hakk\u0131nda SimpleOne<\/title>\n<meta name=\"description\" content=\"SimpleOne \u015firketi, i\u015f s\u00fcreci otomasyonu i\u00e7in yaz\u0131l\u0131m geli\u015ftiriyor. IT GLOBAL \u015firketler grubunun bir par\u00e7as\u0131d\u0131r.\" \/>\n<meta name=\"robots\" content=\"index, follow, max-snippet:-1, max-image-preview:large, max-video-preview:-1\" \/>\n<meta property=\"og:locale\" content=\"tr_TR\" \/>\n<meta property=\"og:type\" content=\"article\" \/>\n<meta property=\"og:title\" content=\"\u015eirket hakk\u0131nda SimpleOne\" \/>\n<meta property=\"og:description\" content=\"SimpleOne \u015firketi, i\u015f s\u00fcreci otomasyonu i\u00e7in yaz\u0131l\u0131m geli\u015ftiriyor. IT GLOBAL \u015firketler grubunun bir par\u00e7as\u0131d\u0131r.\" \/>\n<meta property=\"og:url\" content=\"https:\/\/itsm.com\/company\/\" \/>\n<meta property=\"og:site_name\" content=\"SimpleOne - Business Process Automation Platform\" \/>\n<meta property=\"og:image\" content=\"https:\/\/itsm.com\/wp-content\/uploads\/2020\/01\/22-1.png\" \/>\n\t<meta property=\"og:image:width\" content=\"838\" \/>\n\t<meta property=\"og:image:height\" content=\"673\" \/>\n\t<meta property=\"og:image:type\" content=\"image\/png\" \/>\n<meta name=\"twitter:card\" content=\"summary_large_image\" \/>\n<script type=\"application\/ld+json\" class=\"yoast-schema-graph\">{\"@context\":\"https:\/\/schema.org\",\"@graph\":[{\"@type\":\"Organization\",\"@id\":\"https:\/\/itsm.com\/#organization\",\"name\":\"SimpleOne\",\"url\":\"https:\/\/itsm.com\/\",\"sameAs\":[],\"logo\":{\"@type\":\"ImageObject\",\"@id\":\"https:\/\/itsm.com\/#logo\",\"inLanguage\":\"tr\",\"url\":\"\/wp-content\/uploads\/2023\/11\/main_logo-1.png\",\"contentUrl\":\"\/wp-content\/uploads\/2023\/11\/main_logo-1.png\",\"width\":166,\"height\":23,\"caption\":\"SimpleOne\"},\"image\":{\"@id\":\"https:\/\/itsm.com\/#logo\"}},{\"@type\":\"WebSite\",\"@id\":\"https:\/\/itsm.com\/#website\",\"url\":\"https:\/\/itsm.com\/\",\"name\":\"SimpleOne - Business Process Automation Platform\",\"description\":\"\u3164\",\"publisher\":{\"@id\":\"https:\/\/itsm.com\/#organization\"},\"inLanguage\":\"tr\"},{\"@type\":\"ImageObject\",\"@id\":\"https:\/\/itsm.com\/company\/#primaryimage\",\"inLanguage\":\"tr\",\"url\":\"\/wp-content\/uploads\/2020\/01\/22-1.png\",\"contentUrl\":\"\/wp-content\/uploads\/2020\/01\/22-1.png\",\"width\":838,\"height\":673},{\"@type\":\"WebPage\",\"@id\":\"https:\/\/itsm.com\/company\/#webpage\",\"url\":\"https:\/\/itsm.com\/company\/\",\"name\":\"[:en]About the company SimpleOne[:pb]Sobre a empresa SimpleOne[:tr]\u015eirket hakk\u0131nda SimpleOne\",\"isPartOf\":{\"@id\":\"https:\/\/itsm.com\/#website\"},\"primaryImageOfPage\":{\"@id\":\"https:\/\/itsm.com\/company\/#primaryimage\"},\"datePublished\":\"2020-01-28T13:58:39+00:00\",\"dateModified\":\"2024-12-16T07:12:01+00:00\",\"description\":\"[:en]SimpleOne company develops software for business process automation. It is part of the IT GLOBAL group of companies.[:pb]A SimpleOne se dedica ao desenvolvimento de software para automa\u00e7\u00e3o de processos de neg\u00f3cios. Ela faz parte do grupo de empresas ITGLOBAL.[:tr]SimpleOne \u015firketi, i\u015f s\u00fcreci otomasyonu i\u00e7in yaz\u0131l\u0131m geli\u015ftiriyor. IT GLOBAL \u015firketler grubunun bir par\u00e7as\u0131d\u0131r.\",\"breadcrumb\":{\"@id\":\"https:\/\/itsm.com\/company\/#breadcrumb\"},\"inLanguage\":\"tr\",\"potentialAction\":[{\"@type\":\"ReadAction\",\"target\":[\"https:\/\/itsm.com\/company\/\"]}]},{\"@type\":\"BreadcrumbList\",\"@id\":\"https:\/\/itsm.com\/company\/#breadcrumb\",\"itemListElement\":[{\"@type\":\"ListItem\",\"position\":1,\"name\":\"Home\",\"item\":\"https:\/\/itsm.com\/\"},{\"@type\":\"ListItem\",\"position\":2,\"name\":\"About the company\"}]}]}<\/script>","yoast_head_json":{"title":"[:en]About the company SimpleOne[:pb]Sobre a empresa SimpleOne[:tr]\u015eirket hakk\u0131nda SimpleOne","description":"SimpleOne \u015firketi, i\u015f s\u00fcreci otomasyonu i\u00e7in yaz\u0131l\u0131m geli\u015ftiriyor. IT GLOBAL \u015firketler grubunun bir par\u00e7as\u0131d\u0131r.","robots":{"index":"index","follow":"follow","max-snippet":"max-snippet:-1","max-image-preview":"max-image-preview:large","max-video-preview":"max-video-preview:-1"},"og_locale":"tr_TR","og_type":"article","og_title":"\u015eirket hakk\u0131nda SimpleOne","og_description":"SimpleOne \u015firketi, i\u015f s\u00fcreci otomasyonu i\u00e7in yaz\u0131l\u0131m geli\u015ftiriyor. IT GLOBAL \u015firketler grubunun bir par\u00e7as\u0131d\u0131r.","og_url":"https:\/\/itsm.com\/company\/","og_site_name":"SimpleOne - Business Process Automation Platform","og_image":[{"width":838,"height":673,"url":"https:\/\/itsm.com\/wp-content\/uploads\/2020\/01\/22-1.png","type":"image\/png"}],"twitter_card":"summary_large_image","schema":{"@context":"https:\/\/schema.org","@graph":[{"@type":"Organization","@id":"https:\/\/itsm.com\/#organization","name":"SimpleOne","url":"https:\/\/itsm.com\/","sameAs":[],"logo":{"@type":"ImageObject","@id":"https:\/\/itsm.com\/#logo","inLanguage":"tr","url":"\/wp-content\/uploads\/2023\/11\/main_logo-1.png","contentUrl":"\/wp-content\/uploads\/2023\/11\/main_logo-1.png","width":166,"height":23,"caption":"SimpleOne"},"image":{"@id":"https:\/\/itsm.com\/#logo"}},{"@type":"WebSite","@id":"https:\/\/itsm.com\/#website","url":"https:\/\/itsm.com\/","name":"SimpleOne - Business Process Automation Platform","description":"\u3164","publisher":{"@id":"https:\/\/itsm.com\/#organization"},"inLanguage":"tr"},{"@type":"ImageObject","@id":"https:\/\/itsm.com\/company\/#primaryimage","inLanguage":"tr","url":"\/wp-content\/uploads\/2020\/01\/22-1.png","contentUrl":"\/wp-content\/uploads\/2020\/01\/22-1.png","width":838,"height":673},{"@type":"WebPage","@id":"https:\/\/itsm.com\/company\/#webpage","url":"https:\/\/itsm.com\/company\/","name":"[:en]About the company SimpleOne[:pb]Sobre a empresa SimpleOne[:tr]\u015eirket hakk\u0131nda SimpleOne","isPartOf":{"@id":"https:\/\/itsm.com\/#website"},"primaryImageOfPage":{"@id":"https:\/\/itsm.com\/company\/#primaryimage"},"datePublished":"2020-01-28T13:58:39+00:00","dateModified":"2024-12-16T07:12:01+00:00","description":"[:en]SimpleOne company develops software for business process automation. It is part of the IT GLOBAL group of companies.[:pb]A SimpleOne se dedica ao desenvolvimento de software para automa\u00e7\u00e3o de processos de neg\u00f3cios. Ela faz parte do grupo de empresas ITGLOBAL.[:tr]SimpleOne \u015firketi, i\u015f s\u00fcreci otomasyonu i\u00e7in yaz\u0131l\u0131m geli\u015ftiriyor. IT GLOBAL \u015firketler grubunun bir par\u00e7as\u0131d\u0131r.","breadcrumb":{"@id":"https:\/\/itsm.com\/company\/#breadcrumb"},"inLanguage":"tr","potentialAction":[{"@type":"ReadAction","target":["https:\/\/itsm.com\/company\/"]}]},{"@type":"BreadcrumbList","@id":"https:\/\/itsm.com\/company\/#breadcrumb","itemListElement":[{"@type":"ListItem","position":1,"name":"Home","item":"https:\/\/itsm.com\/"},{"@type":"ListItem","position":2,"name":"About the company"}]}]}},"acf":[],"_links":{"self":[{"href":"https:\/\/itsm.com\/tr\/wp-json\/wp\/v2\/pages\/454"}],"collection":[{"href":"https:\/\/itsm.com\/tr\/wp-json\/wp\/v2\/pages"}],"about":[{"href":"https:\/\/itsm.com\/tr\/wp-json\/wp\/v2\/types\/page"}],"author":[{"embeddable":true,"href":"https:\/\/itsm.com\/tr\/wp-json\/wp\/v2\/users\/5"}],"replies":[{"embeddable":true,"href":"https:\/\/itsm.com\/tr\/wp-json\/wp\/v2\/comments?post=454"}],"version-history":[{"count":9,"href":"https:\/\/itsm.com\/tr\/wp-json\/wp\/v2\/pages\/454\/revisions"}],"predecessor-version":[{"id":13479,"href":"https:\/\/itsm.com\/tr\/wp-json\/wp\/v2\/pages\/454\/revisions\/13479"}],"wp:featuredmedia":[{"embeddable":true,"href":"https:\/\/itsm.com\/tr\/wp-json\/wp\/v2\/media\/455"}],"wp:attachment":[{"href":"https:\/\/itsm.com\/tr\/wp-json\/wp\/v2\/media?parent=454"}],"curies":[{"name":"wp","href":"https:\/\/api.w.org\/{rel}","templated":true}]}}