{"id":4654,"date":"2022-05-16T18:22:06","date_gmt":"2022-05-16T15:22:06","guid":{"rendered":"https:\/\/simpleone.ru\/?page_id=4654"},"modified":"2024-10-01T16:18:01","modified_gmt":"2024-10-01T13:18:01","slug":"service-desk","status":"publish","type":"page","link":"https:\/\/itsm.com\/tr\/solutions\/service-desk\/","title":{"rendered":"Service Desk otomasyonu"},"content":{"rendered":"[block type=&#8221;pink&#8221;]<\/p>\n<div class=\"bigger-text left-aligned-block\"> BT hizmetleriyle ilgili sorunlar i\u00e7in tek bir temas noktas\u0131 olu\u015fturun ve m\u00fc\u015fteri deste\u011fi sunumunun kalitesini art\u0131r\u0131n<\/div>\n<p>   [\/block]\n<p>   [block]\n<h2>Servis Masas\u0131 yetenekleri<\/h2>\n[slider count=&#8221;2&#8243;][slider_item][card_slider icon = &#8220;\/wp-content\/uploads\/2022\/03\/icon_32x32_request.svg&#8221; title=&#8221;Taleplerin al\u0131nmas\u0131n\u0131 otomatikle\u015ftirme&#8221; content=&#8221;\u00c7ok kanall\u0131 ileti\u015fim ortam\u0131 (self-servis portal\u0131, telefon, e-posta, mesajla\u015fma programlar\u0131) arac\u0131l\u0131\u011f\u0131yla Hizmet Masas\u0131na ba\u015fvurma&#8221;][\/card_slider][\/slider_item]\n[slider_item][card_slider icon=&#8221;\/wp-content\/uploads\/2022\/03\/icon_32x32_problem.svg&#8221; title=&#8221;\u00c7a\u011fr\u0131 i\u015flemenin otomatikle\u015ftirilmesi&#8221; content=&#8221;\u00c7a\u011fr\u0131lar\u0131n s\u0131n\u0131fland\u0131r\u0131lmas\u0131, \u00f6nceliklendirilmesi ve eskalasyonu. Kullan\u0131c\u0131 mesajlar\u0131na g\u00f6re talep olu\u015fturma imkan\u0131. Taleplerin 2. destek hatt\u0131na ve di\u011fer uzman departmanlara aktar\u0131lmas\u0131&#8221;][\/card_slider][\/slider_item]\n[slider_item][card_slider icon = &#8220;\/wp-content\/uploads\/2022\/03\/icon_32x32_bell.svg&#8221; title=&#8221;Toplu Bildirim Otomasyonu&#8221; content=&#8221;Bir\u00e7ok kullan\u0131c\u0131y\u0131 etkileyen olaylar, rutin ve acil bak\u0131m, sa\u011flanan hizmetlerin i\u015flevselli\u011findeki de\u011fi\u015fiklikler, yeni BT hizmetlerinin ba\u015flat\u0131lmas\u0131 hakk\u0131nda BT hizmeti t\u00fcketicilerini h\u0131zl\u0131 bir \u015fekilde bilgilendirin&#8221;][\/card_slider][\/slider_item]\n[slider_item][card_slider icon = &#8220;\/wp-content\/uploads\/2022\/03\/icon_32x32_portal.svg&#8221; title=&#8221;Hizmet Kullan\u0131labilirli\u011fi \u0130zleme&#8221; content=&#8221;Altyap\u0131 olaylar\u0131n\u0131n erken tespiti amac\u0131yla BT hizmetlerinin mevcut durumunun operasyonel olarak izlenmesi&#8221;][\/card_slider][\/slider_item][\/slider]\n   [\/block]\n<p>   [block type=&#8221;gray&#8221;]<\/p>\n<h2>Hizmet Masas\u0131 uygulamas\u0131n\u0131n etkisi<\/h2>\n<p>   [features]\n[card type=&#8221;montserrat&#8221; title=&#8221;&#8221; icon=&#8221;\/wp-content\/uploads\/2022\/03\/icon_32x32_problem.svg&#8221; col=&#8221;3&#8243;]Manuel i\u015flemleri otomatikle\u015ftirerek teknik destek uzmanlar\u0131n\u0131n verimlili\u011fini ve memnuniyetini art\u0131rd\u0131;[\/card]\n[card type=&#8221;montserrat&#8221; title=&#8221;&#8221; icon=&#8221;\/wp-content\/uploads\/2022\/03\/icon_32x32_dashboard.svg&#8221; col=&#8221;3&#8243;]Merkezi kay\u0131t, kontrol ve hedef standartlara uyum sayesinde \u00e7a\u011fr\u0131 i\u015fleme kalitesinin ve h\u0131z\u0131n\u0131n art\u0131r\u0131lmas\u0131;[\/card]\n[card type=&#8221;montserrat&#8221; title=&#8221;&#8221; icon=&#8221;\/wp-content\/uploads\/2020\/01\/union-29.svg&#8221; col=&#8221;3&#8243;]\u0130leti\u015fim kurmak i\u00e7in sistematik bir yakla\u015f\u0131m sa\u011flayarak BT hizmetlerinde m\u00fc\u015fteri memnuniyetini art\u0131rd\u0131.[\/card]\n   [\/features]\n   [\/block]\n<p>   [block]\n<h2>\u00c7\u00f6z\u00fcm\u00fcn faydalar\u0131<\/h2>\n<p>   [features]\n[card type=&#8221;montserrat&#8221; title=&#8221;D\u00fczenli olmayan aray\u00fcz&#8221; icon=&#8221;\/wp-content\/uploads\/2022\/03\/icon_32x32_portal.svg&#8221; col=&#8221;6&#8243;]Sistem aray\u00fcz\u00fc, m\u00fc\u015fterinin sorununu \u00e7\u00f6zmekle do\u011frudan ilgili olmayan se\u00e7eneklerle dolu de\u011fildir.[\/card]\n[card type=&#8221;montserrat&#8221; title=&#8221;Rapid Deployment&#8221; icon=&#8221;\/wp-content\/uploads\/2022\/03\/icon_32x32_dashboard.svg&#8221; col=&#8221;6&#8243;]SimpleOne&#8217;\u0131n en iyi uygulamalar\u0131yla \u00f6nceden yap\u0131land\u0131r\u0131lm\u0131\u015f s\u00fcre\u00e7ler, \u00e7\u00f6z\u00fcm da\u011f\u0131t\u0131m\u0131n\u0131 \u00f6nemli \u00f6l\u00e7\u00fcde h\u0131zland\u0131r\u0131r.[\/card]\n[card type=&#8221;montserrat&#8221; title=&#8221;Farkl\u0131 cihazlardan kullan\u0131m&#8221; icon=&#8221;\/wp-content\/uploads\/2022\/03\/icon_32x32_mobile.svg&#8221; col=&#8221;6&#8243;]Uyarlanabilir aray\u00fcz sayesinde sistem sadece ki\u015fisel bilgisayar ve diz\u00fcst\u00fc bilgisayarlardan de\u011fil, mobil cihazlardan da kullan\u0131labiliyor.[\/card]\n[card type=&#8221;montserrat&#8221; title=&#8221;Mesajla\u015fma programlar\u0131 ile entegrasyon&#8221; icon=&#8221;\/wp-content\/uploads\/2022\/03\/icon_32x32_messendger.svg&#8221; col=&#8221;6&#8243;]Pop\u00fcler mesajla\u015fma programlar\u0131 ile entegrasyon sayesinde Telegram, Slack vb. \u00fczerinden talep g\u00f6nderebilir ve ba\u015fvurular\u0131 i\u015fleme alabilirsiniz[\/card]\n   [\/features]\n   [\/block]\n<p>   [block type=&#8221;gray&#8221;]<\/p>\n<div class=\"flex-row flex-row--fw\">\n<div class=\"col col-lg-6\">\n<h2>Di\u011fer uygulamalarla entegrasyon<\/h2>\n<p>SimpleOne&#8217;\u0131n Hizmet Masas\u0131 herhangi bir yaz\u0131l\u0131mla entegre edilebilir: i\u015fbirli\u011fi sistemleri, ERP sistemleri, sanalla\u015ft\u0131rma ortamlar\u0131 vb. ve pop\u00fcler mesajla\u015fma programlar\u0131.<\/p>\n<\/div>\n<div class=\"col col-lg-6\"> [sys_images][\/sys_images]<\/div>\n<\/div>\n<p>   [\/block]\n<p>   [block type=&#8221;divided&#8221;]<br \/>\n   [promo_block background=&#8221;dark&#8221; img=&#8221;\/wp-content\/uploads\/2022\/03\/4-1.png&#8221; title=&#8221;Hizmet Masas\u0131 sadece BT i\u00e7in de\u011fildir&#8221;]Hizmet Masas\u0131n\u0131 sadece BT departman\u0131yla ilgili talepleri almak i\u00e7in de\u011fil, ayn\u0131 zamanda di\u011fer \u015firket departmanlar\u0131yla (personel talepleri, hukuk, sat\u0131n alma prosed\u00fcrleri vb.), b\u00f6ylece merkezi bir Hizmet Masas\u0131 ile birle\u015fik bir kurumsal ESM sistemi olu\u015fturmak [\/promo_block] .<br \/>\n   [\/block]\n","protected":false},"excerpt":{"rendered":"<p>SimpleOne platformundaki Hizmet Masas\u0131, BT hizmet kullan\u0131c\u0131lar\u0131n\u0131n taleplerinin muhasebele\u015ftirilmesi ve i\u015flenmesinin otomasyonu i\u00e7in bir sistemdir.<\/p>\n","protected":false},"author":41,"featured_media":9076,"parent":4687,"menu_order":0,"comment_status":"closed","ping_status":"closed","template":"product-page.php","meta":[],"yoast_head":"<title>SimpleOne platformunda Servis Masas\u0131: muhasebe otomasyonu ve taleplerin i\u015flenmesi i\u00e7in bir sistem<\/title>\n<meta name=\"description\" content=\"SimpleOne platformundaki Servis Masas\u0131, BT hizmet kullan\u0131c\u0131lar\u0131n\u0131n taleplerinin muhasebele\u015ftirilmesi ve i\u015flenmesinin otomasyonunu sa\u011flayan bir sistemdir.\" \/>\n<meta name=\"robots\" content=\"index, follow, max-snippet:-1, max-image-preview:large, max-video-preview:-1\" \/>\n<meta property=\"og:locale\" content=\"tr_TR\" \/>\n<meta property=\"og:type\" content=\"article\" \/>\n<meta property=\"og:title\" content=\"SimpleOne platformunda Servis Masas\u0131: muhasebe otomasyonu ve taleplerin i\u015flenmesi i\u00e7in bir sistem\" \/>\n<meta property=\"og:description\" content=\"SimpleOne platformundaki Servis Masas\u0131, BT hizmet kullan\u0131c\u0131lar\u0131n\u0131n taleplerinin muhasebele\u015ftirilmesi ve i\u015flenmesinin otomasyonunu sa\u011flayan bir sistemdir.\" \/>\n<meta property=\"og:url\" content=\"https:\/\/itsm.com\/solutions\/service-desk\/\" \/>\n<meta property=\"og:site_name\" content=\"SimpleOne - Business Process Automation Platform\" \/>\n<meta name=\"twitter:card\" content=\"summary_large_image\" \/>\n<meta name=\"twitter:image\" content=\"https:\/\/itsm.com\/wp-content\/uploads\/2024\/06\/first-img.png.webp\" \/>\n<script type=\"application\/ld+json\" class=\"yoast-schema-graph\">{\"@context\":\"https:\/\/schema.org\",\"@graph\":[{\"@type\":\"Organization\",\"@id\":\"https:\/\/itsm.com\/#organization\",\"name\":\"SimpleOne\",\"url\":\"https:\/\/itsm.com\/\",\"sameAs\":[],\"logo\":{\"@type\":\"ImageObject\",\"@id\":\"https:\/\/itsm.com\/#logo\",\"inLanguage\":\"tr\",\"url\":\"\/wp-content\/uploads\/2023\/11\/main_logo-1.png\",\"contentUrl\":\"\/wp-content\/uploads\/2023\/11\/main_logo-1.png\",\"width\":166,\"height\":23,\"caption\":\"SimpleOne\"},\"image\":{\"@id\":\"https:\/\/itsm.com\/#logo\"}},{\"@type\":\"WebSite\",\"@id\":\"https:\/\/itsm.com\/#website\",\"url\":\"https:\/\/itsm.com\/\",\"name\":\"SimpleOne - Business Process Automation Platform\",\"description\":\"\u3164\",\"publisher\":{\"@id\":\"https:\/\/itsm.com\/#organization\"},\"inLanguage\":\"tr\"},{\"@type\":\"ImageObject\",\"@id\":\"https:\/\/itsm.com\/solutions\/service-desk\/#primaryimage\",\"inLanguage\":\"tr\",\"url\":\"\/wp-content\/uploads\/2024\/06\/first-img.png.webp\",\"contentUrl\":\"\/wp-content\/uploads\/2024\/06\/first-img.png.webp\",\"width\":871,\"height\":1084},{\"@type\":\"WebPage\",\"@id\":\"https:\/\/itsm.com\/solutions\/service-desk\/#webpage\",\"url\":\"https:\/\/itsm.com\/solutions\/service-desk\/\",\"name\":\"[:en]Service Desk on the SimpleOne platform: a system for automation of accounting and processing of requests[:pb]Service Desk na plataforma SimpleOne: um sistema para automa\u00e7\u00e3o da contabilidade e processamento de solicita\u00e7\u00f5es[:tr]SimpleOne platformunda Servis Masas\u0131: muhasebe otomasyonu ve taleplerin i\u015flenmesi i\u00e7in bir sistem\",\"isPartOf\":{\"@id\":\"https:\/\/itsm.com\/#website\"},\"primaryImageOfPage\":{\"@id\":\"https:\/\/itsm.com\/solutions\/service-desk\/#primaryimage\"},\"datePublished\":\"2022-05-16T15:22:06+00:00\",\"dateModified\":\"2024-10-01T13:18:01+00:00\",\"description\":\"[:en]Service Desk on SimpleOne platform is a system for automation of accounting and processing of IT service users' requests.[:pb]Service Desk na plataforma SimpleOne \u00e9 um sistema para automa\u00e7\u00e3o da contabilidade e processamento das solicita\u00e7\u00f5es dos usu\u00e1rios de servi\u00e7os de TI[:tr]SimpleOne platformundaki Servis Masas\u0131, BT hizmet kullan\u0131c\u0131lar\u0131n\u0131n taleplerinin muhasebele\u015ftirilmesi ve i\u015flenmesinin otomasyonunu sa\u011flayan bir sistemdir.\",\"breadcrumb\":{\"@id\":\"https:\/\/itsm.com\/solutions\/service-desk\/#breadcrumb\"},\"inLanguage\":\"tr\",\"potentialAction\":[{\"@type\":\"ReadAction\",\"target\":[\"https:\/\/itsm.com\/solutions\/service-desk\/\"]}]},{\"@type\":\"BreadcrumbList\",\"@id\":\"https:\/\/itsm.com\/solutions\/service-desk\/#breadcrumb\",\"itemListElement\":[{\"@type\":\"ListItem\",\"position\":1,\"name\":\"Home\",\"item\":\"https:\/\/itsm.com\/\"},{\"@type\":\"ListItem\",\"position\":2,\"name\":\"Solutions\",\"item\":\"https:\/\/itsm.com\/solutions\/\"},{\"@type\":\"ListItem\",\"position\":3,\"name\":\"Service Desk automation\"}]}]}<\/script>","yoast_head_json":{"title":"[:en]Service Desk on the SimpleOne platform: a system for automation of accounting and processing of requests[:pb]Service Desk na plataforma SimpleOne: um sistema para automa\u00e7\u00e3o da contabilidade e processamento de solicita\u00e7\u00f5es[:tr]SimpleOne platformunda Servis Masas\u0131: muhasebe otomasyonu ve taleplerin i\u015flenmesi i\u00e7in bir sistem","description":"SimpleOne platformundaki Servis Masas\u0131, BT hizmet kullan\u0131c\u0131lar\u0131n\u0131n taleplerinin muhasebele\u015ftirilmesi ve i\u015flenmesinin otomasyonunu sa\u011flayan bir sistemdir.","robots":{"index":"index","follow":"follow","max-snippet":"max-snippet:-1","max-image-preview":"max-image-preview:large","max-video-preview":"max-video-preview:-1"},"og_locale":"tr_TR","og_type":"article","og_title":"SimpleOne platformunda Servis Masas\u0131: muhasebe otomasyonu ve taleplerin i\u015flenmesi i\u00e7in bir sistem","og_description":"SimpleOne platformundaki Servis Masas\u0131, BT hizmet kullan\u0131c\u0131lar\u0131n\u0131n taleplerinin muhasebele\u015ftirilmesi ve i\u015flenmesinin otomasyonunu sa\u011flayan bir sistemdir.","og_url":"https:\/\/itsm.com\/solutions\/service-desk\/","og_site_name":"SimpleOne - Business Process Automation Platform","twitter_card":"summary_large_image","twitter_image":"https:\/\/itsm.com\/wp-content\/uploads\/2024\/06\/first-img.png.webp","schema":{"@context":"https:\/\/schema.org","@graph":[{"@type":"Organization","@id":"https:\/\/itsm.com\/#organization","name":"SimpleOne","url":"https:\/\/itsm.com\/","sameAs":[],"logo":{"@type":"ImageObject","@id":"https:\/\/itsm.com\/#logo","inLanguage":"tr","url":"\/wp-content\/uploads\/2023\/11\/main_logo-1.png","contentUrl":"\/wp-content\/uploads\/2023\/11\/main_logo-1.png","width":166,"height":23,"caption":"SimpleOne"},"image":{"@id":"https:\/\/itsm.com\/#logo"}},{"@type":"WebSite","@id":"https:\/\/itsm.com\/#website","url":"https:\/\/itsm.com\/","name":"SimpleOne - Business Process Automation Platform","description":"\u3164","publisher":{"@id":"https:\/\/itsm.com\/#organization"},"inLanguage":"tr"},{"@type":"ImageObject","@id":"https:\/\/itsm.com\/solutions\/service-desk\/#primaryimage","inLanguage":"tr","url":"\/wp-content\/uploads\/2024\/06\/first-img.png.webp","contentUrl":"\/wp-content\/uploads\/2024\/06\/first-img.png.webp","width":871,"height":1084},{"@type":"WebPage","@id":"https:\/\/itsm.com\/solutions\/service-desk\/#webpage","url":"https:\/\/itsm.com\/solutions\/service-desk\/","name":"[:en]Service Desk on the SimpleOne platform: a system for automation of accounting and processing of requests[:pb]Service Desk na plataforma SimpleOne: um sistema para automa\u00e7\u00e3o da contabilidade e processamento de solicita\u00e7\u00f5es[:tr]SimpleOne platformunda Servis Masas\u0131: muhasebe otomasyonu ve taleplerin i\u015flenmesi i\u00e7in bir sistem","isPartOf":{"@id":"https:\/\/itsm.com\/#website"},"primaryImageOfPage":{"@id":"https:\/\/itsm.com\/solutions\/service-desk\/#primaryimage"},"datePublished":"2022-05-16T15:22:06+00:00","dateModified":"2024-10-01T13:18:01+00:00","description":"[:en]Service Desk on SimpleOne platform is a system for automation of accounting and processing of IT service users' requests.[:pb]Service Desk na plataforma SimpleOne \u00e9 um sistema para automa\u00e7\u00e3o da contabilidade e processamento das solicita\u00e7\u00f5es dos usu\u00e1rios de servi\u00e7os de TI[:tr]SimpleOne platformundaki Servis Masas\u0131, BT hizmet kullan\u0131c\u0131lar\u0131n\u0131n taleplerinin muhasebele\u015ftirilmesi ve i\u015flenmesinin otomasyonunu sa\u011flayan bir sistemdir.","breadcrumb":{"@id":"https:\/\/itsm.com\/solutions\/service-desk\/#breadcrumb"},"inLanguage":"tr","potentialAction":[{"@type":"ReadAction","target":["https:\/\/itsm.com\/solutions\/service-desk\/"]}]},{"@type":"BreadcrumbList","@id":"https:\/\/itsm.com\/solutions\/service-desk\/#breadcrumb","itemListElement":[{"@type":"ListItem","position":1,"name":"Home","item":"https:\/\/itsm.com\/"},{"@type":"ListItem","position":2,"name":"Solutions","item":"https:\/\/itsm.com\/solutions\/"},{"@type":"ListItem","position":3,"name":"Service Desk automation"}]}]}},"acf":[],"_links":{"self":[{"href":"https:\/\/itsm.com\/tr\/wp-json\/wp\/v2\/pages\/4654"}],"collection":[{"href":"https:\/\/itsm.com\/tr\/wp-json\/wp\/v2\/pages"}],"about":[{"href":"https:\/\/itsm.com\/tr\/wp-json\/wp\/v2\/types\/page"}],"author":[{"embeddable":true,"href":"https:\/\/itsm.com\/tr\/wp-json\/wp\/v2\/users\/41"}],"replies":[{"embeddable":true,"href":"https:\/\/itsm.com\/tr\/wp-json\/wp\/v2\/comments?post=4654"}],"version-history":[{"count":4,"href":"https:\/\/itsm.com\/tr\/wp-json\/wp\/v2\/pages\/4654\/revisions"}],"predecessor-version":[{"id":9627,"href":"https:\/\/itsm.com\/tr\/wp-json\/wp\/v2\/pages\/4654\/revisions\/9627"}],"up":[{"embeddable":true,"href":"https:\/\/itsm.com\/tr\/wp-json\/wp\/v2\/pages\/4687"}],"wp:featuredmedia":[{"embeddable":true,"href":"https:\/\/itsm.com\/tr\/wp-json\/wp\/v2\/media\/9076"}],"wp:attachment":[{"href":"https:\/\/itsm.com\/tr\/wp-json\/wp\/v2\/media?parent=4654"}],"curies":[{"name":"wp","href":"https:\/\/api.w.org\/{rel}","templated":true}]}}