{"id":4859,"date":"2022-07-11T16:44:36","date_gmt":"2022-07-11T13:44:36","guid":{"rendered":"https:\/\/simpleone.ru\/?page_id=4859"},"modified":"2024-08-08T13:03:39","modified_gmt":"2024-08-08T10:03:39","slug":"become-a-partner","status":"publish","type":"page","link":"https:\/\/itsm.com\/tr\/become-a-partner\/","title":{"rendered":"Ortak olun"},"content":{"rendered":"[block type=&#8221;&#8221;]<\/p>\n<h2>Bizimle \u00e7al\u0131\u015fman\u0131n faydalar\u0131<\/h2>\n<p>   [features] [card type=&#8221;&#8221; title=&#8221;H\u0131zl\u0131 Ba\u015flang\u0131\u00e7&#8221; icon=&#8221;\/wp-content\/uploads\/2022\/07\/icon_32x32_capacity.svg&#8221; col=&#8221;3&#8243;]E\u011fitim ve sertifikasyon, bilgi taban\u0131na ve vakalara eri\u015fim sa\u011fl\u0131yoruz.[\/card]\n[card type=&#8221;&#8221; title=&#8221;Uzman deste\u011fi&#8221; icon=&#8221;\/wp-content\/uploads\/2022\/07\/icon_32x32_direction-adjustment-three.svg&#8221; col=&#8221;3&#8243;]\u00d6n sat\u0131\u015flara kat\u0131l\u0131yor, ortak pazarlama faaliyetleri y\u00fcr\u00fct\u00fcyor, uygulama s\u0131ras\u0131nda dan\u0131\u015fmanl\u0131k yap\u0131yoruz.[\/card]\n[card type=&#8221;&#8221; title=&#8221;Sat\u0131\u015f i\u00e7in geni\u015f f\u0131rsatlar&#8221; icon=&#8221;\/wp-content\/uploads\/2022\/07\/icon_32x32_support.svg&#8221; col=&#8221;3&#8243;]\u00c7\u00f6z\u00fcmlerimiz, farkl\u0131 departmanlar\u0131n ve farkl\u0131 i\u015f sekt\u00f6rlerinden \u015firketlerin i\u015f s\u00fcre\u00e7lerinin otomasyonu i\u00e7in uygundur.[\/card]\n   [\/features]\n   [\/block]\n","protected":false},"excerpt":{"rendered":"<p>[block type=&#8221;&#8221;] Bizimle \u00e7al\u0131\u015fman\u0131n faydalar\u0131 [features] [card type=&#8221;&#8221; title=&#8221;H\u0131zl\u0131 Ba\u015flang\u0131\u00e7&#8221; icon=&#8221;\/wp-content\/uploads\/2022\/07\/icon_32x32_capacity.svg&#8221; col=&#8221;3&#8243;]E\u011fitim ve sertifikasyon, bilgi taban\u0131na ve vakalara eri\u015fim sa\u011fl\u0131yoruz.[\/card] [card type=&#8221;&#8221; title=&#8221;Uzman deste\u011fi&#8221; icon=&#8221;\/wp-content\/uploads\/2022\/07\/icon_32x32_direction-adjustment-three.svg&#8221; col=&#8221;3&#8243;]\u00d6n sat\u0131\u015flara kat\u0131l\u0131yor, ortak pazarlama faaliyetleri y\u00fcr\u00fct\u00fcyor, uygulama s\u0131ras\u0131nda dan\u0131\u015fmanl\u0131k yap\u0131yoruz.[\/card] [card type=&#8221;&#8221; title=&#8221;Sat\u0131\u015f i\u00e7in geni\u015f f\u0131rsatlar&#8221; icon=&#8221;\/wp-content\/uploads\/2022\/07\/icon_32x32_support.svg&#8221; col=&#8221;3&#8243;]\u00c7\u00f6z\u00fcmlerimiz, farkl\u0131 departmanlar\u0131n ve farkl\u0131 i\u015f sekt\u00f6rlerinden \u015firketlerin i\u015f s\u00fcre\u00e7lerinin otomasyonu i\u00e7in [&hellip;]<\/p>\n","protected":false},"author":41,"featured_media":0,"parent":0,"menu_order":0,"comment_status":"closed","ping_status":"closed","template":"","meta":[],"yoast_head":"<title>Ortak olun SimpleOne<\/title>\n<meta name=\"robots\" content=\"index, follow, max-snippet:-1, max-image-preview:large, max-video-preview:-1\" \/>\n<meta property=\"og:locale\" content=\"tr_TR\" \/>\n<meta property=\"og:type\" content=\"article\" \/>\n<meta property=\"og:title\" content=\"Ortak olun SimpleOne\" \/>\n<meta property=\"og:url\" content=\"https:\/\/itsm.com\/become-a-partner\/\" \/>\n<meta property=\"og:site_name\" content=\"SimpleOne - Business Process Automation Platform\" \/>\n<meta name=\"twitter:card\" content=\"summary_large_image\" \/>\n<script type=\"application\/ld+json\" class=\"yoast-schema-graph\">{\"@context\":\"https:\/\/schema.org\",\"@graph\":[{\"@type\":\"Organization\",\"@id\":\"https:\/\/itsm.com\/#organization\",\"name\":\"SimpleOne\",\"url\":\"https:\/\/itsm.com\/\",\"sameAs\":[],\"logo\":{\"@type\":\"ImageObject\",\"@id\":\"https:\/\/itsm.com\/#logo\",\"inLanguage\":\"tr\",\"url\":\"\/wp-content\/uploads\/2023\/11\/main_logo-1.png\",\"contentUrl\":\"\/wp-content\/uploads\/2023\/11\/main_logo-1.png\",\"width\":166,\"height\":23,\"caption\":\"SimpleOne\"},\"image\":{\"@id\":\"https:\/\/itsm.com\/#logo\"}},{\"@type\":\"WebSite\",\"@id\":\"https:\/\/itsm.com\/#website\",\"url\":\"https:\/\/itsm.com\/\",\"name\":\"SimpleOne - Business Process Automation Platform\",\"description\":\"\u3164\",\"publisher\":{\"@id\":\"https:\/\/itsm.com\/#organization\"},\"inLanguage\":\"tr\"},{\"@type\":\"WebPage\",\"@id\":\"https:\/\/itsm.com\/become-a-partner\/#webpage\",\"url\":\"https:\/\/itsm.com\/become-a-partner\/\",\"name\":\"Ortak olun SimpleOne\",\"isPartOf\":{\"@id\":\"https:\/\/itsm.com\/#website\"},\"datePublished\":\"2022-07-11T13:44:36+00:00\",\"dateModified\":\"2024-08-08T10:03:39+00:00\",\"description\":\"[:en]Become a SimpleOne partner and earn high revenue from the sale of advanced ITSM and ESM solutions.[:pb]Torne-se um parceiro da SimpleOne e obtenha uma alta receita com a venda de solu\u00e7\u00f5es avan\u00e7adas de ITSM e ESM.\",\"breadcrumb\":{\"@id\":\"https:\/\/itsm.com\/become-a-partner\/#breadcrumb\"},\"inLanguage\":\"tr\",\"potentialAction\":[{\"@type\":\"ReadAction\",\"target\":[\"https:\/\/itsm.com\/become-a-partner\/\"]}]},{\"@type\":\"BreadcrumbList\",\"@id\":\"https:\/\/itsm.com\/become-a-partner\/#breadcrumb\",\"itemListElement\":[{\"@type\":\"ListItem\",\"position\":1,\"name\":\"Home\",\"item\":\"https:\/\/itsm.com\/\"},{\"@type\":\"ListItem\",\"position\":2,\"name\":\"Become a partner\"}]}]}<\/script>","yoast_head_json":{"title":"Ortak olun SimpleOne","robots":{"index":"index","follow":"follow","max-snippet":"max-snippet:-1","max-image-preview":"max-image-preview:large","max-video-preview":"max-video-preview:-1"},"og_locale":"tr_TR","og_type":"article","og_title":"Ortak olun SimpleOne","og_url":"https:\/\/itsm.com\/become-a-partner\/","og_site_name":"SimpleOne - Business Process Automation Platform","twitter_card":"summary_large_image","schema":{"@context":"https:\/\/schema.org","@graph":[{"@type":"Organization","@id":"https:\/\/itsm.com\/#organization","name":"SimpleOne","url":"https:\/\/itsm.com\/","sameAs":[],"logo":{"@type":"ImageObject","@id":"https:\/\/itsm.com\/#logo","inLanguage":"tr","url":"\/wp-content\/uploads\/2023\/11\/main_logo-1.png","contentUrl":"\/wp-content\/uploads\/2023\/11\/main_logo-1.png","width":166,"height":23,"caption":"SimpleOne"},"image":{"@id":"https:\/\/itsm.com\/#logo"}},{"@type":"WebSite","@id":"https:\/\/itsm.com\/#website","url":"https:\/\/itsm.com\/","name":"SimpleOne - Business Process Automation Platform","description":"\u3164","publisher":{"@id":"https:\/\/itsm.com\/#organization"},"inLanguage":"tr"},{"@type":"WebPage","@id":"https:\/\/itsm.com\/become-a-partner\/#webpage","url":"https:\/\/itsm.com\/become-a-partner\/","name":"Ortak olun SimpleOne","isPartOf":{"@id":"https:\/\/itsm.com\/#website"},"datePublished":"2022-07-11T13:44:36+00:00","dateModified":"2024-08-08T10:03:39+00:00","description":"[:en]Become a SimpleOne partner and earn high revenue from the sale of advanced ITSM and ESM solutions.[:pb]Torne-se um parceiro da SimpleOne e obtenha uma alta receita com a venda de solu\u00e7\u00f5es avan\u00e7adas de ITSM e ESM.","breadcrumb":{"@id":"https:\/\/itsm.com\/become-a-partner\/#breadcrumb"},"inLanguage":"tr","potentialAction":[{"@type":"ReadAction","target":["https:\/\/itsm.com\/become-a-partner\/"]}]},{"@type":"BreadcrumbList","@id":"https:\/\/itsm.com\/become-a-partner\/#breadcrumb","itemListElement":[{"@type":"ListItem","position":1,"name":"Home","item":"https:\/\/itsm.com\/"},{"@type":"ListItem","position":2,"name":"Become a partner"}]}]}},"acf":[],"_links":{"self":[{"href":"https:\/\/itsm.com\/tr\/wp-json\/wp\/v2\/pages\/4859"}],"collection":[{"href":"https:\/\/itsm.com\/tr\/wp-json\/wp\/v2\/pages"}],"about":[{"href":"https:\/\/itsm.com\/tr\/wp-json\/wp\/v2\/types\/page"}],"author":[{"embeddable":true,"href":"https:\/\/itsm.com\/tr\/wp-json\/wp\/v2\/users\/41"}],"replies":[{"embeddable":true,"href":"https:\/\/itsm.com\/tr\/wp-json\/wp\/v2\/comments?post=4859"}],"version-history":[{"count":3,"href":"https:\/\/itsm.com\/tr\/wp-json\/wp\/v2\/pages\/4859\/revisions"}],"predecessor-version":[{"id":9634,"href":"https:\/\/itsm.com\/tr\/wp-json\/wp\/v2\/pages\/4859\/revisions\/9634"}],"wp:attachment":[{"href":"https:\/\/itsm.com\/tr\/wp-json\/wp\/v2\/media?parent=4859"}],"curies":[{"name":"wp","href":"https:\/\/api.w.org\/{rel}","templated":true}]}}