{"id":5381,"date":"2022-09-28T18:15:05","date_gmt":"2022-09-28T15:15:05","guid":{"rendered":"https:\/\/simpleone.ru\/?page_id=5381"},"modified":"2024-10-01T16:23:07","modified_gmt":"2024-10-01T13:23:07","slug":"shared-services-center","status":"publish","type":"page","link":"https:\/\/itsm.com\/tr\/solutions\/shared-services-center\/","title":{"rendered":"Otomasyon SSC"},"content":{"rendered":"[block]<\/p>\n<div class=\"left-aligned-block\">\n<ul class=\"list list--def list--text\">\n<li>Payla\u015f\u0131lan Hizmetler Merkezi (SSC), b\u00fcy\u00fck bir \u015firketin veya bir \u015firketler grubunun yap\u0131s\u0131nda, t\u00fcm kurulu\u015fun yard\u0131mc\u0131 i\u015f s\u00fcre\u00e7lerini y\u00fcr\u00fctmek i\u00e7in olu\u015fturulan bir alt b\u00f6l\u00fcmd\u00fcr: muhasebe, personel y\u00f6netimi, \u0130K y\u00f6netimi, BT hizmeti vb.<\/li>\n<li>SSM, i\u00e7 m\u00fc\u015fteriler i\u00e7in bir hizmet merkezi olarak hareket eder ve belirli hizmet seviyesi anla\u015fmalar\u0131 (<a href=\"https:\/\/simpleone.ru\/glossary\/service-level-agreement\/\">SLA<\/a>) \u00e7er\u00e7evesinde i\u015flev g\u00f6r\u00fcr.\n<\/ul>\n<\/div>\n<p>   [\/block]\n<p>   [block type=&#8221;pink&#8221;]<\/p>\n<div class=\"bigger-text left-aligned-block\"> SSC&#8217;nizi otomatikle\u015ftirmek i\u00e7in kapsaml\u0131 bir \u00e7\u00f6z\u00fcm uygulayarak hizmet seviyelerini ve hizmet sunumunu iyile\u015ftirin<\/div>\n<div class=\"product-promo__btn\"> <button class=\"btn btn btn--white btn--center btn--wide\" data-toggle=\"modal\" data-target=\"#default_popup\" data-title=\" Sipari\u015f Demosu\" data-id=\"demo-modal\">Sipari\u015f Demosu<\/button><\/div>\n<p>   [\/block]\n<p>   [block]\n<h2>SimpleOne&#8217;\u0131n ESM platformunun yetenekleri<\/h2>\n[slider count=&#8221;2&#8243;][slider_item][card_slider icon = &#8220;\/wp-content\/uploads\/2022\/03\/icon_32x32_request.svg&#8221; title=&#8221;Karma\u015f\u0131k otomasyon&#8221; content=&#8221;SimpleOne platformu, farkl\u0131 departmanlar i\u00e7in tek bir bilgi sistemi uygulayarak SSC&#8217;nin t\u00fcm i\u015f s\u00fcre\u00e7lerinin otomatikle\u015ftirilmesini sa\u011flar. Bu, farkl\u0131 BT \u00e7\u00f6z\u00fcmlerinin kullan\u0131m\u0131n\u0131 ortadan kald\u0131racak ve \u00absistemler hayvanat bah\u00e7esi\u00bb sorununu \u00e7\u00f6zecektir.&#8221;][\/card_slider][\/slider_item]\n[slider_item][card_slider icon = &#8220;\/wp-content\/uploads\/2022\/09\/icon_32x32_i-mac.svg&#8221; title=&#8221;Hizmetlere eri\u015fim i\u00e7in tek ileti\u015fim noktas\u0131&#8221; content=&#8221;SimpleOne, t\u00fcm SSC kullan\u0131c\u0131lar\u0131 i\u00e7in tek bir ileti\u015fim noktas\u0131 d\u00fczenlemenize olanak tan\u0131r. Kullan\u0131c\u0131lar, \u0130K, muhasebeciler veya avukatlar taraf\u0131ndan kullan\u0131lan ayr\u0131 programlar arac\u0131l\u0131\u011f\u0131yla hizmetlere ba\u015fvurmak zorunda kalmayacaklar. T\u00fcm SSC hizmetlerine 7\/24 eri\u015fim sa\u011flayan tek bir portal \u00fczerinden ihtiya\u00e7lar\u0131n\u0131 kar\u015f\u0131layabilecekler.&#8221;][\/card_slider][\/slider_item]\n[slider_item][card_slider icon = &#8220;\/wp-content\/uploads\/2022\/03\/icon_32x32_bell.svg&#8221; title=&#8221;Taleplerin \u00e7ok kanall\u0131 ortamda al\u0131nmas\u0131&#8221; content=&#8221;ESM-platformu SimpleOne, \u00e7ok kanall\u0131 ileti\u015fim ortam\u0131 sa\u011flamaya olanak tan\u0131r. SGM kullan\u0131c\u0131lar\u0131, SGM&#8217;ye itirazda bulunmak i\u00e7in uygun bir ileti\u015fim kanal\u0131 (telefon, posta, self-servis portal\u0131, mesajla\u015fma programlar\u0131) se\u00e7ebilecekler.&#8221;][\/card_slider][\/slider_item]\n[slider_item][card_slider icon = &#8220;\/wp-content\/uploads\/2022\/03\/icon_32x32_portal.svg&#8221; title=&#8221;Raporlar olu\u015fturma ve g\u00f6sterge tablolar\u0131 olu\u015fturma&#8221; content=&#8221;ESM-platformu SimpleOne, SSC&#8217;lerin performans g\u00f6stergelerini (KPI) izlemenize, y\u00f6netim kararlar\u0131 i\u00e7in gerekli raporlar\u0131 ve g\u00f6sterge tablolar\u0131n\u0131 olu\u015fturman\u0131za olanak tan\u0131r.&#8221;][\/card_slider][\/slider_item][\/slider]\n   [\/block]\n<p>   [block type=&#8221;gray&#8221;]<\/p>\n<h2>SimpleOne&#8217;\u0131n ESM platformunun faydalar\u0131<\/h2>\n<p>   [features]\n[card type=&#8221;montserrat&#8221; title=&#8221;Y\u00fcksek performans&#8221; icon=&#8221;\/wp-content\/uploads\/2022\/03\/icon_32x32_gear.svg&#8221; col=&#8221;3&#8243;]SimpleOne platformu, y\u00fcksek i\u015f y\u00fcklerini destekleyerek \u00e7ok say\u0131da kullan\u0131c\u0131n\u0131n ayn\u0131 anda \u00e7al\u0131\u015ft\u0131\u011f\u0131 durumlarda h\u0131zl\u0131 performans sa\u011flar.[\/card]\n[card type=&#8221;montserrat&#8221; title=&#8221;Esnek \u00f6zelle\u015ftirme&#8221; icon=&#8221;\/wp-content\/uploads\/2022\/03\/icon_32x32_dashboard.svg&#8221; col=&#8221;3&#8243;]SimpleOne, yerle\u015fik \u0130\u015f Ak\u0131\u015f\u0131 edit\u00f6r\u00fc ile belirli bir SSC&#8217;nin farkl\u0131 g\u00f6revlerine ve \u00f6zelliklerine uyum sa\u011flayarak belge y\u00f6nlendirme, g\u00f6rev y\u00f6netimi, durum y\u00f6netimi ve olay bildiriminin esnek bir \u015fekilde \u00f6zelle\u015ftirilmesine olanak tan\u0131r.[\/card]\n[card type=&#8221;montserrat&#8221; title=&#8221;H\u0131zl\u0131 uygulama&#8221; icon=&#8221;\/wp-content\/uploads\/2022\/03\/frame-95.svg&#8221; col=&#8221;3&#8243;]No-, Low- ve <a href=\"https:\/\/simpleone.ru\/glossary\/pro-code\/\">Pro Code<\/a> ara\u00e7lar\u0131 ve haz\u0131r ESM entegrasyon mekanizmalar\u0131 sayesinde, SimpleOne ESM platformu bir SSC&#8217;nin BT altyap\u0131s\u0131na h\u0131zl\u0131 bir \u015fekilde dahil edilebilir ve herhangi bir yaz\u0131l\u0131mla entegre edilebilir: ERP sistemleri, EDMS, e-posta, end\u00fcstri \u00e7\u00f6z\u00fcmleri.[\/card]\n   [\/features]\n   [\/block]\n<p>   [block]\n<h2>SSM&#8217;lerde SimpleOne ESM-platformunun uygulanmas\u0131n\u0131n etkisi<\/h2>\n<p>   [features]\n[card type=&#8221;montserrat&#8221; title=&#8221;&#8221; icon=&#8221;\/wp-content\/uploads\/2022\/09\/icon_32x32_growth-1.svg&#8221; col=&#8221;6&#8243;]Rutin s\u00fcre\u00e7lerin otomasyonu yoluyla SSC uzmanlar\u0131n\u0131n i\u015fg\u00fcc\u00fc verimlili\u011finin ve memnuniyetinin art\u0131r\u0131lmas\u0131[\/card]\n[card type=&#8221;montserrat&#8221; title=&#8221;&#8221; icon=&#8221;\/wp-content\/uploads\/2022\/09\/icon_32x32_rocket.svg&#8221; col=&#8221;6&#8243;]SGM uzmanlar\u0131 ile sistematik ve d\u00fczenli etkile\u015fim sayesinde artan kullan\u0131c\u0131 memnuniyeti[\/card]\n[card type=&#8221;montserrat&#8221; title=&#8221;&#8221; icon=&#8221;\/wp-content\/uploads\/2022\/09\/icon_32x32_clock.svg&#8221; col=&#8221;6&#8243;]Merkezi kay\u0131t, kontrol ve hedef standartlara uyum yoluyla taleplerin i\u015flenme kalitesini ve h\u0131z\u0131n\u0131 art\u0131rmak[\/card]\n[card type=&#8221;montserrat&#8221; title=&#8221;&#8221; icon=&#8221;\/wp-content\/uploads\/2022\/09\/icon_32x32_smile.svg&#8221; col=&#8221;6&#8243;]T\u00fcm hizmet s\u00fcre\u00e7lerinde u\u00e7tan uca raporlama yoluyla iyile\u015ftirilmi\u015f y\u00f6netilebilirlik[\/card]\n[card type=&#8221;montserrat&#8221; title=&#8221;&#8221; icon=&#8221;\/wp-content\/uploads\/2022\/09\/icon_32x32_kpi-1.svg&#8221; col=&#8221;6&#8243;]Birim zamanda daha fazla talep i\u015fleyerek maliyetleri azalt\u0131n[\/card]\n[card type=&#8221;montserrat&#8221; title=&#8221;&#8221; icon=&#8221;\/wp-content\/uploads\/2022\/09\/icon_32x32_coins.svg&#8221; col=&#8221;6&#8243;]&#8221;Sistem hayvanat bah\u00e7esini&#8221; ortadan kald\u0131rarak ve BT altyap\u0131s\u0131n\u0131 basitle\u015ftirerek BT bak\u0131m maliyetlerini azalt\u0131n[\/card]\n   [\/features]\n   [\/block]\n<p>   [block type=&#8221;gray&#8221;]<\/p>\n<h2>SimpleOne&#8217;\u0131n ESM platformunda SSC otomasyonu hakk\u0131nda yorumlar<\/h2>\n[slider count=&#8221;1&#8243;][slider_item] [card_reviews img= &#8220;\/wp-content\/uploads\/2022\/08\/inna-yakunina-1024&#215;1024-1.webp&#8221; name=&#8221;Inna Yakunina&#8221; subtitle=&#8221;Lorus Labs Ltd. Kurumsal Sistemler Ba\u015fkan\u0131.&#8221; link=&#8221;#&#8221;]&#8221;SSC&#8217;nin personel prosed\u00fcrlerini otomatikle\u015ftirirken dikkate al\u0131nmas\u0131 gereken \u00f6nemli noktalar &#8211; ki\u015fisel verilerin korunmas\u0131na ili\u015fkin 152-FZ say\u0131l\u0131 yasaya uyum ve verilere eri\u015fim haklar\u0131n\u0131n s\u0131n\u0131rland\u0131r\u0131lmas\u0131 (herkesin \u00e7al\u0131\u015fanlar\u0131n hastal\u0131klar\u0131, maa\u015flar\u0131 vb. hakk\u0131ndaki bilgilere eri\u015fimi olmamal\u0131d\u0131r). Bu gereklilikler bir\u00e7ok otomasyon sistemi i\u00e7in bir zorluk haline gelmektedir. SimpleOne platformunun esnek rol modeli bununla ba\u015fa \u00e7\u0131kmay\u0131 m\u00fcmk\u00fcn k\u0131ld\u0131.&#8221; [\/card_reviews] [\/slider_item]\n[slider_item] [card_reviews img= &#8220;\/wp-content\/uploads\/2022\/09\/rustem-iskakov.webp&#8221; name=&#8221;Rustem Iskakov&#8221; subtitle=&#8221;Lorus Labs LLC CEO&#8217;su&#8221; link=&#8221;#&#8221;]&#8221;SSC&#8217;nin otomasyonu i\u00e7in SimpleOne platformunu se\u00e7memizin en \u00f6nemli nedenlerinden biri, bir demo stand\u0131 olu\u015fturmak ve bu platformdaki s\u00fcre\u00e7lerden biri olan bir \u00e7al\u0131\u015fan\u0131n i\u015fe al\u0131nmas\u0131 konusunda tam tan\u0131t\u0131m yapmakt\u0131. Bunu &#8220;hissetti\u011fimizde&#8221; ve kullan\u0131c\u0131lar i\u00e7in nas\u0131l organize edilece\u011fini fark etti\u011fimizde, hi\u00e7 \u015f\u00fcphemiz yoktu. &#8220;Fiyat &#8211; kalite &#8211; kolayl\u0131k&#8221; oran\u0131nda SimpleOne kazand\u0131.&#8221; [\/card_reviews] [\/slider_item][\/slider]\n   [\/block]\n","protected":false},"excerpt":{"rendered":"<p>SSC&#8217;nin SimpleOne platformunda otomasyonu, t\u00fcm hizmetlere eri\u015fim i\u00e7in tek bir pencere olu\u015fturmaya ve farkl\u0131 departmanlar\u0131n \u00e7al\u0131\u015fmalar\u0131n\u0131 tek bir dijital ortamda sistematik hale getirmeye olanak tan\u0131r.<\/p>\n","protected":false},"author":41,"featured_media":9076,"parent":4687,"menu_order":0,"comment_status":"closed","ping_status":"closed","template":"","meta":[],"yoast_head":"<title>SimpleOne platformunda SSC otomasyonu: farkl\u0131 departmanlar\u0131n \u00e7al\u0131\u015fmalar\u0131n\u0131n tek bir dijital ortamda sistemle\u015ftirilmesi<\/title>\n<meta name=\"description\" content=\"SSC otomasyonu, t\u00fcm hizmetlere eri\u015fimin tek bir pencerede sa\u011flanmas\u0131na ve farkl\u0131 departmanlar\u0131n \u00e7al\u0131\u015fmalar\u0131n\u0131n tek bir dijital ortamda sistematize edilmesine olanak tan\u0131r.\" \/>\n<meta name=\"robots\" content=\"index, follow, max-snippet:-1, max-image-preview:large, max-video-preview:-1\" \/>\n<meta property=\"og:locale\" content=\"tr_TR\" \/>\n<meta property=\"og:type\" content=\"article\" \/>\n<meta property=\"og:title\" content=\"SimpleOne platformunda SSC otomasyonu: farkl\u0131 departmanlar\u0131n \u00e7al\u0131\u015fmalar\u0131n\u0131n tek bir dijital ortamda sistemle\u015ftirilmesi\" \/>\n<meta property=\"og:description\" content=\"SSC otomasyonu, t\u00fcm hizmetlere eri\u015fimin tek bir pencerede sa\u011flanmas\u0131na ve farkl\u0131 departmanlar\u0131n \u00e7al\u0131\u015fmalar\u0131n\u0131n tek bir dijital ortamda sistematize edilmesine olanak tan\u0131r.\" \/>\n<meta property=\"og:url\" content=\"https:\/\/itsm.com\/solutions\/shared-services-center\/\" \/>\n<meta property=\"og:site_name\" content=\"SimpleOne - Business Process Automation Platform\" \/>\n<meta name=\"twitter:card\" content=\"summary_large_image\" \/>\n<meta name=\"twitter:image\" content=\"https:\/\/itsm.com\/wp-content\/uploads\/2024\/06\/first-img.png.webp\" \/>\n<script type=\"application\/ld+json\" class=\"yoast-schema-graph\">{\"@context\":\"https:\/\/schema.org\",\"@graph\":[{\"@type\":\"Organization\",\"@id\":\"https:\/\/itsm.com\/#organization\",\"name\":\"SimpleOne\",\"url\":\"https:\/\/itsm.com\/\",\"sameAs\":[],\"logo\":{\"@type\":\"ImageObject\",\"@id\":\"https:\/\/itsm.com\/#logo\",\"inLanguage\":\"tr\",\"url\":\"\/wp-content\/uploads\/2023\/11\/main_logo-1.png\",\"contentUrl\":\"\/wp-content\/uploads\/2023\/11\/main_logo-1.png\",\"width\":166,\"height\":23,\"caption\":\"SimpleOne\"},\"image\":{\"@id\":\"https:\/\/itsm.com\/#logo\"}},{\"@type\":\"WebSite\",\"@id\":\"https:\/\/itsm.com\/#website\",\"url\":\"https:\/\/itsm.com\/\",\"name\":\"SimpleOne - Business Process Automation Platform\",\"description\":\"\u3164\",\"publisher\":{\"@id\":\"https:\/\/itsm.com\/#organization\"},\"inLanguage\":\"tr\"},{\"@type\":\"ImageObject\",\"@id\":\"https:\/\/itsm.com\/solutions\/shared-services-center\/#primaryimage\",\"inLanguage\":\"tr\",\"url\":\"\/wp-content\/uploads\/2024\/06\/first-img.png.webp\",\"contentUrl\":\"\/wp-content\/uploads\/2024\/06\/first-img.png.webp\",\"width\":871,\"height\":1084},{\"@type\":\"WebPage\",\"@id\":\"https:\/\/itsm.com\/solutions\/shared-services-center\/#webpage\",\"url\":\"https:\/\/itsm.com\/solutions\/shared-services-center\/\",\"name\":\"[:en]SSC automation on the SimpleOne platform: systematization of work of different departments in a single digital environment[:pb]Automa\u00e7\u00e3o de SSC na plataforma SimpleOne: sistematiza\u00e7\u00e3o do trabalho de diferentes departamentos em um \u00fanico ambiente digital[:tr]SimpleOne platformunda SSC otomasyonu: farkl\u0131 departmanlar\u0131n \u00e7al\u0131\u015fmalar\u0131n\u0131n tek bir dijital ortamda sistemle\u015ftirilmesi\",\"isPartOf\":{\"@id\":\"https:\/\/itsm.com\/#website\"},\"primaryImageOfPage\":{\"@id\":\"https:\/\/itsm.com\/solutions\/shared-services-center\/#primaryimage\"},\"datePublished\":\"2022-09-28T15:15:05+00:00\",\"dateModified\":\"2024-10-01T13:23:07+00:00\",\"description\":\"[:en]Automation of the SSC allows creating a single window for access to all services and systematizing the work of different departments in a single digital environment.[:pb]A automa\u00e7\u00e3o do CSC permite criar uma janela \u00fanica de acesso a todos os servi\u00e7os e sistematizar o trabalho de diferentes departamentos em um \u00fanico ambiente digital.[:tr]SSC otomasyonu, t\u00fcm hizmetlere eri\u015fimin tek bir pencerede sa\u011flanmas\u0131na ve farkl\u0131 departmanlar\u0131n \u00e7al\u0131\u015fmalar\u0131n\u0131n tek bir dijital ortamda sistematize edilmesine olanak tan\u0131r.\",\"breadcrumb\":{\"@id\":\"https:\/\/itsm.com\/solutions\/shared-services-center\/#breadcrumb\"},\"inLanguage\":\"tr\",\"potentialAction\":[{\"@type\":\"ReadAction\",\"target\":[\"https:\/\/itsm.com\/solutions\/shared-services-center\/\"]}]},{\"@type\":\"BreadcrumbList\",\"@id\":\"https:\/\/itsm.com\/solutions\/shared-services-center\/#breadcrumb\",\"itemListElement\":[{\"@type\":\"ListItem\",\"position\":1,\"name\":\"Home\",\"item\":\"https:\/\/itsm.com\/\"},{\"@type\":\"ListItem\",\"position\":2,\"name\":\"Solutions\",\"item\":\"https:\/\/itsm.com\/solutions\/\"},{\"@type\":\"ListItem\",\"position\":3,\"name\":\"Automation SSC\"}]}]}<\/script>","yoast_head_json":{"title":"[:en]SSC automation on the SimpleOne platform: systematization of work of different departments in a single digital environment[:pb]Automa\u00e7\u00e3o de SSC na plataforma SimpleOne: sistematiza\u00e7\u00e3o do trabalho de diferentes departamentos em um \u00fanico ambiente digital[:tr]SimpleOne platformunda SSC otomasyonu: farkl\u0131 departmanlar\u0131n \u00e7al\u0131\u015fmalar\u0131n\u0131n tek bir dijital ortamda sistemle\u015ftirilmesi","description":"SSC otomasyonu, t\u00fcm hizmetlere eri\u015fimin tek bir pencerede sa\u011flanmas\u0131na ve farkl\u0131 departmanlar\u0131n \u00e7al\u0131\u015fmalar\u0131n\u0131n tek bir dijital ortamda sistematize edilmesine olanak tan\u0131r.","robots":{"index":"index","follow":"follow","max-snippet":"max-snippet:-1","max-image-preview":"max-image-preview:large","max-video-preview":"max-video-preview:-1"},"og_locale":"tr_TR","og_type":"article","og_title":"SimpleOne platformunda SSC otomasyonu: farkl\u0131 departmanlar\u0131n \u00e7al\u0131\u015fmalar\u0131n\u0131n tek bir dijital ortamda sistemle\u015ftirilmesi","og_description":"SSC otomasyonu, t\u00fcm hizmetlere eri\u015fimin tek bir pencerede sa\u011flanmas\u0131na ve farkl\u0131 departmanlar\u0131n \u00e7al\u0131\u015fmalar\u0131n\u0131n tek bir dijital ortamda sistematize edilmesine olanak tan\u0131r.","og_url":"https:\/\/itsm.com\/solutions\/shared-services-center\/","og_site_name":"SimpleOne - Business Process Automation Platform","twitter_card":"summary_large_image","twitter_image":"https:\/\/itsm.com\/wp-content\/uploads\/2024\/06\/first-img.png.webp","schema":{"@context":"https:\/\/schema.org","@graph":[{"@type":"Organization","@id":"https:\/\/itsm.com\/#organization","name":"SimpleOne","url":"https:\/\/itsm.com\/","sameAs":[],"logo":{"@type":"ImageObject","@id":"https:\/\/itsm.com\/#logo","inLanguage":"tr","url":"\/wp-content\/uploads\/2023\/11\/main_logo-1.png","contentUrl":"\/wp-content\/uploads\/2023\/11\/main_logo-1.png","width":166,"height":23,"caption":"SimpleOne"},"image":{"@id":"https:\/\/itsm.com\/#logo"}},{"@type":"WebSite","@id":"https:\/\/itsm.com\/#website","url":"https:\/\/itsm.com\/","name":"SimpleOne - Business Process Automation Platform","description":"\u3164","publisher":{"@id":"https:\/\/itsm.com\/#organization"},"inLanguage":"tr"},{"@type":"ImageObject","@id":"https:\/\/itsm.com\/solutions\/shared-services-center\/#primaryimage","inLanguage":"tr","url":"\/wp-content\/uploads\/2024\/06\/first-img.png.webp","contentUrl":"\/wp-content\/uploads\/2024\/06\/first-img.png.webp","width":871,"height":1084},{"@type":"WebPage","@id":"https:\/\/itsm.com\/solutions\/shared-services-center\/#webpage","url":"https:\/\/itsm.com\/solutions\/shared-services-center\/","name":"[:en]SSC automation on the SimpleOne platform: systematization of work of different departments in a single digital environment[:pb]Automa\u00e7\u00e3o de SSC na plataforma SimpleOne: sistematiza\u00e7\u00e3o do trabalho de diferentes departamentos em um \u00fanico ambiente digital[:tr]SimpleOne platformunda SSC otomasyonu: farkl\u0131 departmanlar\u0131n \u00e7al\u0131\u015fmalar\u0131n\u0131n tek bir dijital ortamda sistemle\u015ftirilmesi","isPartOf":{"@id":"https:\/\/itsm.com\/#website"},"primaryImageOfPage":{"@id":"https:\/\/itsm.com\/solutions\/shared-services-center\/#primaryimage"},"datePublished":"2022-09-28T15:15:05+00:00","dateModified":"2024-10-01T13:23:07+00:00","description":"[:en]Automation of the SSC allows creating a single window for access to all services and systematizing the work of different departments in a single digital environment.[:pb]A automa\u00e7\u00e3o do CSC permite criar uma janela \u00fanica de acesso a todos os servi\u00e7os e sistematizar o trabalho de diferentes departamentos em um \u00fanico ambiente digital.[:tr]SSC otomasyonu, t\u00fcm hizmetlere eri\u015fimin tek bir pencerede sa\u011flanmas\u0131na ve farkl\u0131 departmanlar\u0131n \u00e7al\u0131\u015fmalar\u0131n\u0131n tek bir dijital ortamda sistematize edilmesine olanak tan\u0131r.","breadcrumb":{"@id":"https:\/\/itsm.com\/solutions\/shared-services-center\/#breadcrumb"},"inLanguage":"tr","potentialAction":[{"@type":"ReadAction","target":["https:\/\/itsm.com\/solutions\/shared-services-center\/"]}]},{"@type":"BreadcrumbList","@id":"https:\/\/itsm.com\/solutions\/shared-services-center\/#breadcrumb","itemListElement":[{"@type":"ListItem","position":1,"name":"Home","item":"https:\/\/itsm.com\/"},{"@type":"ListItem","position":2,"name":"Solutions","item":"https:\/\/itsm.com\/solutions\/"},{"@type":"ListItem","position":3,"name":"Automation SSC"}]}]}},"acf":[],"_links":{"self":[{"href":"https:\/\/itsm.com\/tr\/wp-json\/wp\/v2\/pages\/5381"}],"collection":[{"href":"https:\/\/itsm.com\/tr\/wp-json\/wp\/v2\/pages"}],"about":[{"href":"https:\/\/itsm.com\/tr\/wp-json\/wp\/v2\/types\/page"}],"author":[{"embeddable":true,"href":"https:\/\/itsm.com\/tr\/wp-json\/wp\/v2\/users\/41"}],"replies":[{"embeddable":true,"href":"https:\/\/itsm.com\/tr\/wp-json\/wp\/v2\/comments?post=5381"}],"version-history":[{"count":4,"href":"https:\/\/itsm.com\/tr\/wp-json\/wp\/v2\/pages\/5381\/revisions"}],"predecessor-version":[{"id":9629,"href":"https:\/\/itsm.com\/tr\/wp-json\/wp\/v2\/pages\/5381\/revisions\/9629"}],"up":[{"embeddable":true,"href":"https:\/\/itsm.com\/tr\/wp-json\/wp\/v2\/pages\/4687"}],"wp:featuredmedia":[{"embeddable":true,"href":"https:\/\/itsm.com\/tr\/wp-json\/wp\/v2\/media\/9076"}],"wp:attachment":[{"href":"https:\/\/itsm.com\/tr\/wp-json\/wp\/v2\/media?parent=5381"}],"curies":[{"name":"wp","href":"https:\/\/api.w.org\/{rel}","templated":true}]}}