{"id":6039,"date":"2023-04-10T17:31:22","date_gmt":"2023-04-10T14:31:22","guid":{"rendered":"https:\/\/simpleone.ru\/?page_id=6039"},"modified":"2024-10-01T16:12:15","modified_gmt":"2024-10-01T13:12:15","slug":"itam","status":"publish","type":"page","link":"https:\/\/itsm.com\/tr\/itam\/","title":{"rendered":"SimpleOne ITAM"},"content":{"rendered":"[block type=&#8221;pink&#8221;]<\/p>\n<div class=\"bigger-text left-aligned-block\"> Donan\u0131m\u0131 optimize etmek ve BT park\u0131yla ilgili t\u00fcm g\u00fcncel bilgileri d\u00fczenlemek de dahil olmak \u00fczere BT varl\u0131klar\u0131n\u0131n ya\u015fam d\u00f6ng\u00fcleri boyunca izlenmesini ve y\u00f6netilmesini otomatikle\u015ftirin<\/div>\n<p>   [\/block]\n<p>   [block type=&#8221;gray&#8221;]<\/p>\n<h2>SimpleOne \u00e7\u00f6z\u00fcmleri halihaz\u0131rda kullan\u0131mda<\/h2>\n<p>   [customers] [\/customers]\n   [\/block]\n<p>   [block class=&#8221; &#8220;]<\/p>\n<h2>SimpleOne ITAM&#8217;in \u00d6zellikleri<\/h2>\n<p>   [features]\n[card type=&#8221;montserrat&#8221; title=&#8221;Ya\u015fam D\u00f6ng\u00fcs\u00fc Y\u00f6netimi&#8221; icon=&#8221;\/wp-content\/uploads\/2022\/03\/icon_32x32_settings.svg&#8221; col=&#8221;3&#8243;]Donan\u0131m BT varl\u0131klar\u0131n\u0131 varl\u0131k ya\u015fam d\u00f6ng\u00fcs\u00fc boyunca y\u00f6netmek i\u00e7in temel ara\u00e7lar: varl\u0131k kayd\u0131ndan silme\/imhaya kadar olan g\u00f6revler.[\/card]\n[card type=&#8221;montserrat&#8221; title=&#8221;S\u00f6zle\u015fme Y\u00f6netimi&#8221; icon=&#8221;\/wp-content\/uploads\/2022\/03\/icon_32x32_gear.svg&#8221; col=&#8221;3&#8243;]Bak\u0131m veya garanti, yeni sat\u0131n alma veya elden \u00e7\u0131karma i\u00e7in BT varl\u0131klar\u0131 i\u00e7in gerekli s\u00f6zle\u015fmeleri y\u00f6netme yetenekleri.<br \/>\n[\/card]\n[card type=&#8221;montserrat&#8221; title=&#8221;BT Varl\u0131klar\u0131 i\u00e7in Tek Pencere&#8221; icon=&#8221;\/wp-content\/uploads\/2022\/03\/icon_32x32_platform.svg&#8221; col=&#8221;3&#8243;]Envanter, BT varl\u0131k talepleriyle \u00e7al\u0131\u015fma ve depolar veya \u015fubeler aras\u0131nda ta\u015f\u0131nma dahil olmak \u00fczere t\u00fcm BT varl\u0131klar\u0131na ili\u015fkin g\u00f6revleri tek bir sistemde g\u00f6rselle\u015ftirme becerisi.[\/card]\n[card type=&#8221;montserrat&#8221; title=&#8221;ITSM Connector &#8211; ITAM&#8221; icon=&#8221;\/wp-content\/uploads\/2022\/03\/icon_32x32_changes.svg&#8221; col=&#8221;3&#8243;]<a href=\"\/itsm?utm_source=page_itam\">SimpleOne ITSM<\/a> ile, varl\u0131klarla ilgili ITSM \u00e7a\u011fr\u0131 ve hizmet talebi s\u00fcre\u00e7lerini ITAM g\u00f6revleriyle birbirine ba\u011flamak i\u00e7in sorunsuz entegrasyon m\u00fcmk\u00fcnd\u00fcr.[\/card]\n[card type=&#8221;montserrat&#8221; title=&#8221;Finansal Muhasebe&#8221; icon=&#8221;\/wp-content\/uploads\/2022\/03\/icon_32x32_platform.svg&#8221; col=&#8221;3&#8243;]Varl\u0131klara ili\u015fkin finansal ak\u0131\u015flar\u0131n ya\u015fam d\u00f6ng\u00fcleri boyunca \u015feffaf bir \u015fekilde planlanmas\u0131 ve kontrol edilmesi finansal riskleri azaltacak ve b\u00fct\u00e7eleri optimize edecektir.[\/card]\n[card type=&#8221;montserrat&#8221; title=&#8221;&#8221; col=&#8221;3&#8243;]<\/p>\n<div class=\"product-promo__btn\">     <button class=\"btn btn--pink btn--center btn--wide\" data-toggle=\"modal\"      data-target=\"#consult_popup\" data-title=\"  Dan\u0131\u015fma al\u0131n\" data-id=\"consult-modal\" >Dan\u0131\u015fma al\u0131n<\/button><\/div>\n<p>[\/card]\n   [\/features]\n   [\/block]\n<p>   [block class=&#8221; &#8221; pt-0 &#8220;]<\/p>\n<div class=\"flex-row flex-row--fw\">\n<div class=\"col col-lg-6\">\n<h2>D\u00fc\u015f\u00fck kodlu bir platform \u00fczerine in\u015fa edilmi\u015f ITAM sistemi<\/h2>\n<\/div>\n<div class=\"col col-lg-6 mb-20\">\n<div class=\"feature-item__descr\">\n<p><b>\u0130\u015f Uygulamalar\u0131<\/b><br \/>\nPlatform ara\u00e7lar\u0131 kullan\u0131larak olu\u015fturulan ve platform taraf\u0131ndan sa\u011flanan bir ortamda y\u00fcr\u00fct\u00fclen uygulamalar. Uygulamalar platform ara\u00e7lar\u0131 ile \u00f6zelle\u015ftirilebilir ve \u00f6l\u00e7eklendirilebilir.<\/p>\n<p><b>ESM &#8211; platform (Kurumsal Hizmet Y\u00f6netimi)<\/b><br \/>\nESM yakla\u015f\u0131m\u0131n\u0131 \u00f6l\u00e7eklendirmek i\u00e7in bir dizi hizmet arac\u0131 ve uygulamas\u0131.<\/p>\n<p><b>LCAP (D\u00fc\u015f\u00fck Kod Uygulama Platformu)<\/b><br \/>\nMinimum kod kullan\u0131m\u0131 ile uygulama geli\u015ftirmeye y\u00f6nelik bir platform.<\/p>\n<\/div>\n<\/div>\n<div><\/div>\n<\/div>\n<div><a href=\"\/wp-content\/uploads\/2024\/06\/scheme_site_so_png.png\" data-fancybox=\"\"><img loading=\"lazy\" class=\"https:\/\/simpleone.ru\/wp-image-9314 size-full aligncenter\" src=\"\/wp-content\/uploads\/2024\/06\/scheme_site_so_png.png\" alt=\"SimpleOne Platformu - Sat\u0131c\u0131 m\u00fcdahalesi olmadan i\u015f uygulamalar\u0131n\u0131n kendi kendine geli\u015ftirilmesi i\u00e7in d\u00fc\u015f\u00fck kodlu olu\u015fturucu\" width=\"1000\" height=\"800\" \/><\/a><\/div>\n<p>   [\/block]\n<p>   [block type=&#8221;gray&#8221;]<\/p>\n<h2>SimpleOne ITAM uygulamas\u0131n\u0131n faydalar\u0131<\/h2>\n<p>   [features]\n[card type=&#8221;background_second&#8221; title=&#8221;IT Asset Management Automation&#8221; icon=&#8221;\/wp-content\/uploads\/2022\/09\/icon_32x32_growth-1.svg&#8221; col=&#8221;6&#8243;]Art\u0131k Excel, mail sorgular\u0131, silo halinde bilgi ve \u015feffafl\u0131k eksikli\u011fi yok: ITAM &#8211; entegre y\u00f6netim sistemi[\/card]\n[card type=&#8221;background_second&#8221; title=&#8221;BT departman\u0131 i\u00e7in tek bir ara\u00e7&#8221; icon=&#8221;\/wp-content\/uploads\/2023\/08\/solution-ico.svg&#8221; col=&#8221;6&#8243;]Bir ITSM sistemine ba\u011fland\u0131\u011f\u0131nda, hizmetler ve varl\u0131klar tek bir pencerede y\u00f6netilebilir &#8211; taleplerle \u00e7al\u0131\u015fma, BT varl\u0131klar\u0131n\u0131 verme, onaylar vb[\/card]\n[card type=&#8221;background_second&#8221; title=&#8221;BT maliyetlerini optimize etmek&#8221; icon=&#8221;\/wp-content\/uploads\/2022\/08\/icon_32x32_labor_management.svg&#8221; col=&#8221;6&#8243;]\u015eeffaf muhasebe ve varl\u0131k y\u00f6netimi, kay\u0131p ve h\u0131rs\u0131zl\u0131klar\u0131 \u00f6nlemeye, b\u00fct\u00e7eleri optimize etmek i\u00e7in mutabakatlar ve raporlar olu\u015fturmaya olanak tan\u0131r[\/card]\n[card type=&#8221;background_second&#8221; title=&#8221;Kapsaml\u0131 \u00f6zelle\u015ftirme se\u00e7enekleri&#8221; icon=&#8221;\/wp-content\/uploads\/2023\/05\/icon_32x32_code.svg&#8221; col=&#8221;6&#8243;]SimpleOne ITAM, d\u00fc\u015f\u00fck kodlu ve kodsuz ara\u00e7lara dayanmaktad\u0131r ve portal aray\u00fcz\u00fc d\u00fczenlenebilir widget&#8217;lar kullan\u0131larak uygulanmaktad\u0131r[\/card]\n   [\/features]\n   [\/block]\n<p>   [block]\n   [promo_block background=&#8221;dark&#8221; img=&#8221;\/wp-content\/uploads\/2022\/03\/4-1.png&#8221; title=&#8221;SimpleOne uzmanlar\u0131ndan tavsiye al\u0131n &#8220;]\u0130\u015f s\u00fcreci otomasyonuna do\u011fru bir ad\u0131m at\u0131n [\/promo_block]\n   [\/block]\n   [block type=&#8221;gray&#8221;]<\/p>\n<div class=\"flex-row flex-row--fw\">\n<div class=\"col col-lg-6\">\n<h3>BT varl\u0131klar\u0131n\u0131n ya\u015fam d\u00f6ng\u00fcs\u00fcn\u00fc y\u00f6netin<\/h3>\n<\/div>\n<div class=\"col col-lg-6 mb-20\">\n<div class=\"feature-item__descr\"> SimpleOne ITAM, BT varl\u0131klar\u0131n\u0131n tam ya\u015fam d\u00f6ng\u00fcs\u00fcn\u00fc y\u00f6netmek i\u00e7in gerekli t\u00fcm varl\u0131klar\u0131 ve s\u00fcre\u00e7leri uygular.<\/div>\n<\/div>\n<\/div>\n<div><\/div>\n<div><img class=\"size-medium wp-image-2889 aligncenter\" src=\"\/wp-content\/uploads\/2024\/06\/schemeee.png\" alt=\"\" height=\"342\" \/><\/div>\n<p>   [\/block]\n<p>   [block]\n<h2>Ek \u00f6zellikler<\/h2>\n<p>   [features]\n[card type=&#8221;montserrat&#8221; title=&#8221;Mobil uygulama &#8221; icon=&#8221;\/wp-content\/uploads\/2023\/05\/icon_32x32_mobile.svg&#8221; col=&#8221;6&#8243;]PWA uygulamas\u0131 otomatik olarak mobil s\u00fcr\u00fcme adapte olur ve cihaz haf\u0131zas\u0131nda yer kaplamaz. Eri\u015fmek i\u00e7in sabit bir internet ba\u011flant\u0131s\u0131 yeterlidir.[\/card]\n[card type=&#8221;montserrat&#8221; title=&#8221;Sistemlerle entegrasyon&#8221; icon=&#8221;\/wp-content\/uploads\/2023\/05\/icon_32x32_minimize.svg&#8221; col=&#8221;6&#8243;]Entegrasyon, hem gelen hem de giden ba\u011flant\u0131lar\u0131 kolayca yap\u0131land\u0131rman\u0131za olanak tan\u0131yan REST API teknolojisini kullan\u0131r.[\/card]\n[card type=&#8221;montserrat&#8221; title=&#8221;Hizmet Portal\u0131&#8221; icon=&#8221;\/wp-content\/uploads\/2022\/03\/icon_32x32_portal.svg&#8221; col=&#8221;6&#8243;]Kolayca \u00f6zelle\u015ftirilebilen ve markala\u015ft\u0131r\u0131labilen bir ara\u00e7 k\u00fct\u00fcphanesine (hizmet katalo\u011fu, bilgi taban\u0131, ki\u015fisel kullan\u0131c\u0131 hesab\u0131 vb.) sahip haz\u0131r bir portal.[\/card]\n[card type=&#8221;montserrat&#8221; title=&#8221;G\u00f6sterge tablolar\u0131 ve raporlar&#8221; icon=&#8221;\/wp-content\/uploads\/2022\/03\/icon_32x32_dashboard.svg&#8221; col=&#8221;6&#8243;]G\u00f6sterge tablolar\u0131ndaki bilgilerin net sunumu ve etkile\u015fimli analizler, durumu izlemenize ve h\u0131zl\u0131 y\u00f6netim kararlar\u0131 alman\u0131za olanak tan\u0131r.[\/card]\n   [\/features]\n<div class=\"product-promo__btn\"> <button class=\"btn btn--pink btn--center btn--wide\"      data-toggle=\"modal\" data-target=\"#default_popup\" data-title=\" Request a demo\" data-id=\"demo-modal\">Order Demo<\/button><\/div>\n<p>   [\/block]\n","protected":false},"excerpt":{"rendered":"<p>[block type=&#8221;pink&#8221;] Donan\u0131m\u0131 optimize etmek ve BT park\u0131yla ilgili t\u00fcm g\u00fcncel bilgileri d\u00fczenlemek de dahil olmak \u00fczere BT varl\u0131klar\u0131n\u0131n ya\u015fam d\u00f6ng\u00fcleri boyunca izlenmesini ve y\u00f6netilmesini otomatikle\u015ftirin [\/block] [block type=&#8221;gray&#8221;] SimpleOne \u00e7\u00f6z\u00fcmleri halihaz\u0131rda kullan\u0131mda [customers] [\/customers] [\/block] [block class=&#8221; &#8220;] SimpleOne ITAM&#8217;in \u00d6zellikleri [features] [card type=&#8221;montserrat&#8221; title=&#8221;Ya\u015fam D\u00f6ng\u00fcs\u00fc Y\u00f6netimi&#8221; icon=&#8221;\/wp-content\/uploads\/2022\/03\/icon_32x32_settings.svg&#8221; col=&#8221;3&#8243;]Donan\u0131m BT varl\u0131klar\u0131n\u0131 varl\u0131k ya\u015fam d\u00f6ng\u00fcs\u00fc [&hellip;]<\/p>\n","protected":false},"author":41,"featured_media":9093,"parent":0,"menu_order":0,"comment_status":"closed","ping_status":"closed","template":"product-page.php","meta":[],"yoast_head":"<title>SimpleOne ITAM - \u015firketin BT varl\u0131klar\u0131n\u0131 y\u00f6netin ve onunla \u00e7al\u0131\u015f\u0131n<\/title>\n<meta name=\"description\" content=\"\u015eirketinizin BT varl\u0131klar\u0131n\u0131n muhasebesini ve y\u00f6netimini optimize edin ve BT harcamalar\u0131n\u0131n raporlanmas\u0131n\u0131 ve kontrol\u00fcn\u00fc basitle\u015ftirin.\" \/>\n<meta name=\"robots\" content=\"index, follow, max-snippet:-1, max-image-preview:large, max-video-preview:-1\" \/>\n<meta property=\"og:locale\" content=\"tr_TR\" \/>\n<meta property=\"og:type\" content=\"article\" \/>\n<meta property=\"og:title\" content=\"SimpleOne ITAM - \u015firketin BT varl\u0131klar\u0131n\u0131 y\u00f6netin ve onunla \u00e7al\u0131\u015f\u0131n\" \/>\n<meta property=\"og:description\" content=\"\u015eirketinizin BT varl\u0131klar\u0131n\u0131n muhasebesini ve y\u00f6netimini optimize edin ve BT harcamalar\u0131n\u0131n raporlanmas\u0131n\u0131 ve kontrol\u00fcn\u00fc basitle\u015ftirin.\" \/>\n<meta property=\"og:url\" content=\"https:\/\/itsm.com\/itam\/\" \/>\n<meta property=\"og:site_name\" content=\"SimpleOne - Business Process Automation Platform\" \/>\n<meta property=\"og:image\" content=\"https:\/\/itsm.com\/wp-content\/uploads\/2024\/06\/frame-29448-1-1.png\" \/>\n\t<meta property=\"og:image:width\" content=\"1085\" \/>\n\t<meta property=\"og:image:height\" content=\"1139\" \/>\n\t<meta property=\"og:image:type\" content=\"image\/png\" \/>\n<meta name=\"twitter:card\" content=\"summary_large_image\" \/>\n<script type=\"application\/ld+json\" class=\"yoast-schema-graph\">{\"@context\":\"https:\/\/schema.org\",\"@graph\":[{\"@type\":\"Organization\",\"@id\":\"https:\/\/itsm.com\/#organization\",\"name\":\"SimpleOne\",\"url\":\"https:\/\/itsm.com\/\",\"sameAs\":[],\"logo\":{\"@type\":\"ImageObject\",\"@id\":\"https:\/\/itsm.com\/#logo\",\"inLanguage\":\"tr\",\"url\":\"\/wp-content\/uploads\/2023\/11\/main_logo-1.png\",\"contentUrl\":\"\/wp-content\/uploads\/2023\/11\/main_logo-1.png\",\"width\":166,\"height\":23,\"caption\":\"SimpleOne\"},\"image\":{\"@id\":\"https:\/\/itsm.com\/#logo\"}},{\"@type\":\"WebSite\",\"@id\":\"https:\/\/itsm.com\/#website\",\"url\":\"https:\/\/itsm.com\/\",\"name\":\"SimpleOne - Business Process Automation Platform\",\"description\":\"\u3164\",\"publisher\":{\"@id\":\"https:\/\/itsm.com\/#organization\"},\"inLanguage\":\"tr\"},{\"@type\":\"ImageObject\",\"@id\":\"https:\/\/itsm.com\/itam\/#primaryimage\",\"inLanguage\":\"tr\",\"url\":\"\/wp-content\/uploads\/2024\/06\/frame-29448-1-1.png\",\"contentUrl\":\"\/wp-content\/uploads\/2024\/06\/frame-29448-1-1.png\",\"width\":1085,\"height\":1139},{\"@type\":\"WebPage\",\"@id\":\"https:\/\/itsm.com\/itam\/#webpage\",\"url\":\"https:\/\/itsm.com\/itam\/\",\"name\":\"[:en]SimpleOne ITAM - management and work with IT assets of the company[:pb]SimpleOne ITAM-gest\u00e3o e trabalho com ativos de TI da empresa[:tr]SimpleOne ITAM - \u015firketin BT varl\u0131klar\u0131n\u0131 y\u00f6netin ve onunla \u00e7al\u0131\u015f\u0131n\",\"isPartOf\":{\"@id\":\"https:\/\/itsm.com\/#website\"},\"primaryImageOfPage\":{\"@id\":\"https:\/\/itsm.com\/itam\/#primaryimage\"},\"datePublished\":\"2023-04-10T14:31:22+00:00\",\"dateModified\":\"2024-10-01T13:12:15+00:00\",\"description\":\"[:en]Optimize the accounting and handling of your company's IT assets and simplify reporting and control of IT spending.[:pb]Otimize a contabilidade e o manuseio dos ativos de TI da sua empresa e simplifique os relat\u00f3rios e o controle dos gastos com TI.[:tr]\u015eirketinizin BT varl\u0131klar\u0131n\u0131n muhasebesini ve y\u00f6netimini optimize edin ve BT harcamalar\u0131n\u0131n raporlanmas\u0131n\u0131 ve kontrol\u00fcn\u00fc basitle\u015ftirin.\",\"breadcrumb\":{\"@id\":\"https:\/\/itsm.com\/itam\/#breadcrumb\"},\"inLanguage\":\"tr\",\"potentialAction\":[{\"@type\":\"ReadAction\",\"target\":[\"https:\/\/itsm.com\/itam\/\"]}]},{\"@type\":\"BreadcrumbList\",\"@id\":\"https:\/\/itsm.com\/itam\/#breadcrumb\",\"itemListElement\":[{\"@type\":\"ListItem\",\"position\":1,\"name\":\"Home\",\"item\":\"https:\/\/itsm.com\/\"},{\"@type\":\"ListItem\",\"position\":2,\"name\":\"SimpleOne ITAM\"}]}]}<\/script>","yoast_head_json":{"title":"[:en]SimpleOne ITAM - management and work with IT assets of the company[:pb]SimpleOne ITAM-gest\u00e3o e trabalho com ativos de TI da empresa[:tr]SimpleOne ITAM - \u015firketin BT varl\u0131klar\u0131n\u0131 y\u00f6netin ve onunla \u00e7al\u0131\u015f\u0131n","description":"\u015eirketinizin BT varl\u0131klar\u0131n\u0131n muhasebesini ve y\u00f6netimini optimize edin ve BT harcamalar\u0131n\u0131n raporlanmas\u0131n\u0131 ve kontrol\u00fcn\u00fc basitle\u015ftirin.","robots":{"index":"index","follow":"follow","max-snippet":"max-snippet:-1","max-image-preview":"max-image-preview:large","max-video-preview":"max-video-preview:-1"},"og_locale":"tr_TR","og_type":"article","og_title":"SimpleOne ITAM - \u015firketin BT varl\u0131klar\u0131n\u0131 y\u00f6netin ve onunla \u00e7al\u0131\u015f\u0131n","og_description":"\u015eirketinizin BT varl\u0131klar\u0131n\u0131n muhasebesini ve y\u00f6netimini optimize edin ve BT harcamalar\u0131n\u0131n raporlanmas\u0131n\u0131 ve kontrol\u00fcn\u00fc basitle\u015ftirin.","og_url":"https:\/\/itsm.com\/itam\/","og_site_name":"SimpleOne - Business Process Automation Platform","og_image":[{"width":1085,"height":1139,"url":"https:\/\/itsm.com\/wp-content\/uploads\/2024\/06\/frame-29448-1-1.png","type":"image\/png"}],"twitter_card":"summary_large_image","schema":{"@context":"https:\/\/schema.org","@graph":[{"@type":"Organization","@id":"https:\/\/itsm.com\/#organization","name":"SimpleOne","url":"https:\/\/itsm.com\/","sameAs":[],"logo":{"@type":"ImageObject","@id":"https:\/\/itsm.com\/#logo","inLanguage":"tr","url":"\/wp-content\/uploads\/2023\/11\/main_logo-1.png","contentUrl":"\/wp-content\/uploads\/2023\/11\/main_logo-1.png","width":166,"height":23,"caption":"SimpleOne"},"image":{"@id":"https:\/\/itsm.com\/#logo"}},{"@type":"WebSite","@id":"https:\/\/itsm.com\/#website","url":"https:\/\/itsm.com\/","name":"SimpleOne - Business Process Automation Platform","description":"\u3164","publisher":{"@id":"https:\/\/itsm.com\/#organization"},"inLanguage":"tr"},{"@type":"ImageObject","@id":"https:\/\/itsm.com\/itam\/#primaryimage","inLanguage":"tr","url":"\/wp-content\/uploads\/2024\/06\/frame-29448-1-1.png","contentUrl":"\/wp-content\/uploads\/2024\/06\/frame-29448-1-1.png","width":1085,"height":1139},{"@type":"WebPage","@id":"https:\/\/itsm.com\/itam\/#webpage","url":"https:\/\/itsm.com\/itam\/","name":"[:en]SimpleOne ITAM - management and work with IT assets of the company[:pb]SimpleOne ITAM-gest\u00e3o e trabalho com ativos de TI da empresa[:tr]SimpleOne ITAM - \u015firketin BT varl\u0131klar\u0131n\u0131 y\u00f6netin ve onunla \u00e7al\u0131\u015f\u0131n","isPartOf":{"@id":"https:\/\/itsm.com\/#website"},"primaryImageOfPage":{"@id":"https:\/\/itsm.com\/itam\/#primaryimage"},"datePublished":"2023-04-10T14:31:22+00:00","dateModified":"2024-10-01T13:12:15+00:00","description":"[:en]Optimize the accounting and handling of your company's IT assets and simplify reporting and control of IT spending.[:pb]Otimize a contabilidade e o manuseio dos ativos de TI da sua empresa e simplifique os relat\u00f3rios e o controle dos gastos com TI.[:tr]\u015eirketinizin BT varl\u0131klar\u0131n\u0131n muhasebesini ve y\u00f6netimini optimize edin ve BT harcamalar\u0131n\u0131n raporlanmas\u0131n\u0131 ve kontrol\u00fcn\u00fc basitle\u015ftirin.","breadcrumb":{"@id":"https:\/\/itsm.com\/itam\/#breadcrumb"},"inLanguage":"tr","potentialAction":[{"@type":"ReadAction","target":["https:\/\/itsm.com\/itam\/"]}]},{"@type":"BreadcrumbList","@id":"https:\/\/itsm.com\/itam\/#breadcrumb","itemListElement":[{"@type":"ListItem","position":1,"name":"Home","item":"https:\/\/itsm.com\/"},{"@type":"ListItem","position":2,"name":"SimpleOne ITAM"}]}]}},"acf":[],"_links":{"self":[{"href":"https:\/\/itsm.com\/tr\/wp-json\/wp\/v2\/pages\/6039"}],"collection":[{"href":"https:\/\/itsm.com\/tr\/wp-json\/wp\/v2\/pages"}],"about":[{"href":"https:\/\/itsm.com\/tr\/wp-json\/wp\/v2\/types\/page"}],"author":[{"embeddable":true,"href":"https:\/\/itsm.com\/tr\/wp-json\/wp\/v2\/users\/41"}],"replies":[{"embeddable":true,"href":"https:\/\/itsm.com\/tr\/wp-json\/wp\/v2\/comments?post=6039"}],"version-history":[{"count":5,"href":"https:\/\/itsm.com\/tr\/wp-json\/wp\/v2\/pages\/6039\/revisions"}],"predecessor-version":[{"id":9594,"href":"https:\/\/itsm.com\/tr\/wp-json\/wp\/v2\/pages\/6039\/revisions\/9594"}],"wp:featuredmedia":[{"embeddable":true,"href":"https:\/\/itsm.com\/tr\/wp-json\/wp\/v2\/media\/9093"}],"wp:attachment":[{"href":"https:\/\/itsm.com\/tr\/wp-json\/wp\/v2\/media?parent=6039"}],"curies":[{"name":"wp","href":"https:\/\/api.w.org\/{rel}","templated":true}]}}