{"id":6141,"date":"2023-05-02T12:07:07","date_gmt":"2023-05-02T09:07:07","guid":{"rendered":"https:\/\/simpleone.ru\/?page_id=6141"},"modified":"2025-02-04T10:11:29","modified_gmt":"2025-02-04T07:11:29","slug":"b2b-crm","status":"publish","type":"page","link":"https:\/\/itsm.com\/tr\/b2b-crm\/","title":{"rendered":"SimpleOne B2B CRM"},"content":{"rendered":"[block type=&#8221;pink&#8221;]<\/p>\n<div class=\"bigger-text left-aligned-block\"> \u00d6zellikle kurumsal d\u00fczeydeki \u015firketler i\u00e7in k\u00fcresel en iyi uygulamalar \u00fczerine in\u015fa edilen SimpleOne B2B CRM ile uzun i\u015flem d\u00f6ng\u00fclerine sahip B2B sat\u0131\u015flar\u0131n\u0131 otomatikle\u015ftirin.<br \/>\n<b><\/b><br \/>\n\u00dcr\u00fcn, Rus programlar\u0131n\u0131n kayd\u0131na dahil edilmi\u015ftir ve ithalat ikamesinde kullan\u0131labilir.<\/div>\n<p>   [\/block]\n<p>   [block]\n<h2>SimpleOne \u00e7\u00f6z\u00fcmleri halihaz\u0131rda kullan\u0131l\u0131yor<\/h2>\n<p>   [customers] [\/customers]\n   [\/block]\n<p>   [block type=&#8221;gray&#8221;]<\/p>\n<h2>SimpleOne B2B CRM&#8217;in evrensel CRM sistemlerinden farklar\u0131<\/h2>\n<p>   [compare compare_param=&#8221;\u00d6zellikler&#8221; first_item=&#8221;SimpleOne B2B CRM&#8221; second_item=&#8221;Evrensel CRM&#8221;]<\/p>\n[compare_item compare_value=&#8221;Esneklik ve \u00f6zelle\u015ftirme: performanstan \u00f6d\u00fcn vermeden sistemi s\u00fcre\u00e7lerinize ve g\u00f6revlerinize uyacak \u015fekilde kolayca \u00f6zelle\u015ftirin&#8221; first_item=&#8221;SimpleOne B2B CRM&#8221; first_value=&#8221;True&#8221; second_item=&#8221;Evrensel CRM&#8221; second_value=&#8221;False&#8221;][\/compare_item]\n[compare_item compare_value=&#8221;Kutudan \u00c7\u0131kan En \u0130yi Sat\u0131\u015f Uygulamalar\u0131: d\u00f6n\u00fc\u015f\u00fcmleri art\u0131rmak ve anla\u015fma d\u00f6ng\u00fcs\u00fcn\u00fc k\u0131saltmak i\u00e7in kan\u0131tlanm\u0131\u015f teknikleri kullan\u0131n&#8221; first_item=&#8221;SimpleOne B2B CRM&#8221; first_value=&#8221;True&#8221; second_item=&#8221;Evrensel CRM&#8221; second_value=&#8221;False&#8221;][\/compare_item]\n[compare_item compare_value=&#8221;\u0130lgi yeterlili\u011fi: kullan\u0131m d\u0131\u015f\u0131m\u00fc\u015fteri ilgisini de\u011ferlendirmek i\u00e7in raf mekani\u011fi&#8221; first_item=&#8221;SimpleOne B2B CRM&#8221; first_value=&#8221;True&#8221; second_item=&#8221;Evrensel CRM&#8221; second_value=&#8221;False&#8221;][\/compare_item]\n[compare_item compare_value=&#8221;M\u00fc\u015fteri Sorun Y\u00f6netimi: m\u00fc\u015fteri sorunlar\u0131n\u0131 yakalay\u0131n ve bunlar\u0131 pazarlamada kullan\u0131n&#8221; first_item=&#8221;SimpleOne B2B CRM&#8221; first_value=&#8221;True&#8221; second_item=&#8221;Evrensel CRM&#8221; second_value=&#8221;False&#8221;][\/compare_item]\n[compare_item compare_value=&#8221;Se\u00e7im Kriterleri Y\u00f6netimi: M\u00fc\u015fteriniz i\u00e7in \u00f6nemli karar kriterlerini yakalay\u0131n ve analiz edin&#8221; first_item=&#8221;SimpleOne B2B CRM&#8221; first_value=&#8221;True&#8221; second_item=&#8221;Evrensel CRM&#8221; second_value=&#8221;False&#8221;][\/compare_item]\n[compare_item compare_value=&#8221;Ba\u011flamsal materyaller: i\u015flemin her a\u015famas\u0131nda m\u00fc\u015fterilere otomatik olarak ilgili pazarlama materyalleri g\u00f6nderin&#8221; first_item=&#8221;SimpleOne B2B CRM&#8221; first_value=&#8221;True&#8221; second_item=&#8221;Evrensel CRM&#8221; second_value=&#8221;False&#8221;][\/compare_item]\n[compare_item compare_value=&#8221;Ainergy AI ile entegrasyon: \u00e7a\u011fr\u0131lar\u0131 analiz et, CRM&#8217;deki alanlar\u0131 otomatik olarak doldurun ve \u00f6zel \u00e7\u00f6z\u00fcmler olu\u015fturun&#8221; first_item=&#8221;SimpleOne B2B CRM&#8221; first_value=&#8221;True&#8221; second_item=&#8221;Evrensel CRM&#8221; second_value=&#8221;False&#8221;][\/compare_item]\n[compare_item compare_value=&#8221;M\u00fc\u015fteri Ba\u011flant\u0131lar\u0131: bir m\u00fc\u015fteri i\u00e7indeki ki\u015fileri e\u015fleyin, onlar\u0131 farkl\u0131 etki merkezlerine atay\u0131n&#8221; first_item=&#8221;SimpleOne B2B CRM&#8221; first_value=&#8221;True&#8221; second_item=&#8221;Evrensel CRM&#8221; second_value=&#8221;False&#8221;][\/compare_item]\n[compare_item compare_value=&#8221;H\u0131zl\u0131 rapor olu\u015fturma: saniyeler i\u00e7inde her karma\u015f\u0131kl\u0131kta g\u00f6sterge tablolar\u0131 ve raporlar olu\u015fturun&#8221; first_item=&#8221;SimpleOne B2B CRM&#8221; first_value=&#8221;True&#8221; second_item=&#8221;Evrensel CRM&#8221; second_value=&#8221;False&#8221;][\/compare_item]\n[compare_item compare_value=&#8221;\u0130\u015f Orta\u011f\u0131 Sat\u0131\u015flar\u0131: karma\u015f\u0131k i\u015f orta\u011f\u0131 sat\u0131\u015flar\u0131n\u0131 otomatikle\u015ftirin ve basitle\u015ftirin&#8221; first_item=&#8221;SimpleOne B2B CRM&#8221; first_value=&#8221;True&#8221; second_item=&#8221;Evrensel CRM&#8221; second_value=&#8221;False&#8221;][\/compare_item]\n[compare_item compare_value=&#8221;Eri\u015fim haklar\u0131n\u0131 \u00f6zelle\u015ftirme: kullan\u0131c\u0131 haklar\u0131n\u0131 esnek bir \u015fekilde farkl\u0131la\u015ft\u0131r\u0131n&#8221; first_item=&#8221;SimpleOne B2B CRM&#8221; first_value=&#8221;True&#8221; second_item=&#8221;Universal CRM&#8221; second_value=&#8221;False&#8221;][\/compare_item]\n[compare_item compare_value=&#8221;Programlama olmadan \u00f6zelle\u015ftirme: CRM&#8217;i d\u00fc\u015f\u00fck maliyetle \u00f6zelle\u015ftirin-kod ara\u00e7lar\u0131 ve g\u00f6rsel d\u00fczenleyici&#8221; first_item=&#8221;SimpleOne B2B CRM&#8221; first_value=&#8221;True&#8221; second_item=&#8221;Universal CRM&#8221; second_value=&#8221;False&#8221;][\/compare_item]\n[compare_item compare_value=&#8221;Geli\u015ftirme ortamlar\u0131n\u0131n ayr\u0131lmas\u0131: Yeni \u00f6zellikleri g\u00fcvenli bir \u015fekilde test edin ve otomatik olarak \u00e7al\u0131\u015fan s\u00fcr\u00fcme ge\u00e7irin&#8221; first_item=&#8221;SimpleOne B2B CRM&#8221; first_value=&#8221;True&#8221; second_item=&#8221;Universal CRM&#8221; second_value=&#8221;False&#8221;][\/compare_item]\n[\/compare]\n<div class=\"product-promo__btn\">     <button class=\"btn btn--pink btn--center btn--wide\" data-toggle=\"modal\"      data-target=\"#consult_popup\" data-title=\"  Dan\u0131\u015fma al\u0131n\" data-id=\"consult-modal\" >Dan\u0131\u015fma isteyin<\/button><\/div>\n<p>   [\/block]\n<p>   [block]\n<div class=\"flex-row flex-row--fw\">\n<div class=\"col col-lg-6\">\n<h2>B2B CRM SimpleOne&#8217;\u0131n Low-code platformunda<\/h2>\n<p><img src=\"\/wp-content\/uploads\/2024\/06\/slide-16_9-17.png\" \/><\/p>\n<\/div>\n<div class=\"col col-lg-6 mb-20\">\n<div class=\"feature-item__descr\">\n<h4>Kurumsal segmentte sat\u0131\u015f i\u00e7in modern standart<\/h4>\n<p><b><br \/>\n<b>H\u0131zl\u0131 uygulama ve \u00f6zelle\u015ftirme<\/b><br \/>\n<\/b> Kullan\u0131ma haz\u0131r \u00e7\u00f6z\u00fcm. Derin programlamaya ihtiya\u00e7 duymadan yeni \u00f6zellikleri iyile\u015ftirin ve uygulay\u0131n, zaman\u0131 azalt\u0131n ve esnekli\u011fi art\u0131r\u0131n. En iyi uygulamalara dayal\u0131 olarak ideal CRM sisteminizi olu\u015fturma yetene\u011fi.<\/p>\n<p><b>Dan\u0131\u015fmal\u0131 sat\u0131\u015f ve pazarlaman\u0131n kapsaml\u0131 entegrasyonu<\/b><br \/>\nPazarlama materyallerini sat\u0131\u015f elemanlar\u0131na otomatik olarak ula\u015ft\u0131r\u0131n, m\u00fc\u015fteri adaylar\u0131n\u0131 y\u00f6netin ve anla\u015fmalar \u00fczerinde i\u015fbirli\u011fi yap\u0131n. Uyumlu \u00e7al\u0131\u015fmak, m\u00fc\u015fteri aday\u0131 kalitesini art\u0131rmak ve anla\u015fma d\u00f6ng\u00fcs\u00fcn\u00fc k\u0131saltmak i\u00e7in tek bir bilgi alan\u0131.<\/p>\n<p><b>Mevcut sistemlerle entegrasyon<\/b>.<br \/>\nT\u00fcm sistemlerin sorunsuz \u00e7al\u0131\u015fmas\u0131n\u0131 ve tek bir bilgi alan\u0131n\u0131 sa\u011flamak i\u00e7in 1C, telefon, BI sistemleri, mesajla\u015fma, belge y\u00f6netimi ve kar\u015f\u0131 taraf do\u011frulama sistemleri gibi sistemler.<\/p>\n<\/div>\n<\/div>\n<\/div>\n<p>   [\/block]\n<p>   [block class=&#8221; &#8221; pt-0 &#8220;]<\/p>\n<h2>SimpleOne B2B CRM \u00e7\u00f6z\u00fcm\u00fcn\u00fcn \u00f6zellikleri<\/h2>\n[slider count=&#8221;2&#8243;][slider_item][card_slider icon = &#8220;\/wp-content\/uploads\/2022\/03\/icon_32x32_settings.svg&#8221; title=&#8221;Sistem verilerine esnek eri\u015fim&#8221; content=&#8221;Noktadan y\u00fcr\u00fcyen alan deste\u011fi ve sofistike filtre mant\u0131\u011f\u0131 ile derin veri filtreleme ve raporlama.&#8221; icon_two=&#8221;&#8221; title_two=&#8221;&#8221; content_two=&#8221;&#8221;][\/card_slider][\/slider_item][slider_item][card_slider icon=&#8221;\/wp-content\/uploads\/2022\/09\/icon_32x32_case_services.svg&#8221; title=&#8221;Yap\u0131land\u0131r\u0131lm\u0131\u015f i\u015flem bilgisi&#8221; content=&#8221;M\u00fc\u015fteri temas stratejisini, ihtiya\u00e7 geli\u015ftirmeyi, farkl\u0131 se\u00e7enekleri de\u011ferlendirme ve \u015f\u00fcpheleri analiz etme a\u015famas\u0131nda rekabeti destekler.&#8221; icon_two=&#8221;&#8221; title_two=&#8221;&#8221; content_two=&#8221;&#8221;][\/card_slider][\/slider_item][slider_item][card_slider icon=&#8221;\/wp-content\/uploads\/2023\/05\/icon_32x32_money.svg&#8221; title=&#8221;Sat\u0131\u015f Metodolojisi Destek Sistemi&#8221; content=&#8221;Her olas\u0131 anla\u015fma ba\u011flam\u0131nda pazarlama metodolojisi materyallerinin sat\u0131\u015f eleman\u0131na otomatik olarak ula\u015ft\u0131r\u0131lmas\u0131: haz\u0131r sorular, se\u00e7im kriterleri ve yay\u0131nlanm\u0131\u015f materyallerle \u00e7al\u0131\u015fma.&#8221; icon_two=&#8221;&#8221; title_two=&#8221;&#8221; content_two=&#8221;&#8221;][\/card_slider][\/slider_item][slider_item][card_slider icon = &#8220;\/wp-content\/uploads\/2023\/05\/icon_32x32_partner.svg&#8221; title=&#8221;Ortaklar arac\u0131l\u0131\u011f\u0131yla sat\u0131\u015f deste\u011fi&#8221; content=&#8221;Ortak portal\u0131, esnek eri\u015fim haklar\u0131 ayar\u0131, ortak ya\u015fam d\u00f6ng\u00fcs\u00fc, anla\u015fma kay\u0131t prosed\u00fcr\u00fc, ortak durumu y\u00f6netimi ve uzmanlar\u0131n sertifikasyonu.&#8221; icon_two=&#8221;&#8221; title_two=&#8221;&#8221; content_two=&#8221;&#8221;][\/card_slider][\/slider_item][slider_item][card_slider icon=&#8221;\/wp-content\/uploads\/2022\/09\/icon_32x32_sla.svg&#8221; title=&#8221;Ayr\u0131nt\u0131l\u0131 yeterlilik prosed\u00fcr\u00fc&#8221; content=&#8221;Metodolojiye g\u00f6re ilgi alanlar\u0131n\u0131n nitelendirilmesi, mevcut sorunlar\u0131n ve memnuniyetin yakalanmas\u0131, \u00e7\u00f6z\u00fcm ger\u00e7ekle\u015ftirme se\u00e7enekleri, LPR&#8217;ler, vb.&#8221; icon_two=&#8221;&#8221; title_two=&#8221;&#8221; content_two=&#8221;&#8221;][\/card_slider][\/slider_item][\/slider]\n   [\/block]\n   [block class=&#8221; &#8221; pt-0 &#8220;]<br \/>\n   [promo_block background=&#8221;dark&#8221; img=&#8221;\/wp-content\/uploads\/2022\/03\/4-1.png&#8221; title=&#8221;SimpleOne uzmanlar\u0131ndan tavsiye al\u0131n &#8220;]Yeni bir CRM sistemi kalitesi seviyesine do\u011fru bir ad\u0131m at\u0131n [\/promo_block]\n   [\/block]\n<p>   [block]\n<div class=\"flex-row flex-row--fw\">\n<div class=\"col col-lg-6\">\n<h3>Karma\u015f\u0131k sat\u0131\u015f hunilerini otomatikle\u015ftirme<\/h3>\n<div class=\"feature-item__descr\"> B\u00fcy\u00fck kurumsal m\u00fc\u015fterilerle \u00e7al\u0131\u015fmak, do\u011frudan ve ortak sat\u0131\u015flar\u0131, ihale ve teklif prosed\u00fcrleriyle \u00e7al\u0131\u015fmay\u0131 ve sat\u0131c\u0131 taraf\u0131ndaki anla\u015fmalar\u0131 kaydetmeyi i\u00e7erir. SimpleOne B2B CRM, birka\u00e7 taraf i\u00e7erse bile yetkin bir \u015fekilde bir sat\u0131\u015f hunisi olu\u015fturman\u0131za ve bunu otomatikle\u015ftirmenize olanak tan\u0131r.<\/div>\n<\/div>\n<div class=\"col col-lg-6 mb-20\"> <img class=\"size-medium wp-image-2889 aligncenter\" src=\"\/wp-content\/uploads\/2024\/06\/frame-1321314724.png\" alt=\"\" height=\"342\" \/><\/div>\n<\/div>\n<p>   [\/block]\n<p>   [block]\n<div class=\"flex-row flex-row--fw\">\n<div class=\"col col-lg-6\"> <img class=\"size-medium wp-image-2889 aligncenter\" src=\"https:\/\/simpleone.ru\/wp-content\/uploads\/2024\/06\/logo_ainergy_on-light.svg\" alt=\"\" height=\"342\" \/><\/div>\n<div class=\"col col-lg-6 mb-20\">\n<h3>B2B sat\u0131\u015flar\u0131n\u0131 otomatikle\u015ftirmek i\u00e7in yapay zeka<\/h3>\n<div class=\"feature-item__descr\"> Yerle\u015fik yapay zeka ara\u00e7lar\u0131 rutin faaliyetlerin otomatikle\u015ftirilmesine yard\u0131mc\u0131 olur: Ak\u0131ll\u0131 Doldurma ile aramalar\u0131 analiz edin ve anla\u015fma kartlar\u0131n\u0131 doldurun.<br \/>\n<b><\/b><br \/>\nKurumlar i\u00e7in g\u00fcvenli bir \u00e7\u00f6z\u00fcm &#8211; \u00f6zel bir kanal arac\u0131l\u0131\u011f\u0131yla g\u00fcvenli bir buluttan bir bulut hizmetine ba\u011flanabilir veya AI i\u015fleme i\u00e7in kendi donan\u0131m ve yaz\u0131l\u0131m sisteminizi sat\u0131n alabilirsiniz.<\/div>\n<\/div>\n<\/div>\n<p>   [\/block]\n<p>   [block type=&#8221;gray&#8221;]<\/p>\n<h2>Ek \u00f6zellikler<\/h2>\n<p>   [features]\n[card type=&#8221;montserrat&#8221; title=&#8221;Mobil uygulama &#8221; icon=&#8221;\/wp-content\/uploads\/2023\/05\/icon_32x32_mobile.svg&#8221; col=&#8221;6&#8243;]PWA uygulamas\u0131 otomatik olarak mobil s\u00fcr\u00fcme adapte olur ve cihaz haf\u0131zas\u0131nda yer kaplamaz. Eri\u015fmek i\u00e7in sabit bir internet ba\u011flant\u0131s\u0131 yeterlidir.[\/card]\n[card type=&#8221;montserrat&#8221; title=&#8221;Sistemlerle entegrasyon&#8221; icon=&#8221;\/wp-content\/uploads\/2023\/05\/icon_32x32_minimize.svg&#8221; col=&#8221;6&#8243;]SimpleOne \u00e7\u00f6z\u00fcm\u00fc, Excel, JSON&#8217;a aktar\u0131m\u0131 destekleyen veya API&#8217;sine eri\u015fim sa\u011flayan di\u011fer t\u00fcm sistemlerle entegre edilebilir.[\/card]\n[card type=&#8221;montserrat&#8221; title=&#8221;S\u00fcre\u00e7 \u00d6zelle\u015ftirme&#8221; icon=&#8221;\/wp-content\/uploads\/2023\/05\/icon_32x32_code.svg&#8221; col=&#8221;6&#8243;]CRM sistemi SimpleOne d\u00fc\u015f\u00fck kodlu\/kodsuz ara\u00e7lar\u0131 destekler, b\u00f6ylece kullan\u0131c\u0131lar programlamada derin bilgi sahibi olmadan herhangi bir \u00f6zel \u00e7\u00f6z\u00fcm olu\u015fturabilir.[\/card]\n[card type=&#8221;montserrat&#8221; title=&#8221;Uzman e\u011fitimi&#8221; icon=&#8221;\/wp-content\/uploads\/2023\/05\/icon_32x32_partner.svg&#8221; col=&#8221;6&#8243;]\u015eirket uzmanlar\u0131, sezgisel aray\u00fcz, a\u00e7\u0131k dok\u00fcmantasyon ve kurslar sayesinde SimpleOne CRM sisteminde h\u0131zla \u00e7al\u0131\u015fmaya ba\u015flar.[\/card]\n   [\/features]\n<div class=\"product-promo__btn\"> <button class=\"btn btn--pink btn--center btn--wide\"      data-toggle=\"modal\" data-target=\"#default_popup\" data-title=\" Sipari\u015f Demosu\" data-id=\"demo-modal\">Sipari\u015f Demosu<\/button><\/div>\n<p>   [\/block]\n<p>   [block type=&#8221;gray&#8221;]<\/p>\n<h2>Feedback on SimpleOne B2B CRM<\/h2>\n[slider count=&#8221;1&#8243;]<\/p>\n[slider_item] [card_reviews img= &#8220;https:\/\/simpleone.ru\/wp-content\/uploads\/2024\/05\/posle-form.webp&#8221; name=&#8221;Ilya Bornyakov&#8221; subtitle=&#8221;ITPOD CEO&#8217;SU&#8221; link=&#8221;https:\/\/itpod.com\/ru-RU&#8221;]&#8221;ITPOD&#8217;da, t\u00fcm yapt\u0131r\u0131mlara ve Bat\u0131l\u0131 sat\u0131c\u0131lar\u0131n ayr\u0131lmas\u0131na ra\u011fmen i\u015fletmelerin BT altyap\u0131s\u0131n\u0131 geli\u015ftirmelerine ve s\u00fcrd\u00fcrmelerine yard\u0131mc\u0131 oluyoruz. T\u00fcm m\u00fc\u015fterilerin ve i\u015flemlerin merkezi y\u00f6netimini \u00fcstlenecek g\u00fcvenilir bir CRM sistemi olmadan yapamazd\u0131k. SimpleOne B2B CRM bizim i\u00e7in m\u00fckemmel bir \u00e7\u00f6z\u00fcmd\u00fc. Esnek \u00f6zelle\u015ftirme, ekipman tedarikinden sat\u0131\u015f sonras\u0131 hizmete kadar i\u015fimizin t\u00fcm \u00f6zelliklerini dikkate almam\u0131z\u0131 sa\u011flad\u0131. Di\u011fer sistemlerle entegrasyonlar sorunsuz veri al\u0131\u015fveri\u015fi sa\u011flad\u0131 ve \u00e7ok zaman kazand\u0131rd\u0131.&#8221; [\/card_reviews] [\/slider_item]\n[slider_item] [card_reviews img= &#8220;https:\/\/simpleone.ru\/wp-content\/uploads\/2024\/05\/belov-vasilij.png&#8221; name=&#8221;Vasily Belov&#8221; subtitle=&#8221;ITGLOBAL.COM \u0130cra Direkt\u00f6r\u00fc&#8221; link=&#8221;https:\/\/itglobal.com\/ru-ru\/&#8221;]&#8221;SimpleOne B2B CRM&#8217;in bizim i\u00e7in en b\u00fcy\u00fck art\u0131s\u0131, ayr\u0131nt\u0131l\u0131 metodik sat\u0131\u015f deste\u011fi sistemiydi. Bizim i\u00e7in y\u00f6neticilerin her zaman sat\u0131\u015f a\u015famalar\u0131ndan ge\u00e7mesi ve bir anla\u015fma olas\u0131l\u0131\u011f\u0131n\u0131 art\u0131rmas\u0131 \u00f6nemlidir, gerekli raporlar\u0131 \u00f6zelle\u015ftirmek ve y\u00fcklemek, huniyi analiz etmek ve tahminler olu\u015fturmak uygundur. Bizim i\u00e7in kritik olan 1C, belge depolama portal\u0131 ve ITSM ile entegre olabilmesiydi. Ayr\u0131ca uygulama h\u0131z\u0131 da \u00f6nemliydi, ihtiya\u00e7lar\u0131m\u0131z i\u00e7in \u00f6zelle\u015ftirme ve mevcut sistemlerle entegrasyonu dikkate alarak iki ay i\u00e7inde tamamen yeni CRM&#8217;e ge\u00e7tik.&#8221; [\/card_reviews] [\/slider_item]\n[slider_item] [card_reviews img= &#8220;\/wp-content\/uploads\/2023\/11\/gleb-1.png&#8221; name=&#8221;Evgeny Karpov&#8221; subtitle=&#8221;vStack CEO&#8217;SU&#8221; link=&#8221;https:\/\/ru.vstack.com\/&#8221;]&#8221;Ba\u015fka bir sistemden SimpleOne&#8217;\u0131n B2B CRM&#8217;ine ge\u00e7i\u015fi planlad\u0131\u011f\u0131m\u0131zda, baz\u0131 i\u015flevlerden feragat etmek zorunda kalma riskimiz vard\u0131. Ancak, veri ge\u00e7i\u015finden hemen sonra, yeni platformun di\u011fer sat\u0131c\u0131lar\u0131n \u00e7\u00f6z\u00fcmlerinden farkl\u0131 olarak &#8220;kutudan \u00e7\u0131kt\u0131\u011f\u0131 gibi&#8221; daha fazla \u00f6zellik ve ara\u00e7 sundu\u011fu ortaya \u00e7\u0131kt\u0131. SimpleOne B2B CRM \u00f6zellikle B2B segmenti i\u00e7in optimize edilmi\u015ftir ve m\u00fc\u015fterilerimizle etkin bir \u015fekilde etkile\u015fim kurmam\u0131za yard\u0131mc\u0131 olmaktad\u0131r.&#8221; [\/card_reviews] [\/slider_item]\n[\/slider]\n   [\/block]","protected":false},"excerpt":{"rendered":"<p>B2B segmentinde kurumsal sat\u0131\u015f ve pazarlaman\u0131n optimizasyonu ve y\u00f6netimi i\u00e7in Rus kurumsal CRM sistemi<\/p>\n","protected":false},"author":41,"featured_media":9098,"parent":0,"menu_order":0,"comment_status":"closed","ping_status":"closed","template":"product-page.php","meta":[],"yoast_head":"<title>SimpleOne B2B CRM - kurumsal sat\u0131\u015f ve pazarlama sistemi<\/title>\n<meta name=\"description\" content=\"B2B segmentinde kurumsal sat\u0131\u015f ve pazarlaman\u0131n optimizasyonu ve y\u00f6netimi i\u00e7in Rus kurumsal CRM sistemi.\" \/>\n<meta name=\"robots\" content=\"index, follow, max-snippet:-1, max-image-preview:large, max-video-preview:-1\" \/>\n<meta property=\"og:locale\" content=\"tr_TR\" \/>\n<meta property=\"og:type\" content=\"article\" \/>\n<meta property=\"og:title\" content=\"SimpleOne B2B CRM - kurumsal sat\u0131\u015f ve pazarlama sistemi\" \/>\n<meta property=\"og:description\" content=\"B2B segmentinde kurumsal sat\u0131\u015f ve pazarlaman\u0131n optimizasyonu ve y\u00f6netimi i\u00e7in Rus kurumsal CRM sistemi.\" \/>\n<meta property=\"og:url\" content=\"https:\/\/itsm.com\/b2b-crm\/\" \/>\n<meta property=\"og:site_name\" content=\"SimpleOne - Business Process Automation Platform\" \/>\n<meta property=\"og:image\" content=\"https:\/\/itsm.com\/wp-content\/uploads\/2024\/06\/frame-29448-2.png\" \/>\n\t<meta property=\"og:image:width\" content=\"1085\" \/>\n\t<meta property=\"og:image:height\" content=\"1139\" \/>\n\t<meta property=\"og:image:type\" content=\"image\/png\" \/>\n<meta name=\"twitter:card\" content=\"summary_large_image\" \/>\n<script type=\"application\/ld+json\" class=\"yoast-schema-graph\">{\"@context\":\"https:\/\/schema.org\",\"@graph\":[{\"@type\":\"Organization\",\"@id\":\"https:\/\/itsm.com\/#organization\",\"name\":\"SimpleOne\",\"url\":\"https:\/\/itsm.com\/\",\"sameAs\":[],\"logo\":{\"@type\":\"ImageObject\",\"@id\":\"https:\/\/itsm.com\/#logo\",\"inLanguage\":\"tr\",\"url\":\"\/wp-content\/uploads\/2023\/11\/main_logo-1.png\",\"contentUrl\":\"\/wp-content\/uploads\/2023\/11\/main_logo-1.png\",\"width\":166,\"height\":23,\"caption\":\"SimpleOne\"},\"image\":{\"@id\":\"https:\/\/itsm.com\/#logo\"}},{\"@type\":\"WebSite\",\"@id\":\"https:\/\/itsm.com\/#website\",\"url\":\"https:\/\/itsm.com\/\",\"name\":\"SimpleOne - Business Process Automation Platform\",\"description\":\"\u3164\",\"publisher\":{\"@id\":\"https:\/\/itsm.com\/#organization\"},\"inLanguage\":\"tr\"},{\"@type\":\"ImageObject\",\"@id\":\"https:\/\/itsm.com\/b2b-crm\/#primaryimage\",\"inLanguage\":\"tr\",\"url\":\"\/wp-content\/uploads\/2024\/06\/frame-29448-2.png\",\"contentUrl\":\"\/wp-content\/uploads\/2024\/06\/frame-29448-2.png\",\"width\":1085,\"height\":1139},{\"@type\":\"WebPage\",\"@id\":\"https:\/\/itsm.com\/b2b-crm\/#webpage\",\"url\":\"https:\/\/itsm.com\/b2b-crm\/\",\"name\":\"[:en]SimpleOne B2B CRM - system for corporate sales and marketing[:pb]SimpleOne B2B CRM - sistema para vendas e marketing corporativos[:tr]SimpleOne B2B CRM - kurumsal sat\u0131\u015f ve pazarlama sistemi\",\"isPartOf\":{\"@id\":\"https:\/\/itsm.com\/#website\"},\"primaryImageOfPage\":{\"@id\":\"https:\/\/itsm.com\/b2b-crm\/#primaryimage\"},\"datePublished\":\"2023-05-02T09:07:07+00:00\",\"dateModified\":\"2025-02-04T07:11:29+00:00\",\"description\":\"[:en]Corporate CRM system for optimization and management of corporate sales and marketing in the B2B segment[:pb]Sistema de CRM corporativo Russo para otimiza\u00e7\u00e3o e gest\u00e3o de vendas corporativas e marketing no segmento B2B[:tr]B2B segmentinde kurumsal sat\u0131\u015f ve pazarlaman\u0131n optimizasyonu ve y\u00f6netimi i\u00e7in Rus kurumsal CRM sistemi.\",\"breadcrumb\":{\"@id\":\"https:\/\/itsm.com\/b2b-crm\/#breadcrumb\"},\"inLanguage\":\"tr\",\"potentialAction\":[{\"@type\":\"ReadAction\",\"target\":[\"https:\/\/itsm.com\/b2b-crm\/\"]}]},{\"@type\":\"BreadcrumbList\",\"@id\":\"https:\/\/itsm.com\/b2b-crm\/#breadcrumb\",\"itemListElement\":[{\"@type\":\"ListItem\",\"position\":1,\"name\":\"Home\",\"item\":\"https:\/\/itsm.com\/\"},{\"@type\":\"ListItem\",\"position\":2,\"name\":\"SimpleOne B2B CRM\"}]}]}<\/script>","yoast_head_json":{"title":"[:en]SimpleOne B2B CRM - system for corporate sales and marketing[:pb]SimpleOne B2B CRM - sistema para vendas e marketing corporativos[:tr]SimpleOne B2B CRM - kurumsal sat\u0131\u015f ve pazarlama sistemi","description":"B2B segmentinde kurumsal sat\u0131\u015f ve pazarlaman\u0131n optimizasyonu ve y\u00f6netimi i\u00e7in Rus kurumsal CRM sistemi.","robots":{"index":"index","follow":"follow","max-snippet":"max-snippet:-1","max-image-preview":"max-image-preview:large","max-video-preview":"max-video-preview:-1"},"og_locale":"tr_TR","og_type":"article","og_title":"SimpleOne B2B CRM - kurumsal sat\u0131\u015f ve pazarlama sistemi","og_description":"B2B segmentinde kurumsal sat\u0131\u015f ve pazarlaman\u0131n optimizasyonu ve y\u00f6netimi i\u00e7in Rus kurumsal CRM sistemi.","og_url":"https:\/\/itsm.com\/b2b-crm\/","og_site_name":"SimpleOne - Business Process Automation Platform","og_image":[{"width":1085,"height":1139,"url":"https:\/\/itsm.com\/wp-content\/uploads\/2024\/06\/frame-29448-2.png","type":"image\/png"}],"twitter_card":"summary_large_image","schema":{"@context":"https:\/\/schema.org","@graph":[{"@type":"Organization","@id":"https:\/\/itsm.com\/#organization","name":"SimpleOne","url":"https:\/\/itsm.com\/","sameAs":[],"logo":{"@type":"ImageObject","@id":"https:\/\/itsm.com\/#logo","inLanguage":"tr","url":"\/wp-content\/uploads\/2023\/11\/main_logo-1.png","contentUrl":"\/wp-content\/uploads\/2023\/11\/main_logo-1.png","width":166,"height":23,"caption":"SimpleOne"},"image":{"@id":"https:\/\/itsm.com\/#logo"}},{"@type":"WebSite","@id":"https:\/\/itsm.com\/#website","url":"https:\/\/itsm.com\/","name":"SimpleOne - Business Process Automation Platform","description":"\u3164","publisher":{"@id":"https:\/\/itsm.com\/#organization"},"inLanguage":"tr"},{"@type":"ImageObject","@id":"https:\/\/itsm.com\/b2b-crm\/#primaryimage","inLanguage":"tr","url":"\/wp-content\/uploads\/2024\/06\/frame-29448-2.png","contentUrl":"\/wp-content\/uploads\/2024\/06\/frame-29448-2.png","width":1085,"height":1139},{"@type":"WebPage","@id":"https:\/\/itsm.com\/b2b-crm\/#webpage","url":"https:\/\/itsm.com\/b2b-crm\/","name":"[:en]SimpleOne B2B CRM - system for corporate sales and marketing[:pb]SimpleOne B2B CRM - sistema para vendas e marketing corporativos[:tr]SimpleOne B2B CRM - kurumsal sat\u0131\u015f ve pazarlama sistemi","isPartOf":{"@id":"https:\/\/itsm.com\/#website"},"primaryImageOfPage":{"@id":"https:\/\/itsm.com\/b2b-crm\/#primaryimage"},"datePublished":"2023-05-02T09:07:07+00:00","dateModified":"2025-02-04T07:11:29+00:00","description":"[:en]Corporate CRM system for optimization and management of corporate sales and marketing in the B2B segment[:pb]Sistema de CRM corporativo Russo para otimiza\u00e7\u00e3o e gest\u00e3o de vendas corporativas e marketing no segmento B2B[:tr]B2B segmentinde kurumsal sat\u0131\u015f ve pazarlaman\u0131n optimizasyonu ve y\u00f6netimi i\u00e7in Rus kurumsal CRM sistemi.","breadcrumb":{"@id":"https:\/\/itsm.com\/b2b-crm\/#breadcrumb"},"inLanguage":"tr","potentialAction":[{"@type":"ReadAction","target":["https:\/\/itsm.com\/b2b-crm\/"]}]},{"@type":"BreadcrumbList","@id":"https:\/\/itsm.com\/b2b-crm\/#breadcrumb","itemListElement":[{"@type":"ListItem","position":1,"name":"Home","item":"https:\/\/itsm.com\/"},{"@type":"ListItem","position":2,"name":"SimpleOne B2B CRM"}]}]}},"acf":[],"_links":{"self":[{"href":"https:\/\/itsm.com\/tr\/wp-json\/wp\/v2\/pages\/6141"}],"collection":[{"href":"https:\/\/itsm.com\/tr\/wp-json\/wp\/v2\/pages"}],"about":[{"href":"https:\/\/itsm.com\/tr\/wp-json\/wp\/v2\/types\/page"}],"author":[{"embeddable":true,"href":"https:\/\/itsm.com\/tr\/wp-json\/wp\/v2\/users\/41"}],"replies":[{"embeddable":true,"href":"https:\/\/itsm.com\/tr\/wp-json\/wp\/v2\/comments?post=6141"}],"version-history":[{"count":5,"href":"https:\/\/itsm.com\/tr\/wp-json\/wp\/v2\/pages\/6141\/revisions"}],"predecessor-version":[{"id":13560,"href":"https:\/\/itsm.com\/tr\/wp-json\/wp\/v2\/pages\/6141\/revisions\/13560"}],"wp:featuredmedia":[{"embeddable":true,"href":"https:\/\/itsm.com\/tr\/wp-json\/wp\/v2\/media\/9098"}],"wp:attachment":[{"href":"https:\/\/itsm.com\/tr\/wp-json\/wp\/v2\/media?parent=6141"}],"curies":[{"name":"wp","href":"https:\/\/api.w.org\/{rel}","templated":true}]}}