{"id":6830,"date":"2023-09-14T15:09:29","date_gmt":"2023-09-14T12:09:29","guid":{"rendered":"https:\/\/simpleone.ru\/?page_id=6830"},"modified":"2024-10-01T16:14:53","modified_gmt":"2024-10-01T13:14:53","slug":"vcsm","status":"publish","type":"page","link":"https:\/\/itsm.com\/tr\/vcsm\/","title":{"rendered":"Sat\u0131c\u0131CSM"},"content":{"rendered":"[block]<\/p>\n<h2>VCSM \u00e7\u00f6z\u00fcm\u00fc a\u015fa\u011f\u0131daki durumlarda faydal\u0131 olacakt\u0131r<\/h2>\n<p>   [features]\n[card type=&#8221;&#8221; icon=&#8221;\/wp-content\/uploads\/2022\/09\/icon_32x32_request.svg&#8221; col=&#8221;3&#8243;]\u00dcr\u00fcnleriniz genelinde lisans veya i\u015flem kayna\u011f\u0131 kullan\u0131m\u0131n\u0131 izlemekte zorluk ya\u015f\u0131yorsunuz[\/card]\n[card type=&#8221;&#8221; icon=&#8221;\/wp-content\/uploads\/2023\/05\/icon_32x32_code.svg&#8221; col=&#8221;3&#8243;]Sat\u0131c\u0131 rol\u00fcnde kendi bulut ve \u015firket i\u00e7i B2B \u00fcr\u00fcnlerinizi olu\u015fturma[\/card]\n[card type=&#8221;&#8221; icon=&#8221;\/wp-content\/uploads\/2022\/09\/icon_32x32_people.svg&#8221; col=&#8221;3&#8243;]M\u00fc\u015fterileri ve ortaklar\u0131yla ili\u015fkilerinde d\u00fczen eksikli\u011fi[\/card]\n   [\/features]\n   [\/block]\n<p>   [block type=&#8221;pink&#8221;]<\/p>\n<div class=\"block-with-description\">\n<div class=\"bigger-text left-aligned-block\"> Autosupport SimpleOne, m\u00fc\u015fterilerin, ortaklar\u0131n ve s\u00f6zle\u015fmelerin bak\u0131m\u0131 ve entegre y\u00f6netimi i\u00e7in daha b\u00fcy\u00fck Sat\u0131c\u0131 M\u00fc\u015fteri Hizmetleri Y\u00f6netimi (VCSM) s\u0131n\u0131f\u0131 \u00e7\u00f6z\u00fcm\u00fcn\u00fcn bir par\u00e7as\u0131d\u0131r<\/div>\n<p>.<\/p>\n<div class=\"small-text\">Otomatik destek mod\u00fcl\u00fcn\u00fcn i\u015flevselli\u011fi, yeni kurulumlar\u0131n otomatik kay\u0131tlar\u0131, altyap\u0131n\u0131n kullan\u0131m\u0131 ve kullan\u0131m\u0131 ile ilgili bilgilerin toplanmas\u0131 ve meydana gelen ar\u0131zalar a\u00e7\u0131s\u0131ndan sat\u0131c\u0131n\u0131n operasyonel g\u00f6revlerini kapsar, i\u015flevselli\u011fi geni\u015fletilecek ve sonland\u0131r\u0131lacak olan VCSM \u00fcr\u00fcn\u00fcn\u00fcn bir par\u00e7as\u0131d\u0131r.<\/div>\n<\/div>\n<p>   [\/block]\n<p>   [block type=&#8221;gray&#8221;]<\/p>\n<h2>\u0130\u015flevsellik<\/h2>\n<div class=\"bigger-text\">\n<ul class=\"list-two-row list--def list--def list--def-red list--text\">\n<li class=\"list-item list-row_item--2\">\u00dcr\u00fcn\u00fcn\u00fcz\u00fcn yeni kurulumlar\u0131n\u0131 otomatik olarak kaydedin<\/li>\n<li class=\"list-item list-row_item--2\">Kaynak kullan\u0131m\u0131 ve kullan\u0131m\u0131na ili\u015fkin bilgileri toplay\u0131n<\/li>\n<li class=\"list-item list-row_item--2\">Altyap\u0131 de\u011fi\u015fikli\u011fi yan\u0131t mekanizmas\u0131 ve CMDB senkronizasyonu<\/li>\n<li class=\"list-item list-row_item--2\">Olaylar\u0131n, altyap\u0131 olaylar\u0131n\u0131n ve di\u011fer ITSM varl\u0131klar\u0131n\u0131n otomatik olarak olu\u015fturulmas\u0131<\/li>\n<li class=\"list-item list-row_item--2\">Uygulamadaki altyap\u0131 \u00f6\u011felerini ger\u00e7ek duruma g\u00f6re yap\u0131land\u0131rma birimleri olarak otomatik olarak g\u00f6r\u00fcnt\u00fcleyin<\/li>\n<li class=\"list-item list-row_item--2\">Ar\u0131zalar\u0131 toplay\u0131n ve uygulamadaki katmanlar (Konum, Site, T\u00fcketici) ve altyap\u0131 \u00f6\u011feleri aras\u0131nda detaya inme \u00f6zelli\u011fi ile toplu durumu g\u00f6r\u00fcnt\u00fcleyin<\/li>\n<li class=\"list-item list-row_item--2\">Kritik olaylara ger\u00e7ek zamanl\u0131 yan\u0131t (olaylar, eskalasyon, uyar\u0131lar, RMA)<\/li>\n<li class=\"list-item list-row_item--2\">Sat\u0131c\u0131 donan\u0131m par\u00e7as\u0131 de\u011fi\u015fiminin otomatik y\u00f6netimi (RMA)<\/li>\n<li class=\"list-item list-row_item--2\">Destek S\u00f6zle\u015fmeleri varl\u0131\u011f\u0131 ve bunlar\u0131n m\u00fc\u015fteri \u00f6rnekleriyle e\u015fle\u015ftirilmesi<\/li>\n<li class=\"list-item list-row_item--2\">Otomatik destekte d\u0131\u015fa aktarma kapsam\u0131n\u0131n filtrelenmesi (baz\u0131 hassas bilgilerin temizlenmesi)<\/li>\n<li class=\"list-item list-row_item--2\">\u00dcr\u00fcnlerinizin t\u00fcketicileri &#8211; ortaklar ve m\u00fc\u015fteriler &#8211; i\u00e7in &#8220;iyi durum&#8221; sa\u011flamak i\u00e7in bilgi taban\u0131<\/li>\n<li class=\"list-item list-row_item--2\">Otomatik bir m\u00fc\u015fteri destek s\u00fcreci i\u00e7in Push talebi ba\u015flatma yetene\u011fi<\/li>\n<\/ul>\n<p>   [\/block]\n<p>   [block]\n<h2>Herkes i\u00e7in uygun \u00e7\u00f6z\u00fcm<\/h2>\n<p><img loading=\"lazy\" class=\"alignnone size-full wp-image-3206\" src=\"\/wp-content\/uploads\/2024\/06\/shema.png\" alt=\"\" width=\"1290\" height=\"601\" \/><br \/>\n   [\/block]\n<p>   [block type=&#8221;gray&#8221;]<\/p>\n<h2>Ger\u00e7ek zamanl\u0131 sa\u011fl\u0131k ve altyap\u0131 bilgileri edinin<\/h2>\n<p>   [features]\n[card type=&#8221;montserrat&#8221; icon=&#8221;\/wp-content\/uploads\/2022\/09\/icon_32x32_request.svg&#8221; col=&#8221;6&#8243;]Sanal altyap\u0131 performans verileri[\/card]\n[card type=&#8221;montserrat&#8221; icon=&#8221;\/wp-content\/uploads\/2023\/05\/icon_32x32_code.svg&#8221; col=&#8221;6&#8243;]A\u015f\u0131r\u0131 Sa\u011flama ve A\u015f\u0131r\u0131 Kaynak Taahh\u00fcd\u00fc[\/card]\n[card type=&#8221;montserrat&#8221; icon=&#8221;\/wp-content\/uploads\/2023\/05\/icon_32x32_code.svg&#8221; col=&#8221;6&#8243;]Ge\u00e7mi\u015fe d\u00f6n\u00fck performans ve kullan\u0131m verileri[\/card]\n[card type=&#8221;montserrat&#8221; icon=&#8221;\/wp-content\/uploads\/2022\/09\/icon_32x32_request.svg&#8221; col=&#8221;6&#8243;]Kaynak Kullan\u0131m\u0131[\/card]\n   [\/features]\n   [\/block]\n<p>   [block]\n<h2>Sat\u0131c\u0131 M\u00fc\u015fteri Hizmetleri Y\u00f6netimini Kullanman\u0131n Faydalar\u0131<\/h2>\n<p>   [features]\n[card type=&#8221;montserrat&#8221; icon=&#8221;\/wp-content\/uploads\/2022\/09\/icon_32x32_request.svg&#8221; col=&#8221;6&#8243;]Sistem de\u011fi\u015fikliklerine h\u0131zl\u0131 yan\u0131t[\/card]\n[card type=&#8221;montserrat&#8221; icon=&#8221;\/wp-content\/uploads\/2023\/05\/icon_32x32_code.svg&#8221; col=&#8221;6&#8243;]Bilgi i\u015flem kaynaklar\u0131n\u0131z\u0131n ve zaman\u0131n\u0131z\u0131n ak\u0131lc\u0131 kullan\u0131m\u0131[\/card]\n[card type=&#8221;montserrat&#8221; icon=&#8221;\/wp-content\/uploads\/2023\/05\/icon_32x32_code.svg&#8221; col=&#8221;6&#8243;]Sistemlerin i\u015fleyi\u015f d\u00f6ng\u00fcs\u00fcn\u00fcn d\u0131\u015f\u0131ndayken durumsal fark\u0131ndal\u0131k elde etmek[\/card]\n[card type=&#8221;montserrat&#8221; icon=&#8221;\/wp-content\/uploads\/2022\/09\/icon_32x32_request.svg&#8221; col=&#8221;6&#8243;]Toplu veri al\u0131n (y\u00f6netici \u00f6zeti)[\/card]\n   [\/features]\n   [\/block]\n<p>   [block]\n<h2 class=\"reviews__title\">VCSM SimpleOne hakk\u0131nda geri bildirim<\/h2>\n<p>   [card_reviews img= &#8220;\/wp-content\/uploads\/2023\/09\/evgenij-gavrilov-1.svg&#8221; name=&#8221;Evgenij Gavrilov&#8221; subtitle=&#8221;vStack Proje Y\u00f6neticisi&#8221; link=&#8221;&#8221;]&#8221;VCSM \u00e7\u00f6z\u00fcm\u00fc, vStack \u00fcr\u00fcn\u00fcne muazzam bir de\u011fer katt\u0131, \u00e7\u00fcnk\u00fc i\u015f de\u011feri alan\u0131, kullan\u0131c\u0131lar\u0131n sat\u0131c\u0131lar\u0131n operasyonel izleme, kontrol ve destek ara\u00e7lar\u0131n\u0131n kullan\u0131labilirli\u011fine al\u0131\u015fk\u0131n oldu\u011fu kurumsal segmente do\u011fru \u00f6nemli \u00f6l\u00e7\u00fcde geni\u015fledi. vStack, rakiplerinde bulunmayan kurumsal d\u00fczeyde ola\u011fan\u00fcst\u00fc bir \u00fcr\u00fcn avantaj\u0131 daha elde etti.&#8221; [\/card_reviews]\n   [\/block]\n<\/div>\n","protected":false},"excerpt":{"rendered":"<p>[block] VCSM \u00e7\u00f6z\u00fcm\u00fc a\u015fa\u011f\u0131daki durumlarda faydal\u0131 olacakt\u0131r [features] [card type=&#8221;&#8221; icon=&#8221;\/wp-content\/uploads\/2022\/09\/icon_32x32_request.svg&#8221; col=&#8221;3&#8243;]\u00dcr\u00fcnleriniz genelinde lisans veya i\u015flem kayna\u011f\u0131 kullan\u0131m\u0131n\u0131 izlemekte zorluk ya\u015f\u0131yorsunuz[\/card] [card type=&#8221;&#8221; icon=&#8221;\/wp-content\/uploads\/2023\/05\/icon_32x32_code.svg&#8221; col=&#8221;3&#8243;]Sat\u0131c\u0131 rol\u00fcnde kendi bulut ve \u015firket i\u00e7i B2B \u00fcr\u00fcnlerinizi olu\u015fturma[\/card] [card type=&#8221;&#8221; icon=&#8221;\/wp-content\/uploads\/2022\/09\/icon_32x32_people.svg&#8221; col=&#8221;3&#8243;]M\u00fc\u015fterileri ve ortaklar\u0131yla ili\u015fkilerinde d\u00fczen eksikli\u011fi[\/card] [\/features] [\/block] [block type=&#8221;pink&#8221;] Autosupport SimpleOne, m\u00fc\u015fterilerin, ortaklar\u0131n ve s\u00f6zle\u015fmelerin bak\u0131m\u0131 ve [&hellip;]<\/p>\n","protected":false},"author":41,"featured_media":0,"parent":0,"menu_order":0,"comment_status":"closed","ping_status":"closed","template":"product-page.php","meta":[],"yoast_head":"<title>Sat\u0131c\u0131 M\u00fc\u015fteri Hizmetleri Y\u00f6netimi SimpleOne: M\u00fc\u015fteri hizmetleri y\u00f6netimi i\u00e7in VCSM \u00e7\u00f6z\u00fcm\u00fc<\/title>\n<meta name=\"description\" content=\"M\u00fc\u015fteri Hizmetleri Y\u00f6netimi (CSM), m\u00fc\u015fterilerin, i\u015f ortaklar\u0131n\u0131n ve s\u00f6zle\u015fmelerin bak\u0131m\u0131 ve kapsaml\u0131 y\u00f6netimi i\u00e7in etkili bir \u00e7\u00f6z\u00fcmd\u00fcr.\" \/>\n<meta name=\"robots\" content=\"index, follow, max-snippet:-1, max-image-preview:large, max-video-preview:-1\" \/>\n<meta property=\"og:locale\" content=\"tr_TR\" \/>\n<meta property=\"og:type\" content=\"article\" \/>\n<meta property=\"og:title\" content=\"Sat\u0131c\u0131 M\u00fc\u015fteri Hizmetleri Y\u00f6netimi SimpleOne: M\u00fc\u015fteri hizmetleri y\u00f6netimi i\u00e7in VCSM \u00e7\u00f6z\u00fcm\u00fc\" \/>\n<meta property=\"og:description\" content=\"M\u00fc\u015fteri Hizmetleri Y\u00f6netimi (CSM), m\u00fc\u015fterilerin, i\u015f ortaklar\u0131n\u0131n ve s\u00f6zle\u015fmelerin bak\u0131m\u0131 ve kapsaml\u0131 y\u00f6netimi i\u00e7in etkili bir \u00e7\u00f6z\u00fcmd\u00fcr.\" \/>\n<meta property=\"og:url\" content=\"https:\/\/itsm.com\/vcsm\/\" \/>\n<meta property=\"og:site_name\" content=\"SimpleOne - Business Process Automation Platform\" \/>\n<meta property=\"og:image\" content=\"https:\/\/itsm.com\/wp-content\/uploads\/2024\/06\/shema.png\" \/>\n<meta name=\"twitter:card\" content=\"summary_large_image\" \/>\n<script type=\"application\/ld+json\" class=\"yoast-schema-graph\">{\"@context\":\"https:\/\/schema.org\",\"@graph\":[{\"@type\":\"Organization\",\"@id\":\"https:\/\/itsm.com\/#organization\",\"name\":\"SimpleOne\",\"url\":\"https:\/\/itsm.com\/\",\"sameAs\":[],\"logo\":{\"@type\":\"ImageObject\",\"@id\":\"https:\/\/itsm.com\/#logo\",\"inLanguage\":\"tr\",\"url\":\"\/wp-content\/uploads\/2023\/11\/main_logo-1.png\",\"contentUrl\":\"\/wp-content\/uploads\/2023\/11\/main_logo-1.png\",\"width\":166,\"height\":23,\"caption\":\"SimpleOne\"},\"image\":{\"@id\":\"https:\/\/itsm.com\/#logo\"}},{\"@type\":\"WebSite\",\"@id\":\"https:\/\/itsm.com\/#website\",\"url\":\"https:\/\/itsm.com\/\",\"name\":\"SimpleOne - Business Process Automation Platform\",\"description\":\"\u3164\",\"publisher\":{\"@id\":\"https:\/\/itsm.com\/#organization\"},\"inLanguage\":\"tr\"},{\"@type\":\"ImageObject\",\"@id\":\"https:\/\/itsm.com\/vcsm\/#primaryimage\",\"inLanguage\":\"tr\",\"url\":\"\/wp-content\/uploads\/2024\/06\/shema.png\",\"contentUrl\":\"\/wp-content\/uploads\/2024\/06\/shema.png\",\"width\":1176,\"height\":488},{\"@type\":\"WebPage\",\"@id\":\"https:\/\/itsm.com\/vcsm\/#webpage\",\"url\":\"https:\/\/itsm.com\/vcsm\/\",\"name\":\"[:en]Vendor Customer Service Management SimpleOne: VCSM solution for customer service management[:pb]Vendor Customer Service Management SimpleOne: solu\u00e7\u00e3o VCSM para gest\u00e3o de atendimento ao cliente[:tr]Sat\u0131c\u0131 M\u00fc\u015fteri Hizmetleri Y\u00f6netimi SimpleOne: M\u00fc\u015fteri hizmetleri y\u00f6netimi i\u00e7in VCSM \u00e7\u00f6z\u00fcm\u00fc\",\"isPartOf\":{\"@id\":\"https:\/\/itsm.com\/#website\"},\"primaryImageOfPage\":{\"@id\":\"https:\/\/itsm.com\/vcsm\/#primaryimage\"},\"datePublished\":\"2023-09-14T12:09:29+00:00\",\"dateModified\":\"2024-10-01T13:14:53+00:00\",\"description\":\"[:en]Customer Service Management (CSM) is an effective solution for maintenance and comprehensive management of customers, partners and contracts.[:pb]O Customer Service Management (CSM) \u00e9 uma solu\u00e7\u00e3o eficaz para manuten\u00e7\u00e3o e gerenciamento abrangente de clientes, parceiros e contratos.[:tr]M\u00fc\u015fteri Hizmetleri Y\u00f6netimi (CSM), m\u00fc\u015fterilerin, i\u015f ortaklar\u0131n\u0131n ve s\u00f6zle\u015fmelerin bak\u0131m\u0131 ve kapsaml\u0131 y\u00f6netimi i\u00e7in etkili bir \u00e7\u00f6z\u00fcmd\u00fcr.\",\"breadcrumb\":{\"@id\":\"https:\/\/itsm.com\/vcsm\/#breadcrumb\"},\"inLanguage\":\"tr\",\"potentialAction\":[{\"@type\":\"ReadAction\",\"target\":[\"https:\/\/itsm.com\/vcsm\/\"]}]},{\"@type\":\"BreadcrumbList\",\"@id\":\"https:\/\/itsm.com\/vcsm\/#breadcrumb\",\"itemListElement\":[{\"@type\":\"ListItem\",\"position\":1,\"name\":\"Home\",\"item\":\"https:\/\/itsm.com\/\"},{\"@type\":\"ListItem\",\"position\":2,\"name\":\"VendorCSM\"}]}]}<\/script>","yoast_head_json":{"title":"[:en]Vendor Customer Service Management SimpleOne: VCSM solution for customer service management[:pb]Vendor Customer Service Management SimpleOne: solu\u00e7\u00e3o VCSM para gest\u00e3o de atendimento ao cliente[:tr]Sat\u0131c\u0131 M\u00fc\u015fteri Hizmetleri Y\u00f6netimi SimpleOne: M\u00fc\u015fteri hizmetleri y\u00f6netimi i\u00e7in VCSM \u00e7\u00f6z\u00fcm\u00fc","description":"M\u00fc\u015fteri Hizmetleri Y\u00f6netimi (CSM), m\u00fc\u015fterilerin, i\u015f ortaklar\u0131n\u0131n ve s\u00f6zle\u015fmelerin bak\u0131m\u0131 ve kapsaml\u0131 y\u00f6netimi i\u00e7in etkili bir \u00e7\u00f6z\u00fcmd\u00fcr.","robots":{"index":"index","follow":"follow","max-snippet":"max-snippet:-1","max-image-preview":"max-image-preview:large","max-video-preview":"max-video-preview:-1"},"og_locale":"tr_TR","og_type":"article","og_title":"Sat\u0131c\u0131 M\u00fc\u015fteri Hizmetleri Y\u00f6netimi SimpleOne: M\u00fc\u015fteri hizmetleri y\u00f6netimi i\u00e7in VCSM \u00e7\u00f6z\u00fcm\u00fc","og_description":"M\u00fc\u015fteri Hizmetleri Y\u00f6netimi (CSM), m\u00fc\u015fterilerin, i\u015f ortaklar\u0131n\u0131n ve s\u00f6zle\u015fmelerin bak\u0131m\u0131 ve kapsaml\u0131 y\u00f6netimi i\u00e7in etkili bir \u00e7\u00f6z\u00fcmd\u00fcr.","og_url":"https:\/\/itsm.com\/vcsm\/","og_site_name":"SimpleOne - Business Process Automation Platform","og_image":[{"url":"https:\/\/itsm.com\/wp-content\/uploads\/2024\/06\/shema.png"}],"twitter_card":"summary_large_image","schema":{"@context":"https:\/\/schema.org","@graph":[{"@type":"Organization","@id":"https:\/\/itsm.com\/#organization","name":"SimpleOne","url":"https:\/\/itsm.com\/","sameAs":[],"logo":{"@type":"ImageObject","@id":"https:\/\/itsm.com\/#logo","inLanguage":"tr","url":"\/wp-content\/uploads\/2023\/11\/main_logo-1.png","contentUrl":"\/wp-content\/uploads\/2023\/11\/main_logo-1.png","width":166,"height":23,"caption":"SimpleOne"},"image":{"@id":"https:\/\/itsm.com\/#logo"}},{"@type":"WebSite","@id":"https:\/\/itsm.com\/#website","url":"https:\/\/itsm.com\/","name":"SimpleOne - Business Process Automation Platform","description":"\u3164","publisher":{"@id":"https:\/\/itsm.com\/#organization"},"inLanguage":"tr"},{"@type":"ImageObject","@id":"https:\/\/itsm.com\/vcsm\/#primaryimage","inLanguage":"tr","url":"\/wp-content\/uploads\/2024\/06\/shema.png","contentUrl":"\/wp-content\/uploads\/2024\/06\/shema.png","width":1176,"height":488},{"@type":"WebPage","@id":"https:\/\/itsm.com\/vcsm\/#webpage","url":"https:\/\/itsm.com\/vcsm\/","name":"[:en]Vendor Customer Service Management SimpleOne: VCSM solution for customer service management[:pb]Vendor Customer Service Management SimpleOne: solu\u00e7\u00e3o VCSM para gest\u00e3o de atendimento ao cliente[:tr]Sat\u0131c\u0131 M\u00fc\u015fteri Hizmetleri Y\u00f6netimi SimpleOne: M\u00fc\u015fteri hizmetleri y\u00f6netimi i\u00e7in VCSM \u00e7\u00f6z\u00fcm\u00fc","isPartOf":{"@id":"https:\/\/itsm.com\/#website"},"primaryImageOfPage":{"@id":"https:\/\/itsm.com\/vcsm\/#primaryimage"},"datePublished":"2023-09-14T12:09:29+00:00","dateModified":"2024-10-01T13:14:53+00:00","description":"[:en]Customer Service Management (CSM) is an effective solution for maintenance and comprehensive management of customers, partners and contracts.[:pb]O Customer Service Management (CSM) \u00e9 uma solu\u00e7\u00e3o eficaz para manuten\u00e7\u00e3o e gerenciamento abrangente de clientes, parceiros e contratos.[:tr]M\u00fc\u015fteri Hizmetleri Y\u00f6netimi (CSM), m\u00fc\u015fterilerin, i\u015f ortaklar\u0131n\u0131n ve s\u00f6zle\u015fmelerin bak\u0131m\u0131 ve kapsaml\u0131 y\u00f6netimi i\u00e7in etkili bir \u00e7\u00f6z\u00fcmd\u00fcr.","breadcrumb":{"@id":"https:\/\/itsm.com\/vcsm\/#breadcrumb"},"inLanguage":"tr","potentialAction":[{"@type":"ReadAction","target":["https:\/\/itsm.com\/vcsm\/"]}]},{"@type":"BreadcrumbList","@id":"https:\/\/itsm.com\/vcsm\/#breadcrumb","itemListElement":[{"@type":"ListItem","position":1,"name":"Home","item":"https:\/\/itsm.com\/"},{"@type":"ListItem","position":2,"name":"VendorCSM"}]}]}},"acf":[],"_links":{"self":[{"href":"https:\/\/itsm.com\/tr\/wp-json\/wp\/v2\/pages\/6830"}],"collection":[{"href":"https:\/\/itsm.com\/tr\/wp-json\/wp\/v2\/pages"}],"about":[{"href":"https:\/\/itsm.com\/tr\/wp-json\/wp\/v2\/types\/page"}],"author":[{"embeddable":true,"href":"https:\/\/itsm.com\/tr\/wp-json\/wp\/v2\/users\/41"}],"replies":[{"embeddable":true,"href":"https:\/\/itsm.com\/tr\/wp-json\/wp\/v2\/comments?post=6830"}],"version-history":[{"count":3,"href":"https:\/\/itsm.com\/tr\/wp-json\/wp\/v2\/pages\/6830\/revisions"}],"predecessor-version":[{"id":9613,"href":"https:\/\/itsm.com\/tr\/wp-json\/wp\/v2\/pages\/6830\/revisions\/9613"}],"wp:attachment":[{"href":"https:\/\/itsm.com\/tr\/wp-json\/wp\/v2\/media?parent=6830"}],"curies":[{"name":"wp","href":"https:\/\/api.w.org\/{rel}","templated":true}]}}