{"id":6847,"date":"2023-09-14T16:00:00","date_gmt":"2023-09-14T13:00:00","guid":{"rendered":"https:\/\/simpleone.ru\/?page_id=6847"},"modified":"2024-10-01T16:13:41","modified_gmt":"2024-10-01T13:13:41","slug":"kanban","status":"publish","type":"page","link":"https:\/\/itsm.com\/tr\/solutions\/kanban\/","title":{"rendered":"Kanban panosu"},"content":{"rendered":"[block type=&#8221;pink&#8221;]<\/p>\n<div class=\"bigger-text left-aligned-block\"> Geli\u015fmi\u015f bir BT hizmet y\u00f6netimi (ITSM) sistemi olan SimpleOne&#8217;a entegre edilmi\u015f do\u011fru kanban panosu. \u0130\u015flevsellik, i\u015f ak\u0131\u015f\u0131n\u0131 ve proje y\u00f6netimini optimize etmek i\u00e7in tasarlanm\u0131\u015ft\u0131r.<\/div>\n<p>   [\/block]\n<p>   [block]\n<h2>SimpleOne kanban panosu hangi sorunlar\u0131 \u00e7\u00f6zer<\/h2>\n<p>   [features]\n[card type=&#8221;montserrat&#8221; title=&#8221;&#8221; icon=&#8221;\/wp-content\/uploads\/2022\/03\/icon_32x32_incident.svg&#8221; col=&#8221;3&#8243;]Proje ilerlemesinin \u015feffaf olmamas\u0131[\/card]\n[card type=&#8221;montserrat&#8221; title=&#8221;&#8221; icon=&#8221;\/wp-content\/uploads\/2022\/09\/icon_32x32_minimize.svg&#8221; col=&#8221;3&#8243;]G\u00f6rev atama ve takip etme zorlu\u011fu[\/card]\n[card type=&#8221;montserrat&#8221; title=&#8221;&#8221; icon=&#8221;\/wp-content\/uploads\/2023\/09\/icon_32x32_smile_upset-1.svg&#8221; col=&#8221;3&#8243;]Ekip \u00fcyeleri aras\u0131nda etkin olmayan ileti\u015fim[\/card]\n[card type=&#8221;montserrat&#8221; title=&#8221;&#8221; icon=&#8221;\/wp-content\/uploads\/2022\/09\/icon_32x32_labor_management.svg&#8221; col=&#8221;3&#8243;]Kritik teslim tarihlerini ka\u00e7\u0131rmak<br \/>\nve kilometre ta\u015flar\u0131[\/card]\n[card type=&#8221;montserrat&#8221; title=&#8221;&#8221; icon=&#8221;\/wp-content\/uploads\/2022\/09\/icon_32x32_portal.svg&#8221; col=&#8221;3&#8243;]\u0130\u015f ak\u0131\u015f\u0131n\u0131n etkili bir \u015fekilde g\u00f6rselle\u015ftirilememesi[\/card]\n   [\/features]\n   [\/block]\n<p>   [block type=&#8221;gray&#8221;]<\/p>\n<h2>SimpleOne&#8217;\u0131n Kanban \u00e7\u00f6z\u00fcm\u00fcn\u00fcn faydalar\u0131<\/h2>\n<p>   [features]\n[card type=&#8221;montserrat&#8221; title=&#8221;Sezgisel aray\u00fcz&#8221; icon=&#8221;\/wp-content\/uploads\/2023\/05\/icon_32x32_i-mac-1.svg&#8221; col=&#8221;6&#8243;]Sezgisel Kanban aray\u00fcz\u00fc &#8211; g\u00f6revlerin ve projelerin kolay g\u00f6rselle\u015ftirilmesi, i\u015f ak\u0131\u015f\u0131n\u0131n ve ilerleme durumlar\u0131n\u0131n net bir \u015fekilde anla\u015f\u0131lmas\u0131n\u0131 sa\u011flar[\/card]\n[card type=&#8221;montserrat&#8221; title=&#8221;Son derece \u00f6zelle\u015ftirilebilir&#8221; icon=&#8221;\/wp-content\/uploads\/2022\/09\/icon_32x32_platform.svg&#8221; col=&#8221;6&#8243;]Ekip i\u015fbirli\u011fini geli\u015ftirmek i\u00e7in benzersiz proje gereksinimlerine ve s\u00fcre\u00e7lerine g\u00f6re \u00f6zelle\u015ftirilebilir panolar[\/card]\n[card type=&#8221;montserrat&#8221; title=&#8221;Artan g\u00f6r\u00fcn\u00fcrl\u00fck&#8221; icon=&#8221;\/wp-content\/uploads\/2023\/05\/icon_32x32_rocket.svg&#8221; col=&#8221;6&#8243;]Projenin ilerleyi\u015fi hakk\u0131nda ger\u00e7ek zamanl\u0131 g\u00f6r\u00fcn\u00fcrl\u00fck kazan\u0131n ve iyile\u015ftirme alanlar\u0131n\u0131 belirleyin[\/card]\n[card type=&#8221;montserrat&#8221; title=&#8221;\u00c7evikli\u011fi Art\u0131r\u0131n&#8221; icon=&#8221;\/wp-content\/uploads\/2022\/09\/icon_32x32_growth-1.svg&#8221; col=&#8221;6&#8243;]Panolar\u0131n\u0131z\u0131 ve i\u015f ak\u0131\u015flar\u0131n\u0131z\u0131 \u00f6zelle\u015ftirin<br \/>\nekibinizin benzersiz ihtiya\u00e7lar\u0131na g\u00f6re[\/card]\n   [\/features]\n   [\/block]\n<p>   [block]\n<h2>Ek \u00f6zellikler<\/h2>\n<p>   [features]\n[card type=&#8221;montserrat&#8221; title=&#8221;Basit S\u00fcre\u00e7 Entegrasyonu&#8221; icon=&#8221;\/wp-content\/uploads\/2023\/08\/solution-ico.svg&#8221; col=&#8221;3&#8243;]Kanban basit\u00e7e \u015firket i\u015f ak\u0131\u015flar\u0131na entegre olur. Sistem, g\u00f6revleri tiple\u015ftirerek \u00fcretimi daha \u00f6ng\u00f6r\u00fclebilir hale getirir. Kanban panosu, g\u00f6revleri haz\u0131r olma durumlar\u0131na ve di\u011fer kurallara g\u00f6re s\u0131ralamaya izin verir. B\u00f6ylece, \u00f6rne\u011fin, farkl\u0131 ekipler i\u00e7in veya farkl\u0131 \u00f6nceliklere sahip g\u00f6revleri ay\u0131rabilirsiniz.[\/card]\n[card type=&#8221;montserrat&#8221; title=&#8221;Kanban metodolojisi uygulamas\u0131&#8221; icon=&#8221;\/wp-content\/uploads\/2023\/05\/icon_32x32_settings.svg&#8221; col=&#8221;3&#8243;]SimpleOne&#8217;\u0131n Kanban tahtas\u0131n\u0131 kullanma yakla\u015f\u0131mlar\u0131, m\u00fc\u015fterileri maksimum Kanban uyumlulu\u011funa yakla\u015ft\u0131r\u0131r, s\u00fcre\u00e7leri d\u00fczene sokar ve genel operasyonel verimlili\u011fi art\u0131r\u0131r.[\/card]\n[card type=&#8221;montserrat&#8221; title=&#8221;Customer-centricity&#8221; icon=&#8221;\/wp-content\/uploads\/2023\/05\/icon_32x32_ensuring_communications.svg&#8221; col=&#8221;3&#8243;]Kanban&#8217;\u0131n m\u00fc\u015fteri merkezli \u00e7ekme \u00fcretim prensibi, ekip uyumunu ve mevcut i\u015f y\u00fcklerinin kontrol\u00fcn\u00fc te\u015fvik eder.[\/card]\n   [\/features]\n   [\/block]\n","protected":false},"excerpt":{"rendered":"<p>G\u00f6rev y\u00f6netimi s\u00fcrecinizde devrim yaratma f\u0131rsat\u0131n\u0131 ka\u00e7\u0131rmay\u0131n<\/p>\n","protected":false},"author":44,"featured_media":0,"parent":4687,"menu_order":0,"comment_status":"closed","ping_status":"closed","template":"product-page.php","meta":[],"yoast_head":"<title>ITSM sisteminde Kanban kurulu SimpleOne: etkili proje ve g\u00f6rev y\u00f6netimi<\/title>\n<meta name=\"description\" content=\"Geli\u015fmi\u015f ITSM&#039;ye entegre edilmi\u015f Kanban panosu. \u0130\u015flevsellik, i\u015f ak\u0131\u015f\u0131n\u0131 ve proje y\u00f6netimini optimize etmek i\u00e7in tasarlanm\u0131\u015ft\u0131r.\" \/>\n<meta name=\"robots\" content=\"index, follow, max-snippet:-1, max-image-preview:large, max-video-preview:-1\" \/>\n<meta property=\"og:locale\" content=\"tr_TR\" \/>\n<meta property=\"og:type\" content=\"article\" \/>\n<meta property=\"og:title\" content=\"ITSM sisteminde Kanban kurulu SimpleOne: etkili proje ve g\u00f6rev y\u00f6netimi\" \/>\n<meta property=\"og:description\" content=\"Geli\u015fmi\u015f ITSM&#039;ye entegre edilmi\u015f Kanban panosu. \u0130\u015flevsellik, i\u015f ak\u0131\u015f\u0131n\u0131 ve proje y\u00f6netimini optimize etmek i\u00e7in tasarlanm\u0131\u015ft\u0131r.\" \/>\n<meta property=\"og:url\" content=\"https:\/\/itsm.com\/solutions\/kanban\/\" \/>\n<meta property=\"og:site_name\" content=\"SimpleOne - Business Process Automation Platform\" \/>\n<meta name=\"twitter:card\" content=\"summary_large_image\" \/>\n<script type=\"application\/ld+json\" class=\"yoast-schema-graph\">{\"@context\":\"https:\/\/schema.org\",\"@graph\":[{\"@type\":\"Organization\",\"@id\":\"https:\/\/itsm.com\/#organization\",\"name\":\"SimpleOne\",\"url\":\"https:\/\/itsm.com\/\",\"sameAs\":[],\"logo\":{\"@type\":\"ImageObject\",\"@id\":\"https:\/\/itsm.com\/#logo\",\"inLanguage\":\"tr\",\"url\":\"\/wp-content\/uploads\/2023\/11\/main_logo-1.png\",\"contentUrl\":\"\/wp-content\/uploads\/2023\/11\/main_logo-1.png\",\"width\":166,\"height\":23,\"caption\":\"SimpleOne\"},\"image\":{\"@id\":\"https:\/\/itsm.com\/#logo\"}},{\"@type\":\"WebSite\",\"@id\":\"https:\/\/itsm.com\/#website\",\"url\":\"https:\/\/itsm.com\/\",\"name\":\"SimpleOne - Business Process Automation Platform\",\"description\":\"\u3164\",\"publisher\":{\"@id\":\"https:\/\/itsm.com\/#organization\"},\"inLanguage\":\"tr\"},{\"@type\":\"WebPage\",\"@id\":\"https:\/\/itsm.com\/solutions\/kanban\/#webpage\",\"url\":\"https:\/\/itsm.com\/solutions\/kanban\/\",\"name\":\"[:en]Kanban board in ITSM system SimpleOne: effective project and task management[:pb]Quadro Kanban no sistema ITSM SimpleOne: gerenciamento eficaz de projetos e tarefas[:tr]ITSM sisteminde Kanban kurulu SimpleOne: etkili proje ve g\u00f6rev y\u00f6netimi\",\"isPartOf\":{\"@id\":\"https:\/\/itsm.com\/#website\"},\"datePublished\":\"2023-09-14T13:00:00+00:00\",\"dateModified\":\"2024-10-01T13:13:41+00:00\",\"description\":\"[:en]Kanban board integrated into advanced ITSM. The functionality is designed to optimize workflow and project management.[:pb]Quadro Kanban integrado ao ITSM avan\u00e7ado. A funcionalidade foi projetada para otimizar o fluxo de trabalho e o gerenciamento de projetos.[:tr]Geli\u015fmi\u015f ITSM'ye entegre edilmi\u015f Kanban panosu. \u0130\u015flevsellik, i\u015f ak\u0131\u015f\u0131n\u0131 ve proje y\u00f6netimini optimize etmek i\u00e7in tasarlanm\u0131\u015ft\u0131r.\",\"breadcrumb\":{\"@id\":\"https:\/\/itsm.com\/solutions\/kanban\/#breadcrumb\"},\"inLanguage\":\"tr\",\"potentialAction\":[{\"@type\":\"ReadAction\",\"target\":[\"https:\/\/itsm.com\/solutions\/kanban\/\"]}]},{\"@type\":\"BreadcrumbList\",\"@id\":\"https:\/\/itsm.com\/solutions\/kanban\/#breadcrumb\",\"itemListElement\":[{\"@type\":\"ListItem\",\"position\":1,\"name\":\"Home\",\"item\":\"https:\/\/itsm.com\/\"},{\"@type\":\"ListItem\",\"position\":2,\"name\":\"Solutions\",\"item\":\"https:\/\/itsm.com\/solutions\/\"},{\"@type\":\"ListItem\",\"position\":3,\"name\":\"Kanban board\"}]}]}<\/script>","yoast_head_json":{"title":"[:en]Kanban board in ITSM system SimpleOne: effective project and task management[:pb]Quadro Kanban no sistema ITSM SimpleOne: gerenciamento eficaz de projetos e tarefas[:tr]ITSM sisteminde Kanban kurulu SimpleOne: etkili proje ve g\u00f6rev y\u00f6netimi","description":"Geli\u015fmi\u015f ITSM'ye entegre edilmi\u015f Kanban panosu. \u0130\u015flevsellik, i\u015f ak\u0131\u015f\u0131n\u0131 ve proje y\u00f6netimini optimize etmek i\u00e7in tasarlanm\u0131\u015ft\u0131r.","robots":{"index":"index","follow":"follow","max-snippet":"max-snippet:-1","max-image-preview":"max-image-preview:large","max-video-preview":"max-video-preview:-1"},"og_locale":"tr_TR","og_type":"article","og_title":"ITSM sisteminde Kanban kurulu SimpleOne: etkili proje ve g\u00f6rev y\u00f6netimi","og_description":"Geli\u015fmi\u015f ITSM'ye entegre edilmi\u015f Kanban panosu. \u0130\u015flevsellik, i\u015f ak\u0131\u015f\u0131n\u0131 ve proje y\u00f6netimini optimize etmek i\u00e7in tasarlanm\u0131\u015ft\u0131r.","og_url":"https:\/\/itsm.com\/solutions\/kanban\/","og_site_name":"SimpleOne - Business Process Automation Platform","twitter_card":"summary_large_image","schema":{"@context":"https:\/\/schema.org","@graph":[{"@type":"Organization","@id":"https:\/\/itsm.com\/#organization","name":"SimpleOne","url":"https:\/\/itsm.com\/","sameAs":[],"logo":{"@type":"ImageObject","@id":"https:\/\/itsm.com\/#logo","inLanguage":"tr","url":"\/wp-content\/uploads\/2023\/11\/main_logo-1.png","contentUrl":"\/wp-content\/uploads\/2023\/11\/main_logo-1.png","width":166,"height":23,"caption":"SimpleOne"},"image":{"@id":"https:\/\/itsm.com\/#logo"}},{"@type":"WebSite","@id":"https:\/\/itsm.com\/#website","url":"https:\/\/itsm.com\/","name":"SimpleOne - Business Process Automation Platform","description":"\u3164","publisher":{"@id":"https:\/\/itsm.com\/#organization"},"inLanguage":"tr"},{"@type":"WebPage","@id":"https:\/\/itsm.com\/solutions\/kanban\/#webpage","url":"https:\/\/itsm.com\/solutions\/kanban\/","name":"[:en]Kanban board in ITSM system SimpleOne: effective project and task management[:pb]Quadro Kanban no sistema ITSM SimpleOne: gerenciamento eficaz de projetos e tarefas[:tr]ITSM sisteminde Kanban kurulu SimpleOne: etkili proje ve g\u00f6rev y\u00f6netimi","isPartOf":{"@id":"https:\/\/itsm.com\/#website"},"datePublished":"2023-09-14T13:00:00+00:00","dateModified":"2024-10-01T13:13:41+00:00","description":"[:en]Kanban board integrated into advanced ITSM. The functionality is designed to optimize workflow and project management.[:pb]Quadro Kanban integrado ao ITSM avan\u00e7ado. A funcionalidade foi projetada para otimizar o fluxo de trabalho e o gerenciamento de projetos.[:tr]Geli\u015fmi\u015f ITSM'ye entegre edilmi\u015f Kanban panosu. \u0130\u015flevsellik, i\u015f ak\u0131\u015f\u0131n\u0131 ve proje y\u00f6netimini optimize etmek i\u00e7in tasarlanm\u0131\u015ft\u0131r.","breadcrumb":{"@id":"https:\/\/itsm.com\/solutions\/kanban\/#breadcrumb"},"inLanguage":"tr","potentialAction":[{"@type":"ReadAction","target":["https:\/\/itsm.com\/solutions\/kanban\/"]}]},{"@type":"BreadcrumbList","@id":"https:\/\/itsm.com\/solutions\/kanban\/#breadcrumb","itemListElement":[{"@type":"ListItem","position":1,"name":"Home","item":"https:\/\/itsm.com\/"},{"@type":"ListItem","position":2,"name":"Solutions","item":"https:\/\/itsm.com\/solutions\/"},{"@type":"ListItem","position":3,"name":"Kanban board"}]}]}},"acf":[],"_links":{"self":[{"href":"https:\/\/itsm.com\/tr\/wp-json\/wp\/v2\/pages\/6847"}],"collection":[{"href":"https:\/\/itsm.com\/tr\/wp-json\/wp\/v2\/pages"}],"about":[{"href":"https:\/\/itsm.com\/tr\/wp-json\/wp\/v2\/types\/page"}],"author":[{"embeddable":true,"href":"https:\/\/itsm.com\/tr\/wp-json\/wp\/v2\/users\/44"}],"replies":[{"embeddable":true,"href":"https:\/\/itsm.com\/tr\/wp-json\/wp\/v2\/comments?post=6847"}],"version-history":[{"count":3,"href":"https:\/\/itsm.com\/tr\/wp-json\/wp\/v2\/pages\/6847\/revisions"}],"predecessor-version":[{"id":12918,"href":"https:\/\/itsm.com\/tr\/wp-json\/wp\/v2\/pages\/6847\/revisions\/12918"}],"up":[{"embeddable":true,"href":"https:\/\/itsm.com\/tr\/wp-json\/wp\/v2\/pages\/4687"}],"wp:attachment":[{"href":"https:\/\/itsm.com\/tr\/wp-json\/wp\/v2\/media?parent=6847"}],"curies":[{"name":"wp","href":"https:\/\/api.w.org\/{rel}","templated":true}]}}