{"id":7083,"date":"2023-11-10T16:04:31","date_gmt":"2023-11-10T13:04:31","guid":{"rendered":"https:\/\/simpleone.ru\/?page_id=7083"},"modified":"2024-10-01T16:13:02","modified_gmt":"2024-10-01T13:13:02","slug":"sdlc","status":"publish","type":"page","link":"https:\/\/itsm.com\/tr\/sdlc\/","title":{"rendered":"SimpleOne SDLC"},"content":{"rendered":"[block type=&#8221;pink&#8221;]<\/p>\n<div class=\"bigger-text left-aligned-block\"> <span style=\" font-weight: 400;\">Yaz\u0131l\u0131m \u00e7\u00f6z\u00fcm\u00fc geli\u015ftirme ve ya\u015fam d\u00f6ng\u00fcs\u00fc y\u00f6netimi s\u00fcrecinizi \u00c7evik metodolojilerle otomatikle\u015ftirin<\/span><\/div>\n<p>   [\/block]\n   [block]\n<h2>SimpleOne \u00e7\u00f6z\u00fcmleri halihaz\u0131rda kullan\u0131mda<\/h2>\n<p>   [customers] [\/customers]\n   [\/block]\n<p>   [block type=&#8221;gray&#8221;]<\/p>\n<h2>SimpleOne SDLC ile evrensel SDLC sistemleri aras\u0131ndaki farklar<\/h2>\n[compare compare_param=&#8221;\u00d6zellikler&#8221; first_item=&#8221;SimpleOne SDLC&#8221; second_item=&#8221;Evrensel SDLC sistemi&#8221;]<\/p>\n[compare_item compare_value=&#8221;Sonsuz i\u00e7 i\u00e7e mod\u00fcller olarak \u00fcr\u00fcn ayr\u0131nt\u0131 d\u00fczeyi&#8221; first_item=&#8221;SimpleOne B2B CRM&#8221; first_value=&#8221;True&#8221; second_item=&#8221;Evrensel CRM&#8221; second_value=&#8221;False&#8221;][\/compare_item]\n[compare_item compare_value=&#8221;Proje geli\u015ftirmeyi belirli bir \u00fcr\u00fcn veya mod\u00fcle ba\u011flamak&#8221; first_item=&#8221;SimpleOne B2B CRM&#8221; first_value=&#8221;True&#8221; second_item=&#8221;Evrensel CRM&#8221; second_value=&#8221;False&#8221;][\/compare_item]\n[compare_item compare_value=&#8221;\u00dcr\u00fcn birikimini ve s\u00fcr\u00fcmleri y\u00f6netin ve izleyin&#8221; first_item=&#8221;SimpleOne B2B CRM&#8221; first_value=&#8221;True&#8221; second_item=&#8221;Evrensel CRM&#8221; second_value=&#8221;False&#8221;][\/compare_item]\n[compare_item compare_value=&#8221;\u00c7evik \u00fcr\u00fcn portf\u00f6y\u00fc y\u00f6netimi ara\u00e7 seti&#8221; first_item=&#8221;SimpleOne B2B CRM&#8221; first_value=&#8221;True&#8221; second_item=&#8221;Evrensel CRM&#8221; second_value=&#8221;False&#8221;][\/compare_item]\n[compare_item compare_value=&#8221;\u00dcr\u00fcn Hiyerar\u015fisi Olu\u015fturma&#8221; first_item=&#8221;SimpleOne B2B CRM&#8221; first_value=&#8221;True&#8221; second_item=&#8221;Evrensel CRM&#8221; second_value=&#8221;False&#8221;][\/compare_item]\n[compare_item compare_value=&#8221;S\u00fcr\u00fcm kontrol sistemleri ile entegrasyon&#8221; first_item=&#8221;SimpleOne B2B CRM&#8221; first_value=&#8221;True&#8221; second_item=&#8221;Evrensel CRM&#8221; second_value=&#8221;False&#8221;][\/compare_item]\n[compare_item compare_value=&#8221;Simpleone&#8217;dan ITSM sistemi ile entegrasyon&#8221; first_item=&#8221;SimpleOne B2B CRM&#8221; first_value=&#8221;True&#8221; second_item=&#8221;Evrensel CRM&#8221; second_value=&#8221;False&#8221;][\/compare_item]\n[compare_item compare_value=&#8221;Y\u00fcksek esneklik ve karma\u015f\u0131k sistem \u00f6zelle\u015ftirme kolayl\u0131\u011f\u0131, performans ve kararl\u0131l\u0131k kayb\u0131 olmadan&#8221; first_item=&#8221;SimpleOne B2B CRM&#8221; first_value=&#8221;True&#8221; second_item=&#8221;Evrensel CRM&#8221; second_value=&#8221;False&#8221;][\/compare_item]\n[compare_item compare_value=&#8221;Geli\u015ftirme ortam\u0131 ay\u0131rma, s\u00fcr\u00fcm olu\u015fturma deste\u011fi, sistem \u00f6rnekleri aras\u0131nda birle\u015ftirme ve geli\u015ftirmelerin otomatik ge\u00e7i\u015fi&#8221; first_item=&#8221;SimpleOne B2B CRM&#8221; first_value=&#8221;True&#8221; second_item=&#8221;Evrensel CRM&#8221; second_value=&#8221;False&#8221;][\/compare_item]\n[\/compare]\n<div class=\"product-promo__btn\">     <button class=\"btn btn--pink btn--center btn--wide\" data-toggle=\"modal\"      data-target=\"#consult_popup\" data-title=\"  Dan\u0131\u015fma al\u0131n\" data-id=\"consult-modal\" >Dan\u0131\u015fma isteyin<\/button><\/div>\n<p>[\/block]\n<p>   [block class=&#8221; &#8221; pt-0 &#8220;]<\/p>\n<div class=\"flex-row flex-row--fw\">\n<div class=\"col col-lg-6\">\n<h2 style=\" font-size: 24px;\">E2E Geli\u015ftirme y\u00f6netiminde ITSM s\u00fcre\u00e7leri<\/h2>\n<\/div>\n<div class=\"col col-lg-6 mb-20\">\n<div class=\"list list--def list--text\" style=\" font-size: 18px;\">\n<ul>\n<li>\u00dcr\u00fcn\u00fcn teknik borcunun form\u00fcle edilmesi<\/li>\n<li>G\u00f6revlerin ITSM unsurlar\u0131na g\u00f6re \u00f6nceliklendirilmesi<\/li>\n<li>G\u00f6revlerdeki ITSM varl\u0131klar\u0131n\u0131n eri\u015filebilirli\u011fi<\/li>\n<li>G\u00f6rev hareketleri hakk\u0131nda geli\u015fmi\u015f bildirimler<\/li>\n<li>Yeni \u00fcr\u00fcn s\u00fcr\u00fcmlerinin ITSM sisteminde de\u011fi\u015fiklik talebi olarak planlanmas\u0131 ve onaylanmas\u0131<\/li>\n<\/ul>\n<\/div>\n<\/div>\n<\/div>\n<div><\/div>\n<\/div>\n<div><a href=\"\/wp-content\/uploads\/2024\/06\/scheme_1_v1.png\" data-fancybox=\"\"><img loading=\"lazy\" class=\"wp-image-9314 size-full aligncenter\" src=\"\/wp-content\/uploads\/2024\/06\/scheme_1_v1.png\" alt=\"SimpleOne Platformu - Sat\u0131c\u0131 m\u00fcdahalesi olmadan ba\u011f\u0131ms\u0131z i\u015f uygulamas\u0131 geli\u015ftirme i\u00e7in d\u00fc\u015f\u00fck kodlu olu\u015fturucu\" width=\"1000\" height=\"800\" \/><\/a><\/div>\n<p>   [\/block]\n<p>   [block type=&#8221;gray&#8221;]<\/p>\n<h2>SimpleOne SDLC&#8217;nin Faydalar\u0131<\/h2>\n<p>   [features]\n[card type=&#8221;background_second&#8221; title=&#8221;Verimlili\u011fi art\u0131rmak&#8221; icon=&#8221;\/wp-content\/uploads\/2022\/09\/icon_32x32_growth-1.svg&#8221; col=&#8221;6&#8243;]Geli\u015ftirme ekipleri uygulanan \u00c7evik metodolojilerle verimliliklerini art\u0131r\u0131yor[\/card]\n[card type=&#8221;background_second&#8221; title=&#8221;\u015eeffafl\u0131k ve koordinasyon&#8221; icon=&#8221;\/wp-content\/uploads\/2023\/08\/solution-ico.svg&#8221; col=&#8221;6&#8243;]\u00dcr\u00fcn portf\u00f6y\u00fc, g\u00f6rev yaz\u0131m\u0131 ve \u00fcr\u00fcn raporlamas\u0131 sayesinde \u015feffaf ve kolay y\u00f6netilen geli\u015ftirme s\u00fcreci[\/card]\n[card type=&#8221;background_second&#8221; title=&#8221;Kaynak optimizasyonu&#8221; icon=&#8221;\/wp-content\/uploads\/2022\/08\/icon_32x32_labor_management.svg&#8221; col=&#8221;6&#8243;]\u0130\u015f y\u00fck\u00fc planlamas\u0131 ve zaman takibi geli\u015ftirme ekibi kaynaklar\u0131n\u0131 optimize eder[\/card]\n[card type=&#8221;background_second&#8221; title=&#8221;\u00d6zelle\u015ftirme ve uyarlama&#8221; icon=&#8221;\/wp-content\/uploads\/2023\/05\/icon_32x32_code.svg&#8221; col=&#8221;6&#8243;]Kullan\u0131c\u0131lar ve s\u00fcre\u00e7ler, ekip geli\u015ftirme ara\u00e7lar\u0131 ve No-code ve Low-code&#8217;un kullan\u0131labilirli\u011fi ile daha h\u0131zl\u0131 uyum sa\u011flar[\/card]\n   [\/features]\n   [\/block]\n<p>   [block type=&#8221;gray&#8221;]<br \/>\n   [promo_block background=&#8221;dark&#8221; img=&#8221;\/wp-content\/uploads\/2022\/03\/4-1.png&#8221; title=&#8221;SimpleOne uzmanlar\u0131ndan tavsiye al\u0131n&#8221;]\u0130\u015f s\u00fcre\u00e7lerini iyile\u015ftirmeye do\u011fru bir ad\u0131m at\u0131n [\/promo_block]\n   [\/block]\n<p>   [block]\n<div class=\"flex-row flex-row--fw\">\n<div class=\"col col-lg-7\">\n<h2>SimpleOne SDLC kimler i\u00e7in uygundur<\/h2>\n<\/div>\n<\/div>\n<div class=\"text-center\">\n<p>SimpleOne SDLC, ihtiya\u00e7 duyuldu\u011funda her t\u00fcr i\u015fletme i\u00e7in uygundur:<\/p>\n<ul class=\"list list--def list--text\">\n<li>Hem dahili hem de harici \u00fcr\u00fcnlerin ekip geli\u015ftirme ve iyile\u015ftirmelerini organize edin<\/li>\n<li>\u0130\u00e7e aktar\u0131lan \u00e7\u00f6z\u00fcmleri tam veri ve i\u015flevsellik ge\u00e7i\u015fi ile de\u011fi\u015ftirin<\/li>\n<li>Veri ve geli\u015ftirme s\u00fcre\u00e7lerinin tek bir sistemde konsolide edilmesi<\/li>\n<li>\u0130\u015f gereksinimlerindeki de\u011fi\u015fiklikler nedeniyle sistemin \u00f6zelle\u015ftirilmesi ve s\u00fcre\u00e7lerin otomasyonu<\/li>\n<li>Geli\u015ftirme sisteminin birle\u015fik SimpleOne ekosistemine entegrasyonu<\/li>\n<\/ul>\n<\/div>\n<p>   [\/block]\n","protected":false},"excerpt":{"rendered":"<p>\u00c7evik metodolojilere dayal\u0131 yaz\u0131l\u0131m \u00fcr\u00fcn\u00fc ve \u00e7\u00f6z\u00fcm geli\u015ftirme i\u00e7in y\u00f6netim sistemi<\/p>\n","protected":false},"author":41,"featured_media":9539,"parent":0,"menu_order":0,"comment_status":"closed","ping_status":"closed","template":"product-page.php","meta":[],"yoast_head":"<title>Yaz\u0131l\u0131m geli\u015ftirme y\u00f6netim sistemi - SimpleOne SDLC<\/title>\n<meta name=\"description\" content=\"Uygulanan \u00c7evik metodolojiler, \u00fcr\u00fcn portf\u00f6y\u00fc, birikim, i\u015fg\u00fcc\u00fc vb. \u0130le projeleri ve yaz\u0131l\u0131m \u00fcr\u00fcn geli\u015ftirmeyi y\u00f6netin.\" \/>\n<meta name=\"robots\" content=\"index, follow, max-snippet:-1, max-image-preview:large, max-video-preview:-1\" \/>\n<meta property=\"og:locale\" content=\"tr_TR\" \/>\n<meta property=\"og:type\" content=\"article\" \/>\n<meta property=\"og:url\" content=\"https:\/\/itsm.com\/sdlc\/\" \/>\n<meta property=\"og:site_name\" content=\"SimpleOne - Business Process Automation Platform\" \/>\n<meta name=\"twitter:card\" content=\"summary_large_image\" \/>\n<meta name=\"twitter:title\" content=\"[:en]Software development management system - SimpleOne SDLC[:pb]Sistema de gest\u00e3o de desenvolvimento de Software-SimpleOne SDLC\" \/>\n<meta name=\"twitter:description\" content=\"[:en]Manage projects and software product development with implemented Agile methodologies, product portfolio, backlog, labor, etc.[:pb]Gerenciar projetos e desenvolvimento de produtos de software com metodologias \u00e1geis implementadas, portf\u00f3lio de produtos, backlog, m\u00e3o de obra, etc.\" \/>\n<meta name=\"twitter:image\" content=\"https:\/\/itsm.com\/wp-content\/uploads\/2023\/12\/ezgif.com-resize-16.webp\" \/>\n<script type=\"application\/ld+json\" class=\"yoast-schema-graph\">{\"@context\":\"https:\/\/schema.org\",\"@graph\":[{\"@type\":\"Organization\",\"@id\":\"https:\/\/itsm.com\/#organization\",\"name\":\"SimpleOne\",\"url\":\"https:\/\/itsm.com\/\",\"sameAs\":[],\"logo\":{\"@type\":\"ImageObject\",\"@id\":\"https:\/\/itsm.com\/#logo\",\"inLanguage\":\"tr\",\"url\":\"\/wp-content\/uploads\/2023\/11\/main_logo-1.png\",\"contentUrl\":\"\/wp-content\/uploads\/2023\/11\/main_logo-1.png\",\"width\":166,\"height\":23,\"caption\":\"SimpleOne\"},\"image\":{\"@id\":\"https:\/\/itsm.com\/#logo\"}},{\"@type\":\"WebSite\",\"@id\":\"https:\/\/itsm.com\/#website\",\"url\":\"https:\/\/itsm.com\/\",\"name\":\"SimpleOne - Business Process Automation Platform\",\"description\":\"\u3164\",\"publisher\":{\"@id\":\"https:\/\/itsm.com\/#organization\"},\"inLanguage\":\"tr\"},{\"@type\":\"ImageObject\",\"@id\":\"https:\/\/itsm.com\/sdlc\/#primaryimage\",\"inLanguage\":\"tr\",\"url\":\"\/wp-content\/uploads\/2023\/12\/ezgif.com-resize-16.webp\",\"contentUrl\":\"\/wp-content\/uploads\/2023\/12\/ezgif.com-resize-16.webp\",\"width\":1200,\"height\":800},{\"@type\":\"WebPage\",\"@id\":\"https:\/\/itsm.com\/sdlc\/#webpage\",\"url\":\"https:\/\/itsm.com\/sdlc\/\",\"name\":\"[:en]Software development management system - SimpleOne SDLC[:pb]Sistema de gest\u00e3o de desenvolvimento de Software-SimpleOne SDLC[:tr]Yaz\u0131l\u0131m geli\u015ftirme y\u00f6netim sistemi - SimpleOne SDLC\",\"isPartOf\":{\"@id\":\"https:\/\/itsm.com\/#website\"},\"primaryImageOfPage\":{\"@id\":\"https:\/\/itsm.com\/sdlc\/#primaryimage\"},\"datePublished\":\"2023-11-10T13:04:31+00:00\",\"dateModified\":\"2024-10-01T13:13:02+00:00\",\"description\":\"[:en]Manage projects and software product development with implemented Agile methodologies, product portfolio, backlog, labor, etc.[:pb]Gerenciar projetos e desenvolvimento de produtos de software com metodologias \u00e1geis implementadas, portf\u00f3lio de produtos, backlog, m\u00e3o de obra, etc.[:tr]Uygulanan \u00c7evik metodolojiler, \u00fcr\u00fcn portf\u00f6y\u00fc, birikim, i\u015fg\u00fcc\u00fc vb. \u0130le projeleri ve yaz\u0131l\u0131m \u00fcr\u00fcn geli\u015ftirmeyi y\u00f6netin.\",\"breadcrumb\":{\"@id\":\"https:\/\/itsm.com\/sdlc\/#breadcrumb\"},\"inLanguage\":\"tr\",\"potentialAction\":[{\"@type\":\"ReadAction\",\"target\":[\"https:\/\/itsm.com\/sdlc\/\"]}]},{\"@type\":\"BreadcrumbList\",\"@id\":\"https:\/\/itsm.com\/sdlc\/#breadcrumb\",\"itemListElement\":[{\"@type\":\"ListItem\",\"position\":1,\"name\":\"Home\",\"item\":\"https:\/\/itsm.com\/\"},{\"@type\":\"ListItem\",\"position\":2,\"name\":\"SimpleOne SDLC\"}]}]}<\/script>","yoast_head_json":{"title":"[:en]Software development management system - SimpleOne SDLC[:pb]Sistema de gest\u00e3o de desenvolvimento de Software-SimpleOne SDLC[:tr]Yaz\u0131l\u0131m geli\u015ftirme y\u00f6netim sistemi - SimpleOne SDLC","description":"Uygulanan \u00c7evik metodolojiler, \u00fcr\u00fcn portf\u00f6y\u00fc, birikim, i\u015fg\u00fcc\u00fc vb. \u0130le projeleri ve yaz\u0131l\u0131m \u00fcr\u00fcn geli\u015ftirmeyi y\u00f6netin.","robots":{"index":"index","follow":"follow","max-snippet":"max-snippet:-1","max-image-preview":"max-image-preview:large","max-video-preview":"max-video-preview:-1"},"og_locale":"tr_TR","og_type":"article","og_url":"https:\/\/itsm.com\/sdlc\/","og_site_name":"SimpleOne - Business Process Automation Platform","twitter_card":"summary_large_image","twitter_title":"[:en]Software development management system - SimpleOne SDLC[:pb]Sistema de gest\u00e3o de desenvolvimento de Software-SimpleOne SDLC","twitter_description":"[:en]Manage projects and software product development with implemented Agile methodologies, product portfolio, backlog, labor, etc.[:pb]Gerenciar projetos e desenvolvimento de produtos de software com metodologias \u00e1geis implementadas, portf\u00f3lio de produtos, backlog, m\u00e3o de obra, etc.","twitter_image":"https:\/\/itsm.com\/wp-content\/uploads\/2023\/12\/ezgif.com-resize-16.webp","schema":{"@context":"https:\/\/schema.org","@graph":[{"@type":"Organization","@id":"https:\/\/itsm.com\/#organization","name":"SimpleOne","url":"https:\/\/itsm.com\/","sameAs":[],"logo":{"@type":"ImageObject","@id":"https:\/\/itsm.com\/#logo","inLanguage":"tr","url":"\/wp-content\/uploads\/2023\/11\/main_logo-1.png","contentUrl":"\/wp-content\/uploads\/2023\/11\/main_logo-1.png","width":166,"height":23,"caption":"SimpleOne"},"image":{"@id":"https:\/\/itsm.com\/#logo"}},{"@type":"WebSite","@id":"https:\/\/itsm.com\/#website","url":"https:\/\/itsm.com\/","name":"SimpleOne - Business Process Automation Platform","description":"\u3164","publisher":{"@id":"https:\/\/itsm.com\/#organization"},"inLanguage":"tr"},{"@type":"ImageObject","@id":"https:\/\/itsm.com\/sdlc\/#primaryimage","inLanguage":"tr","url":"\/wp-content\/uploads\/2023\/12\/ezgif.com-resize-16.webp","contentUrl":"\/wp-content\/uploads\/2023\/12\/ezgif.com-resize-16.webp","width":1200,"height":800},{"@type":"WebPage","@id":"https:\/\/itsm.com\/sdlc\/#webpage","url":"https:\/\/itsm.com\/sdlc\/","name":"[:en]Software development management system - SimpleOne SDLC[:pb]Sistema de gest\u00e3o de desenvolvimento de Software-SimpleOne SDLC[:tr]Yaz\u0131l\u0131m geli\u015ftirme y\u00f6netim sistemi - SimpleOne SDLC","isPartOf":{"@id":"https:\/\/itsm.com\/#website"},"primaryImageOfPage":{"@id":"https:\/\/itsm.com\/sdlc\/#primaryimage"},"datePublished":"2023-11-10T13:04:31+00:00","dateModified":"2024-10-01T13:13:02+00:00","description":"[:en]Manage projects and software product development with implemented Agile methodologies, product portfolio, backlog, labor, etc.[:pb]Gerenciar projetos e desenvolvimento de produtos de software com metodologias \u00e1geis implementadas, portf\u00f3lio de produtos, backlog, m\u00e3o de obra, etc.[:tr]Uygulanan \u00c7evik metodolojiler, \u00fcr\u00fcn portf\u00f6y\u00fc, birikim, i\u015fg\u00fcc\u00fc vb. \u0130le projeleri ve yaz\u0131l\u0131m \u00fcr\u00fcn geli\u015ftirmeyi y\u00f6netin.","breadcrumb":{"@id":"https:\/\/itsm.com\/sdlc\/#breadcrumb"},"inLanguage":"tr","potentialAction":[{"@type":"ReadAction","target":["https:\/\/itsm.com\/sdlc\/"]}]},{"@type":"BreadcrumbList","@id":"https:\/\/itsm.com\/sdlc\/#breadcrumb","itemListElement":[{"@type":"ListItem","position":1,"name":"Home","item":"https:\/\/itsm.com\/"},{"@type":"ListItem","position":2,"name":"SimpleOne SDLC"}]}]}},"acf":[],"_links":{"self":[{"href":"https:\/\/itsm.com\/tr\/wp-json\/wp\/v2\/pages\/7083"}],"collection":[{"href":"https:\/\/itsm.com\/tr\/wp-json\/wp\/v2\/pages"}],"about":[{"href":"https:\/\/itsm.com\/tr\/wp-json\/wp\/v2\/types\/page"}],"author":[{"embeddable":true,"href":"https:\/\/itsm.com\/tr\/wp-json\/wp\/v2\/users\/41"}],"replies":[{"embeddable":true,"href":"https:\/\/itsm.com\/tr\/wp-json\/wp\/v2\/comments?post=7083"}],"version-history":[{"count":9,"href":"https:\/\/itsm.com\/tr\/wp-json\/wp\/v2\/pages\/7083\/revisions"}],"predecessor-version":[{"id":9611,"href":"https:\/\/itsm.com\/tr\/wp-json\/wp\/v2\/pages\/7083\/revisions\/9611"}],"wp:featuredmedia":[{"embeddable":true,"href":"https:\/\/itsm.com\/tr\/wp-json\/wp\/v2\/media\/9539"}],"wp:attachment":[{"href":"https:\/\/itsm.com\/tr\/wp-json\/wp\/v2\/media?parent=7083"}],"curies":[{"name":"wp","href":"https:\/\/api.w.org\/{rel}","templated":true}]}}