{"id":7189,"date":"2023-11-13T16:12:25","date_gmt":"2023-11-13T13:12:25","guid":{"rendered":"https:\/\/simpleone.ru\/?page_id=7189"},"modified":"2024-10-01T16:19:17","modified_gmt":"2024-10-01T13:19:17","slug":"hrm","status":"publish","type":"page","link":"https:\/\/itsm.com\/tr\/hrm\/","title":{"rendered":"HRMS"},"content":{"rendered":"[block]<\/p>\n<h2>SimpleOne \u00e7\u00f6z\u00fcmleri halihaz\u0131rda kullan\u0131l\u0131yor<\/h2>\n<p>   [customers] [\/customers]\n   [\/block]\n<p>   [block type=&#8221;gray&#8221;]<\/p>\n<h2>SimpleOne HRMS&#8217;de \u0130K s\u00fcre\u00e7leri<\/h2>\n[slider count=&#8221;2&#8243;][slider_item][card_slider icon = &#8220;\/wp-content\/uploads\/2023\/05\/icon_32x32_people.svg&#8221; title=&#8221;\u0130\u015fe Al\u0131m&#8221; content=&#8221;<\/p>\n<p>Aday veri taban\u0131n\u0131n s\u00fcrd\u00fcr\u00fclmesi<\/p><p>\u0130\u015fe al\u0131m i\u00e7in ba\u015fvurular\u0131n olu\u015fturulmas\u0131<\/p><p>\u0130\u015fe al\u0131m hunisini \u00f6zelle\u015ftirme<\/p><p>\u0130\u015f tan\u0131mlar\u0131n\u0131n ve aday \u00f6zge\u00e7mi\u015flerinin uyumla\u015ft\u0131r\u0131lmas\u0131<\/p><p>G\u00f6r\u00fc\u015fmelerin planlanmas\u0131 ve y\u00fcr\u00fct\u00fclmesi<\/p><p>\u0130\u015f tekliflerinin haz\u0131rlanmas\u0131<\/p><p>\u0130\u015fe al\u0131m\u0131n etkinli\u011finin analiz edilmesi<\/p><p>\u0130\u015f siteleri, mesajla\u015fma programlar\u0131 ve takvimlerle entegrasyon<\/p>\n<p>&#8221; icon_two=&#8221;&#8221; title_two=&#8221;&#8221; content_two=&#8221;&#8221;][\/card_slider][\/slider_item][slider_item][card_slider icon = &#8220;\/wp-content\/uploads\/2022\/09\/icon_32x32_knowledges.svg&#8221; title=&#8221;Adaptasyon ve E\u011fitim&#8221; content=&#8221;<\/p>\n<p>Yeni \u00e7al\u0131\u015fanlar i\u00e7in i\u015fe al\u0131m planlar\u0131 olu\u015fturun<\/p><p>Mentor atama<\/p><p>Deneme s\u00fcresi g\u00f6revlerinin yerine getirilmesinin izlenmesi<\/p><p>Adaptasyonun ilerlemesinin izlenmesi<\/p><p>Kurumsal bilgi taban\u0131n\u0131n s\u00fcrd\u00fcr\u00fclmesi<\/p><p>Uzaktan e\u011fitim sistemleri ile entegrasyon<\/p><p>E\u011fitim kurslar\u0131n\u0131n atanmas\u0131 ve izlenmesi<\/p>\n<p>&#8221; icon_two=&#8221;&#8221; title_two=&#8221;&#8221; content_two=&#8221;&#8221;][\/card_slider][\/slider_item][slider_item][card_slider icon = &#8220;\/wp-content\/uploads\/2023\/11\/icon_32x32_date-comes-back.svg&#8221; title=&#8221;Performans Y\u00f6netimi&#8221; content=&#8221;<\/p>\n<p>Hedeflerin ve temel performans g\u00f6stergelerinin belirlenmesi<\/p><p>Hedeflere ula\u015f\u0131lmas\u0131n\u0131n izlenmesi ve kontrol edilmesi<\/p><p>Personel de\u011ferlendirme ve belgelendirme \u00e7al\u0131\u015fmalar\u0131n\u0131n y\u00fcr\u00fct\u00fclmesi<\/p><p>\u00c7al\u0131\u015fan ba\u011fl\u0131l\u0131\u011f\u0131 ve motivasyonunun analiz edilmesi<\/p>\n<p>&#8221; icon_two=&#8221;&#8221; title_two=&#8221;&#8221; content_two=&#8221;&#8221;][\/card_slider][\/slider_item][slider_item][card_slider icon = &#8220;\/wp-content\/uploads\/2023\/05\/icon_32x32_i-mac.svg&#8221; title=&#8221;\u0130K Hizmet Masas\u0131&#8221; content=&#8221;<\/p>\n<p>\u00c7al\u0131\u015fan self-servis portal\u0131<\/p><p>Personel raporlar\u0131 olu\u015fturabilme<\/p>\n<p>&#8221; icon_two=&#8221;&#8221; title_two=&#8221;&#8221; content_two=&#8221;&#8221;][\/card_slider][\/slider_item][\/slider]\n   [\/block]\n<p>   [block]\n<h2>SimpleOne HRMS \u00e7\u00f6z\u00fcm\u00fcn\u00fcn faydalar\u0131<\/h2>\n<p>   [features]\n[card type=&#8221;montserrat&#8221; title=&#8221;&#8221; icon=&#8221;\/wp-content\/uploads\/2023\/05\/icon_32x32_portal.svg&#8221; col=&#8221;3&#8243;]Y\u00f6neticiler i\u00e7in \u0130K verilerini tek bir pencerede birle\u015ftirin ve t\u00fcm \u00e7al\u0131\u015fan bilgilerini saklay\u0131n[\/card]\n[card type=&#8221;montserrat&#8221; title=&#8221;&#8221; icon=&#8221;\/wp-content\/uploads\/2023\/11\/icon_32x32_russia.svg&#8221; col=&#8221;3&#8243;]\u0130\u00e7 pazar\u0131n \u00f6zelliklerini dikkate alan Rus kalk\u0131nmas\u0131[\/card]\n[card type=&#8221;montserrat&#8221; title=&#8221;&#8221; icon=&#8221;\/wp-content\/uploads\/2022\/09\/icon_32x32_settings.svg&#8221; col=&#8221;3&#8243;]\u00d6nceden y\u00fcklenmi\u015f i\u015flemlerle kutulu \u00e7\u00f6z\u00fcm[\/card]\n[card type=&#8221;montserrat&#8221; title=&#8221;&#8221; icon=&#8221;\/wp-content\/uploads\/2023\/05\/icon_32x32_people.svg&#8221; col=&#8221;3&#8243;]Temel \u0130K s\u00fcre\u00e7lerinin otomasyonu: i\u015fe al\u0131m, adaptasyon, e\u011fitim, de\u011ferlendirme, motivasyon[\/card]\n[card type=&#8221;montserrat&#8221; title=&#8221;&#8221; icon=&#8221;\/wp-content\/uploads\/2022\/09\/icon_32x32_kpi-1.svg&#8221; col=&#8221;3&#8243;]\u015eirketin metodolojilerine uyacak \u015fekilde esnek bir \u015fekilde \u00f6zelle\u015ftirilebilen evrensel sistem[\/card]\n[card type=&#8221;montserrat&#8221; title=&#8221;&#8221; icon=&#8221;\/wp-content\/uploads\/2023\/05\/icon_32x32_rocket.svg&#8221; col=&#8221;3&#8243;]\u00c7al\u0131\u015fanlar\u0131n \u0130K ile etkile\u015fimini h\u0131zland\u0131r\u0131n ve basitle\u015ftirin[\/card]\n   [\/features]\n   [\/block]\n<p>   [block]\n<div class=\"flex-row flex-row--fw\">\n<div class=\"col col-lg-6\">\n<h2>SimpleOne HRMS \u015funlar\u0131 i\u00e7erir.<br \/>\n\u0130K mod\u00fclleri:<\/h2>\n<ul class=\"list list--def list--text\">\n<li>\u0130\u015fe al\u0131m &#8211; istihdam<\/li>\n<li>\u0130\u015fe al\u0131m &#8211; yeni \u00e7al\u0131\u015fanlar\u0131n adaptasyonu<\/li>\n<li>Performans &#8211; personel performans y\u00f6netimi<\/li>\n<li>\u00d6\u011frenme &#8211; personel e\u011fitimi ve geli\u015fimi<\/li>\n<li>\u0130K Hizmet Masas\u0131 &#8211; operasyonel \u0130K y\u00f6netimi i\u00e7in hizmet<\/li>\n<\/ul>\n<\/div>\n<div class=\"col col-lg-6\"> <img class=\"alignnone size-full wp-image-3206\" src=\"\/wp-content\/uploads\/2023\/11\/frame-30577.png\" alt=\"\" \/><\/div>\n<\/div>\n<p>   [\/block]\n","protected":false},"excerpt":{"rendered":"<p>SimpleOne HRMS, bir \u015firketteki \u0130K y\u00f6netimini kapsaml\u0131 bir \u015fekilde otomatikle\u015ftirir. Sistem esnek bir \u015fekilde \u00f6zelle\u015ftirilebilir ve platformun No-code\/Low-code \u00f6zelliklerinin yard\u0131m\u0131yla \u015firketin i\u015f ve \u0130K s\u00fcre\u00e7lerinin \u00f6zelliklerine uyarlanabilir.<\/p>\n","protected":false},"author":41,"featured_media":6213,"parent":0,"menu_order":0,"comment_status":"closed","ping_status":"closed","template":"","meta":[],"yoast_head":"<title>SimpleOne HRMS: \u0130K y\u00f6netim otomasyon sistemi<\/title>\n<meta name=\"description\" content=\"\u015eirkette personel y\u00f6netiminin kapsaml\u0131 otomasyonu. Platformun No-code\/Low-code yetenekleri ile esnek sistem \u00f6zelle\u015ftirmesi.\" \/>\n<meta name=\"robots\" content=\"index, follow, max-snippet:-1, max-image-preview:large, max-video-preview:-1\" \/>\n<meta property=\"og:locale\" content=\"tr_TR\" \/>\n<meta property=\"og:type\" content=\"article\" \/>\n<meta property=\"og:title\" content=\"SimpleOne HRMS: \u0130K y\u00f6netim otomasyon sistemi\" \/>\n<meta property=\"og:description\" content=\"\u015eirkette personel y\u00f6netiminin kapsaml\u0131 otomasyonu. Platformun No-code\/Low-code yetenekleri ile esnek sistem \u00f6zelle\u015ftirmesi.\" \/>\n<meta property=\"og:url\" content=\"https:\/\/itsm.com\/hrm\/\" \/>\n<meta property=\"og:site_name\" content=\"SimpleOne - Business Process Automation Platform\" \/>\n<meta property=\"og:image\" content=\"https:\/\/itsm.com\/wp-content\/uploads\/2023\/05\/frame-214.png\" \/>\n\t<meta property=\"og:image:width\" content=\"936\" \/>\n\t<meta property=\"og:image:height\" content=\"687\" \/>\n\t<meta property=\"og:image:type\" content=\"image\/png\" \/>\n<meta name=\"twitter:card\" content=\"summary_large_image\" \/>\n<script type=\"application\/ld+json\" class=\"yoast-schema-graph\">{\"@context\":\"https:\/\/schema.org\",\"@graph\":[{\"@type\":\"Organization\",\"@id\":\"https:\/\/itsm.com\/#organization\",\"name\":\"SimpleOne\",\"url\":\"https:\/\/itsm.com\/\",\"sameAs\":[],\"logo\":{\"@type\":\"ImageObject\",\"@id\":\"https:\/\/itsm.com\/#logo\",\"inLanguage\":\"tr\",\"url\":\"\/wp-content\/uploads\/2023\/11\/main_logo-1.png\",\"contentUrl\":\"\/wp-content\/uploads\/2023\/11\/main_logo-1.png\",\"width\":166,\"height\":23,\"caption\":\"SimpleOne\"},\"image\":{\"@id\":\"https:\/\/itsm.com\/#logo\"}},{\"@type\":\"WebSite\",\"@id\":\"https:\/\/itsm.com\/#website\",\"url\":\"https:\/\/itsm.com\/\",\"name\":\"SimpleOne - Business Process Automation Platform\",\"description\":\"\u3164\",\"publisher\":{\"@id\":\"https:\/\/itsm.com\/#organization\"},\"inLanguage\":\"tr\"},{\"@type\":\"ImageObject\",\"@id\":\"https:\/\/itsm.com\/hrm\/#primaryimage\",\"inLanguage\":\"tr\",\"url\":\"\/wp-content\/uploads\/2023\/05\/frame-214.png\",\"contentUrl\":\"\/wp-content\/uploads\/2023\/05\/frame-214.png\",\"width\":936,\"height\":687},{\"@type\":\"WebPage\",\"@id\":\"https:\/\/itsm.com\/hrm\/#webpage\",\"url\":\"https:\/\/itsm.com\/hrm\/\",\"name\":\"[:en]SimpleOne HRMS: HR management automation system[:pb]SimpleOne HRMS: sistema de automa\u00e7\u00e3o de gest\u00e3o de RH[:tr]SimpleOne HRMS: \u0130K y\u00f6netim otomasyon sistemi\",\"isPartOf\":{\"@id\":\"https:\/\/itsm.com\/#website\"},\"primaryImageOfPage\":{\"@id\":\"https:\/\/itsm.com\/hrm\/#primaryimage\"},\"datePublished\":\"2023-11-13T13:12:25+00:00\",\"dateModified\":\"2024-10-01T13:19:17+00:00\",\"description\":\"[:en]Comprehensive automation of personnel management in the company. Flexible system customization with No-code\/Low-code capabilities of the platform.[:pb]Automa\u00e7\u00e3o abrangente da Gest\u00e3o de pessoas na empresa. Personaliza\u00e7\u00e3o flex\u00edvel do sistema com recursos No-code\/Low-code da plataforma.[:tr]\u015eirkette personel y\u00f6netiminin kapsaml\u0131 otomasyonu. Platformun No-code\/Low-code yetenekleri ile esnek sistem \u00f6zelle\u015ftirmesi.\",\"breadcrumb\":{\"@id\":\"https:\/\/itsm.com\/hrm\/#breadcrumb\"},\"inLanguage\":\"tr\",\"potentialAction\":[{\"@type\":\"ReadAction\",\"target\":[\"https:\/\/itsm.com\/hrm\/\"]}]},{\"@type\":\"BreadcrumbList\",\"@id\":\"https:\/\/itsm.com\/hrm\/#breadcrumb\",\"itemListElement\":[{\"@type\":\"ListItem\",\"position\":1,\"name\":\"Home\",\"item\":\"https:\/\/itsm.com\/\"},{\"@type\":\"ListItem\",\"position\":2,\"name\":\"HRMS\"}]}]}<\/script>","yoast_head_json":{"title":"[:en]SimpleOne HRMS: HR management automation system[:pb]SimpleOne HRMS: sistema de automa\u00e7\u00e3o de gest\u00e3o de RH[:tr]SimpleOne HRMS: \u0130K y\u00f6netim otomasyon sistemi","description":"\u015eirkette personel y\u00f6netiminin kapsaml\u0131 otomasyonu. Platformun No-code\/Low-code yetenekleri ile esnek sistem \u00f6zelle\u015ftirmesi.","robots":{"index":"index","follow":"follow","max-snippet":"max-snippet:-1","max-image-preview":"max-image-preview:large","max-video-preview":"max-video-preview:-1"},"og_locale":"tr_TR","og_type":"article","og_title":"SimpleOne HRMS: \u0130K y\u00f6netim otomasyon sistemi","og_description":"\u015eirkette personel y\u00f6netiminin kapsaml\u0131 otomasyonu. Platformun No-code\/Low-code yetenekleri ile esnek sistem \u00f6zelle\u015ftirmesi.","og_url":"https:\/\/itsm.com\/hrm\/","og_site_name":"SimpleOne - Business Process Automation Platform","og_image":[{"width":936,"height":687,"url":"https:\/\/itsm.com\/wp-content\/uploads\/2023\/05\/frame-214.png","type":"image\/png"}],"twitter_card":"summary_large_image","schema":{"@context":"https:\/\/schema.org","@graph":[{"@type":"Organization","@id":"https:\/\/itsm.com\/#organization","name":"SimpleOne","url":"https:\/\/itsm.com\/","sameAs":[],"logo":{"@type":"ImageObject","@id":"https:\/\/itsm.com\/#logo","inLanguage":"tr","url":"\/wp-content\/uploads\/2023\/11\/main_logo-1.png","contentUrl":"\/wp-content\/uploads\/2023\/11\/main_logo-1.png","width":166,"height":23,"caption":"SimpleOne"},"image":{"@id":"https:\/\/itsm.com\/#logo"}},{"@type":"WebSite","@id":"https:\/\/itsm.com\/#website","url":"https:\/\/itsm.com\/","name":"SimpleOne - Business Process Automation Platform","description":"\u3164","publisher":{"@id":"https:\/\/itsm.com\/#organization"},"inLanguage":"tr"},{"@type":"ImageObject","@id":"https:\/\/itsm.com\/hrm\/#primaryimage","inLanguage":"tr","url":"\/wp-content\/uploads\/2023\/05\/frame-214.png","contentUrl":"\/wp-content\/uploads\/2023\/05\/frame-214.png","width":936,"height":687},{"@type":"WebPage","@id":"https:\/\/itsm.com\/hrm\/#webpage","url":"https:\/\/itsm.com\/hrm\/","name":"[:en]SimpleOne HRMS: HR management automation system[:pb]SimpleOne HRMS: sistema de automa\u00e7\u00e3o de gest\u00e3o de RH[:tr]SimpleOne HRMS: \u0130K y\u00f6netim otomasyon sistemi","isPartOf":{"@id":"https:\/\/itsm.com\/#website"},"primaryImageOfPage":{"@id":"https:\/\/itsm.com\/hrm\/#primaryimage"},"datePublished":"2023-11-13T13:12:25+00:00","dateModified":"2024-10-01T13:19:17+00:00","description":"[:en]Comprehensive automation of personnel management in the company. Flexible system customization with No-code\/Low-code capabilities of the platform.[:pb]Automa\u00e7\u00e3o abrangente da Gest\u00e3o de pessoas na empresa. Personaliza\u00e7\u00e3o flex\u00edvel do sistema com recursos No-code\/Low-code da plataforma.[:tr]\u015eirkette personel y\u00f6netiminin kapsaml\u0131 otomasyonu. Platformun No-code\/Low-code yetenekleri ile esnek sistem \u00f6zelle\u015ftirmesi.","breadcrumb":{"@id":"https:\/\/itsm.com\/hrm\/#breadcrumb"},"inLanguage":"tr","potentialAction":[{"@type":"ReadAction","target":["https:\/\/itsm.com\/hrm\/"]}]},{"@type":"BreadcrumbList","@id":"https:\/\/itsm.com\/hrm\/#breadcrumb","itemListElement":[{"@type":"ListItem","position":1,"name":"Home","item":"https:\/\/itsm.com\/"},{"@type":"ListItem","position":2,"name":"HRMS"}]}]}},"acf":[],"_links":{"self":[{"href":"https:\/\/itsm.com\/tr\/wp-json\/wp\/v2\/pages\/7189"}],"collection":[{"href":"https:\/\/itsm.com\/tr\/wp-json\/wp\/v2\/pages"}],"about":[{"href":"https:\/\/itsm.com\/tr\/wp-json\/wp\/v2\/types\/page"}],"author":[{"embeddable":true,"href":"https:\/\/itsm.com\/tr\/wp-json\/wp\/v2\/users\/41"}],"replies":[{"embeddable":true,"href":"https:\/\/itsm.com\/tr\/wp-json\/wp\/v2\/comments?post=7189"}],"version-history":[{"count":7,"href":"https:\/\/itsm.com\/tr\/wp-json\/wp\/v2\/pages\/7189\/revisions"}],"predecessor-version":[{"id":12907,"href":"https:\/\/itsm.com\/tr\/wp-json\/wp\/v2\/pages\/7189\/revisions\/12907"}],"wp:featuredmedia":[{"embeddable":true,"href":"https:\/\/itsm.com\/tr\/wp-json\/wp\/v2\/media\/6213"}],"wp:attachment":[{"href":"https:\/\/itsm.com\/tr\/wp-json\/wp\/v2\/media?parent=7189"}],"curies":[{"name":"wp","href":"https:\/\/api.w.org\/{rel}","templated":true}]}}