{"id":8038,"date":"2024-01-16T17:03:38","date_gmt":"2024-01-16T14:03:38","guid":{"rendered":"https:\/\/simpleone.ru\/?page_id=8038"},"modified":"2024-10-01T16:21:57","modified_gmt":"2024-10-01T13:21:57","slug":"ainergy","status":"publish","type":"page","link":"https:\/\/itsm.com\/tr\/solutions\/ainergy\/","title":{"rendered":"Ainergy"},"content":{"rendered":"[block type=&#8221;pink&#8221;]<\/p>\n<div class=\"bigger-text left-aligned-block\"> SimpleOne platformunda \u00fcretken yapay zeka ile \u00fcretkenli\u011fi art\u0131r\u0131n ve i\u015f ak\u0131\u015flar\u0131n\u0131 otomatikle\u015ftirin\n<\/div>\n<p>   [\/block]\n[block]<\/p>\n<h2>Ainergy \u00d6zellikleri<\/h2>\n<div class=\"bigger-text\">\n<ul class=\"list list-row list--def list--text\">\n<li class=\"list-item list-row_item--4\"> AI i\u00e7in \u0130\u015f Ak\u0131\u015f\u0131 D\u00fczenleyicisi<\/li>\n<li class=\"list-item list-row_item--4\"> Automated AI workflow templates<\/br><\/br><\/br><\/br><\/br><\/br><\/br><\/br><\/br><br \/><\/br><\/br><\/br><\/li>\n<li class=\"list-item list-row_item--4\"> Software Development Automation<\/li>\n<li class=\"list-item list-row_item--4\"> AI assistants<\/li>\n<li class=\"list-item list-row_item--4\"> Intelligent Widgets<\/li>\n<li class=\"list-item list-row_item--4\"> Collaborative AI agents<\/li>\n<li class=\"list-item list-row_item--4\"> Sistemlerle entegrasyon: ITSM, CRM, SDLC<\/li>\n<li class=\"list-item list-row_item--4\"> SimpleOne platformundaki t\u00fcm \u00e7\u00f6z\u00fcmlerle entegrasyon<\/li>\n<\/ul>\n<p>   [\/block]\n<p>   [block type=&#8221;gray&#8221;]<\/p>\n<h2>Widget \u00f6rnekleri<\/h2>\n[slider count=&#8221;1&#8243; type=&#8221;opacity&#8221;]<\/p>\n[slider_item]\n<div class=\"slider-tab\">\n<div class=\"slider-tab__col\">\n<h3>AI Ses Transkript\u00f6r\u00fc<\/h3>\n<p>Ses bilgilerinin metin bi\u00e7imine otomatik olarak \u00e7evrilmesi i\u00e7in bir ara\u00e7. Ses ak\u0131\u015flar\u0131n\u0131n farkl\u0131 hoparl\u00f6rlere s\u0131n\u0131fland\u0131r\u0131lmas\u0131n\u0131 destekler.<br \/>\nBilgileri sesten sistem kay\u0131t alanlar\u0131na yaymak i\u00e7in widget<br \/>\n\u00c7a\u011fr\u0131 ve toplant\u0131 kay\u0131tlar\u0131ndan ak\u0131ll\u0131 bilgi \u00e7\u0131kar\u0131m\u0131 sa\u011flar, \u00e7\u0131kar\u0131lan bilgiler yap\u0131land\u0131r\u0131l\u0131r ve sistemdeki kay\u0131t kart\u0131n\u0131n alanlar\u0131na otomatik olarak da\u011f\u0131t\u0131l\u0131r.<\/p>\n<div><span><\/span><\/div>\n<p><\/br><\/br><\/br><\/br><\/br>\n<\/div>\n<\/div>\n<p>[\/slider_item]\n[slider_item]\n<div class=\"slider-tab\">\n<div class=\"slider-tab__col\">\n<h3>AI Asistan\u0131<\/h3>\n<p>Ses kay\u0131tlar\u0131n\u0131n sinir a\u011f\u0131 tabanl\u0131 bir sinir makinesi transkript\u00f6r\u00fc. Daha fazla i\u015flem i\u00e7in ses veya videoyu metne d\u00f6n\u00fc\u015ft\u00fcrmeye yard\u0131mc\u0131 olur.<\/br>\n<\/div>\n<\/div>\n<p>[\/slider_item]\n[slider_item]\n<div class=\"slider-tab\">\n<div class=\"slider-tab__col\">\n<h3>AI \u00c7evirmenleri<\/h3>\n<p>Metni farkl\u0131 dillere \u00e7evirmek i\u00e7in kullan\u0131lan bir yapay zeka arac\u0131. Kaynak metni analiz ederek ve ba\u011flam\u0131n\u0131 belirleyerek ve ard\u0131ndan bu ba\u011flama uyan bir \u00e7eviri olu\u015fturarak \u00e7al\u0131\u015f\u0131r. AI Translator belgeleri, web sayfalar\u0131n\u0131 ve di\u011fer metin materyallerini \u00e7evirmek i\u00e7in kullan\u0131labilir.<\/br><\/br><\/br><\/br><br \/>\n<\/br><\/br>\n<\/div>\n<\/div>\n<p>[\/slider_item]\n[\/slider]\n   [\/block]\n[block]<\/p>\n<h2>\u00c7\u00f6z\u00fcm\u00fcn faydalar\u0131<\/h2>\n<p>   [features]\n[card type=&#8221;montserrat&#8221; title=&#8221;\u00c7ok y\u00f6nl\u00fcl\u00fck&#8221; icon=&#8221;\/wp-content\/uploads\/2022\/03\/icon_32x32_portal.svg&#8221; col=&#8221;6&#8243;]Farkl\u0131 i\u015f alanlar\u0131 i\u00e7in uygun \u00e7\u00f6z\u00fcmler[\/card]\n[card type=&#8221;montserrat&#8221; title=&#8221;Yenilik ve Uygunluk&#8221; icon=&#8221;\/wp-content\/uploads\/2022\/03\/icon_32x32_dashboard.svg&#8221; col=&#8221;6&#8243;]Geli\u015fmi\u015f yapay zeka teknolojilerinin uygulanmas\u0131[\/card]\n[card type=&#8221;montserrat&#8221; title=&#8221;Kaynak tasarrufu&#8221; icon=&#8221;\/wp-content\/uploads\/2022\/03\/icon_32x32_mobile.svg&#8221; col=&#8221;6&#8243;]\u0130\u015f s\u00fcre\u00e7lerinin maliyetini ve s\u00fcresini azaltmak[\/card]\n[card type=&#8221;montserrat&#8221; title=&#8221;Entegrasyon&#8221; icon=&#8221;\/wp-content\/uploads\/2022\/03\/icon_32x32_messendger.svg&#8221; col=&#8221;6&#8243;]\u00c7\u00f6z\u00fcmler t\u00fcm SimpleOne \u00fcr\u00fcnleriyle kolayca entegre olur<br \/>\n[\/card]\n   [\/features]\n   [\/block]\n","protected":false},"excerpt":{"rendered":"<p>SimpleOne platformu ile yapay zeka ekosistemi i\u015f ba\u015f\u0131nda<\/p>\n","protected":false},"author":42,"featured_media":0,"parent":4687,"menu_order":0,"comment_status":"closed","ping_status":"closed","template":"product-page.php","meta":[],"yoast_head":"<title>Ainergy - SimpleOne platformuyla \u00e7al\u0131\u015fan yapay zeka ekosistemi<\/title>\n<meta name=\"description\" content=\"\u0130\u015f ak\u0131\u015flar\u0131n\u0131 otomatikle\u015ftirmek ve \u00fcretkenlik seviyelerini art\u0131rmak i\u00e7in SimpleOne platformunda \u00dcretken Yapay Zeka.\" \/>\n<meta name=\"robots\" content=\"index, follow, max-snippet:-1, max-image-preview:large, max-video-preview:-1\" \/>\n<meta property=\"og:locale\" content=\"tr_TR\" \/>\n<meta property=\"og:type\" content=\"article\" \/>\n<meta property=\"og:title\" content=\"Ainergy - SimpleOne platformuyla \u00e7al\u0131\u015fan yapay zeka ekosistemi\" \/>\n<meta property=\"og:description\" content=\"\u0130\u015f ak\u0131\u015flar\u0131n\u0131 otomatikle\u015ftirmek ve \u00fcretkenlik seviyelerini art\u0131rmak i\u00e7in SimpleOne platformunda \u00dcretken Yapay Zeka.\" \/>\n<meta property=\"og:url\" content=\"https:\/\/itsm.com\/solutions\/ainergy\/\" \/>\n<meta property=\"og:site_name\" content=\"SimpleOne - Business Process Automation Platform\" \/>\n<meta property=\"og:image\" content=\"https:\/\/itsm.com\/wp-content\/uploads\/2024\/01\/1921-1.png\" \/>\n<meta name=\"twitter:card\" content=\"summary_large_image\" \/>\n<script type=\"application\/ld+json\" class=\"yoast-schema-graph\">{\"@context\":\"https:\/\/schema.org\",\"@graph\":[{\"@type\":\"Organization\",\"@id\":\"https:\/\/itsm.com\/#organization\",\"name\":\"SimpleOne\",\"url\":\"https:\/\/itsm.com\/\",\"sameAs\":[],\"logo\":{\"@type\":\"ImageObject\",\"@id\":\"https:\/\/itsm.com\/#logo\",\"inLanguage\":\"tr\",\"url\":\"\/wp-content\/uploads\/2023\/11\/main_logo-1.png\",\"contentUrl\":\"\/wp-content\/uploads\/2023\/11\/main_logo-1.png\",\"width\":166,\"height\":23,\"caption\":\"SimpleOne\"},\"image\":{\"@id\":\"https:\/\/itsm.com\/#logo\"}},{\"@type\":\"WebSite\",\"@id\":\"https:\/\/itsm.com\/#website\",\"url\":\"https:\/\/itsm.com\/\",\"name\":\"SimpleOne - Business Process Automation Platform\",\"description\":\"\u3164\",\"publisher\":{\"@id\":\"https:\/\/itsm.com\/#organization\"},\"inLanguage\":\"tr\"},{\"@type\":\"WebPage\",\"@id\":\"https:\/\/itsm.com\/solutions\/ainergy\/#webpage\",\"url\":\"https:\/\/itsm.com\/solutions\/ainergy\/\",\"name\":\"[:en]Ainergy - AI ecosystem at work with the SimpleOne platform[:pb]Ainergy-ecossistema de IA trabalhando com a plataforma SimpleOne[:tr]Ainergy - SimpleOne platformuyla \u00e7al\u0131\u015fan yapay zeka ekosistemi\",\"isPartOf\":{\"@id\":\"https:\/\/itsm.com\/#website\"},\"datePublished\":\"2024-01-16T14:03:38+00:00\",\"dateModified\":\"2024-10-01T13:21:57+00:00\",\"description\":\"[:en]Generative AI on the SimpleOne platform to automate workflows and increase productivity levels[:pb]Ia generativa na plataforma SimpleOne para automatizar fluxos de trabalho e aumentar os n\u00edveis de produtividade[:tr]\u0130\u015f ak\u0131\u015flar\u0131n\u0131 otomatikle\u015ftirmek ve \u00fcretkenlik seviyelerini art\u0131rmak i\u00e7in SimpleOne platformunda \u00dcretken Yapay Zeka.\",\"breadcrumb\":{\"@id\":\"https:\/\/itsm.com\/solutions\/ainergy\/#breadcrumb\"},\"inLanguage\":\"tr\",\"potentialAction\":[{\"@type\":\"ReadAction\",\"target\":[\"https:\/\/itsm.com\/solutions\/ainergy\/\"]}]},{\"@type\":\"BreadcrumbList\",\"@id\":\"https:\/\/itsm.com\/solutions\/ainergy\/#breadcrumb\",\"itemListElement\":[{\"@type\":\"ListItem\",\"position\":1,\"name\":\"Home\",\"item\":\"https:\/\/itsm.com\/\"},{\"@type\":\"ListItem\",\"position\":2,\"name\":\"Solutions\",\"item\":\"https:\/\/itsm.com\/solutions\/\"},{\"@type\":\"ListItem\",\"position\":3,\"name\":\"Ainergy\"}]}]}<\/script>","yoast_head_json":{"title":"[:en]Ainergy - AI ecosystem at work with the SimpleOne platform[:pb]Ainergy-ecossistema de IA trabalhando com a plataforma SimpleOne[:tr]Ainergy - SimpleOne platformuyla \u00e7al\u0131\u015fan yapay zeka ekosistemi","description":"\u0130\u015f ak\u0131\u015flar\u0131n\u0131 otomatikle\u015ftirmek ve \u00fcretkenlik seviyelerini art\u0131rmak i\u00e7in SimpleOne platformunda \u00dcretken Yapay Zeka.","robots":{"index":"index","follow":"follow","max-snippet":"max-snippet:-1","max-image-preview":"max-image-preview:large","max-video-preview":"max-video-preview:-1"},"og_locale":"tr_TR","og_type":"article","og_title":"Ainergy - SimpleOne platformuyla \u00e7al\u0131\u015fan yapay zeka ekosistemi","og_description":"\u0130\u015f ak\u0131\u015flar\u0131n\u0131 otomatikle\u015ftirmek ve \u00fcretkenlik seviyelerini art\u0131rmak i\u00e7in SimpleOne platformunda \u00dcretken Yapay Zeka.","og_url":"https:\/\/itsm.com\/solutions\/ainergy\/","og_site_name":"SimpleOne - Business Process Automation Platform","og_image":[{"url":"https:\/\/itsm.com\/wp-content\/uploads\/2024\/01\/1921-1.png"}],"twitter_card":"summary_large_image","schema":{"@context":"https:\/\/schema.org","@graph":[{"@type":"Organization","@id":"https:\/\/itsm.com\/#organization","name":"SimpleOne","url":"https:\/\/itsm.com\/","sameAs":[],"logo":{"@type":"ImageObject","@id":"https:\/\/itsm.com\/#logo","inLanguage":"tr","url":"\/wp-content\/uploads\/2023\/11\/main_logo-1.png","contentUrl":"\/wp-content\/uploads\/2023\/11\/main_logo-1.png","width":166,"height":23,"caption":"SimpleOne"},"image":{"@id":"https:\/\/itsm.com\/#logo"}},{"@type":"WebSite","@id":"https:\/\/itsm.com\/#website","url":"https:\/\/itsm.com\/","name":"SimpleOne - Business Process Automation Platform","description":"\u3164","publisher":{"@id":"https:\/\/itsm.com\/#organization"},"inLanguage":"tr"},{"@type":"WebPage","@id":"https:\/\/itsm.com\/solutions\/ainergy\/#webpage","url":"https:\/\/itsm.com\/solutions\/ainergy\/","name":"[:en]Ainergy - AI ecosystem at work with the SimpleOne platform[:pb]Ainergy-ecossistema de IA trabalhando com a plataforma SimpleOne[:tr]Ainergy - SimpleOne platformuyla \u00e7al\u0131\u015fan yapay zeka ekosistemi","isPartOf":{"@id":"https:\/\/itsm.com\/#website"},"datePublished":"2024-01-16T14:03:38+00:00","dateModified":"2024-10-01T13:21:57+00:00","description":"[:en]Generative AI on the SimpleOne platform to automate workflows and increase productivity levels[:pb]Ia generativa na plataforma SimpleOne para automatizar fluxos de trabalho e aumentar os n\u00edveis de produtividade[:tr]\u0130\u015f ak\u0131\u015flar\u0131n\u0131 otomatikle\u015ftirmek ve \u00fcretkenlik seviyelerini art\u0131rmak i\u00e7in SimpleOne platformunda \u00dcretken Yapay Zeka.","breadcrumb":{"@id":"https:\/\/itsm.com\/solutions\/ainergy\/#breadcrumb"},"inLanguage":"tr","potentialAction":[{"@type":"ReadAction","target":["https:\/\/itsm.com\/solutions\/ainergy\/"]}]},{"@type":"BreadcrumbList","@id":"https:\/\/itsm.com\/solutions\/ainergy\/#breadcrumb","itemListElement":[{"@type":"ListItem","position":1,"name":"Home","item":"https:\/\/itsm.com\/"},{"@type":"ListItem","position":2,"name":"Solutions","item":"https:\/\/itsm.com\/solutions\/"},{"@type":"ListItem","position":3,"name":"Ainergy"}]}]}},"acf":[],"_links":{"self":[{"href":"https:\/\/itsm.com\/tr\/wp-json\/wp\/v2\/pages\/8038"}],"collection":[{"href":"https:\/\/itsm.com\/tr\/wp-json\/wp\/v2\/pages"}],"about":[{"href":"https:\/\/itsm.com\/tr\/wp-json\/wp\/v2\/types\/page"}],"author":[{"embeddable":true,"href":"https:\/\/itsm.com\/tr\/wp-json\/wp\/v2\/users\/42"}],"replies":[{"embeddable":true,"href":"https:\/\/itsm.com\/tr\/wp-json\/wp\/v2\/comments?post=8038"}],"version-history":[{"count":5,"href":"https:\/\/itsm.com\/tr\/wp-json\/wp\/v2\/pages\/8038\/revisions"}],"predecessor-version":[{"id":9632,"href":"https:\/\/itsm.com\/tr\/wp-json\/wp\/v2\/pages\/8038\/revisions\/9632"}],"up":[{"embeddable":true,"href":"https:\/\/itsm.com\/tr\/wp-json\/wp\/v2\/pages\/4687"}],"wp:attachment":[{"href":"https:\/\/itsm.com\/tr\/wp-json\/wp\/v2\/media?parent=8038"}],"curies":[{"name":"wp","href":"https:\/\/api.w.org\/{rel}","templated":true}]}}